{"id":403,"date":"2018-03-13T13:34:51","date_gmt":"2018-03-13T12:34:51","guid":{"rendered":"https:\/\/dev.esk-eltern.de\/?page_id=403"},"modified":"2023-09-19T08:43:04","modified_gmt":"2023-09-19T06:43:04","slug":"ueber-die-elternvereinigung","status":"publish","type":"page","link":"https:\/\/dev.esk-eltern.de\/de\/ueber-die-elternvereinigung\/","title":{"rendered":"\u00dcber die Elternvereinigung"},"content":{"rendered":"<div class=\"\"><span class=\"\">Die Elternvereinigung\u00a0ist ein ehrenamtlich geleiteter, eingetragener gemeinn\u00fctziger Verein,\u00a0der aus den Mitgliedern der Elternschaft besteht.\u00a0<\/span><\/div>\n<div class=\"\"><span class=\"\">Alle\u00a0Familien mit Kindern an der ESK k\u00f6nnen freiwillig Mitglied werden.<\/span><\/div>\n<div class=\"\"><span class=\"\">\u00a0<\/span><\/div>\n<div class=\"\"><span class=\"\">Als Mitglied und somit Teil des Elternvereins unterst\u00fctzen Sie an der Europ\u00e4ischen Schule Karlsruhe<\/span><\/div>\n<div class=\"\"><span class=\"\">\u00a0<\/span><\/div>\n<div class=\"\"><span class=\"\">&#8211; Projekte f\u00fcr Sch\u00fcler innerhalb der j\u00e4hrlich stattfindenden \u201eProjektwochen&#8220;<\/span><\/div>\n<div class=\"\">\n<div class=\"\"><span class=\"\">&#8211; sonstige Projekte, die Gruppen oder Stufen\u00fcbergreifend stattfinden von Kindergarten, Grundschule und Oberschule<\/span><\/div>\n<div class=\"\"><span class=\"\">&#8211; das j\u00e4hrlich stattfindende Sommerfest und sonstige Feste<\/span><\/div>\n<div class=\"\"><span class=\"\">&#8211; F\u00f6rderungen, die aufgrund von sozialen Gegebenheiten n\u00f6tig sind\u00a0<\/span><\/div>\n<div class=\"\"><span class=\"\">&#8211; F\u00f6rderung des Schwimmunterrichts, durch Kosten f\u00fcr die Schwimmbahnen<\/span><\/div>\n<div class=\"\"><span class=\"\">&#8211; Unterst\u00fctzung von Schulreisen und Ausfl\u00fcgen<\/span><\/div>\n<div class=\"\"><span class=\"\">&#8211; sonstige Projekte, wie beispielsweise Sch\u00fclerzeitungen<\/span><\/div>\n<div class=\"\"><span class=\"\">&#8211; uvm.<\/span><\/div>\n<div class=\"\"><span class=\"\">\u00a0<\/span><\/div>\n<div class=\"\"><span class=\"\">Diese genannten Punkte werden ganz oder zum Teil aus Ihren Mitgliederbeitr\u00e4gen finanziert.<\/span><\/div>\n<div class=\"\"><span class=\"\">\u00a0<\/span><\/div>\n<div class=\"\"><span class=\"\">Herzlichen Dank daf\u00fcr!<\/span><\/div>\n<div class=\"\"><span class=\"\">\u00a0<\/span><\/div>\n<div class=\"\"><span class=\"\">Zus\u00e4tzlich k\u00f6nnen Sie sich nat\u00fcrlich auch gerne selbst organisatorisch einbringen und auf das\u00a0<\/span><span class=\"\">Schulleben Ihres Kindes direkt mit einwirken.<\/span><\/div>\n<div class=\"\">\n<div class=\"\"><span class=\"\">Einmal im Monat treffen sich die aktiven Mitglieder des Elternvereins.\u00a0<\/span><\/div>\n<div class=\"\"><span class=\"\">Inhalte der Sitzungen erfahren Sie \u00fcber\u00a0<span class=\"\" style=\"color: #123d86; font-family: Helvetica Neue, Helvetica, Arial, sans-serif;\"><a href=\"mailto:kar-ev@partner.eursc.eu\" class=\"\">kar-ev@partner.eursc.eu<\/a><\/span><\/span><\/div>\n<div class=\"\"><span class=\"\">Gerne halten wir interessierte Eltern \u00fcber den Fortschritt und die Entwicklung der Schule auf dem Laufen.<\/span><\/div>\n<\/div>\n<\/div>\n\n<ul class=\"wp-block-page-list\"><li class=\"wp-block-pages-list__item\"><a class=\"wp-block-pages-list__item__link\" href=\"https:\/\/dev.esk-eltern.de\/de\/ueber-die-elternvereinigung\/whos-who\/\">Who\u2019s who?<\/a><\/li><li class=\"wp-block-pages-list__item\"><a class=\"wp-block-pages-list__item__link\" href=\"https:\/\/dev.esk-eltern.de\/de\/ueber-die-elternvereinigung\/legal-notice\/\">Impressum<\/a><\/li><li class=\"wp-block-pages-list__item\"><a class=\"wp-block-pages-list__item__link\" href=\"https:\/\/dev.esk-eltern.de\/de\/ueber-die-elternvereinigung\/mitgliederversammlung\/\">J\u00e4hrliche Mitgliederversammlung<\/a><\/li><\/ul>","protected":false},"excerpt":{"rendered":"<p>Die Elternvereinigung\u00a0ist ein ehrenamtlich geleiteter, eingetragener gemeinn\u00fctziger Verein,\u00a0der aus den Mitgliedern der Elternschaft besteht.\u00a0 Alle\u00a0Familien mit Kindern an der ESK k\u00f6nnen freiwillig Mitglied werden. \u00a0 Als Mitglied und somit Teil des Elternvereins unterst\u00fctzen Sie an der Europ\u00e4ischen Schule Karlsruhe \u00a0 &#8211; Projekte f\u00fcr Sch\u00fcler innerhalb der j\u00e4hrlich stattfindenden \u201eProjektwochen&#8220; &#8211; sonstige Projekte, die Gruppen oder <a class=\"read-more-link\" href=\"https:\/\/dev.esk-eltern.de\/de\/ueber-die-elternvereinigung\/\">Read More<\/a><\/p>\n","protected":false},"author":0,"featured_media":0,"parent":0,"menu_order":54,"comment_status":"closed","ping_status":"closed","template":"","meta":{"inline_featured_image":false,"footnotes":""},"yoast_head":"<!-- This site is optimized with the Yoast SEO plugin v22.6 - https:\/\/yoast.com\/wordpress\/plugins\/seo\/ -->\n<title>\u00dcber die Elternvereinigung - Elternvereinigung der Europ\u00e4ischen Schule Karlsruhe e.V.<\/title>\n<meta name=\"robots\" content=\"index, follow, max-snippet:-1, max-image-preview:large, max-video-preview:-1\" \/>\n<link rel=\"canonical\" href=\"https:\/\/www.esk-eltern.de\/de\/ueber-die-elternvereinigung\/\" \/>\n<meta property=\"og:locale\" content=\"de_DE\" \/>\n<meta property=\"og:type\" content=\"article\" \/>\n<meta property=\"og:title\" content=\"\u00dcber die Elternvereinigung - Elternvereinigung der Europ\u00e4ischen Schule Karlsruhe e.V.\" \/>\n<meta property=\"og:description\" content=\"Die Elternvereinigung\u00a0ist ein ehrenamtlich geleiteter, eingetragener gemeinn\u00fctziger Verein,\u00a0der aus den Mitgliedern der Elternschaft besteht.\u00a0 Alle\u00a0Familien mit Kindern an der ESK k\u00f6nnen freiwillig Mitglied werden. \u00a0 Als Mitglied und somit Teil des Elternvereins unterst\u00fctzen Sie an der Europ\u00e4ischen Schule Karlsruhe \u00a0 &#8211; Projekte f\u00fcr Sch\u00fcler innerhalb der j\u00e4hrlich stattfindenden \u201eProjektwochen&#8220; &#8211; sonstige Projekte, die Gruppen oder Read More\" \/>\n<meta property=\"og:url\" content=\"https:\/\/www.esk-eltern.de\/de\/ueber-die-elternvereinigung\/\" \/>\n<meta property=\"og:site_name\" content=\"Elternvereinigung der Europ\u00e4ischen Schule Karlsruhe e.V.\" \/>\n<meta property=\"article:modified_time\" content=\"2023-09-19T06:43:04+00:00\" \/>\n<meta name=\"twitter:card\" content=\"summary_large_image\" \/>\n<meta name=\"twitter:label1\" content=\"Gesch\u00e4tzte Lesezeit\" \/>\n\t<meta name=\"twitter:data1\" content=\"1\u00a0Minute\" \/>\n<script type=\"application\/ld+json\" class=\"yoast-schema-graph\">{\"@context\":\"https:\/\/schema.org\",\"@graph\":[{\"@type\":\"WebPage\",\"@id\":\"https:\/\/www.esk-eltern.de\/de\/ueber-die-elternvereinigung\/\",\"url\":\"https:\/\/www.esk-eltern.de\/de\/ueber-die-elternvereinigung\/\",\"name\":\"\u00dcber die Elternvereinigung - Elternvereinigung der Europ\u00e4ischen Schule Karlsruhe e.V.\",\"isPartOf\":{\"@id\":\"https:\/\/www.esk-eltern.de\/de\/#website\"},\"datePublished\":\"2018-03-13T12:34:51+00:00\",\"dateModified\":\"2023-09-19T06:43:04+00:00\",\"breadcrumb\":{\"@id\":\"https:\/\/www.esk-eltern.de\/de\/ueber-die-elternvereinigung\/#breadcrumb\"},\"inLanguage\":\"de\",\"potentialAction\":[{\"@type\":\"ReadAction\",\"target\":[\"https:\/\/www.esk-eltern.de\/de\/ueber-die-elternvereinigung\/\"]}]},{\"@type\":\"BreadcrumbList\",\"@id\":\"https:\/\/www.esk-eltern.de\/de\/ueber-die-elternvereinigung\/#breadcrumb\",\"itemListElement\":[{\"@type\":\"ListItem\",\"position\":1,\"name\":\"Home\",\"item\":\"https:\/\/www.esk-eltern.de\/de\/\"},{\"@type\":\"ListItem\",\"position\":2,\"name\":\"\u00dcber die Elternvereinigung\"}]},{\"@type\":\"WebSite\",\"@id\":\"https:\/\/www.esk-eltern.de\/de\/#website\",\"url\":\"https:\/\/www.esk-eltern.de\/de\/\",\"name\":\"Elternvereinigung der Europ\u00e4ischen Schule Karlsruhe e.V.\",\"description\":\"\",\"publisher\":{\"@id\":\"https:\/\/www.esk-eltern.de\/de\/#organization\"},\"potentialAction\":[{\"@type\":\"SearchAction\",\"target\":{\"@type\":\"EntryPoint\",\"urlTemplate\":\"https:\/\/www.esk-eltern.de\/de\/?s={search_term_string}\"},\"query-input\":\"required name=search_term_string\"}],\"inLanguage\":\"de\"},{\"@type\":\"Organization\",\"@id\":\"https:\/\/www.esk-eltern.de\/de\/#organization\",\"name\":\"Elternvereinigung der Europ\u00e4ischen Schule Karlsruhe e.V.\",\"url\":\"https:\/\/www.esk-eltern.de\/de\/\",\"logo\":{\"@type\":\"ImageObject\",\"inLanguage\":\"de\",\"@id\":\"https:\/\/www.esk-eltern.de\/de\/#\/schema\/logo\/image\/\",\"url\":\"https:\/\/dev.esk-eltern.de\/wp-content\/uploads\/2023\/07\/cropped-EV_512x512.png\",\"contentUrl\":\"https:\/\/dev.esk-eltern.de\/wp-content\/uploads\/2023\/07\/cropped-EV_512x512.png\",\"width\":512,\"height\":512,\"caption\":\"Elternvereinigung der Europ\u00e4ischen Schule Karlsruhe e.V.\"},\"image\":{\"@id\":\"https:\/\/www.esk-eltern.de\/de\/#\/schema\/logo\/image\/\"}}]}<\/script>\n<!-- \/ Yoast SEO plugin. -->","yoast_head_json":{"title":"\u00dcber die Elternvereinigung - Elternvereinigung der Europ\u00e4ischen Schule Karlsruhe e.V.","robots":{"index":"index","follow":"follow","max-snippet":"max-snippet:-1","max-image-preview":"max-image-preview:large","max-video-preview":"max-video-preview:-1"},"canonical":"https:\/\/www.esk-eltern.de\/de\/ueber-die-elternvereinigung\/","og_locale":"de_DE","og_type":"article","og_title":"\u00dcber die Elternvereinigung - Elternvereinigung der Europ\u00e4ischen Schule Karlsruhe e.V.","og_description":"Die Elternvereinigung\u00a0ist ein ehrenamtlich geleiteter, eingetragener gemeinn\u00fctziger Verein,\u00a0der aus den Mitgliedern der Elternschaft besteht.\u00a0 Alle\u00a0Familien mit Kindern an der ESK k\u00f6nnen freiwillig Mitglied werden. \u00a0 Als Mitglied und somit Teil des Elternvereins unterst\u00fctzen Sie an der Europ\u00e4ischen Schule Karlsruhe \u00a0 &#8211; Projekte f\u00fcr Sch\u00fcler innerhalb der j\u00e4hrlich stattfindenden \u201eProjektwochen&#8220; &#8211; sonstige Projekte, die Gruppen oder Read More","og_url":"https:\/\/www.esk-eltern.de\/de\/ueber-die-elternvereinigung\/","og_site_name":"Elternvereinigung der Europ\u00e4ischen Schule Karlsruhe e.V.","article_modified_time":"2023-09-19T06:43:04+00:00","twitter_card":"summary_large_image","twitter_misc":{"Gesch\u00e4tzte Lesezeit":"1\u00a0Minute"},"schema":{"@context":"https:\/\/schema.org","@graph":[{"@type":"WebPage","@id":"https:\/\/www.esk-eltern.de\/de\/ueber-die-elternvereinigung\/","url":"https:\/\/www.esk-eltern.de\/de\/ueber-die-elternvereinigung\/","name":"\u00dcber die Elternvereinigung - Elternvereinigung der Europ\u00e4ischen Schule Karlsruhe e.V.","isPartOf":{"@id":"https:\/\/www.esk-eltern.de\/de\/#website"},"datePublished":"2018-03-13T12:34:51+00:00","dateModified":"2023-09-19T06:43:04+00:00","breadcrumb":{"@id":"https:\/\/www.esk-eltern.de\/de\/ueber-die-elternvereinigung\/#breadcrumb"},"inLanguage":"de","potentialAction":[{"@type":"ReadAction","target":["https:\/\/www.esk-eltern.de\/de\/ueber-die-elternvereinigung\/"]}]},{"@type":"BreadcrumbList","@id":"https:\/\/www.esk-eltern.de\/de\/ueber-die-elternvereinigung\/#breadcrumb","itemListElement":[{"@type":"ListItem","position":1,"name":"Home","item":"https:\/\/www.esk-eltern.de\/de\/"},{"@type":"ListItem","position":2,"name":"\u00dcber die Elternvereinigung"}]},{"@type":"WebSite","@id":"https:\/\/www.esk-eltern.de\/de\/#website","url":"https:\/\/www.esk-eltern.de\/de\/","name":"Elternvereinigung der Europ\u00e4ischen Schule Karlsruhe e.V.","description":"","publisher":{"@id":"https:\/\/www.esk-eltern.de\/de\/#organization"},"potentialAction":[{"@type":"SearchAction","target":{"@type":"EntryPoint","urlTemplate":"https:\/\/www.esk-eltern.de\/de\/?s={search_term_string}"},"query-input":"required name=search_term_string"}],"inLanguage":"de"},{"@type":"Organization","@id":"https:\/\/www.esk-eltern.de\/de\/#organization","name":"Elternvereinigung der Europ\u00e4ischen Schule Karlsruhe e.V.","url":"https:\/\/www.esk-eltern.de\/de\/","logo":{"@type":"ImageObject","inLanguage":"de","@id":"https:\/\/www.esk-eltern.de\/de\/#\/schema\/logo\/image\/","url":"https:\/\/dev.esk-eltern.de\/wp-content\/uploads\/2023\/07\/cropped-EV_512x512.png","contentUrl":"https:\/\/dev.esk-eltern.de\/wp-content\/uploads\/2023\/07\/cropped-EV_512x512.png","width":512,"height":512,"caption":"Elternvereinigung der Europ\u00e4ischen Schule Karlsruhe e.V."},"image":{"@id":"https:\/\/www.esk-eltern.de\/de\/#\/schema\/logo\/image\/"}}]}},"_links":{"self":[{"href":"https:\/\/dev.esk-eltern.de\/de\/wp-json\/wp\/v2\/pages\/403"}],"collection":[{"href":"https:\/\/dev.esk-eltern.de\/de\/wp-json\/wp\/v2\/pages"}],"about":[{"href":"https:\/\/dev.esk-eltern.de\/de\/wp-json\/wp\/v2\/types\/page"}],"replies":[{"embeddable":true,"href":"https:\/\/dev.esk-eltern.de\/de\/wp-json\/wp\/v2\/comments?post=403"}],"version-history":[{"count":5,"href":"https:\/\/dev.esk-eltern.de\/de\/wp-json\/wp\/v2\/pages\/403\/revisions"}],"predecessor-version":[{"id":9950,"href":"https:\/\/dev.esk-eltern.de\/de\/wp-json\/wp\/v2\/pages\/403\/revisions\/9950"}],"wp:attachment":[{"href":"https:\/\/dev.esk-eltern.de\/de\/wp-json\/wp\/v2\/media?parent=403"}],"curies":[{"name":"wp","href":"https:\/\/api.w.org\/{rel}","templated":true}]}}