{"id":421,"date":"2018-03-13T13:42:30","date_gmt":"2018-03-13T12:42:30","guid":{"rendered":"https:\/\/dev.esk-eltern.de\/?page_id=421"},"modified":"2023-09-19T08:28:29","modified_gmt":"2023-09-19T06:28:29","slug":"wir-vertreten-euch","status":"publish","type":"page","link":"https:\/\/dev.esk-eltern.de\/de\/wir-vertreten-euch\/","title":{"rendered":"Wir vertreten Sie"},"content":{"rendered":"<h2>Warum ist die Elternvereinigung so wichtig?<\/h2>\n<div class=\"section-image__excerpt\">\n<p class=\"\"><span class=\"\">Mitglieder des Elternvereins unterst\u00fctzen und F\u00f6rdern den <b class=\"\">s<\/b><\/span><span class=\"\"><b class=\"\">chulischen Fortschritt\u00a0<\/b><\/span><span class=\"\">und\u00a0<\/span><span class=\"\">das <b class=\"\">Wohlergehen der Kinder\u00a0<\/b><\/span><span class=\"\">w\u00e4hrend des gesamten Schulaufenthaltes\u00a0<\/span><span class=\"\">an der Europ\u00e4ischen Schule Karlsruhe.<\/span><\/p>\n<div class=\"\"><span class=\"\">Eine\u00a0<\/span><span class=\"\">i<\/span><span class=\"\">ntensive Beziehung zwischen dem Lehrpersonal, den Eltern und anderen mit der Schule Verbundenen ist hierf\u00fcr essentiell.<\/span><\/div>\n<\/div>\n<div class=\"\"><\/div>\n<div class=\"\"><span class=\"\">Unsere Mitglieder finden auf allen Ebenen L\u00f6sungen. Hier m\u00f6chten wir uns insbesondere nochmal bei der Schule bedanken, die immer ein Ohr f\u00fcr uns Eltern hat.<\/span><\/div>\n\n<ul class=\"wp-block-page-list\"><li class=\"wp-block-pages-list__item\"><a class=\"wp-block-pages-list__item__link\" href=\"https:\/\/dev.esk-eltern.de\/de\/wir-vertreten-euch\/elternklassenvertreter\/\">Elternklassenvertreter<\/a><\/li><li class=\"wp-block-pages-list__item\"><a class=\"wp-block-pages-list__item__link\" href=\"https:\/\/dev.esk-eltern.de\/de\/wir-vertreten-euch\/protokolle-der-pa-sitzungen\/\">Protokolle der PA Sitzungen<\/a><\/li><li class=\"wp-block-pages-list__item\"><a class=\"wp-block-pages-list__item__link\" href=\"https:\/\/dev.esk-eltern.de\/de\/wir-vertreten-euch\/erziehungsrat\/\">Erziehungsrat<\/a><\/li><li class=\"wp-block-pages-list__item\"><a class=\"wp-block-pages-list__item__link\" href=\"https:\/\/dev.esk-eltern.de\/de\/wir-vertreten-euch\/verwaltungsrat\/\">Verwaltungsrat<\/a><\/li><li class=\"wp-block-pages-list__item\"><a class=\"wp-block-pages-list__item__link\" href=\"https:\/\/dev.esk-eltern.de\/de\/wir-vertreten-euch\/interparents\/\">Interparents<\/a><\/li><\/ul>","protected":false},"excerpt":{"rendered":"<p>Warum ist die Elternvereinigung so wichtig? Mitglieder des Elternvereins unterst\u00fctzen und F\u00f6rdern den schulischen Fortschritt\u00a0und\u00a0das Wohlergehen der Kinder\u00a0w\u00e4hrend des gesamten Schulaufenthaltes\u00a0an der Europ\u00e4ischen Schule Karlsruhe. Eine\u00a0intensive Beziehung zwischen dem Lehrpersonal, den Eltern und anderen mit der Schule Verbundenen ist hierf\u00fcr essentiell. Unsere Mitglieder finden auf allen Ebenen L\u00f6sungen. Hier m\u00f6chten wir uns insbesondere nochmal bei <a class=\"read-more-link\" href=\"https:\/\/dev.esk-eltern.de\/de\/wir-vertreten-euch\/\">Read More<\/a><\/p>\n","protected":false},"author":0,"featured_media":632,"parent":0,"menu_order":26,"comment_status":"closed","ping_status":"closed","template":"","meta":{"inline_featured_image":false,"footnotes":""},"yoast_head":"<!-- This site is optimized with the Yoast SEO plugin v22.6 - https:\/\/yoast.com\/wordpress\/plugins\/seo\/ -->\n<title>Wir vertreten Sie - Elternvereinigung der Europ\u00e4ischen Schule Karlsruhe e.V.<\/title>\n<meta name=\"robots\" content=\"index, follow, max-snippet:-1, max-image-preview:large, max-video-preview:-1\" \/>\n<link rel=\"canonical\" href=\"https:\/\/www.esk-eltern.de\/de\/wir-vertreten-euch\/\" \/>\n<meta property=\"og:locale\" content=\"de_DE\" \/>\n<meta property=\"og:type\" content=\"article\" \/>\n<meta property=\"og:title\" content=\"Wir vertreten Sie - Elternvereinigung der Europ\u00e4ischen Schule Karlsruhe e.V.\" \/>\n<meta property=\"og:description\" content=\"Warum ist die Elternvereinigung so wichtig? Mitglieder des Elternvereins unterst\u00fctzen und F\u00f6rdern den schulischen Fortschritt\u00a0und\u00a0das Wohlergehen der Kinder\u00a0w\u00e4hrend des gesamten Schulaufenthaltes\u00a0an der Europ\u00e4ischen Schule Karlsruhe. Eine\u00a0intensive Beziehung zwischen dem Lehrpersonal, den Eltern und anderen mit der Schule Verbundenen ist hierf\u00fcr essentiell. Unsere Mitglieder finden auf allen Ebenen L\u00f6sungen. Hier m\u00f6chten wir uns insbesondere nochmal bei Read More\" \/>\n<meta property=\"og:url\" content=\"https:\/\/www.esk-eltern.de\/de\/wir-vertreten-euch\/\" \/>\n<meta property=\"og:site_name\" content=\"Elternvereinigung der Europ\u00e4ischen Schule Karlsruhe e.V.\" \/>\n<meta property=\"article:modified_time\" content=\"2023-09-19T06:28:29+00:00\" \/>\n<meta property=\"og:image\" content=\"https:\/\/www.esk-eltern.de\/wp-content\/uploads\/2018\/03\/representing-you.jpg\" \/>\n\t<meta property=\"og:image:width\" content=\"1000\" \/>\n\t<meta property=\"og:image:height\" content=\"1038\" \/>\n\t<meta property=\"og:image:type\" content=\"image\/jpeg\" \/>\n<meta name=\"twitter:card\" content=\"summary_large_image\" \/>\n<meta name=\"twitter:label1\" content=\"Gesch\u00e4tzte Lesezeit\" \/>\n\t<meta name=\"twitter:data1\" content=\"1\u00a0Minute\" \/>\n<script type=\"application\/ld+json\" class=\"yoast-schema-graph\">{\"@context\":\"https:\/\/schema.org\",\"@graph\":[{\"@type\":\"WebPage\",\"@id\":\"https:\/\/www.esk-eltern.de\/de\/wir-vertreten-euch\/\",\"url\":\"https:\/\/www.esk-eltern.de\/de\/wir-vertreten-euch\/\",\"name\":\"Wir vertreten Sie - Elternvereinigung der Europ\u00e4ischen Schule Karlsruhe e.V.\",\"isPartOf\":{\"@id\":\"https:\/\/www.esk-eltern.de\/de\/#website\"},\"primaryImageOfPage\":{\"@id\":\"https:\/\/www.esk-eltern.de\/de\/wir-vertreten-euch\/#primaryimage\"},\"image\":{\"@id\":\"https:\/\/www.esk-eltern.de\/de\/wir-vertreten-euch\/#primaryimage\"},\"thumbnailUrl\":\"https:\/\/dev.esk-eltern.de\/wp-content\/uploads\/2018\/03\/representing-you.jpg\",\"datePublished\":\"2018-03-13T12:42:30+00:00\",\"dateModified\":\"2023-09-19T06:28:29+00:00\",\"breadcrumb\":{\"@id\":\"https:\/\/www.esk-eltern.de\/de\/wir-vertreten-euch\/#breadcrumb\"},\"inLanguage\":\"de\",\"potentialAction\":[{\"@type\":\"ReadAction\",\"target\":[\"https:\/\/www.esk-eltern.de\/de\/wir-vertreten-euch\/\"]}]},{\"@type\":\"ImageObject\",\"inLanguage\":\"de\",\"@id\":\"https:\/\/www.esk-eltern.de\/de\/wir-vertreten-euch\/#primaryimage\",\"url\":\"https:\/\/dev.esk-eltern.de\/wp-content\/uploads\/2018\/03\/representing-you.jpg\",\"contentUrl\":\"https:\/\/dev.esk-eltern.de\/wp-content\/uploads\/2018\/03\/representing-you.jpg\",\"width\":1000,\"height\":1038},{\"@type\":\"BreadcrumbList\",\"@id\":\"https:\/\/www.esk-eltern.de\/de\/wir-vertreten-euch\/#breadcrumb\",\"itemListElement\":[{\"@type\":\"ListItem\",\"position\":1,\"name\":\"Home\",\"item\":\"https:\/\/www.esk-eltern.de\/de\/\"},{\"@type\":\"ListItem\",\"position\":2,\"name\":\"Wir vertreten Sie\"}]},{\"@type\":\"WebSite\",\"@id\":\"https:\/\/www.esk-eltern.de\/de\/#website\",\"url\":\"https:\/\/www.esk-eltern.de\/de\/\",\"name\":\"Elternvereinigung der Europ\u00e4ischen Schule Karlsruhe e.V.\",\"description\":\"\",\"publisher\":{\"@id\":\"https:\/\/www.esk-eltern.de\/de\/#organization\"},\"potentialAction\":[{\"@type\":\"SearchAction\",\"target\":{\"@type\":\"EntryPoint\",\"urlTemplate\":\"https:\/\/www.esk-eltern.de\/de\/?s={search_term_string}\"},\"query-input\":\"required name=search_term_string\"}],\"inLanguage\":\"de\"},{\"@type\":\"Organization\",\"@id\":\"https:\/\/www.esk-eltern.de\/de\/#organization\",\"name\":\"Elternvereinigung der Europ\u00e4ischen Schule Karlsruhe e.V.\",\"url\":\"https:\/\/www.esk-eltern.de\/de\/\",\"logo\":{\"@type\":\"ImageObject\",\"inLanguage\":\"de\",\"@id\":\"https:\/\/www.esk-eltern.de\/de\/#\/schema\/logo\/image\/\",\"url\":\"https:\/\/dev.esk-eltern.de\/wp-content\/uploads\/2023\/07\/cropped-EV_512x512.png\",\"contentUrl\":\"https:\/\/dev.esk-eltern.de\/wp-content\/uploads\/2023\/07\/cropped-EV_512x512.png\",\"width\":512,\"height\":512,\"caption\":\"Elternvereinigung der Europ\u00e4ischen Schule Karlsruhe e.V.\"},\"image\":{\"@id\":\"https:\/\/www.esk-eltern.de\/de\/#\/schema\/logo\/image\/\"}}]}<\/script>\n<!-- \/ Yoast SEO plugin. -->","yoast_head_json":{"title":"Wir vertreten Sie - Elternvereinigung der Europ\u00e4ischen Schule Karlsruhe e.V.","robots":{"index":"index","follow":"follow","max-snippet":"max-snippet:-1","max-image-preview":"max-image-preview:large","max-video-preview":"max-video-preview:-1"},"canonical":"https:\/\/www.esk-eltern.de\/de\/wir-vertreten-euch\/","og_locale":"de_DE","og_type":"article","og_title":"Wir vertreten Sie - Elternvereinigung der Europ\u00e4ischen Schule Karlsruhe e.V.","og_description":"Warum ist die Elternvereinigung so wichtig? Mitglieder des Elternvereins unterst\u00fctzen und F\u00f6rdern den schulischen Fortschritt\u00a0und\u00a0das Wohlergehen der Kinder\u00a0w\u00e4hrend des gesamten Schulaufenthaltes\u00a0an der Europ\u00e4ischen Schule Karlsruhe. Eine\u00a0intensive Beziehung zwischen dem Lehrpersonal, den Eltern und anderen mit der Schule Verbundenen ist hierf\u00fcr essentiell. Unsere Mitglieder finden auf allen Ebenen L\u00f6sungen. Hier m\u00f6chten wir uns insbesondere nochmal bei Read More","og_url":"https:\/\/www.esk-eltern.de\/de\/wir-vertreten-euch\/","og_site_name":"Elternvereinigung der Europ\u00e4ischen Schule Karlsruhe e.V.","article_modified_time":"2023-09-19T06:28:29+00:00","og_image":[{"width":1000,"height":1038,"url":"https:\/\/www.esk-eltern.de\/wp-content\/uploads\/2018\/03\/representing-you.jpg","type":"image\/jpeg"}],"twitter_card":"summary_large_image","twitter_misc":{"Gesch\u00e4tzte Lesezeit":"1\u00a0Minute"},"schema":{"@context":"https:\/\/schema.org","@graph":[{"@type":"WebPage","@id":"https:\/\/www.esk-eltern.de\/de\/wir-vertreten-euch\/","url":"https:\/\/www.esk-eltern.de\/de\/wir-vertreten-euch\/","name":"Wir vertreten Sie - Elternvereinigung der Europ\u00e4ischen Schule Karlsruhe e.V.","isPartOf":{"@id":"https:\/\/www.esk-eltern.de\/de\/#website"},"primaryImageOfPage":{"@id":"https:\/\/www.esk-eltern.de\/de\/wir-vertreten-euch\/#primaryimage"},"image":{"@id":"https:\/\/www.esk-eltern.de\/de\/wir-vertreten-euch\/#primaryimage"},"thumbnailUrl":"https:\/\/dev.esk-eltern.de\/wp-content\/uploads\/2018\/03\/representing-you.jpg","datePublished":"2018-03-13T12:42:30+00:00","dateModified":"2023-09-19T06:28:29+00:00","breadcrumb":{"@id":"https:\/\/www.esk-eltern.de\/de\/wir-vertreten-euch\/#breadcrumb"},"inLanguage":"de","potentialAction":[{"@type":"ReadAction","target":["https:\/\/www.esk-eltern.de\/de\/wir-vertreten-euch\/"]}]},{"@type":"ImageObject","inLanguage":"de","@id":"https:\/\/www.esk-eltern.de\/de\/wir-vertreten-euch\/#primaryimage","url":"https:\/\/dev.esk-eltern.de\/wp-content\/uploads\/2018\/03\/representing-you.jpg","contentUrl":"https:\/\/dev.esk-eltern.de\/wp-content\/uploads\/2018\/03\/representing-you.jpg","width":1000,"height":1038},{"@type":"BreadcrumbList","@id":"https:\/\/www.esk-eltern.de\/de\/wir-vertreten-euch\/#breadcrumb","itemListElement":[{"@type":"ListItem","position":1,"name":"Home","item":"https:\/\/www.esk-eltern.de\/de\/"},{"@type":"ListItem","position":2,"name":"Wir vertreten Sie"}]},{"@type":"WebSite","@id":"https:\/\/www.esk-eltern.de\/de\/#website","url":"https:\/\/www.esk-eltern.de\/de\/","name":"Elternvereinigung der Europ\u00e4ischen Schule Karlsruhe e.V.","description":"","publisher":{"@id":"https:\/\/www.esk-eltern.de\/de\/#organization"},"potentialAction":[{"@type":"SearchAction","target":{"@type":"EntryPoint","urlTemplate":"https:\/\/www.esk-eltern.de\/de\/?s={search_term_string}"},"query-input":"required name=search_term_string"}],"inLanguage":"de"},{"@type":"Organization","@id":"https:\/\/www.esk-eltern.de\/de\/#organization","name":"Elternvereinigung der Europ\u00e4ischen Schule Karlsruhe e.V.","url":"https:\/\/www.esk-eltern.de\/de\/","logo":{"@type":"ImageObject","inLanguage":"de","@id":"https:\/\/www.esk-eltern.de\/de\/#\/schema\/logo\/image\/","url":"https:\/\/dev.esk-eltern.de\/wp-content\/uploads\/2023\/07\/cropped-EV_512x512.png","contentUrl":"https:\/\/dev.esk-eltern.de\/wp-content\/uploads\/2023\/07\/cropped-EV_512x512.png","width":512,"height":512,"caption":"Elternvereinigung der Europ\u00e4ischen Schule Karlsruhe e.V."},"image":{"@id":"https:\/\/www.esk-eltern.de\/de\/#\/schema\/logo\/image\/"}}]}},"_links":{"self":[{"href":"https:\/\/dev.esk-eltern.de\/de\/wp-json\/wp\/v2\/pages\/421"}],"collection":[{"href":"https:\/\/dev.esk-eltern.de\/de\/wp-json\/wp\/v2\/pages"}],"about":[{"href":"https:\/\/dev.esk-eltern.de\/de\/wp-json\/wp\/v2\/types\/page"}],"replies":[{"embeddable":true,"href":"https:\/\/dev.esk-eltern.de\/de\/wp-json\/wp\/v2\/comments?post=421"}],"version-history":[{"count":5,"href":"https:\/\/dev.esk-eltern.de\/de\/wp-json\/wp\/v2\/pages\/421\/revisions"}],"predecessor-version":[{"id":9940,"href":"https:\/\/dev.esk-eltern.de\/de\/wp-json\/wp\/v2\/pages\/421\/revisions\/9940"}],"wp:featuredmedia":[{"embeddable":true,"href":"https:\/\/dev.esk-eltern.de\/de\/wp-json\/wp\/v2\/media\/632"}],"wp:attachment":[{"href":"https:\/\/dev.esk-eltern.de\/de\/wp-json\/wp\/v2\/media?parent=421"}],"curies":[{"name":"wp","href":"https:\/\/api.w.org\/{rel}","templated":true}]}}