{"id":423,"date":"2018-03-13T13:42:58","date_gmt":"2018-03-13T12:42:58","guid":{"rendered":"https:\/\/dev.esk-eltern.de\/?page_id=423"},"modified":"2023-09-19T08:27:33","modified_gmt":"2023-09-19T06:27:33","slug":"elternklassenvertreter","status":"publish","type":"page","link":"https:\/\/dev.esk-eltern.de\/de\/wir-vertreten-euch\/elternklassenvertreter\/","title":{"rendered":"Elternklassenvertreter"},"content":{"rendered":"\n<p>Die Elternklassenvertreter spielen eine wichtige Rolle f\u00fcr den reibungslosen Ablauf der Schule. Sie werden von Ihnen, den Eltern, gew\u00e4hlt und sind Ihre direkten Ansprechpartner in allen Belangen zur Schule und Klasse. Klassenvertreter koordinieren ebenso alle sozialen Klassenaktivit\u00e4ten, geldbeschaffende Klassenveranstaltungen wie Kaffee- und Kuchenverkauf und sorgen falls notwendig im Allgemeinen f\u00fcr Hilfe und Unterst\u00fctzung f\u00fcr die Klassenlehrer.<br>Elternklassenvertreter sind auch f\u00fcr die \u00dcbermittlung von Informationen zwischen den Eltern der Klasse und den Repr\u00e4sentanten des Komitees der Elternvereinigung verantwortlich, sodass die Elternvereinigung die Interessen der Eltern bei allen Schultreffen mit den Lehren und dem Verwaltungspersonal effektiv repr\u00e4sentieren kann.<\/p>\n\n\n\n<p>Wahl und Aufgaben der Elternklassenvertreter<br>Die Elternvertreter jeder Klasse werden auf dem ersten Elternabend eines neuen Schuljahres gew\u00e4hlt. Anschlie\u00dfend gibt die Schule eine Liste mit den E-mailadressen aller Elternvertreter an die Elternvereinigung weiter. Auf dem ersten Treffen des neuen Vorstandes der Elternvereinigung nach der j\u00e4hrlichen Generalversammlung werden aus dessen Mitte die Vertreter der einzelnen Sektionen gew\u00e4hlt. Die Elternvertreter sind wichtige Kontaktpersonen f\u00fcr die Weitergabe von Informationen. Zum einen repr\u00e4sentieren sie die Eltern ihrer Klasse in der Schule und zum anderen sind sie gleichzeitig deren Ansprechpartner.<\/p>\n\n\n\n<p>Durch ihre gemeinsame Arbeit k\u00f6nnen die Elternvertreter eine gute Basis f\u00fcr das Klassenklima schaffen. Wenn sie gemeinsame Aktivit\u00e4ten f\u00fcr die Familien einer Klasse organisieren, haben alle Eltern die M\u00f6glichkeit sich besser kennen zu lernen. Das gegenseitige Vertrauen hat wiederum positive Auswirkungen auf die Sch\u00fcler und ihren Schulalltag.<\/p>\n\n\n\n<p>Einer der beiden Vertreter muss die Aufgabe \u00fcbernehmen, die E-mails von der Elternvereinigung oder der Schule weiterzuleiten, die wichtige Informationen f\u00fcr alle Eltern enthalten. Voraussetzung daf\u00fcr ist, dass alle Eltern ihren Elternvertretern eine aktuelle E-mailadresse mitteilen, die sie dann auch regelm\u00e4\u00dfig abfragen. Aus Datenschutzgr\u00fcnden d\u00fcrfen weder die Elternvereinigung noch die Schule bei ihnen vorhandene Kontaktdaten an die Elternvertreter weitergeben.<\/p>\n\n\n\n<p>Bitte erinnern Sie Eltern daran, dass sie Antworten auf ihre Fragen unter<\/p>\n\n\n\n<ul><li>der Schulwebseite <a href=\"http:\/\/www.es-karlsruhe.eu\">www.es-karlsruhe.eu<\/a>\u00a0(Informationen, Kalender, etc.)<\/li><li>der Webseite aller Europ\u00e4ischen Schulen \u00a0<a href=\"http:\/\/www.eursc.org\" target=\"_blank\" rel=\"noopener\">www.eursc.org<\/a>\u00a0\u00a0(Schulveranstaltungen, Satzung, etc.)<\/li><li>der Webseite des Elternvereins\u00a0<a href=\"http:\/\/dev.esk-eltern.de\" target=\"_blank\" rel=\"noopener\">dev.esk-eltern.de<\/a>\u00a0finden k\u00f6nnen.<\/li><\/ul>\n\n\n\n<p>Die EV sch\u00e4tzt das Engagement&nbsp; aller Klassenvertreter sehr; die R\u00fcckmeldungen der Eltern ihrer Klassen sind sehr wichtig und tragen&nbsp; zur guten Kommunikation und zur positiven Entwicklung der Schule bei. Die EV nimmt alle Anliegen der Eltern sehr ernst und wird sie immer mit absoluter Vertraulichkeit behandeln.<\/p>\n\n\n\n<p>Damit die Elternvereinigung auf den Erziehungsratssitzungen die Interessen der Eltern vertreten kann, trifft sich deren Vorstand vor einer solchen Sitzung mit allen Elternvertretern. Dabei k\u00f6nnen die Elternvertreter alle Themen und Probleme weitergeben, die im Schulalltag ihrer Klasse auftreten.<\/p>\n","protected":false},"excerpt":{"rendered":"<p>Die Elternklassenvertreter spielen eine wichtige Rolle f\u00fcr den reibungslosen Ablauf der Schule. Sie werden von Ihnen, den Eltern, gew\u00e4hlt und sind Ihre direkten Ansprechpartner in allen Belangen zur Schule und Klasse. Klassenvertreter koordinieren ebenso alle sozialen Klassenaktivit\u00e4ten, geldbeschaffende Klassenveranstaltungen wie Kaffee- und Kuchenverkauf und sorgen falls notwendig im Allgemeinen f\u00fcr Hilfe und Unterst\u00fctzung f\u00fcr die <a class=\"read-more-link\" href=\"https:\/\/dev.esk-eltern.de\/de\/wir-vertreten-euch\/elternklassenvertreter\/\">Read More<\/a><\/p>\n","protected":false},"author":0,"featured_media":0,"parent":421,"menu_order":18,"comment_status":"closed","ping_status":"closed","template":"","meta":{"inline_featured_image":false,"footnotes":""},"yoast_head":"<!-- This site is optimized with the Yoast SEO plugin v22.6 - https:\/\/yoast.com\/wordpress\/plugins\/seo\/ -->\n<title>Elternklassenvertreter - Elternvereinigung der Europ\u00e4ischen Schule Karlsruhe e.V.<\/title>\n<meta name=\"robots\" content=\"index, follow, max-snippet:-1, max-image-preview:large, max-video-preview:-1\" \/>\n<link rel=\"canonical\" href=\"https:\/\/www.esk-eltern.de\/de\/wir-vertreten-euch\/elternklassenvertreter\/\" \/>\n<meta property=\"og:locale\" content=\"de_DE\" \/>\n<meta property=\"og:type\" content=\"article\" \/>\n<meta property=\"og:title\" content=\"Elternklassenvertreter - Elternvereinigung der Europ\u00e4ischen Schule Karlsruhe e.V.\" \/>\n<meta property=\"og:description\" content=\"Die Elternklassenvertreter spielen eine wichtige Rolle f\u00fcr den reibungslosen Ablauf der Schule. Sie werden von Ihnen, den Eltern, gew\u00e4hlt und sind Ihre direkten Ansprechpartner in allen Belangen zur Schule und Klasse. Klassenvertreter koordinieren ebenso alle sozialen Klassenaktivit\u00e4ten, geldbeschaffende Klassenveranstaltungen wie Kaffee- und Kuchenverkauf und sorgen falls notwendig im Allgemeinen f\u00fcr Hilfe und Unterst\u00fctzung f\u00fcr die Read More\" \/>\n<meta property=\"og:url\" content=\"https:\/\/www.esk-eltern.de\/de\/wir-vertreten-euch\/elternklassenvertreter\/\" \/>\n<meta property=\"og:site_name\" content=\"Elternvereinigung der Europ\u00e4ischen Schule Karlsruhe e.V.\" \/>\n<meta property=\"article:modified_time\" content=\"2023-09-19T06:27:33+00:00\" \/>\n<meta name=\"twitter:card\" content=\"summary_large_image\" \/>\n<meta name=\"twitter:label1\" content=\"Gesch\u00e4tzte Lesezeit\" \/>\n\t<meta name=\"twitter:data1\" content=\"3\u00a0Minuten\" \/>\n<script type=\"application\/ld+json\" class=\"yoast-schema-graph\">{\"@context\":\"https:\/\/schema.org\",\"@graph\":[{\"@type\":\"WebPage\",\"@id\":\"https:\/\/www.esk-eltern.de\/de\/wir-vertreten-euch\/elternklassenvertreter\/\",\"url\":\"https:\/\/www.esk-eltern.de\/de\/wir-vertreten-euch\/elternklassenvertreter\/\",\"name\":\"Elternklassenvertreter - Elternvereinigung der Europ\u00e4ischen Schule Karlsruhe e.V.\",\"isPartOf\":{\"@id\":\"https:\/\/www.esk-eltern.de\/de\/#website\"},\"datePublished\":\"2018-03-13T12:42:58+00:00\",\"dateModified\":\"2023-09-19T06:27:33+00:00\",\"breadcrumb\":{\"@id\":\"https:\/\/www.esk-eltern.de\/de\/wir-vertreten-euch\/elternklassenvertreter\/#breadcrumb\"},\"inLanguage\":\"de\",\"potentialAction\":[{\"@type\":\"ReadAction\",\"target\":[\"https:\/\/www.esk-eltern.de\/de\/wir-vertreten-euch\/elternklassenvertreter\/\"]}]},{\"@type\":\"BreadcrumbList\",\"@id\":\"https:\/\/www.esk-eltern.de\/de\/wir-vertreten-euch\/elternklassenvertreter\/#breadcrumb\",\"itemListElement\":[{\"@type\":\"ListItem\",\"position\":1,\"name\":\"Home\",\"item\":\"https:\/\/www.esk-eltern.de\/de\/\"},{\"@type\":\"ListItem\",\"position\":2,\"name\":\"Wir vertreten Sie\",\"item\":\"https:\/\/www.esk-eltern.de\/de\/wir-vertreten-euch\/\"},{\"@type\":\"ListItem\",\"position\":3,\"name\":\"Elternklassenvertreter\"}]},{\"@type\":\"WebSite\",\"@id\":\"https:\/\/www.esk-eltern.de\/de\/#website\",\"url\":\"https:\/\/www.esk-eltern.de\/de\/\",\"name\":\"Elternvereinigung der Europ\u00e4ischen Schule Karlsruhe e.V.\",\"description\":\"\",\"publisher\":{\"@id\":\"https:\/\/www.esk-eltern.de\/de\/#organization\"},\"potentialAction\":[{\"@type\":\"SearchAction\",\"target\":{\"@type\":\"EntryPoint\",\"urlTemplate\":\"https:\/\/www.esk-eltern.de\/de\/?s={search_term_string}\"},\"query-input\":\"required name=search_term_string\"}],\"inLanguage\":\"de\"},{\"@type\":\"Organization\",\"@id\":\"https:\/\/www.esk-eltern.de\/de\/#organization\",\"name\":\"Elternvereinigung der Europ\u00e4ischen Schule Karlsruhe e.V.\",\"url\":\"https:\/\/www.esk-eltern.de\/de\/\",\"logo\":{\"@type\":\"ImageObject\",\"inLanguage\":\"de\",\"@id\":\"https:\/\/www.esk-eltern.de\/de\/#\/schema\/logo\/image\/\",\"url\":\"https:\/\/dev.esk-eltern.de\/wp-content\/uploads\/2023\/07\/cropped-EV_512x512.png\",\"contentUrl\":\"https:\/\/dev.esk-eltern.de\/wp-content\/uploads\/2023\/07\/cropped-EV_512x512.png\",\"width\":512,\"height\":512,\"caption\":\"Elternvereinigung der Europ\u00e4ischen Schule Karlsruhe e.V.\"},\"image\":{\"@id\":\"https:\/\/www.esk-eltern.de\/de\/#\/schema\/logo\/image\/\"}}]}<\/script>\n<!-- \/ Yoast SEO plugin. -->","yoast_head_json":{"title":"Elternklassenvertreter - Elternvereinigung der Europ\u00e4ischen Schule Karlsruhe e.V.","robots":{"index":"index","follow":"follow","max-snippet":"max-snippet:-1","max-image-preview":"max-image-preview:large","max-video-preview":"max-video-preview:-1"},"canonical":"https:\/\/www.esk-eltern.de\/de\/wir-vertreten-euch\/elternklassenvertreter\/","og_locale":"de_DE","og_type":"article","og_title":"Elternklassenvertreter - Elternvereinigung der Europ\u00e4ischen Schule Karlsruhe e.V.","og_description":"Die Elternklassenvertreter spielen eine wichtige Rolle f\u00fcr den reibungslosen Ablauf der Schule. Sie werden von Ihnen, den Eltern, gew\u00e4hlt und sind Ihre direkten Ansprechpartner in allen Belangen zur Schule und Klasse. Klassenvertreter koordinieren ebenso alle sozialen Klassenaktivit\u00e4ten, geldbeschaffende Klassenveranstaltungen wie Kaffee- und Kuchenverkauf und sorgen falls notwendig im Allgemeinen f\u00fcr Hilfe und Unterst\u00fctzung f\u00fcr die Read More","og_url":"https:\/\/www.esk-eltern.de\/de\/wir-vertreten-euch\/elternklassenvertreter\/","og_site_name":"Elternvereinigung der Europ\u00e4ischen Schule Karlsruhe e.V.","article_modified_time":"2023-09-19T06:27:33+00:00","twitter_card":"summary_large_image","twitter_misc":{"Gesch\u00e4tzte Lesezeit":"3\u00a0Minuten"},"schema":{"@context":"https:\/\/schema.org","@graph":[{"@type":"WebPage","@id":"https:\/\/www.esk-eltern.de\/de\/wir-vertreten-euch\/elternklassenvertreter\/","url":"https:\/\/www.esk-eltern.de\/de\/wir-vertreten-euch\/elternklassenvertreter\/","name":"Elternklassenvertreter - Elternvereinigung der Europ\u00e4ischen Schule Karlsruhe e.V.","isPartOf":{"@id":"https:\/\/www.esk-eltern.de\/de\/#website"},"datePublished":"2018-03-13T12:42:58+00:00","dateModified":"2023-09-19T06:27:33+00:00","breadcrumb":{"@id":"https:\/\/www.esk-eltern.de\/de\/wir-vertreten-euch\/elternklassenvertreter\/#breadcrumb"},"inLanguage":"de","potentialAction":[{"@type":"ReadAction","target":["https:\/\/www.esk-eltern.de\/de\/wir-vertreten-euch\/elternklassenvertreter\/"]}]},{"@type":"BreadcrumbList","@id":"https:\/\/www.esk-eltern.de\/de\/wir-vertreten-euch\/elternklassenvertreter\/#breadcrumb","itemListElement":[{"@type":"ListItem","position":1,"name":"Home","item":"https:\/\/www.esk-eltern.de\/de\/"},{"@type":"ListItem","position":2,"name":"Wir vertreten Sie","item":"https:\/\/www.esk-eltern.de\/de\/wir-vertreten-euch\/"},{"@type":"ListItem","position":3,"name":"Elternklassenvertreter"}]},{"@type":"WebSite","@id":"https:\/\/www.esk-eltern.de\/de\/#website","url":"https:\/\/www.esk-eltern.de\/de\/","name":"Elternvereinigung der Europ\u00e4ischen Schule Karlsruhe e.V.","description":"","publisher":{"@id":"https:\/\/www.esk-eltern.de\/de\/#organization"},"potentialAction":[{"@type":"SearchAction","target":{"@type":"EntryPoint","urlTemplate":"https:\/\/www.esk-eltern.de\/de\/?s={search_term_string}"},"query-input":"required name=search_term_string"}],"inLanguage":"de"},{"@type":"Organization","@id":"https:\/\/www.esk-eltern.de\/de\/#organization","name":"Elternvereinigung der Europ\u00e4ischen Schule Karlsruhe e.V.","url":"https:\/\/www.esk-eltern.de\/de\/","logo":{"@type":"ImageObject","inLanguage":"de","@id":"https:\/\/www.esk-eltern.de\/de\/#\/schema\/logo\/image\/","url":"https:\/\/dev.esk-eltern.de\/wp-content\/uploads\/2023\/07\/cropped-EV_512x512.png","contentUrl":"https:\/\/dev.esk-eltern.de\/wp-content\/uploads\/2023\/07\/cropped-EV_512x512.png","width":512,"height":512,"caption":"Elternvereinigung der Europ\u00e4ischen Schule Karlsruhe e.V."},"image":{"@id":"https:\/\/www.esk-eltern.de\/de\/#\/schema\/logo\/image\/"}}]}},"_links":{"self":[{"href":"https:\/\/dev.esk-eltern.de\/de\/wp-json\/wp\/v2\/pages\/423"}],"collection":[{"href":"https:\/\/dev.esk-eltern.de\/de\/wp-json\/wp\/v2\/pages"}],"about":[{"href":"https:\/\/dev.esk-eltern.de\/de\/wp-json\/wp\/v2\/types\/page"}],"replies":[{"embeddable":true,"href":"https:\/\/dev.esk-eltern.de\/de\/wp-json\/wp\/v2\/comments?post=423"}],"version-history":[{"count":4,"href":"https:\/\/dev.esk-eltern.de\/de\/wp-json\/wp\/v2\/pages\/423\/revisions"}],"predecessor-version":[{"id":7187,"href":"https:\/\/dev.esk-eltern.de\/de\/wp-json\/wp\/v2\/pages\/423\/revisions\/7187"}],"up":[{"embeddable":true,"href":"https:\/\/dev.esk-eltern.de\/de\/wp-json\/wp\/v2\/pages\/421"}],"wp:attachment":[{"href":"https:\/\/dev.esk-eltern.de\/de\/wp-json\/wp\/v2\/media?parent=423"}],"curies":[{"name":"wp","href":"https:\/\/api.w.org\/{rel}","templated":true}]}}