{"id":427,"date":"2018-03-13T13:43:49","date_gmt":"2018-03-13T12:43:49","guid":{"rendered":"https:\/\/dev.esk-eltern.de\/?page_id=427"},"modified":"2023-09-19T08:28:13","modified_gmt":"2023-09-19T06:28:13","slug":"interparents","status":"publish","type":"page","link":"https:\/\/dev.esk-eltern.de\/de\/wir-vertreten-euch\/interparents\/","title":{"rendered":"Interparents"},"content":{"rendered":"\n<p>Die Elternvereine aller Europ\u00e4ischen Schulen sind unter der Dachorganisation Interparents vereint. Interparents, im Gegenzug, repr\u00e4sentiert Eltern bei Angelegenheiten, um welche sich der Verwaltungsrat in Br\u00fcssel k\u00fcmmert. Zu diesen Angelegenheiten z\u00e4hlen:<\/p>\n\n\n\n<ul>\n<li>Vorschul \u2013 und Grundschulunterricht, Sekund\u00e4runterricht,<\/li>\n\n\n\n<li>Verwaltungs \u2013 und Finanzangelegenheiten,<\/li>\n\n\n\n<li>besondere Erziehungsbed\u00fcrfnisse und Lernunterst\u00fctzung,<\/li>\n\n\n\n<li>Vertr\u00e4ge \u00fcber Leistungsstandart,<\/li>\n\n\n\n<li>die Europ\u00e4ische Baccalaureat Qualifikation,<\/li>\n\n\n\n<li>Sprachen und B\u00fcchereien<\/li>\n\n\n\n<li>die Entwicklung und Reformierung der Europ\u00e4ischen Schulen.<\/li>\n<\/ul>\n\n\n\n<p>Der Elternverein Karlsruhe ist \u00e4u\u00dferst aktiv innerhalb Interparents und erkennt die Wichtigkeit, einen starken Einsatz zu bringen, um alle Eltern im gesamten europ\u00e4ische Schulsystem zu unterst\u00fctzen.Es ist wichtig f\u00fcr alle Eltern, dass diese Verbindung zum Verwaltungsrat in Br\u00fcssel vollstens unterst\u00fctzt wird, sodass es St\u00e4rke in Gemeinsamkeit gibt, um allen unseren Kindern ein gesundes und belebendes Umfeld zu gew\u00e4hrleisten.Die aktuellen Interparents-Vertreter f\u00fcr die Europ\u00e4ische Schule Karlsruhe finden Sie auf unserer &#8218;Who&#8217;s Who&#8216; Seite.<\/p>\n\n\n\n<p>F\u00fcr weitere Information, klicken Sie auf <a href=\"http:\/\/www.interparents.eu\/\">die Webseite f\u00fcr Interparents<\/a>.<\/p>\n","protected":false},"excerpt":{"rendered":"<p>Die Elternvereine aller Europ\u00e4ischen Schulen sind unter der Dachorganisation Interparents vereint. Interparents, im Gegenzug, repr\u00e4sentiert Eltern bei Angelegenheiten, um welche sich der Verwaltungsrat in Br\u00fcssel k\u00fcmmert. Zu diesen Angelegenheiten z\u00e4hlen: Der Elternverein Karlsruhe ist \u00e4u\u00dferst aktiv innerhalb Interparents und erkennt die Wichtigkeit, einen starken Einsatz zu bringen, um alle Eltern im gesamten europ\u00e4ische Schulsystem zu <a class=\"read-more-link\" href=\"https:\/\/dev.esk-eltern.de\/de\/wir-vertreten-euch\/interparents\/\">Read More<\/a><\/p>\n","protected":false},"author":0,"featured_media":0,"parent":421,"menu_order":42,"comment_status":"closed","ping_status":"closed","template":"","meta":{"inline_featured_image":false,"footnotes":""},"yoast_head":"<!-- This site is optimized with the Yoast SEO plugin v22.6 - https:\/\/yoast.com\/wordpress\/plugins\/seo\/ -->\n<title>Interparents - Elternvereinigung der Europ\u00e4ischen Schule Karlsruhe e.V.<\/title>\n<meta name=\"robots\" content=\"index, follow, max-snippet:-1, max-image-preview:large, max-video-preview:-1\" \/>\n<link rel=\"canonical\" href=\"https:\/\/www.esk-eltern.de\/de\/wir-vertreten-euch\/interparents\/\" \/>\n<meta property=\"og:locale\" content=\"de_DE\" \/>\n<meta property=\"og:type\" content=\"article\" \/>\n<meta property=\"og:title\" content=\"Interparents - Elternvereinigung der Europ\u00e4ischen Schule Karlsruhe e.V.\" \/>\n<meta property=\"og:description\" content=\"Die Elternvereine aller Europ\u00e4ischen Schulen sind unter der Dachorganisation Interparents vereint. Interparents, im Gegenzug, repr\u00e4sentiert Eltern bei Angelegenheiten, um welche sich der Verwaltungsrat in Br\u00fcssel k\u00fcmmert. Zu diesen Angelegenheiten z\u00e4hlen: Der Elternverein Karlsruhe ist \u00e4u\u00dferst aktiv innerhalb Interparents und erkennt die Wichtigkeit, einen starken Einsatz zu bringen, um alle Eltern im gesamten europ\u00e4ische Schulsystem zu Read More\" \/>\n<meta property=\"og:url\" content=\"https:\/\/www.esk-eltern.de\/de\/wir-vertreten-euch\/interparents\/\" \/>\n<meta property=\"og:site_name\" content=\"Elternvereinigung der Europ\u00e4ischen Schule Karlsruhe e.V.\" \/>\n<meta property=\"article:modified_time\" content=\"2023-09-19T06:28:13+00:00\" \/>\n<meta name=\"twitter:card\" content=\"summary_large_image\" \/>\n<meta name=\"twitter:label1\" content=\"Gesch\u00e4tzte Lesezeit\" \/>\n\t<meta name=\"twitter:data1\" content=\"1\u00a0Minute\" \/>\n<script type=\"application\/ld+json\" class=\"yoast-schema-graph\">{\"@context\":\"https:\/\/schema.org\",\"@graph\":[{\"@type\":\"WebPage\",\"@id\":\"https:\/\/www.esk-eltern.de\/de\/wir-vertreten-euch\/interparents\/\",\"url\":\"https:\/\/www.esk-eltern.de\/de\/wir-vertreten-euch\/interparents\/\",\"name\":\"Interparents - Elternvereinigung der Europ\u00e4ischen Schule Karlsruhe e.V.\",\"isPartOf\":{\"@id\":\"https:\/\/www.esk-eltern.de\/de\/#website\"},\"datePublished\":\"2018-03-13T12:43:49+00:00\",\"dateModified\":\"2023-09-19T06:28:13+00:00\",\"breadcrumb\":{\"@id\":\"https:\/\/www.esk-eltern.de\/de\/wir-vertreten-euch\/interparents\/#breadcrumb\"},\"inLanguage\":\"de\",\"potentialAction\":[{\"@type\":\"ReadAction\",\"target\":[\"https:\/\/www.esk-eltern.de\/de\/wir-vertreten-euch\/interparents\/\"]}]},{\"@type\":\"BreadcrumbList\",\"@id\":\"https:\/\/www.esk-eltern.de\/de\/wir-vertreten-euch\/interparents\/#breadcrumb\",\"itemListElement\":[{\"@type\":\"ListItem\",\"position\":1,\"name\":\"Home\",\"item\":\"https:\/\/www.esk-eltern.de\/de\/\"},{\"@type\":\"ListItem\",\"position\":2,\"name\":\"Wir vertreten Sie\",\"item\":\"https:\/\/www.esk-eltern.de\/de\/wir-vertreten-euch\/\"},{\"@type\":\"ListItem\",\"position\":3,\"name\":\"Interparents\"}]},{\"@type\":\"WebSite\",\"@id\":\"https:\/\/www.esk-eltern.de\/de\/#website\",\"url\":\"https:\/\/www.esk-eltern.de\/de\/\",\"name\":\"Elternvereinigung der Europ\u00e4ischen Schule Karlsruhe e.V.\",\"description\":\"\",\"publisher\":{\"@id\":\"https:\/\/www.esk-eltern.de\/de\/#organization\"},\"potentialAction\":[{\"@type\":\"SearchAction\",\"target\":{\"@type\":\"EntryPoint\",\"urlTemplate\":\"https:\/\/www.esk-eltern.de\/de\/?s={search_term_string}\"},\"query-input\":\"required name=search_term_string\"}],\"inLanguage\":\"de\"},{\"@type\":\"Organization\",\"@id\":\"https:\/\/www.esk-eltern.de\/de\/#organization\",\"name\":\"Elternvereinigung der Europ\u00e4ischen Schule Karlsruhe e.V.\",\"url\":\"https:\/\/www.esk-eltern.de\/de\/\",\"logo\":{\"@type\":\"ImageObject\",\"inLanguage\":\"de\",\"@id\":\"https:\/\/www.esk-eltern.de\/de\/#\/schema\/logo\/image\/\",\"url\":\"https:\/\/dev.esk-eltern.de\/wp-content\/uploads\/2023\/07\/cropped-EV_512x512.png\",\"contentUrl\":\"https:\/\/dev.esk-eltern.de\/wp-content\/uploads\/2023\/07\/cropped-EV_512x512.png\",\"width\":512,\"height\":512,\"caption\":\"Elternvereinigung der Europ\u00e4ischen Schule Karlsruhe e.V.\"},\"image\":{\"@id\":\"https:\/\/www.esk-eltern.de\/de\/#\/schema\/logo\/image\/\"}}]}<\/script>\n<!-- \/ Yoast SEO plugin. -->","yoast_head_json":{"title":"Interparents - Elternvereinigung der Europ\u00e4ischen Schule Karlsruhe e.V.","robots":{"index":"index","follow":"follow","max-snippet":"max-snippet:-1","max-image-preview":"max-image-preview:large","max-video-preview":"max-video-preview:-1"},"canonical":"https:\/\/www.esk-eltern.de\/de\/wir-vertreten-euch\/interparents\/","og_locale":"de_DE","og_type":"article","og_title":"Interparents - Elternvereinigung der Europ\u00e4ischen Schule Karlsruhe e.V.","og_description":"Die Elternvereine aller Europ\u00e4ischen Schulen sind unter der Dachorganisation Interparents vereint. Interparents, im Gegenzug, repr\u00e4sentiert Eltern bei Angelegenheiten, um welche sich der Verwaltungsrat in Br\u00fcssel k\u00fcmmert. Zu diesen Angelegenheiten z\u00e4hlen: Der Elternverein Karlsruhe ist \u00e4u\u00dferst aktiv innerhalb Interparents und erkennt die Wichtigkeit, einen starken Einsatz zu bringen, um alle Eltern im gesamten europ\u00e4ische Schulsystem zu Read More","og_url":"https:\/\/www.esk-eltern.de\/de\/wir-vertreten-euch\/interparents\/","og_site_name":"Elternvereinigung der Europ\u00e4ischen Schule Karlsruhe e.V.","article_modified_time":"2023-09-19T06:28:13+00:00","twitter_card":"summary_large_image","twitter_misc":{"Gesch\u00e4tzte Lesezeit":"1\u00a0Minute"},"schema":{"@context":"https:\/\/schema.org","@graph":[{"@type":"WebPage","@id":"https:\/\/www.esk-eltern.de\/de\/wir-vertreten-euch\/interparents\/","url":"https:\/\/www.esk-eltern.de\/de\/wir-vertreten-euch\/interparents\/","name":"Interparents - Elternvereinigung der Europ\u00e4ischen Schule Karlsruhe e.V.","isPartOf":{"@id":"https:\/\/www.esk-eltern.de\/de\/#website"},"datePublished":"2018-03-13T12:43:49+00:00","dateModified":"2023-09-19T06:28:13+00:00","breadcrumb":{"@id":"https:\/\/www.esk-eltern.de\/de\/wir-vertreten-euch\/interparents\/#breadcrumb"},"inLanguage":"de","potentialAction":[{"@type":"ReadAction","target":["https:\/\/www.esk-eltern.de\/de\/wir-vertreten-euch\/interparents\/"]}]},{"@type":"BreadcrumbList","@id":"https:\/\/www.esk-eltern.de\/de\/wir-vertreten-euch\/interparents\/#breadcrumb","itemListElement":[{"@type":"ListItem","position":1,"name":"Home","item":"https:\/\/www.esk-eltern.de\/de\/"},{"@type":"ListItem","position":2,"name":"Wir vertreten Sie","item":"https:\/\/www.esk-eltern.de\/de\/wir-vertreten-euch\/"},{"@type":"ListItem","position":3,"name":"Interparents"}]},{"@type":"WebSite","@id":"https:\/\/www.esk-eltern.de\/de\/#website","url":"https:\/\/www.esk-eltern.de\/de\/","name":"Elternvereinigung der Europ\u00e4ischen Schule Karlsruhe e.V.","description":"","publisher":{"@id":"https:\/\/www.esk-eltern.de\/de\/#organization"},"potentialAction":[{"@type":"SearchAction","target":{"@type":"EntryPoint","urlTemplate":"https:\/\/www.esk-eltern.de\/de\/?s={search_term_string}"},"query-input":"required name=search_term_string"}],"inLanguage":"de"},{"@type":"Organization","@id":"https:\/\/www.esk-eltern.de\/de\/#organization","name":"Elternvereinigung der Europ\u00e4ischen Schule Karlsruhe e.V.","url":"https:\/\/www.esk-eltern.de\/de\/","logo":{"@type":"ImageObject","inLanguage":"de","@id":"https:\/\/www.esk-eltern.de\/de\/#\/schema\/logo\/image\/","url":"https:\/\/dev.esk-eltern.de\/wp-content\/uploads\/2023\/07\/cropped-EV_512x512.png","contentUrl":"https:\/\/dev.esk-eltern.de\/wp-content\/uploads\/2023\/07\/cropped-EV_512x512.png","width":512,"height":512,"caption":"Elternvereinigung der Europ\u00e4ischen Schule Karlsruhe e.V."},"image":{"@id":"https:\/\/www.esk-eltern.de\/de\/#\/schema\/logo\/image\/"}}]}},"_links":{"self":[{"href":"https:\/\/dev.esk-eltern.de\/de\/wp-json\/wp\/v2\/pages\/427"}],"collection":[{"href":"https:\/\/dev.esk-eltern.de\/de\/wp-json\/wp\/v2\/pages"}],"about":[{"href":"https:\/\/dev.esk-eltern.de\/de\/wp-json\/wp\/v2\/types\/page"}],"replies":[{"embeddable":true,"href":"https:\/\/dev.esk-eltern.de\/de\/wp-json\/wp\/v2\/comments?post=427"}],"version-history":[{"count":5,"href":"https:\/\/dev.esk-eltern.de\/de\/wp-json\/wp\/v2\/pages\/427\/revisions"}],"predecessor-version":[{"id":8231,"href":"https:\/\/dev.esk-eltern.de\/de\/wp-json\/wp\/v2\/pages\/427\/revisions\/8231"}],"up":[{"embeddable":true,"href":"https:\/\/dev.esk-eltern.de\/de\/wp-json\/wp\/v2\/pages\/421"}],"wp:attachment":[{"href":"https:\/\/dev.esk-eltern.de\/de\/wp-json\/wp\/v2\/media?parent=427"}],"curies":[{"name":"wp","href":"https:\/\/api.w.org\/{rel}","templated":true}]}}