{"id":446,"date":"2018-03-15T10:30:50","date_gmt":"2018-03-15T09:30:50","guid":{"rendered":"https:\/\/dev.esk-eltern.de\/?page_id=446"},"modified":"2024-03-26T13:32:28","modified_gmt":"2024-03-26T12:32:28","slug":"datenschutz-bestimmungen","status":"publish","type":"page","link":"https:\/\/dev.esk-eltern.de\/de\/datenschutz-bestimmungen\/","title":{"rendered":"Datenschutz"},"content":{"rendered":"\n<p><span><b>Wer wir sind<\/b><\/span><\/p>\n\n\n\n<p><span>Verantwortlicher im Sinne des Art. 13 Abs. 1 lit. a) DS-GVO ist <span class=\"Apple-converted-space\">&nbsp;<\/span><\/span><\/p>\n\n\n\n<p><span>Elternvereinigung der Europ\u00e4ischen Schule e. V.<\/span><\/p>\n\n\n\n<p><span>Albert-Schweitzer-Str. 1<br>76139 Karlsruhe<\/span><\/p>\n\n\n\n<p><span>Telefon: +49 0721 6800945<br>E-Mail:&nbsp;<a href=\"mailto:kar-ev@partner.eursc.eu\">kar-ev@partner.eursc.eu<\/a><\/span><\/p>\n\n\n\n<p>1. <span>Vorstandsvorsitzenden: Brynn Thompson-Renz (eingetragen), Felicitas Martens<br><\/span>2. Vorstandsvorsitzenden: David Greiner (eingetragen), Kati Reeb<\/p>\n\n\n\n<p>Die Adresse unserer Website ist: https:\/\/dev.esk-eltern.de<\/p>\n\n\n\n<p><span><b>Welche personenbezogenen Daten wir sammeln und warum wir sie sammeln<\/b><\/span><\/p>\n\n\n\n<p><span>Die Elternvereinigung verarbeitet folgende personenbezogene Daten:<\/span><\/p>\n\n\n\n<ul>\n<li><span>Name und Vorname der Eltern<\/span> bzw. Erziehungsberechtigten<\/li>\n\n\n\n<li><span>Name und Vornamen der Sch\u00fcler<\/span>Innen<\/li>\n\n\n\n<li><span>Anschrift<\/span><\/li>\n\n\n\n<li><span>Emailadresse<\/span><\/li>\n\n\n\n<li><span><\/span><span>Beantragte Leistungen (Mitgliedschaft und Ausserschulische Aktivit\u00e4ten)<\/span><\/li>\n\n\n\n<li><span><\/span><span>Bankverbindung<\/span><\/li>\n<\/ul>\n\n\n\n<p><span>zum Zwecke der Mitgliederverwaltung.  <\/span><\/p>\n\n\n\n<p><span>Zum Zwecke der Verwaltung der Ausserschulischen Aktivit\u00e4ten<\/span> erheben wir (entweder \u00fcber die Webseite oder als Abfrage \u00fcber die externen Kursleiter) zus\u00e4tzlich folgende Daten:<\/p>\n\n\n\n<ul>\n<li>Geburtsdatum des Kindes,<\/li>\n\n\n\n<li>Klasse und Schulstufe (KG\/GS\/OS) des Kindes,<\/li>\n\n\n\n<li>ob und an welchen Tagen MoMi\/NaMi genutzt wird,<\/li>\n\n\n\n<li>E-mail-Adresse und Telefonnummer eines Elternteils bzw. Erziehungsberechtigten.<\/li>\n<\/ul>\n\n\n\n<p><span>Die Emailadressen werden weiterhin genutzt um Informationen \u00fcber den Verein und die einzelnen Kurse zu verteilen (z.B. Erinnerungen an den Mitgliedschaftsbeitrag, Kursausf\u00e4llen wegen Krankheit usw..).<\/span><\/p>\n\n\n\n<p><span>Die Erhebung und Verarbeitung personenbezogener Daten erfolgt ausschlie\u00dflich, nachdem Sie der Geltung der Datenschutzerkl\u00e4rung und einer entsprechenden Nutzung Ihrer Daten zugestimmt haben.<\/span><\/p>\n\n\n\n<p><span><b>Kontaktformular<\/b><\/span><\/p>\n\n\n\n<p><span>Die Webseite bietet ein Kontaktformular an, welches Name, Vorname, Emailadresse sowie Nachricht speichert. \u00dcbermittelte Kontaktformulare werden nach Erledigung gel\u00f6scht.<\/span><\/p>\n\n\n\n<p><span><b>Mit wem wir Ihre Daten teilen<\/b><\/span><\/p>\n\n\n\n<p><span>Der Verein leitet Ihre Daten nur soweit dies f\u00fcr die Erf\u00fcllung unserer Verpflichtungen Ihnen gegen\u00fcber erforderlich ist:<\/span><\/p>\n\n\n\n<ul>\n<li><span>Weiterleitung der angemeldeten Sch\u00fclerInnen an die Kursleiter<\/span><\/li>\n\n\n\n<li><span>Weiterleitung der angemeldeten Sch\u00fclerInnen an die Nachmittagsbetreuung (falls notwendig)<\/span><\/li>\n\n\n\n<li>Weiterleitung der angemeldeten Sch\u00fclerInnen and die Verwaltung der Europ\u00e4ischen Schule Karlsruhe zu Sicherheitszwecken.<\/li>\n<\/ul>\n\n\n\n<p><span><b>Wie lange wir Ihre Daten speichern<\/b><\/span><\/p>\n\n\n\n<p><span>Alle f\u00fcr die Mitgliederverwaltung notwendigen Daten werden 2 Jahre nach Beendigung der Vereinsmitgliedschaft gel\u00f6scht.<\/span><\/p>\n\n\n\n<p><span>Die IP-Adressen, die beim Besuch der Vereinswebseite gespeichert werden, werden nach 30 Tagen gel\u00f6scht.<\/span><\/p>\n\n\n\n<p><span>Im Falle des Widerrufs der Einwilligung werden die Daten unverz\u00fcglich gel\u00f6scht. Wir weisen Sie darauf hin, dass wir im Fall des Widerrufs der Einwilligung oder\/und des Verlangens nach L\u00f6schung keine Leistungen mehr f\u00fcr Sie bzw. Ihr Kind erbringen k\u00f6nnen.<\/span><\/p>\n\n\n\n<p><span><b>Welche Rechte Sie an Ihren Daten haben<\/b><\/span><\/p>\n\n\n\n<p><span>Das Vereinsmitglied hat das Recht, seine datenschutzrechtliche Einwilligungserkl\u00e4rung jederzeit zu widerrufen. Durch den Widerruf der Einwilligung wird die Rechtm\u00e4\u00dfigkeit der aufgrund der Einwilligung bis zum Widerruf erfolgten Verarbeitung nicht ber\u00fchrt.<\/span><\/p>\n\n\n\n<p><span>Dem Vereinsmitglied steht ferner ein Beschwerderecht bei einer Datenschutz-Aufsichtsbeh\u00f6rde zu.<\/span><\/p>\n\n\n\n<p><\/p>\n\n\n<a href=\"#consent-change\" id=\"rcb-sc-link-change\" data-success-message=\"\" class=\"rcb-sc-link rcb-sc-link-change \">Privatsph\u00e4re-Einstellungen \u00e4ndern<\/a>\n\n\n\n<p><\/p>\n\n\n<a href=\"#consent-history\" id=\"rcb-sc-link-history\" data-success-message=\"\" class=\"rcb-sc-link rcb-sc-link-history \">Historie der Privatsph\u00e4re-Einstellungen<\/a>\n\n\n\n<p><\/p>\n\n\n<a href=\"#consent-revoke\" id=\"rcb-sc-link-revoke\" data-success-message=\"Du hast die Einwilligung f\u00fcr Services mit dessen Cookies und Verarbeitung personenbezogener Daten erfolgreich widerrufen. Die Seite wird jetzt neu geladen!\" class=\"rcb-sc-link rcb-sc-link-revoke \">Einwilligungen widerrufen<\/a>\n","protected":false},"excerpt":{"rendered":"<p>Wer wir sind Verantwortlicher im Sinne des Art. 13 Abs. 1 lit. a) DS-GVO ist &nbsp; Elternvereinigung der Europ\u00e4ischen Schule e. V. Albert-Schweitzer-Str. 176139 Karlsruhe Telefon: +49 0721 6800945E-Mail:&nbsp;kar-ev@partner.eursc.eu 1. Vorstandsvorsitzenden: Brynn Thompson-Renz (eingetragen), Felicitas Martens2. Vorstandsvorsitzenden: David Greiner (eingetragen), Kati Reeb Die Adresse unserer Website ist: https:\/\/dev.esk-eltern.de Welche personenbezogenen Daten wir sammeln und warum <a class=\"read-more-link\" href=\"https:\/\/dev.esk-eltern.de\/de\/datenschutz-bestimmungen\/\">Read More<\/a><\/p>\n","protected":false},"author":406,"featured_media":0,"parent":0,"menu_order":79,"comment_status":"closed","ping_status":"closed","template":"","meta":{"inline_featured_image":false,"footnotes":""},"yoast_head":"<!-- This site is optimized with the Yoast SEO plugin v22.6 - https:\/\/yoast.com\/wordpress\/plugins\/seo\/ -->\n<title>Datenschutz - Elternvereinigung der Europ\u00e4ischen Schule Karlsruhe e.V.<\/title>\n<meta name=\"robots\" content=\"index, follow, max-snippet:-1, max-image-preview:large, max-video-preview:-1\" \/>\n<link rel=\"canonical\" href=\"https:\/\/www.esk-eltern.de\/de\/datenschutz-bestimmungen\/\" \/>\n<meta property=\"og:locale\" content=\"de_DE\" \/>\n<meta property=\"og:type\" content=\"article\" \/>\n<meta property=\"og:title\" content=\"Datenschutz - Elternvereinigung der Europ\u00e4ischen Schule Karlsruhe e.V.\" \/>\n<meta property=\"og:description\" content=\"Wer wir sind Verantwortlicher im Sinne des Art. 13 Abs. 1 lit. a) DS-GVO ist &nbsp; Elternvereinigung der Europ\u00e4ischen Schule e. V. Albert-Schweitzer-Str. 176139 Karlsruhe Telefon: +49 0721 6800945E-Mail:&nbsp;kar-ev@partner.eursc.eu 1. Vorstandsvorsitzenden: Brynn Thompson-Renz (eingetragen), Felicitas Martens2. Vorstandsvorsitzenden: David Greiner (eingetragen), Kati Reeb Die Adresse unserer Website ist: https:\/\/dev.esk-eltern.de Welche personenbezogenen Daten wir sammeln und warum Read More\" \/>\n<meta property=\"og:url\" content=\"https:\/\/www.esk-eltern.de\/de\/datenschutz-bestimmungen\/\" \/>\n<meta property=\"og:site_name\" content=\"Elternvereinigung der Europ\u00e4ischen Schule Karlsruhe e.V.\" \/>\n<meta property=\"article:modified_time\" content=\"2024-03-26T12:32:28+00:00\" \/>\n<meta name=\"twitter:card\" content=\"summary_large_image\" \/>\n<meta name=\"twitter:label1\" content=\"Gesch\u00e4tzte Lesezeit\" \/>\n\t<meta name=\"twitter:data1\" content=\"3\u00a0Minuten\" \/>\n<script type=\"application\/ld+json\" class=\"yoast-schema-graph\">{\"@context\":\"https:\/\/schema.org\",\"@graph\":[{\"@type\":\"WebPage\",\"@id\":\"https:\/\/www.esk-eltern.de\/de\/datenschutz-bestimmungen\/\",\"url\":\"https:\/\/www.esk-eltern.de\/de\/datenschutz-bestimmungen\/\",\"name\":\"Datenschutz - Elternvereinigung der Europ\u00e4ischen Schule Karlsruhe e.V.\",\"isPartOf\":{\"@id\":\"https:\/\/www.esk-eltern.de\/de\/#website\"},\"datePublished\":\"2018-03-15T09:30:50+00:00\",\"dateModified\":\"2024-03-26T12:32:28+00:00\",\"breadcrumb\":{\"@id\":\"https:\/\/www.esk-eltern.de\/de\/datenschutz-bestimmungen\/#breadcrumb\"},\"inLanguage\":\"de\",\"potentialAction\":[{\"@type\":\"ReadAction\",\"target\":[\"https:\/\/www.esk-eltern.de\/de\/datenschutz-bestimmungen\/\"]}]},{\"@type\":\"BreadcrumbList\",\"@id\":\"https:\/\/www.esk-eltern.de\/de\/datenschutz-bestimmungen\/#breadcrumb\",\"itemListElement\":[{\"@type\":\"ListItem\",\"position\":1,\"name\":\"Home\",\"item\":\"https:\/\/www.esk-eltern.de\/de\/\"},{\"@type\":\"ListItem\",\"position\":2,\"name\":\"Datenschutz\"}]},{\"@type\":\"WebSite\",\"@id\":\"https:\/\/www.esk-eltern.de\/de\/#website\",\"url\":\"https:\/\/www.esk-eltern.de\/de\/\",\"name\":\"Elternvereinigung der Europ\u00e4ischen Schule Karlsruhe e.V.\",\"description\":\"\",\"publisher\":{\"@id\":\"https:\/\/www.esk-eltern.de\/de\/#organization\"},\"potentialAction\":[{\"@type\":\"SearchAction\",\"target\":{\"@type\":\"EntryPoint\",\"urlTemplate\":\"https:\/\/www.esk-eltern.de\/de\/?s={search_term_string}\"},\"query-input\":\"required name=search_term_string\"}],\"inLanguage\":\"de\"},{\"@type\":\"Organization\",\"@id\":\"https:\/\/www.esk-eltern.de\/de\/#organization\",\"name\":\"Elternvereinigung der Europ\u00e4ischen Schule Karlsruhe e.V.\",\"url\":\"https:\/\/www.esk-eltern.de\/de\/\",\"logo\":{\"@type\":\"ImageObject\",\"inLanguage\":\"de\",\"@id\":\"https:\/\/www.esk-eltern.de\/de\/#\/schema\/logo\/image\/\",\"url\":\"https:\/\/dev.esk-eltern.de\/wp-content\/uploads\/2023\/07\/cropped-EV_512x512.png\",\"contentUrl\":\"https:\/\/dev.esk-eltern.de\/wp-content\/uploads\/2023\/07\/cropped-EV_512x512.png\",\"width\":512,\"height\":512,\"caption\":\"Elternvereinigung der Europ\u00e4ischen Schule Karlsruhe e.V.\"},\"image\":{\"@id\":\"https:\/\/www.esk-eltern.de\/de\/#\/schema\/logo\/image\/\"}}]}<\/script>\n<!-- \/ Yoast SEO plugin. -->","yoast_head_json":{"title":"Datenschutz - Elternvereinigung der Europ\u00e4ischen Schule Karlsruhe e.V.","robots":{"index":"index","follow":"follow","max-snippet":"max-snippet:-1","max-image-preview":"max-image-preview:large","max-video-preview":"max-video-preview:-1"},"canonical":"https:\/\/www.esk-eltern.de\/de\/datenschutz-bestimmungen\/","og_locale":"de_DE","og_type":"article","og_title":"Datenschutz - Elternvereinigung der Europ\u00e4ischen Schule Karlsruhe e.V.","og_description":"Wer wir sind Verantwortlicher im Sinne des Art. 13 Abs. 1 lit. a) DS-GVO ist &nbsp; Elternvereinigung der Europ\u00e4ischen Schule e. V. Albert-Schweitzer-Str. 176139 Karlsruhe Telefon: +49 0721 6800945E-Mail:&nbsp;kar-ev@partner.eursc.eu 1. Vorstandsvorsitzenden: Brynn Thompson-Renz (eingetragen), Felicitas Martens2. Vorstandsvorsitzenden: David Greiner (eingetragen), Kati Reeb Die Adresse unserer Website ist: https:\/\/dev.esk-eltern.de Welche personenbezogenen Daten wir sammeln und warum Read More","og_url":"https:\/\/www.esk-eltern.de\/de\/datenschutz-bestimmungen\/","og_site_name":"Elternvereinigung der Europ\u00e4ischen Schule Karlsruhe e.V.","article_modified_time":"2024-03-26T12:32:28+00:00","twitter_card":"summary_large_image","twitter_misc":{"Gesch\u00e4tzte Lesezeit":"3\u00a0Minuten"},"schema":{"@context":"https:\/\/schema.org","@graph":[{"@type":"WebPage","@id":"https:\/\/www.esk-eltern.de\/de\/datenschutz-bestimmungen\/","url":"https:\/\/www.esk-eltern.de\/de\/datenschutz-bestimmungen\/","name":"Datenschutz - Elternvereinigung der Europ\u00e4ischen Schule Karlsruhe e.V.","isPartOf":{"@id":"https:\/\/www.esk-eltern.de\/de\/#website"},"datePublished":"2018-03-15T09:30:50+00:00","dateModified":"2024-03-26T12:32:28+00:00","breadcrumb":{"@id":"https:\/\/www.esk-eltern.de\/de\/datenschutz-bestimmungen\/#breadcrumb"},"inLanguage":"de","potentialAction":[{"@type":"ReadAction","target":["https:\/\/www.esk-eltern.de\/de\/datenschutz-bestimmungen\/"]}]},{"@type":"BreadcrumbList","@id":"https:\/\/www.esk-eltern.de\/de\/datenschutz-bestimmungen\/#breadcrumb","itemListElement":[{"@type":"ListItem","position":1,"name":"Home","item":"https:\/\/www.esk-eltern.de\/de\/"},{"@type":"ListItem","position":2,"name":"Datenschutz"}]},{"@type":"WebSite","@id":"https:\/\/www.esk-eltern.de\/de\/#website","url":"https:\/\/www.esk-eltern.de\/de\/","name":"Elternvereinigung der Europ\u00e4ischen Schule Karlsruhe e.V.","description":"","publisher":{"@id":"https:\/\/www.esk-eltern.de\/de\/#organization"},"potentialAction":[{"@type":"SearchAction","target":{"@type":"EntryPoint","urlTemplate":"https:\/\/www.esk-eltern.de\/de\/?s={search_term_string}"},"query-input":"required name=search_term_string"}],"inLanguage":"de"},{"@type":"Organization","@id":"https:\/\/www.esk-eltern.de\/de\/#organization","name":"Elternvereinigung der Europ\u00e4ischen Schule Karlsruhe e.V.","url":"https:\/\/www.esk-eltern.de\/de\/","logo":{"@type":"ImageObject","inLanguage":"de","@id":"https:\/\/www.esk-eltern.de\/de\/#\/schema\/logo\/image\/","url":"https:\/\/dev.esk-eltern.de\/wp-content\/uploads\/2023\/07\/cropped-EV_512x512.png","contentUrl":"https:\/\/dev.esk-eltern.de\/wp-content\/uploads\/2023\/07\/cropped-EV_512x512.png","width":512,"height":512,"caption":"Elternvereinigung der Europ\u00e4ischen Schule Karlsruhe e.V."},"image":{"@id":"https:\/\/www.esk-eltern.de\/de\/#\/schema\/logo\/image\/"}}]}},"_links":{"self":[{"href":"https:\/\/dev.esk-eltern.de\/de\/wp-json\/wp\/v2\/pages\/446"}],"collection":[{"href":"https:\/\/dev.esk-eltern.de\/de\/wp-json\/wp\/v2\/pages"}],"about":[{"href":"https:\/\/dev.esk-eltern.de\/de\/wp-json\/wp\/v2\/types\/page"}],"author":[{"embeddable":true,"href":"https:\/\/dev.esk-eltern.de\/de\/wp-json\/wp\/v2\/users\/406"}],"replies":[{"embeddable":true,"href":"https:\/\/dev.esk-eltern.de\/de\/wp-json\/wp\/v2\/comments?post=446"}],"version-history":[{"count":6,"href":"https:\/\/dev.esk-eltern.de\/de\/wp-json\/wp\/v2\/pages\/446\/revisions"}],"predecessor-version":[{"id":11426,"href":"https:\/\/dev.esk-eltern.de\/de\/wp-json\/wp\/v2\/pages\/446\/revisions\/11426"}],"wp:attachment":[{"href":"https:\/\/dev.esk-eltern.de\/de\/wp-json\/wp\/v2\/media?parent=446"}],"curies":[{"name":"wp","href":"https:\/\/api.w.org\/{rel}","templated":true}]}}