{"id":7872,"date":"2022-11-08T22:08:23","date_gmt":"2022-11-08T21:08:23","guid":{"rendered":"https:\/\/dev.esk-eltern.de\/?page_id=7872"},"modified":"2023-10-08T11:38:01","modified_gmt":"2023-10-08T09:38:01","slug":"ausserschulische-aktivitaten-mehr-infos","status":"publish","type":"page","link":"https:\/\/dev.esk-eltern.de\/de\/ausserschulische-aktivitaten-mehr-infos\/","title":{"rendered":"Au\u00dferschulische Aktivit\u00e4ten &#8211; weitere Informationen"},"content":{"rendered":"\n<p class=\"has-text-align-center\">Hallo zusammen!<\/p>\n\n\n\n<p class=\"has-text-align-center\">nachfolgend finden Sie weitere Informationen und Links zu den Au\u00dferschulischen Aktivit\u00e4ten.<\/p>\n\n\n\n<p class=\"has-text-align-center\">F\u00fcr Neuigkeiten bei den AAs klicken Sie bitte hier:<br><a href=\"https:\/\/dev.esk-eltern.de\/de\/neuigkeiten-der-ausserschulische-aktivitaeten\/\">Neuigkeiten der Au\u00dferschulischen Aktivit\u00e4ten<\/a><br><\/p>\n\n\n\n<p class=\"has-text-align-center\">Bei Fragen bitte wenden Sie sich an <a href=\"mailto:kar-evaa@partner.eursc.eu\">kar-evaa@partner.eursc.eu<\/a><br>Bitte kontaktieren Sie die Schule nicht, da Sie nicht f\u00fcr die Au\u00dferschulische Aktivit\u00e4ten verantwortlich sind.<\/p>\n\n\n\n<p class=\"has-text-align-center\">Vielen Dank f\u00fcr Ihre Unterst\u00fctzung und Ihre Geduld!<\/p>\n\n\n\n<hr class=\"wp-block-separator has-alpha-channel-opacity\"\/>\n\n\n\n<p class=\"has-text-align-center\">Informationen \u00fcber die Mitgliedschaft oder wenn Sie Mitglied werden wollen, erhalten Sie hier<br><a href=\"https:\/\/dev.esk-eltern.de\/de\/mitglied-werden\/\">https:\/\/dev.esk-eltern.de\/de\/mitglied-werden\/<\/a><\/p>\n\n\n\n<hr class=\"wp-block-separator has-alpha-channel-opacity\"\/>\n\n\n\n<p class=\"has-text-align-center\">Ein wichtiger Hinweis beim Bezahlvorgang: Nachdem Sie ein Kurs gebucht haben, bitte schauen Sie in Ihre Bestellungen und wenn eine Bestellung noch auf &#8218;Zahlung Ausstehend&#8216; steht, bitte klicken Sie noch mal auf &#8218;Bezahlen&#8216;. Unser System m\u00f6chte nur wissen, dass Sie beim ersten Versuch kein Roboter waren.<\/p>\n\n\n\n<p class=\"has-text-align-center\"><strong>F\u00fcr Hilfe bei allgemeinen technischen Problemen, klicken Sie hier:&nbsp;<\/strong><br><a href=\"https:\/\/dev.esk-eltern.de\/de\/neuigkeiten\/technische_probleme\/\">https:\/\/dev.esk-eltern.de\/de\/neuigkeiten\/technische_probleme\/<\/a><\/p>\n\n\n\n<hr class=\"wp-block-separator has-alpha-channel-opacity\"\/>\n\n\n\n<p class=\"has-text-align-center\">Wenn Sie Ihr Konto seit zwei Jahren nicht mehr benutzt haben, wurde es automatisch gel\u00f6scht. Bitte erstellen Sie ein neues Konto.<\/p>\n\n\n\n<hr class=\"wp-block-separator has-alpha-channel-opacity\"\/>\n\n\n\n<p class=\"has-text-align-center\">Bitte beachten Sie auch unser Informationsblatt:<br><a href=\"https:\/\/dev.esk-eltern.de\/wp-content\/uploads\/2023\/02\/AA_Informationsblatt_de.pdf\">AA_Informationsblatt_de<\/a><\/p>\n\n\n\n<hr class=\"wp-block-separator has-alpha-channel-opacity\"\/>\n\n\n\n<p class=\"has-text-align-center\">Bitte lesen Sie sorgf\u00e4ltig das nachfolgende Dokument \u00fcber die Aufsichtsbestimmungen und die verantwortlichen Parteien:<\/p>\n\n\n\n<div class=\"wp-block-file aligncenter\"><a id=\"wp-block-file--media-14e9b8dc-b124-432a-90f1-4b5301d8c462\" href=\"https:\/\/dev.esk-eltern.de\/wp-content\/uploads\/2022\/09\/AA-Regeln-Beaufsichtigung.pdf\">AA-Regeln-Beaufsichtigung<\/a><a href=\"https:\/\/dev.esk-eltern.de\/wp-content\/uploads\/2022\/09\/AA-Regeln-Beaufsichtigung.pdf\" class=\"wp-block-file__button wp-element-button\" download aria-describedby=\"wp-block-file--media-14e9b8dc-b124-432a-90f1-4b5301d8c462\">Herunterladen<\/a><\/div>\n","protected":false},"excerpt":{"rendered":"<p>Hallo zusammen! nachfolgend finden Sie weitere Informationen und Links zu den Au\u00dferschulischen Aktivit\u00e4ten. F\u00fcr Neuigkeiten bei den AAs klicken Sie bitte hier:Neuigkeiten der Au\u00dferschulischen Aktivit\u00e4ten Bei Fragen bitte wenden Sie sich an kar-evaa@partner.eursc.euBitte kontaktieren Sie die Schule nicht, da Sie nicht f\u00fcr die Au\u00dferschulische Aktivit\u00e4ten verantwortlich sind. Vielen Dank f\u00fcr Ihre Unterst\u00fctzung und Ihre Geduld! <a class=\"read-more-link\" href=\"https:\/\/dev.esk-eltern.de\/de\/ausserschulische-aktivitaten-mehr-infos\/\">Read More<\/a><\/p>\n","protected":false},"author":406,"featured_media":0,"parent":0,"menu_order":19,"comment_status":"closed","ping_status":"closed","template":"","meta":{"inline_featured_image":false,"footnotes":""},"yoast_head":"<!-- This site is optimized with the Yoast SEO plugin v22.6 - https:\/\/yoast.com\/wordpress\/plugins\/seo\/ -->\n<title>Au\u00dferschulische Aktivit\u00e4ten - weitere Informationen - Elternvereinigung der Europ\u00e4ischen Schule Karlsruhe e.V.<\/title>\n<meta name=\"robots\" content=\"index, follow, max-snippet:-1, max-image-preview:large, max-video-preview:-1\" \/>\n<link rel=\"canonical\" href=\"https:\/\/www.esk-eltern.de\/de\/ausserschulische-aktivitaten-mehr-infos\/\" \/>\n<meta property=\"og:locale\" content=\"de_DE\" \/>\n<meta property=\"og:type\" content=\"article\" \/>\n<meta property=\"og:title\" content=\"Au\u00dferschulische Aktivit\u00e4ten - weitere Informationen - Elternvereinigung der Europ\u00e4ischen Schule Karlsruhe e.V.\" \/>\n<meta property=\"og:description\" content=\"Hallo zusammen! nachfolgend finden Sie weitere Informationen und Links zu den Au\u00dferschulischen Aktivit\u00e4ten. F\u00fcr Neuigkeiten bei den AAs klicken Sie bitte hier:Neuigkeiten der Au\u00dferschulischen Aktivit\u00e4ten Bei Fragen bitte wenden Sie sich an kar-evaa@partner.eursc.euBitte kontaktieren Sie die Schule nicht, da Sie nicht f\u00fcr die Au\u00dferschulische Aktivit\u00e4ten verantwortlich sind. Vielen Dank f\u00fcr Ihre Unterst\u00fctzung und Ihre Geduld! Read More\" \/>\n<meta property=\"og:url\" content=\"https:\/\/www.esk-eltern.de\/de\/ausserschulische-aktivitaten-mehr-infos\/\" \/>\n<meta property=\"og:site_name\" content=\"Elternvereinigung der Europ\u00e4ischen Schule Karlsruhe e.V.\" \/>\n<meta property=\"article:modified_time\" content=\"2023-10-08T09:38:01+00:00\" \/>\n<meta name=\"twitter:card\" content=\"summary_large_image\" \/>\n<meta name=\"twitter:label1\" content=\"Gesch\u00e4tzte Lesezeit\" \/>\n\t<meta name=\"twitter:data1\" content=\"1\u00a0Minute\" \/>\n<script type=\"application\/ld+json\" class=\"yoast-schema-graph\">{\"@context\":\"https:\/\/schema.org\",\"@graph\":[{\"@type\":\"WebPage\",\"@id\":\"https:\/\/www.esk-eltern.de\/de\/ausserschulische-aktivitaten-mehr-infos\/\",\"url\":\"https:\/\/www.esk-eltern.de\/de\/ausserschulische-aktivitaten-mehr-infos\/\",\"name\":\"Au\u00dferschulische Aktivit\u00e4ten - weitere Informationen - Elternvereinigung der Europ\u00e4ischen Schule Karlsruhe e.V.\",\"isPartOf\":{\"@id\":\"https:\/\/www.esk-eltern.de\/de\/#website\"},\"datePublished\":\"2022-11-08T21:08:23+00:00\",\"dateModified\":\"2023-10-08T09:38:01+00:00\",\"breadcrumb\":{\"@id\":\"https:\/\/www.esk-eltern.de\/de\/ausserschulische-aktivitaten-mehr-infos\/#breadcrumb\"},\"inLanguage\":\"de\",\"potentialAction\":[{\"@type\":\"ReadAction\",\"target\":[\"https:\/\/www.esk-eltern.de\/de\/ausserschulische-aktivitaten-mehr-infos\/\"]}]},{\"@type\":\"BreadcrumbList\",\"@id\":\"https:\/\/www.esk-eltern.de\/de\/ausserschulische-aktivitaten-mehr-infos\/#breadcrumb\",\"itemListElement\":[{\"@type\":\"ListItem\",\"position\":1,\"name\":\"Home\",\"item\":\"https:\/\/www.esk-eltern.de\/de\/\"},{\"@type\":\"ListItem\",\"position\":2,\"name\":\"Au\u00dferschulische Aktivit\u00e4ten &#8211; weitere Informationen\"}]},{\"@type\":\"WebSite\",\"@id\":\"https:\/\/www.esk-eltern.de\/de\/#website\",\"url\":\"https:\/\/www.esk-eltern.de\/de\/\",\"name\":\"Elternvereinigung der Europ\u00e4ischen Schule Karlsruhe e.V.\",\"description\":\"\",\"publisher\":{\"@id\":\"https:\/\/www.esk-eltern.de\/de\/#organization\"},\"potentialAction\":[{\"@type\":\"SearchAction\",\"target\":{\"@type\":\"EntryPoint\",\"urlTemplate\":\"https:\/\/www.esk-eltern.de\/de\/?s={search_term_string}\"},\"query-input\":\"required name=search_term_string\"}],\"inLanguage\":\"de\"},{\"@type\":\"Organization\",\"@id\":\"https:\/\/www.esk-eltern.de\/de\/#organization\",\"name\":\"Elternvereinigung der Europ\u00e4ischen Schule Karlsruhe e.V.\",\"url\":\"https:\/\/www.esk-eltern.de\/de\/\",\"logo\":{\"@type\":\"ImageObject\",\"inLanguage\":\"de\",\"@id\":\"https:\/\/www.esk-eltern.de\/de\/#\/schema\/logo\/image\/\",\"url\":\"https:\/\/dev.esk-eltern.de\/wp-content\/uploads\/2023\/07\/cropped-EV_512x512.png\",\"contentUrl\":\"https:\/\/dev.esk-eltern.de\/wp-content\/uploads\/2023\/07\/cropped-EV_512x512.png\",\"width\":512,\"height\":512,\"caption\":\"Elternvereinigung der Europ\u00e4ischen Schule Karlsruhe e.V.\"},\"image\":{\"@id\":\"https:\/\/www.esk-eltern.de\/de\/#\/schema\/logo\/image\/\"}}]}<\/script>\n<!-- \/ Yoast SEO plugin. -->","yoast_head_json":{"title":"Au\u00dferschulische Aktivit\u00e4ten - weitere Informationen - Elternvereinigung der Europ\u00e4ischen Schule Karlsruhe e.V.","robots":{"index":"index","follow":"follow","max-snippet":"max-snippet:-1","max-image-preview":"max-image-preview:large","max-video-preview":"max-video-preview:-1"},"canonical":"https:\/\/www.esk-eltern.de\/de\/ausserschulische-aktivitaten-mehr-infos\/","og_locale":"de_DE","og_type":"article","og_title":"Au\u00dferschulische Aktivit\u00e4ten - weitere Informationen - Elternvereinigung der Europ\u00e4ischen Schule Karlsruhe e.V.","og_description":"Hallo zusammen! nachfolgend finden Sie weitere Informationen und Links zu den Au\u00dferschulischen Aktivit\u00e4ten. F\u00fcr Neuigkeiten bei den AAs klicken Sie bitte hier:Neuigkeiten der Au\u00dferschulischen Aktivit\u00e4ten Bei Fragen bitte wenden Sie sich an kar-evaa@partner.eursc.euBitte kontaktieren Sie die Schule nicht, da Sie nicht f\u00fcr die Au\u00dferschulische Aktivit\u00e4ten verantwortlich sind. Vielen Dank f\u00fcr Ihre Unterst\u00fctzung und Ihre Geduld! Read More","og_url":"https:\/\/www.esk-eltern.de\/de\/ausserschulische-aktivitaten-mehr-infos\/","og_site_name":"Elternvereinigung der Europ\u00e4ischen Schule Karlsruhe e.V.","article_modified_time":"2023-10-08T09:38:01+00:00","twitter_card":"summary_large_image","twitter_misc":{"Gesch\u00e4tzte Lesezeit":"1\u00a0Minute"},"schema":{"@context":"https:\/\/schema.org","@graph":[{"@type":"WebPage","@id":"https:\/\/www.esk-eltern.de\/de\/ausserschulische-aktivitaten-mehr-infos\/","url":"https:\/\/www.esk-eltern.de\/de\/ausserschulische-aktivitaten-mehr-infos\/","name":"Au\u00dferschulische Aktivit\u00e4ten - weitere Informationen - Elternvereinigung der Europ\u00e4ischen Schule Karlsruhe e.V.","isPartOf":{"@id":"https:\/\/www.esk-eltern.de\/de\/#website"},"datePublished":"2022-11-08T21:08:23+00:00","dateModified":"2023-10-08T09:38:01+00:00","breadcrumb":{"@id":"https:\/\/www.esk-eltern.de\/de\/ausserschulische-aktivitaten-mehr-infos\/#breadcrumb"},"inLanguage":"de","potentialAction":[{"@type":"ReadAction","target":["https:\/\/www.esk-eltern.de\/de\/ausserschulische-aktivitaten-mehr-infos\/"]}]},{"@type":"BreadcrumbList","@id":"https:\/\/www.esk-eltern.de\/de\/ausserschulische-aktivitaten-mehr-infos\/#breadcrumb","itemListElement":[{"@type":"ListItem","position":1,"name":"Home","item":"https:\/\/www.esk-eltern.de\/de\/"},{"@type":"ListItem","position":2,"name":"Au\u00dferschulische Aktivit\u00e4ten &#8211; weitere Informationen"}]},{"@type":"WebSite","@id":"https:\/\/www.esk-eltern.de\/de\/#website","url":"https:\/\/www.esk-eltern.de\/de\/","name":"Elternvereinigung der Europ\u00e4ischen Schule Karlsruhe e.V.","description":"","publisher":{"@id":"https:\/\/www.esk-eltern.de\/de\/#organization"},"potentialAction":[{"@type":"SearchAction","target":{"@type":"EntryPoint","urlTemplate":"https:\/\/www.esk-eltern.de\/de\/?s={search_term_string}"},"query-input":"required name=search_term_string"}],"inLanguage":"de"},{"@type":"Organization","@id":"https:\/\/www.esk-eltern.de\/de\/#organization","name":"Elternvereinigung der Europ\u00e4ischen Schule Karlsruhe e.V.","url":"https:\/\/www.esk-eltern.de\/de\/","logo":{"@type":"ImageObject","inLanguage":"de","@id":"https:\/\/www.esk-eltern.de\/de\/#\/schema\/logo\/image\/","url":"https:\/\/dev.esk-eltern.de\/wp-content\/uploads\/2023\/07\/cropped-EV_512x512.png","contentUrl":"https:\/\/dev.esk-eltern.de\/wp-content\/uploads\/2023\/07\/cropped-EV_512x512.png","width":512,"height":512,"caption":"Elternvereinigung der Europ\u00e4ischen Schule Karlsruhe e.V."},"image":{"@id":"https:\/\/www.esk-eltern.de\/de\/#\/schema\/logo\/image\/"}}]}},"_links":{"self":[{"href":"https:\/\/dev.esk-eltern.de\/de\/wp-json\/wp\/v2\/pages\/7872"}],"collection":[{"href":"https:\/\/dev.esk-eltern.de\/de\/wp-json\/wp\/v2\/pages"}],"about":[{"href":"https:\/\/dev.esk-eltern.de\/de\/wp-json\/wp\/v2\/types\/page"}],"author":[{"embeddable":true,"href":"https:\/\/dev.esk-eltern.de\/de\/wp-json\/wp\/v2\/users\/406"}],"replies":[{"embeddable":true,"href":"https:\/\/dev.esk-eltern.de\/de\/wp-json\/wp\/v2\/comments?post=7872"}],"version-history":[{"count":4,"href":"https:\/\/dev.esk-eltern.de\/de\/wp-json\/wp\/v2\/pages\/7872\/revisions"}],"predecessor-version":[{"id":10707,"href":"https:\/\/dev.esk-eltern.de\/de\/wp-json\/wp\/v2\/pages\/7872\/revisions\/10707"}],"wp:attachment":[{"href":"https:\/\/dev.esk-eltern.de\/de\/wp-json\/wp\/v2\/media?parent=7872"}],"curies":[{"name":"wp","href":"https:\/\/api.w.org\/{rel}","templated":true}]}}