{"id":9236,"date":"2023-08-01T00:00:24","date_gmt":"2023-07-31T22:00:24","guid":{"rendered":"https:\/\/dev.esk-eltern.de\/?page_id=9236"},"modified":"2024-03-26T13:13:50","modified_gmt":"2024-03-26T12:13:50","slug":"mitglied-werden","status":"publish","type":"page","link":"https:\/\/dev.esk-eltern.de\/de\/mitglied-werden\/","title":{"rendered":"Mitglied werden, Mitgliedschaft erneuern"},"content":{"rendered":"\n<p><span lang=\"DE\">Die Arbeit des Elternvereins vereinigt alle Familien der Europ\u00e4ischen Schule Karlsruhe (ESK); somit haben wir einen betr\u00e4chtlichen Einfluss bei vielen Entscheidungen, die \u00fcber die Bildung und das Wohl unserer Kinder getroffen werden. <\/span><\/p>\n\n\n\n<p><span lang=\"DE\">Aber wir brauchen Ihre Unterst\u00fctzung. <\/span><\/p>\n\n\n\n<p><span lang=\"DE\">Der erste Schritt ist, Mitglied zu werden! <\/span><\/p>\n\n\n\n<div class=\"wp-block-cover\"><span aria-hidden=\"true\" class=\"wp-block-cover__background has-background-dim\"><\/span><img loading=\"lazy\" decoding=\"async\" width=\"2560\" height=\"1920\" class=\"wp-block-cover__image-background wp-image-1292\" alt=\"\" src=\"https:\/\/dev.esk-eltern.de\/wp-content\/uploads\/2018\/06\/team-386673.jpg\" data-object-fit=\"cover\" srcset=\"https:\/\/dev.esk-eltern.de\/wp-content\/uploads\/2018\/06\/team-386673.jpg 2560w, https:\/\/dev.esk-eltern.de\/wp-content\/uploads\/2018\/06\/team-386673-439x329.jpg 439w, https:\/\/dev.esk-eltern.de\/wp-content\/uploads\/2018\/06\/team-386673-768x576.jpg 768w, https:\/\/dev.esk-eltern.de\/wp-content\/uploads\/2018\/06\/team-386673-587x440.jpg 587w, https:\/\/dev.esk-eltern.de\/wp-content\/uploads\/2018\/06\/team-386673-600x450.jpg 600w\" sizes=\"(max-width: 2560px) 100vw, 2560px\" \/><div class=\"wp-block-cover__inner-container is-layout-flow wp-block-cover-is-layout-flow\">\n<h2 class=\"wp-block-heading has-text-align-center has-background-color has-text-color\"><strong>Mitgliedsbeitrag<\/strong><\/h2>\n\n\n\n<p class=\"has-text-align-center has-background-color has-text-color\">Der Mitgliedsbeitrag betr\u00e4gt 40 Euro j\u00e4hrlich pro Familie f\u00fcr das Schuljahr (nicht Kalenderjahr).<br>Sie k\u00f6nnen diesen Beitrag online \u00fcber Bankkarte oder per \u00dcberweisung bezahlen.<\/p>\n<\/div><\/div>\n\n\n\n<div class=\"wp-block-group is-layout-constrained wp-block-group-is-layout-constrained\"><div data-block-name=\"woocommerce\/product-category\" data-columns=\"1\" data-rows=\"1\" data-content-visibility=\"{&quot;image&quot;:true,&quot;title&quot;:true,&quot;price&quot;:true,&quot;rating&quot;:false,&quot;button&quot;:true}\" data-categories=\"[256]\" class=\"wc-block-grid wp-block-product-category wc-block-product-category has-1-columns\"><ul class=\"wc-block-grid__products\"><li class=\"wc-block-grid__product\">\n\t\t\t\t<a href=\"https:\/\/dev.esk-eltern.de\/de\/produkt\/mitgliedschaft\/\" class=\"wc-block-grid__product-link\">\n\t\t\t\t\t\n\t\t\t\t\t<div class=\"wc-block-grid__product-image\"><img loading=\"lazy\" decoding=\"async\" width=\"450\" height=\"450\" src=\"https:\/\/dev.esk-eltern.de\/wp-content\/uploads\/2018\/06\/group-2351896-600x600.png\" class=\"attachment-woocommerce_thumbnail size-woocommerce_thumbnail\" alt=\"Mitgliedschaft\" srcset=\"https:\/\/dev.esk-eltern.de\/wp-content\/uploads\/2018\/06\/group-2351896-600x600.png 600w, https:\/\/dev.esk-eltern.de\/wp-content\/uploads\/2018\/06\/group-2351896-329x329.png 329w, https:\/\/dev.esk-eltern.de\/wp-content\/uploads\/2018\/06\/group-2351896-768x768.png 768w, https:\/\/dev.esk-eltern.de\/wp-content\/uploads\/2018\/06\/group-2351896-440x440.png 440w, https:\/\/dev.esk-eltern.de\/wp-content\/uploads\/2018\/06\/group-2351896-300x300.png 300w, https:\/\/dev.esk-eltern.de\/wp-content\/uploads\/2018\/06\/group-2351896-100x100.png 100w, https:\/\/dev.esk-eltern.de\/wp-content\/uploads\/2018\/06\/group-2351896.png 1920w\" sizes=\"(max-width: 450px) 100vw, 450px\" \/><\/div>\n\t\t\t\t\t<div class=\"wc-block-grid__product-title\">Mitgliedschaft<\/div>\n\t\t\t\t<\/a>\n\t\t\t\t<div class=\"wc-block-grid__product-price price\"><span class=\"woocommerce-Price-amount amount\">40.00<span class=\"woocommerce-Price-currencySymbol\">&euro;<\/span><\/span><\/div>\n\t\t\t\t\n\t\t\t\t<div class=\"wp-block-button wc-block-grid__product-add-to-cart\"><a href=\"?add-to-cart=525\" aria-label=\"In den Warenkorb legen: \u201eMitgliedschaft\u201c\" data-quantity=\"1\" data-product_id=\"525\" data-product_sku=\"\" data-price=\"40\" rel=\"nofollow\" class=\"wp-block-button__link wp-element-button add_to_cart_button ajax_add_to_cart\">In den Warenkorb<\/a><\/div>\n\t\t\t<\/li><\/ul><\/div><\/div>\n\n\n\n<p>Sie haben Probleme beim Abschlie\u00dfen der Mitgliedschaft?<br>Bitte klicken Sie einmalig <a href=\"https:\/\/dev.esk-eltern.de\/?clear-cart\">hier<\/a> und probieren Sie es nochmals. <\/p>\n\n\n\n<p>Danke f\u00fcr ihr Verst\u00e4ndnis.<\/p>\n\n\n\n<p>Bei nachhaltigen Problemen kontaktieren Sie uns \u00fcber das <a href=\"https:\/\/dev.esk-eltern.de\/de\/kontakt\/\">Kontaktformular<\/a>.<\/p>\n","protected":false},"excerpt":{"rendered":"<p>Die Arbeit des Elternvereins vereinigt alle Familien der Europ\u00e4ischen Schule Karlsruhe (ESK); somit haben wir einen betr\u00e4chtlichen Einfluss bei vielen Entscheidungen, die \u00fcber die Bildung und das Wohl unserer Kinder getroffen werden. Aber wir brauchen Ihre Unterst\u00fctzung. Der erste Schritt ist, Mitglied zu werden! Sie haben Probleme beim Abschlie\u00dfen der Mitgliedschaft?Bitte klicken Sie einmalig hier <a class=\"read-more-link\" href=\"https:\/\/dev.esk-eltern.de\/de\/mitglied-werden\/\">Read More<\/a><\/p>\n","protected":false},"author":406,"featured_media":0,"parent":0,"menu_order":87,"comment_status":"closed","ping_status":"closed","template":"","meta":{"inline_featured_image":false,"footnotes":""},"yoast_head":"<!-- This site is optimized with the Yoast SEO plugin v22.6 - https:\/\/yoast.com\/wordpress\/plugins\/seo\/ -->\n<title>Mitglied werden, Mitgliedschaft erneuern - Elternvereinigung der Europ\u00e4ischen Schule Karlsruhe e.V.<\/title>\n<meta name=\"robots\" content=\"index, follow, max-snippet:-1, max-image-preview:large, max-video-preview:-1\" \/>\n<link rel=\"canonical\" href=\"https:\/\/www.esk-eltern.de\/de\/mitglied-werden\/\" \/>\n<meta property=\"og:locale\" content=\"de_DE\" \/>\n<meta property=\"og:type\" content=\"article\" \/>\n<meta property=\"og:title\" content=\"Mitglied werden, Mitgliedschaft erneuern - Elternvereinigung der Europ\u00e4ischen Schule Karlsruhe e.V.\" \/>\n<meta property=\"og:description\" content=\"Die Arbeit des Elternvereins vereinigt alle Familien der Europ\u00e4ischen Schule Karlsruhe (ESK); somit haben wir einen betr\u00e4chtlichen Einfluss bei vielen Entscheidungen, die \u00fcber die Bildung und das Wohl unserer Kinder getroffen werden. Aber wir brauchen Ihre Unterst\u00fctzung. Der erste Schritt ist, Mitglied zu werden! Sie haben Probleme beim Abschlie\u00dfen der Mitgliedschaft?Bitte klicken Sie einmalig hier Read More\" \/>\n<meta property=\"og:url\" content=\"https:\/\/www.esk-eltern.de\/de\/mitglied-werden\/\" \/>\n<meta property=\"og:site_name\" content=\"Elternvereinigung der Europ\u00e4ischen Schule Karlsruhe e.V.\" \/>\n<meta property=\"article:modified_time\" content=\"2024-03-26T12:13:50+00:00\" \/>\n<meta property=\"og:image\" content=\"https:\/\/www.esk-eltern.de\/wp-content\/uploads\/2018\/06\/team-386673.jpg\" \/>\n<meta name=\"twitter:card\" content=\"summary_large_image\" \/>\n<meta name=\"twitter:label1\" content=\"Gesch\u00e4tzte Lesezeit\" \/>\n\t<meta name=\"twitter:data1\" content=\"1\u00a0Minute\" \/>\n<script type=\"application\/ld+json\" class=\"yoast-schema-graph\">{\"@context\":\"https:\/\/schema.org\",\"@graph\":[{\"@type\":\"WebPage\",\"@id\":\"https:\/\/www.esk-eltern.de\/de\/mitglied-werden\/\",\"url\":\"https:\/\/www.esk-eltern.de\/de\/mitglied-werden\/\",\"name\":\"Mitglied werden, Mitgliedschaft erneuern - Elternvereinigung der Europ\u00e4ischen Schule Karlsruhe e.V.\",\"isPartOf\":{\"@id\":\"https:\/\/www.esk-eltern.de\/de\/#website\"},\"primaryImageOfPage\":{\"@id\":\"https:\/\/www.esk-eltern.de\/de\/mitglied-werden\/#primaryimage\"},\"image\":{\"@id\":\"https:\/\/www.esk-eltern.de\/de\/mitglied-werden\/#primaryimage\"},\"thumbnailUrl\":\"https:\/\/dev.esk-eltern.de\/wp-content\/uploads\/2018\/06\/team-386673.jpg\",\"datePublished\":\"2023-07-31T22:00:24+00:00\",\"dateModified\":\"2024-03-26T12:13:50+00:00\",\"breadcrumb\":{\"@id\":\"https:\/\/www.esk-eltern.de\/de\/mitglied-werden\/#breadcrumb\"},\"inLanguage\":\"de\",\"potentialAction\":[{\"@type\":\"ReadAction\",\"target\":[\"https:\/\/www.esk-eltern.de\/de\/mitglied-werden\/\"]}]},{\"@type\":\"ImageObject\",\"inLanguage\":\"de\",\"@id\":\"https:\/\/www.esk-eltern.de\/de\/mitglied-werden\/#primaryimage\",\"url\":\"https:\/\/dev.esk-eltern.de\/wp-content\/uploads\/2018\/06\/team-386673.jpg\",\"contentUrl\":\"https:\/\/dev.esk-eltern.de\/wp-content\/uploads\/2018\/06\/team-386673.jpg\"},{\"@type\":\"BreadcrumbList\",\"@id\":\"https:\/\/www.esk-eltern.de\/de\/mitglied-werden\/#breadcrumb\",\"itemListElement\":[{\"@type\":\"ListItem\",\"position\":1,\"name\":\"Home\",\"item\":\"https:\/\/www.esk-eltern.de\/de\/\"},{\"@type\":\"ListItem\",\"position\":2,\"name\":\"Mitglied werden, Mitgliedschaft erneuern\"}]},{\"@type\":\"WebSite\",\"@id\":\"https:\/\/www.esk-eltern.de\/de\/#website\",\"url\":\"https:\/\/www.esk-eltern.de\/de\/\",\"name\":\"Elternvereinigung der Europ\u00e4ischen Schule Karlsruhe e.V.\",\"description\":\"\",\"publisher\":{\"@id\":\"https:\/\/www.esk-eltern.de\/de\/#organization\"},\"potentialAction\":[{\"@type\":\"SearchAction\",\"target\":{\"@type\":\"EntryPoint\",\"urlTemplate\":\"https:\/\/www.esk-eltern.de\/de\/?s={search_term_string}\"},\"query-input\":\"required name=search_term_string\"}],\"inLanguage\":\"de\"},{\"@type\":\"Organization\",\"@id\":\"https:\/\/www.esk-eltern.de\/de\/#organization\",\"name\":\"Elternvereinigung der Europ\u00e4ischen Schule Karlsruhe e.V.\",\"url\":\"https:\/\/www.esk-eltern.de\/de\/\",\"logo\":{\"@type\":\"ImageObject\",\"inLanguage\":\"de\",\"@id\":\"https:\/\/www.esk-eltern.de\/de\/#\/schema\/logo\/image\/\",\"url\":\"https:\/\/dev.esk-eltern.de\/wp-content\/uploads\/2023\/07\/cropped-EV_512x512.png\",\"contentUrl\":\"https:\/\/dev.esk-eltern.de\/wp-content\/uploads\/2023\/07\/cropped-EV_512x512.png\",\"width\":512,\"height\":512,\"caption\":\"Elternvereinigung der Europ\u00e4ischen Schule Karlsruhe e.V.\"},\"image\":{\"@id\":\"https:\/\/www.esk-eltern.de\/de\/#\/schema\/logo\/image\/\"}}]}<\/script>\n<!-- \/ Yoast SEO plugin. -->","yoast_head_json":{"title":"Mitglied werden, Mitgliedschaft erneuern - Elternvereinigung der Europ\u00e4ischen Schule Karlsruhe e.V.","robots":{"index":"index","follow":"follow","max-snippet":"max-snippet:-1","max-image-preview":"max-image-preview:large","max-video-preview":"max-video-preview:-1"},"canonical":"https:\/\/www.esk-eltern.de\/de\/mitglied-werden\/","og_locale":"de_DE","og_type":"article","og_title":"Mitglied werden, Mitgliedschaft erneuern - Elternvereinigung der Europ\u00e4ischen Schule Karlsruhe e.V.","og_description":"Die Arbeit des Elternvereins vereinigt alle Familien der Europ\u00e4ischen Schule Karlsruhe (ESK); somit haben wir einen betr\u00e4chtlichen Einfluss bei vielen Entscheidungen, die \u00fcber die Bildung und das Wohl unserer Kinder getroffen werden. Aber wir brauchen Ihre Unterst\u00fctzung. Der erste Schritt ist, Mitglied zu werden! Sie haben Probleme beim Abschlie\u00dfen der Mitgliedschaft?Bitte klicken Sie einmalig hier Read More","og_url":"https:\/\/www.esk-eltern.de\/de\/mitglied-werden\/","og_site_name":"Elternvereinigung der Europ\u00e4ischen Schule Karlsruhe e.V.","article_modified_time":"2024-03-26T12:13:50+00:00","og_image":[{"url":"https:\/\/www.esk-eltern.de\/wp-content\/uploads\/2018\/06\/team-386673.jpg"}],"twitter_card":"summary_large_image","twitter_misc":{"Gesch\u00e4tzte Lesezeit":"1\u00a0Minute"},"schema":{"@context":"https:\/\/schema.org","@graph":[{"@type":"WebPage","@id":"https:\/\/www.esk-eltern.de\/de\/mitglied-werden\/","url":"https:\/\/www.esk-eltern.de\/de\/mitglied-werden\/","name":"Mitglied werden, Mitgliedschaft erneuern - Elternvereinigung der Europ\u00e4ischen Schule Karlsruhe e.V.","isPartOf":{"@id":"https:\/\/www.esk-eltern.de\/de\/#website"},"primaryImageOfPage":{"@id":"https:\/\/www.esk-eltern.de\/de\/mitglied-werden\/#primaryimage"},"image":{"@id":"https:\/\/www.esk-eltern.de\/de\/mitglied-werden\/#primaryimage"},"thumbnailUrl":"https:\/\/dev.esk-eltern.de\/wp-content\/uploads\/2018\/06\/team-386673.jpg","datePublished":"2023-07-31T22:00:24+00:00","dateModified":"2024-03-26T12:13:50+00:00","breadcrumb":{"@id":"https:\/\/www.esk-eltern.de\/de\/mitglied-werden\/#breadcrumb"},"inLanguage":"de","potentialAction":[{"@type":"ReadAction","target":["https:\/\/www.esk-eltern.de\/de\/mitglied-werden\/"]}]},{"@type":"ImageObject","inLanguage":"de","@id":"https:\/\/www.esk-eltern.de\/de\/mitglied-werden\/#primaryimage","url":"https:\/\/dev.esk-eltern.de\/wp-content\/uploads\/2018\/06\/team-386673.jpg","contentUrl":"https:\/\/dev.esk-eltern.de\/wp-content\/uploads\/2018\/06\/team-386673.jpg"},{"@type":"BreadcrumbList","@id":"https:\/\/www.esk-eltern.de\/de\/mitglied-werden\/#breadcrumb","itemListElement":[{"@type":"ListItem","position":1,"name":"Home","item":"https:\/\/www.esk-eltern.de\/de\/"},{"@type":"ListItem","position":2,"name":"Mitglied werden, Mitgliedschaft erneuern"}]},{"@type":"WebSite","@id":"https:\/\/www.esk-eltern.de\/de\/#website","url":"https:\/\/www.esk-eltern.de\/de\/","name":"Elternvereinigung der Europ\u00e4ischen Schule Karlsruhe e.V.","description":"","publisher":{"@id":"https:\/\/www.esk-eltern.de\/de\/#organization"},"potentialAction":[{"@type":"SearchAction","target":{"@type":"EntryPoint","urlTemplate":"https:\/\/www.esk-eltern.de\/de\/?s={search_term_string}"},"query-input":"required name=search_term_string"}],"inLanguage":"de"},{"@type":"Organization","@id":"https:\/\/www.esk-eltern.de\/de\/#organization","name":"Elternvereinigung der Europ\u00e4ischen Schule Karlsruhe e.V.","url":"https:\/\/www.esk-eltern.de\/de\/","logo":{"@type":"ImageObject","inLanguage":"de","@id":"https:\/\/www.esk-eltern.de\/de\/#\/schema\/logo\/image\/","url":"https:\/\/dev.esk-eltern.de\/wp-content\/uploads\/2023\/07\/cropped-EV_512x512.png","contentUrl":"https:\/\/dev.esk-eltern.de\/wp-content\/uploads\/2023\/07\/cropped-EV_512x512.png","width":512,"height":512,"caption":"Elternvereinigung der Europ\u00e4ischen Schule Karlsruhe e.V."},"image":{"@id":"https:\/\/www.esk-eltern.de\/de\/#\/schema\/logo\/image\/"}}]}},"_links":{"self":[{"href":"https:\/\/dev.esk-eltern.de\/de\/wp-json\/wp\/v2\/pages\/9236"}],"collection":[{"href":"https:\/\/dev.esk-eltern.de\/de\/wp-json\/wp\/v2\/pages"}],"about":[{"href":"https:\/\/dev.esk-eltern.de\/de\/wp-json\/wp\/v2\/types\/page"}],"author":[{"embeddable":true,"href":"https:\/\/dev.esk-eltern.de\/de\/wp-json\/wp\/v2\/users\/406"}],"replies":[{"embeddable":true,"href":"https:\/\/dev.esk-eltern.de\/de\/wp-json\/wp\/v2\/comments?post=9236"}],"version-history":[{"count":6,"href":"https:\/\/dev.esk-eltern.de\/de\/wp-json\/wp\/v2\/pages\/9236\/revisions"}],"predecessor-version":[{"id":11418,"href":"https:\/\/dev.esk-eltern.de\/de\/wp-json\/wp\/v2\/pages\/9236\/revisions\/11418"}],"wp:attachment":[{"href":"https:\/\/dev.esk-eltern.de\/de\/wp-json\/wp\/v2\/media?parent=9236"}],"curies":[{"name":"wp","href":"https:\/\/api.w.org\/{rel}","templated":true}]}}