{"id":9340,"date":"2023-08-01T22:37:22","date_gmt":"2023-08-01T20:37:22","guid":{"rendered":"https:\/\/dev.esk-eltern.de\/?page_id=9340"},"modified":"2023-08-02T23:52:50","modified_gmt":"2023-08-02T21:52:50","slug":"dienstleistungen","status":"publish","type":"page","link":"https:\/\/dev.esk-eltern.de\/de\/dienstleistungen\/","title":{"rendered":"Dienstleistungen"},"content":{"rendered":"\n<p class=\"has-x-large-font-size\"><strong>Diese Seite wird gerade \u00fcberarbeitet<\/strong><\/p>\n\n\n<ul class=\"wp-block-page-list\"><li class=\"wp-block-pages-list__item\"><a class=\"wp-block-pages-list__item__link\" href=\"https:\/\/dev.esk-eltern.de\/de\/dienstleistungen\/ausserschulische-aktivitaten\/\">Au\u00dferschulische Aktivit\u00e4ten<\/a><\/li><li class=\"wp-block-pages-list__item\"><a class=\"wp-block-pages-list__item__link\" href=\"https:\/\/dev.esk-eltern.de\/de\/dienstleistungen\/sozialfond\/\">Sozialfond<\/a><\/li><li class=\"wp-block-pages-list__item\"><a class=\"wp-block-pages-list__item__link\" href=\"https:\/\/dev.esk-eltern.de\/de\/dienstleistungen\/sonderpaedagogische-foerderung\/\">Sonderp\u00e4dagogische F\u00f6rderung<\/a><\/li><li class=\"wp-block-pages-list__item\"><a class=\"wp-block-pages-list__item__link\" href=\"https:\/\/dev.esk-eltern.de\/de\/dienstleistungen\/euroboutique\/\">Euroboutique<\/a><\/li><li class=\"wp-block-pages-list__item\"><a class=\"wp-block-pages-list__item__link\" href=\"https:\/\/dev.esk-eltern.de\/de\/dienstleistungen\/ferienbetreuung\/\">Ferienbetreuung<\/a><\/li><li class=\"wp-block-pages-list__item\"><a class=\"wp-block-pages-list__item__link\" href=\"https:\/\/dev.esk-eltern.de\/de\/dienstleistungen\/kantine\/\">Kantine<\/a><\/li><\/ul>\n\n\n<p>Transport<\/p>\n\n\n\n<p>Sommerfest<\/p>\n\n\n\n<p>Mobility Programme- Sch\u00fcleraustausch<\/p>\n\n\n\n<p>K\u00e4nguru der Mathematik<\/p>\n\n\n\n<p>Spelling bees<\/p>\n\n\n\n<p>Schulfotos<\/p>\n","protected":false},"excerpt":{"rendered":"<p>Diese Seite wird gerade \u00fcberarbeitet Transport Sommerfest Mobility Programme- Sch\u00fcleraustausch K\u00e4nguru der Mathematik Spelling bees Schulfotos<\/p>\n","protected":false},"author":406,"featured_media":0,"parent":0,"menu_order":38,"comment_status":"closed","ping_status":"closed","template":"","meta":{"inline_featured_image":false,"footnotes":""},"yoast_head":"<!-- This site is optimized with the Yoast SEO plugin v22.6 - https:\/\/yoast.com\/wordpress\/plugins\/seo\/ -->\n<title>Dienstleistungen - Elternvereinigung der Europ\u00e4ischen Schule Karlsruhe e.V.<\/title>\n<meta name=\"robots\" content=\"index, follow, max-snippet:-1, max-image-preview:large, max-video-preview:-1\" \/>\n<link rel=\"canonical\" href=\"https:\/\/www.esk-eltern.de\/de\/dienstleistungen\/\" \/>\n<meta property=\"og:locale\" content=\"de_DE\" \/>\n<meta property=\"og:type\" content=\"article\" \/>\n<meta property=\"og:title\" content=\"Dienstleistungen - Elternvereinigung der Europ\u00e4ischen Schule Karlsruhe e.V.\" \/>\n<meta property=\"og:description\" content=\"Diese Seite wird gerade \u00fcberarbeitet Transport Sommerfest Mobility Programme- Sch\u00fcleraustausch K\u00e4nguru der Mathematik Spelling bees Schulfotos\" \/>\n<meta property=\"og:url\" content=\"https:\/\/www.esk-eltern.de\/de\/dienstleistungen\/\" \/>\n<meta property=\"og:site_name\" content=\"Elternvereinigung der Europ\u00e4ischen Schule Karlsruhe e.V.\" \/>\n<meta property=\"article:modified_time\" content=\"2023-08-02T21:52:50+00:00\" \/>\n<meta name=\"twitter:card\" content=\"summary_large_image\" \/>\n<meta name=\"twitter:label1\" content=\"Gesch\u00e4tzte Lesezeit\" \/>\n\t<meta name=\"twitter:data1\" content=\"1\u00a0Minute\" \/>\n<script type=\"application\/ld+json\" class=\"yoast-schema-graph\">{\"@context\":\"https:\/\/schema.org\",\"@graph\":[{\"@type\":\"WebPage\",\"@id\":\"https:\/\/www.esk-eltern.de\/de\/dienstleistungen\/\",\"url\":\"https:\/\/www.esk-eltern.de\/de\/dienstleistungen\/\",\"name\":\"Dienstleistungen - Elternvereinigung der Europ\u00e4ischen Schule Karlsruhe e.V.\",\"isPartOf\":{\"@id\":\"https:\/\/www.esk-eltern.de\/de\/#website\"},\"datePublished\":\"2023-08-01T20:37:22+00:00\",\"dateModified\":\"2023-08-02T21:52:50+00:00\",\"breadcrumb\":{\"@id\":\"https:\/\/www.esk-eltern.de\/de\/dienstleistungen\/#breadcrumb\"},\"inLanguage\":\"de\",\"potentialAction\":[{\"@type\":\"ReadAction\",\"target\":[\"https:\/\/www.esk-eltern.de\/de\/dienstleistungen\/\"]}]},{\"@type\":\"BreadcrumbList\",\"@id\":\"https:\/\/www.esk-eltern.de\/de\/dienstleistungen\/#breadcrumb\",\"itemListElement\":[{\"@type\":\"ListItem\",\"position\":1,\"name\":\"Home\",\"item\":\"https:\/\/www.esk-eltern.de\/de\/\"},{\"@type\":\"ListItem\",\"position\":2,\"name\":\"Dienstleistungen\"}]},{\"@type\":\"WebSite\",\"@id\":\"https:\/\/www.esk-eltern.de\/de\/#website\",\"url\":\"https:\/\/www.esk-eltern.de\/de\/\",\"name\":\"Elternvereinigung der Europ\u00e4ischen Schule Karlsruhe e.V.\",\"description\":\"\",\"publisher\":{\"@id\":\"https:\/\/www.esk-eltern.de\/de\/#organization\"},\"potentialAction\":[{\"@type\":\"SearchAction\",\"target\":{\"@type\":\"EntryPoint\",\"urlTemplate\":\"https:\/\/www.esk-eltern.de\/de\/?s={search_term_string}\"},\"query-input\":\"required name=search_term_string\"}],\"inLanguage\":\"de\"},{\"@type\":\"Organization\",\"@id\":\"https:\/\/www.esk-eltern.de\/de\/#organization\",\"name\":\"Elternvereinigung der Europ\u00e4ischen Schule Karlsruhe e.V.\",\"url\":\"https:\/\/www.esk-eltern.de\/de\/\",\"logo\":{\"@type\":\"ImageObject\",\"inLanguage\":\"de\",\"@id\":\"https:\/\/www.esk-eltern.de\/de\/#\/schema\/logo\/image\/\",\"url\":\"https:\/\/dev.esk-eltern.de\/wp-content\/uploads\/2023\/07\/cropped-EV_512x512.png\",\"contentUrl\":\"https:\/\/dev.esk-eltern.de\/wp-content\/uploads\/2023\/07\/cropped-EV_512x512.png\",\"width\":512,\"height\":512,\"caption\":\"Elternvereinigung der Europ\u00e4ischen Schule Karlsruhe e.V.\"},\"image\":{\"@id\":\"https:\/\/www.esk-eltern.de\/de\/#\/schema\/logo\/image\/\"}}]}<\/script>\n<!-- \/ Yoast SEO plugin. -->","yoast_head_json":{"title":"Dienstleistungen - Elternvereinigung der Europ\u00e4ischen Schule Karlsruhe e.V.","robots":{"index":"index","follow":"follow","max-snippet":"max-snippet:-1","max-image-preview":"max-image-preview:large","max-video-preview":"max-video-preview:-1"},"canonical":"https:\/\/www.esk-eltern.de\/de\/dienstleistungen\/","og_locale":"de_DE","og_type":"article","og_title":"Dienstleistungen - Elternvereinigung der Europ\u00e4ischen Schule Karlsruhe e.V.","og_description":"Diese Seite wird gerade \u00fcberarbeitet Transport Sommerfest Mobility Programme- Sch\u00fcleraustausch K\u00e4nguru der Mathematik Spelling bees Schulfotos","og_url":"https:\/\/www.esk-eltern.de\/de\/dienstleistungen\/","og_site_name":"Elternvereinigung der Europ\u00e4ischen Schule Karlsruhe e.V.","article_modified_time":"2023-08-02T21:52:50+00:00","twitter_card":"summary_large_image","twitter_misc":{"Gesch\u00e4tzte Lesezeit":"1\u00a0Minute"},"schema":{"@context":"https:\/\/schema.org","@graph":[{"@type":"WebPage","@id":"https:\/\/www.esk-eltern.de\/de\/dienstleistungen\/","url":"https:\/\/www.esk-eltern.de\/de\/dienstleistungen\/","name":"Dienstleistungen - Elternvereinigung der Europ\u00e4ischen Schule Karlsruhe e.V.","isPartOf":{"@id":"https:\/\/www.esk-eltern.de\/de\/#website"},"datePublished":"2023-08-01T20:37:22+00:00","dateModified":"2023-08-02T21:52:50+00:00","breadcrumb":{"@id":"https:\/\/www.esk-eltern.de\/de\/dienstleistungen\/#breadcrumb"},"inLanguage":"de","potentialAction":[{"@type":"ReadAction","target":["https:\/\/www.esk-eltern.de\/de\/dienstleistungen\/"]}]},{"@type":"BreadcrumbList","@id":"https:\/\/www.esk-eltern.de\/de\/dienstleistungen\/#breadcrumb","itemListElement":[{"@type":"ListItem","position":1,"name":"Home","item":"https:\/\/www.esk-eltern.de\/de\/"},{"@type":"ListItem","position":2,"name":"Dienstleistungen"}]},{"@type":"WebSite","@id":"https:\/\/www.esk-eltern.de\/de\/#website","url":"https:\/\/www.esk-eltern.de\/de\/","name":"Elternvereinigung der Europ\u00e4ischen Schule Karlsruhe e.V.","description":"","publisher":{"@id":"https:\/\/www.esk-eltern.de\/de\/#organization"},"potentialAction":[{"@type":"SearchAction","target":{"@type":"EntryPoint","urlTemplate":"https:\/\/www.esk-eltern.de\/de\/?s={search_term_string}"},"query-input":"required name=search_term_string"}],"inLanguage":"de"},{"@type":"Organization","@id":"https:\/\/www.esk-eltern.de\/de\/#organization","name":"Elternvereinigung der Europ\u00e4ischen Schule Karlsruhe e.V.","url":"https:\/\/www.esk-eltern.de\/de\/","logo":{"@type":"ImageObject","inLanguage":"de","@id":"https:\/\/www.esk-eltern.de\/de\/#\/schema\/logo\/image\/","url":"https:\/\/dev.esk-eltern.de\/wp-content\/uploads\/2023\/07\/cropped-EV_512x512.png","contentUrl":"https:\/\/dev.esk-eltern.de\/wp-content\/uploads\/2023\/07\/cropped-EV_512x512.png","width":512,"height":512,"caption":"Elternvereinigung der Europ\u00e4ischen Schule Karlsruhe e.V."},"image":{"@id":"https:\/\/www.esk-eltern.de\/de\/#\/schema\/logo\/image\/"}}]}},"_links":{"self":[{"href":"https:\/\/dev.esk-eltern.de\/de\/wp-json\/wp\/v2\/pages\/9340"}],"collection":[{"href":"https:\/\/dev.esk-eltern.de\/de\/wp-json\/wp\/v2\/pages"}],"about":[{"href":"https:\/\/dev.esk-eltern.de\/de\/wp-json\/wp\/v2\/types\/page"}],"author":[{"embeddable":true,"href":"https:\/\/dev.esk-eltern.de\/de\/wp-json\/wp\/v2\/users\/406"}],"replies":[{"embeddable":true,"href":"https:\/\/dev.esk-eltern.de\/de\/wp-json\/wp\/v2\/comments?post=9340"}],"version-history":[{"count":3,"href":"https:\/\/dev.esk-eltern.de\/de\/wp-json\/wp\/v2\/pages\/9340\/revisions"}],"predecessor-version":[{"id":9477,"href":"https:\/\/dev.esk-eltern.de\/de\/wp-json\/wp\/v2\/pages\/9340\/revisions\/9477"}],"wp:attachment":[{"href":"https:\/\/dev.esk-eltern.de\/de\/wp-json\/wp\/v2\/media?parent=9340"}],"curies":[{"name":"wp","href":"https:\/\/api.w.org\/{rel}","templated":true}]}}