{"id":9354,"date":"2023-08-02T08:47:42","date_gmt":"2023-08-02T06:47:42","guid":{"rendered":"https:\/\/dev.esk-eltern.de\/?page_id=9354"},"modified":"2023-08-02T08:48:03","modified_gmt":"2023-08-02T06:48:03","slug":"kantine","status":"publish","type":"page","link":"https:\/\/dev.esk-eltern.de\/de\/dienstleistungen\/kantine\/","title":{"rendered":"Kantine"},"content":{"rendered":"\n<p><strong>AKTUELL<\/strong><\/p>\n\n\n\n<p>Die aktuellen Men\u00fcpl\u00e4ne werden bei Medirest ver\u00f6ffentlicht.<\/p>\n\n\n\n<p>___________________________________________________<\/p>\n\n\n\n<p>Wir wissen, wie wichtig eine gute Ern\u00e4hrung f\u00fcr ihre Kinder ist. Um Ihre Kinder optimal zu versorgen, ist die Europ\u00e4ische Schule Karlsruhe gemeinsam mit dem Unternehmen Medirest (zertifiziert nach DIN EN ISO 9001:2000) an den Start gegangen.<\/p>\n","protected":false},"excerpt":{"rendered":"<p>AKTUELL Die aktuellen Men\u00fcpl\u00e4ne werden bei Medirest ver\u00f6ffentlicht. ___________________________________________________ Wir wissen, wie wichtig eine gute Ern\u00e4hrung f\u00fcr ihre Kinder ist. Um Ihre Kinder optimal zu versorgen, ist die Europ\u00e4ische Schule Karlsruhe gemeinsam mit dem Unternehmen Medirest (zertifiziert nach DIN EN ISO 9001:2000) an den Start gegangen.<\/p>\n","protected":false},"author":406,"featured_media":0,"parent":9340,"menu_order":90,"comment_status":"closed","ping_status":"closed","template":"","meta":{"inline_featured_image":false,"footnotes":""},"yoast_head":"<!-- This site is optimized with the Yoast SEO plugin v22.6 - https:\/\/yoast.com\/wordpress\/plugins\/seo\/ -->\n<title>Kantine - Elternvereinigung der Europ\u00e4ischen Schule Karlsruhe e.V.<\/title>\n<meta name=\"robots\" content=\"index, follow, max-snippet:-1, max-image-preview:large, max-video-preview:-1\" \/>\n<link rel=\"canonical\" href=\"https:\/\/www.esk-eltern.de\/de\/dienstleistungen\/kantine\/\" \/>\n<meta property=\"og:locale\" content=\"de_DE\" \/>\n<meta property=\"og:type\" content=\"article\" \/>\n<meta property=\"og:title\" content=\"Kantine - Elternvereinigung der Europ\u00e4ischen Schule Karlsruhe e.V.\" \/>\n<meta property=\"og:description\" content=\"AKTUELL Die aktuellen Men\u00fcpl\u00e4ne werden bei Medirest ver\u00f6ffentlicht. ___________________________________________________ Wir wissen, wie wichtig eine gute Ern\u00e4hrung f\u00fcr ihre Kinder ist. Um Ihre Kinder optimal zu versorgen, ist die Europ\u00e4ische Schule Karlsruhe gemeinsam mit dem Unternehmen Medirest (zertifiziert nach DIN EN ISO 9001:2000) an den Start gegangen.\" \/>\n<meta property=\"og:url\" content=\"https:\/\/www.esk-eltern.de\/de\/dienstleistungen\/kantine\/\" \/>\n<meta property=\"og:site_name\" content=\"Elternvereinigung der Europ\u00e4ischen Schule Karlsruhe e.V.\" \/>\n<meta property=\"article:modified_time\" content=\"2023-08-02T06:48:03+00:00\" \/>\n<meta name=\"twitter:card\" content=\"summary_large_image\" \/>\n<meta name=\"twitter:label1\" content=\"Gesch\u00e4tzte Lesezeit\" \/>\n\t<meta name=\"twitter:data1\" content=\"1\u00a0Minute\" \/>\n<script type=\"application\/ld+json\" class=\"yoast-schema-graph\">{\"@context\":\"https:\/\/schema.org\",\"@graph\":[{\"@type\":\"WebPage\",\"@id\":\"https:\/\/www.esk-eltern.de\/de\/dienstleistungen\/kantine\/\",\"url\":\"https:\/\/www.esk-eltern.de\/de\/dienstleistungen\/kantine\/\",\"name\":\"Kantine - Elternvereinigung der Europ\u00e4ischen Schule Karlsruhe e.V.\",\"isPartOf\":{\"@id\":\"https:\/\/www.esk-eltern.de\/de\/#website\"},\"datePublished\":\"2023-08-02T06:47:42+00:00\",\"dateModified\":\"2023-08-02T06:48:03+00:00\",\"breadcrumb\":{\"@id\":\"https:\/\/www.esk-eltern.de\/de\/dienstleistungen\/kantine\/#breadcrumb\"},\"inLanguage\":\"de\",\"potentialAction\":[{\"@type\":\"ReadAction\",\"target\":[\"https:\/\/www.esk-eltern.de\/de\/dienstleistungen\/kantine\/\"]}]},{\"@type\":\"BreadcrumbList\",\"@id\":\"https:\/\/www.esk-eltern.de\/de\/dienstleistungen\/kantine\/#breadcrumb\",\"itemListElement\":[{\"@type\":\"ListItem\",\"position\":1,\"name\":\"Home\",\"item\":\"https:\/\/www.esk-eltern.de\/de\/\"},{\"@type\":\"ListItem\",\"position\":2,\"name\":\"Dienstleistungen\",\"item\":\"https:\/\/www.esk-eltern.de\/de\/dienstleistungen\/\"},{\"@type\":\"ListItem\",\"position\":3,\"name\":\"Kantine\"}]},{\"@type\":\"WebSite\",\"@id\":\"https:\/\/www.esk-eltern.de\/de\/#website\",\"url\":\"https:\/\/www.esk-eltern.de\/de\/\",\"name\":\"Elternvereinigung der Europ\u00e4ischen Schule Karlsruhe e.V.\",\"description\":\"\",\"publisher\":{\"@id\":\"https:\/\/www.esk-eltern.de\/de\/#organization\"},\"potentialAction\":[{\"@type\":\"SearchAction\",\"target\":{\"@type\":\"EntryPoint\",\"urlTemplate\":\"https:\/\/www.esk-eltern.de\/de\/?s={search_term_string}\"},\"query-input\":\"required name=search_term_string\"}],\"inLanguage\":\"de\"},{\"@type\":\"Organization\",\"@id\":\"https:\/\/www.esk-eltern.de\/de\/#organization\",\"name\":\"Elternvereinigung der Europ\u00e4ischen Schule Karlsruhe e.V.\",\"url\":\"https:\/\/www.esk-eltern.de\/de\/\",\"logo\":{\"@type\":\"ImageObject\",\"inLanguage\":\"de\",\"@id\":\"https:\/\/www.esk-eltern.de\/de\/#\/schema\/logo\/image\/\",\"url\":\"https:\/\/dev.esk-eltern.de\/wp-content\/uploads\/2023\/07\/cropped-EV_512x512.png\",\"contentUrl\":\"https:\/\/dev.esk-eltern.de\/wp-content\/uploads\/2023\/07\/cropped-EV_512x512.png\",\"width\":512,\"height\":512,\"caption\":\"Elternvereinigung der Europ\u00e4ischen Schule Karlsruhe e.V.\"},\"image\":{\"@id\":\"https:\/\/www.esk-eltern.de\/de\/#\/schema\/logo\/image\/\"}}]}<\/script>\n<!-- \/ Yoast SEO plugin. -->","yoast_head_json":{"title":"Kantine - Elternvereinigung der Europ\u00e4ischen Schule Karlsruhe e.V.","robots":{"index":"index","follow":"follow","max-snippet":"max-snippet:-1","max-image-preview":"max-image-preview:large","max-video-preview":"max-video-preview:-1"},"canonical":"https:\/\/www.esk-eltern.de\/de\/dienstleistungen\/kantine\/","og_locale":"de_DE","og_type":"article","og_title":"Kantine - Elternvereinigung der Europ\u00e4ischen Schule Karlsruhe e.V.","og_description":"AKTUELL Die aktuellen Men\u00fcpl\u00e4ne werden bei Medirest ver\u00f6ffentlicht. ___________________________________________________ Wir wissen, wie wichtig eine gute Ern\u00e4hrung f\u00fcr ihre Kinder ist. Um Ihre Kinder optimal zu versorgen, ist die Europ\u00e4ische Schule Karlsruhe gemeinsam mit dem Unternehmen Medirest (zertifiziert nach DIN EN ISO 9001:2000) an den Start gegangen.","og_url":"https:\/\/www.esk-eltern.de\/de\/dienstleistungen\/kantine\/","og_site_name":"Elternvereinigung der Europ\u00e4ischen Schule Karlsruhe e.V.","article_modified_time":"2023-08-02T06:48:03+00:00","twitter_card":"summary_large_image","twitter_misc":{"Gesch\u00e4tzte Lesezeit":"1\u00a0Minute"},"schema":{"@context":"https:\/\/schema.org","@graph":[{"@type":"WebPage","@id":"https:\/\/www.esk-eltern.de\/de\/dienstleistungen\/kantine\/","url":"https:\/\/www.esk-eltern.de\/de\/dienstleistungen\/kantine\/","name":"Kantine - Elternvereinigung der Europ\u00e4ischen Schule Karlsruhe e.V.","isPartOf":{"@id":"https:\/\/www.esk-eltern.de\/de\/#website"},"datePublished":"2023-08-02T06:47:42+00:00","dateModified":"2023-08-02T06:48:03+00:00","breadcrumb":{"@id":"https:\/\/www.esk-eltern.de\/de\/dienstleistungen\/kantine\/#breadcrumb"},"inLanguage":"de","potentialAction":[{"@type":"ReadAction","target":["https:\/\/www.esk-eltern.de\/de\/dienstleistungen\/kantine\/"]}]},{"@type":"BreadcrumbList","@id":"https:\/\/www.esk-eltern.de\/de\/dienstleistungen\/kantine\/#breadcrumb","itemListElement":[{"@type":"ListItem","position":1,"name":"Home","item":"https:\/\/www.esk-eltern.de\/de\/"},{"@type":"ListItem","position":2,"name":"Dienstleistungen","item":"https:\/\/www.esk-eltern.de\/de\/dienstleistungen\/"},{"@type":"ListItem","position":3,"name":"Kantine"}]},{"@type":"WebSite","@id":"https:\/\/www.esk-eltern.de\/de\/#website","url":"https:\/\/www.esk-eltern.de\/de\/","name":"Elternvereinigung der Europ\u00e4ischen Schule Karlsruhe e.V.","description":"","publisher":{"@id":"https:\/\/www.esk-eltern.de\/de\/#organization"},"potentialAction":[{"@type":"SearchAction","target":{"@type":"EntryPoint","urlTemplate":"https:\/\/www.esk-eltern.de\/de\/?s={search_term_string}"},"query-input":"required name=search_term_string"}],"inLanguage":"de"},{"@type":"Organization","@id":"https:\/\/www.esk-eltern.de\/de\/#organization","name":"Elternvereinigung der Europ\u00e4ischen Schule Karlsruhe e.V.","url":"https:\/\/www.esk-eltern.de\/de\/","logo":{"@type":"ImageObject","inLanguage":"de","@id":"https:\/\/www.esk-eltern.de\/de\/#\/schema\/logo\/image\/","url":"https:\/\/dev.esk-eltern.de\/wp-content\/uploads\/2023\/07\/cropped-EV_512x512.png","contentUrl":"https:\/\/dev.esk-eltern.de\/wp-content\/uploads\/2023\/07\/cropped-EV_512x512.png","width":512,"height":512,"caption":"Elternvereinigung der Europ\u00e4ischen Schule Karlsruhe e.V."},"image":{"@id":"https:\/\/www.esk-eltern.de\/de\/#\/schema\/logo\/image\/"}}]}},"_links":{"self":[{"href":"https:\/\/dev.esk-eltern.de\/de\/wp-json\/wp\/v2\/pages\/9354"}],"collection":[{"href":"https:\/\/dev.esk-eltern.de\/de\/wp-json\/wp\/v2\/pages"}],"about":[{"href":"https:\/\/dev.esk-eltern.de\/de\/wp-json\/wp\/v2\/types\/page"}],"author":[{"embeddable":true,"href":"https:\/\/dev.esk-eltern.de\/de\/wp-json\/wp\/v2\/users\/406"}],"replies":[{"embeddable":true,"href":"https:\/\/dev.esk-eltern.de\/de\/wp-json\/wp\/v2\/comments?post=9354"}],"version-history":[{"count":1,"href":"https:\/\/dev.esk-eltern.de\/de\/wp-json\/wp\/v2\/pages\/9354\/revisions"}],"predecessor-version":[{"id":9357,"href":"https:\/\/dev.esk-eltern.de\/de\/wp-json\/wp\/v2\/pages\/9354\/revisions\/9357"}],"up":[{"embeddable":true,"href":"https:\/\/dev.esk-eltern.de\/de\/wp-json\/wp\/v2\/pages\/9340"}],"wp:attachment":[{"href":"https:\/\/dev.esk-eltern.de\/de\/wp-json\/wp\/v2\/media?parent=9354"}],"curies":[{"name":"wp","href":"https:\/\/api.w.org\/{rel}","templated":true}]}}