{"id":9399,"date":"2023-08-02T22:43:23","date_gmt":"2023-08-02T20:43:23","guid":{"rendered":"https:\/\/dev.esk-eltern.de\/?page_id=9399"},"modified":"2024-02-08T21:16:03","modified_gmt":"2024-02-08T20:16:03","slug":"ferienbetreuung","status":"publish","type":"page","link":"https:\/\/dev.esk-eltern.de\/de\/dienstleistungen\/ferienbetreuung\/","title":{"rendered":"Ferienbetreuung"},"content":{"rendered":"\n<p>Liebe Eltern,<\/p>\n\n\n\n<p>die Elternvereinigung organisiert gemeinsam mit MOMI\/NAMI und weiteren Tr\u00e4gern (Lenitas, AWO,\u2026) eine Betreuung an der Europ\u00e4ischen Schule f\u00fcr Kindergarten- und Grundschulkinder in den Ferien.<\/p>\n\n\n\n<p>In Zusammenarbeit mit MOMI\/NAMI kann eine Ferienbetreuung in den Osterferien 2024 vom 2. bis 5. April 2024 (von 8 bis 16 Uhr) an der Europ\u00e4ischen Schule f\u00fcr KINDERGARTEN-Kinder angeboten werden.<\/p>\n\n\n\n<p>Bitte beachten Sie folgendes:<\/p>\n\n\n\n<ul>\n<li>Um sich f\u00fcr die Ferienbetreuung anzumelden und zu bezahlen, m\u00fcssen Sie Mitglied der Elternvereinigung sein (j\u00e4hrlicher Mitgliedsbeitrag 40\u20ac) sein. Wenn Sie noch kein Mitglied sind, k\u00f6nnen Sie <a href=\"https:\/\/dev.esk-eltern.de\/de\/mitglied-werden\/\">hier<\/a> mit dem Kauf der Mitgliedschaft diese erwerben.<br>Bitte hinterlegen Sie gleich <a href=\"https:\/\/dev.esk-eltern.de\/de\/mein-konto\/\">in ihr<\/a><a href=\"http:\/\/konto bea\">em Konto<\/a> in den Kontodetails ihre Kinder, wenn Sie dies noch nicht getan haben, damit Sie ihr Kind\/Ihre Kinder im Bestellprozess ausw\u00e4hlen k\u00f6nnen.<\/li>\n\n\n\n<li>Unsere Datenschutzbestimmungen finden Sie auf der Website der EV.<\/li>\n\n\n\n<li>Stornierungsbedingungen: Stornierungen, die vor dem 5. M\u00e4rz eingehen, werden nur dann erstattet, wenn es eine Warteliste gibt. Stornierungen nach dem 5. M\u00e4rz werden nicht mehr erstattet.<\/li>\n<\/ul>\n\n\n\n<div class=\"wp-block-query is-layout-flow wp-block-query-is-layout-flow\"><ul class=\"columns-3 products-block-post-template wp-block-post-template is-layout-grid wp-container-core-post-template-is-layout-1 wp-block-post-template-is-layout-grid\"><li class=\"wp-block-post post-10917 product type-product status-publish has-post-thumbnail product_cat-ferienbetreuung first outofstock virtual purchasable product-type-simple\">\n<div data-block-name=\"woocommerce\/product-image\" data-image-sizing=\"thumbnail\" data-is-descendent-of-query-loop=\"true\" class=\"wc-block-components-product-image wc-block-grid__product-image \" style=\"\">\n\t\t\t\t\t<a href=\"https:\/\/dev.esk-eltern.de\/de\/produkt\/osterferien-2024\/\" style=\"\"> <img loading=\"lazy\" decoding=\"async\" width=\"450\" height=\"450\" src=\"https:\/\/dev.esk-eltern.de\/wp-content\/uploads\/2024\/01\/artem-kniaz-DqgMHzeio7g-unsplash_web-450x450.jpg\" class=\"attachment-woocommerce_thumbnail size-woocommerce_thumbnail\" alt=\"Osterferien 2024\" data-testid=\"product-image\" style=\"max-width:none;object-fit:cover;\" srcset=\"https:\/\/dev.esk-eltern.de\/wp-content\/uploads\/2024\/01\/artem-kniaz-DqgMHzeio7g-unsplash_web-450x450.jpg 450w, https:\/\/dev.esk-eltern.de\/wp-content\/uploads\/2024\/01\/artem-kniaz-DqgMHzeio7g-unsplash_web-100x100.jpg 100w\" sizes=\"(max-width: 450px) 100vw, 450px\" \/><\/a>\n\t\t\t\t<\/div>\n\n<h3 style=\"margin-bottom:0.75rem;margin-top:0;\" class=\"has-text-align-center wp-block-post-title has-medium-font-size\"><a href=\"https:\/\/dev.esk-eltern.de\/de\/produkt\/osterferien-2024\/\" target=\"_self\" >Osterferien 2024<\/a><\/h3>\n\n<div data-block-name=\"woocommerce\/product-price\" data-is-descendent-of-query-loop=\"true\" data-text-align=\"center\" data-font-size=\"small\" class=\"wp-block-woocommerce-product-price\"><div class=\"wc-block-components-product-price wc-block-grid__product-price has-text-align-center has-font-size has-small-font-size has-text-align-center\" style=\"\">\n\t\t\t\t\t<span class=\"woocommerce-Price-amount amount\"><bdi>200.00<span class=\"woocommerce-Price-currencySymbol\">&euro;<\/span><\/bdi><\/span>\n\t\t\t\t<\/div><\/div>\n\n\n<\/li><\/ul>\n\n\n\n<\/div>\n","protected":false},"excerpt":{"rendered":"<p>Liebe Eltern, die Elternvereinigung organisiert gemeinsam mit MOMI\/NAMI und weiteren Tr\u00e4gern (Lenitas, AWO,\u2026) eine Betreuung an der Europ\u00e4ischen Schule f\u00fcr Kindergarten- und Grundschulkinder in den Ferien. In Zusammenarbeit mit MOMI\/NAMI kann eine Ferienbetreuung in den Osterferien 2024 vom 2. bis 5. April 2024 (von 8 bis 16 Uhr) an der Europ\u00e4ischen Schule f\u00fcr KINDERGARTEN-Kinder angeboten <a class=\"read-more-link\" href=\"https:\/\/dev.esk-eltern.de\/de\/dienstleistungen\/ferienbetreuung\/\">Read More<\/a><\/p>\n","protected":false},"author":406,"featured_media":0,"parent":9340,"menu_order":63,"comment_status":"closed","ping_status":"closed","template":"","meta":{"inline_featured_image":false,"footnotes":""},"yoast_head":"<!-- This site is optimized with the Yoast SEO plugin v22.6 - https:\/\/yoast.com\/wordpress\/plugins\/seo\/ -->\n<title>Ferienbetreuung - Elternvereinigung der Europ\u00e4ischen Schule Karlsruhe e.V.<\/title>\n<meta name=\"robots\" content=\"index, follow, max-snippet:-1, max-image-preview:large, max-video-preview:-1\" \/>\n<link rel=\"canonical\" href=\"https:\/\/www.esk-eltern.de\/de\/dienstleistungen\/ferienbetreuung\/\" \/>\n<meta property=\"og:locale\" content=\"de_DE\" \/>\n<meta property=\"og:type\" content=\"article\" \/>\n<meta property=\"og:title\" content=\"Ferienbetreuung - Elternvereinigung der Europ\u00e4ischen Schule Karlsruhe e.V.\" \/>\n<meta property=\"og:description\" content=\"Liebe Eltern, die Elternvereinigung organisiert gemeinsam mit MOMI\/NAMI und weiteren Tr\u00e4gern (Lenitas, AWO,\u2026) eine Betreuung an der Europ\u00e4ischen Schule f\u00fcr Kindergarten- und Grundschulkinder in den Ferien. In Zusammenarbeit mit MOMI\/NAMI kann eine Ferienbetreuung in den Osterferien 2024 vom 2. bis 5. April 2024 (von 8 bis 16 Uhr) an der Europ\u00e4ischen Schule f\u00fcr KINDERGARTEN-Kinder angeboten Read More\" \/>\n<meta property=\"og:url\" content=\"https:\/\/www.esk-eltern.de\/de\/dienstleistungen\/ferienbetreuung\/\" \/>\n<meta property=\"og:site_name\" content=\"Elternvereinigung der Europ\u00e4ischen Schule Karlsruhe e.V.\" \/>\n<meta property=\"article:modified_time\" content=\"2024-02-08T20:16:03+00:00\" \/>\n<meta name=\"twitter:card\" content=\"summary_large_image\" \/>\n<meta name=\"twitter:label1\" content=\"Gesch\u00e4tzte Lesezeit\" \/>\n\t<meta name=\"twitter:data1\" content=\"1\u00a0Minute\" \/>\n<script type=\"application\/ld+json\" class=\"yoast-schema-graph\">{\"@context\":\"https:\/\/schema.org\",\"@graph\":[{\"@type\":\"WebPage\",\"@id\":\"https:\/\/www.esk-eltern.de\/de\/dienstleistungen\/ferienbetreuung\/\",\"url\":\"https:\/\/www.esk-eltern.de\/de\/dienstleistungen\/ferienbetreuung\/\",\"name\":\"Ferienbetreuung - Elternvereinigung der Europ\u00e4ischen Schule Karlsruhe e.V.\",\"isPartOf\":{\"@id\":\"https:\/\/www.esk-eltern.de\/de\/#website\"},\"datePublished\":\"2023-08-02T20:43:23+00:00\",\"dateModified\":\"2024-02-08T20:16:03+00:00\",\"breadcrumb\":{\"@id\":\"https:\/\/www.esk-eltern.de\/de\/dienstleistungen\/ferienbetreuung\/#breadcrumb\"},\"inLanguage\":\"de\",\"potentialAction\":[{\"@type\":\"ReadAction\",\"target\":[\"https:\/\/www.esk-eltern.de\/de\/dienstleistungen\/ferienbetreuung\/\"]}]},{\"@type\":\"BreadcrumbList\",\"@id\":\"https:\/\/www.esk-eltern.de\/de\/dienstleistungen\/ferienbetreuung\/#breadcrumb\",\"itemListElement\":[{\"@type\":\"ListItem\",\"position\":1,\"name\":\"Home\",\"item\":\"https:\/\/www.esk-eltern.de\/de\/\"},{\"@type\":\"ListItem\",\"position\":2,\"name\":\"Dienstleistungen\",\"item\":\"https:\/\/www.esk-eltern.de\/de\/dienstleistungen\/\"},{\"@type\":\"ListItem\",\"position\":3,\"name\":\"Ferienbetreuung\"}]},{\"@type\":\"WebSite\",\"@id\":\"https:\/\/www.esk-eltern.de\/de\/#website\",\"url\":\"https:\/\/www.esk-eltern.de\/de\/\",\"name\":\"Elternvereinigung der Europ\u00e4ischen Schule Karlsruhe e.V.\",\"description\":\"\",\"publisher\":{\"@id\":\"https:\/\/www.esk-eltern.de\/de\/#organization\"},\"potentialAction\":[{\"@type\":\"SearchAction\",\"target\":{\"@type\":\"EntryPoint\",\"urlTemplate\":\"https:\/\/www.esk-eltern.de\/de\/?s={search_term_string}\"},\"query-input\":\"required name=search_term_string\"}],\"inLanguage\":\"de\"},{\"@type\":\"Organization\",\"@id\":\"https:\/\/www.esk-eltern.de\/de\/#organization\",\"name\":\"Elternvereinigung der Europ\u00e4ischen Schule Karlsruhe e.V.\",\"url\":\"https:\/\/www.esk-eltern.de\/de\/\",\"logo\":{\"@type\":\"ImageObject\",\"inLanguage\":\"de\",\"@id\":\"https:\/\/www.esk-eltern.de\/de\/#\/schema\/logo\/image\/\",\"url\":\"https:\/\/dev.esk-eltern.de\/wp-content\/uploads\/2023\/07\/cropped-EV_512x512.png\",\"contentUrl\":\"https:\/\/dev.esk-eltern.de\/wp-content\/uploads\/2023\/07\/cropped-EV_512x512.png\",\"width\":512,\"height\":512,\"caption\":\"Elternvereinigung der Europ\u00e4ischen Schule Karlsruhe e.V.\"},\"image\":{\"@id\":\"https:\/\/www.esk-eltern.de\/de\/#\/schema\/logo\/image\/\"}}]}<\/script>\n<!-- \/ Yoast SEO plugin. -->","yoast_head_json":{"title":"Ferienbetreuung - Elternvereinigung der Europ\u00e4ischen Schule Karlsruhe e.V.","robots":{"index":"index","follow":"follow","max-snippet":"max-snippet:-1","max-image-preview":"max-image-preview:large","max-video-preview":"max-video-preview:-1"},"canonical":"https:\/\/www.esk-eltern.de\/de\/dienstleistungen\/ferienbetreuung\/","og_locale":"de_DE","og_type":"article","og_title":"Ferienbetreuung - Elternvereinigung der Europ\u00e4ischen Schule Karlsruhe e.V.","og_description":"Liebe Eltern, die Elternvereinigung organisiert gemeinsam mit MOMI\/NAMI und weiteren Tr\u00e4gern (Lenitas, AWO,\u2026) eine Betreuung an der Europ\u00e4ischen Schule f\u00fcr Kindergarten- und Grundschulkinder in den Ferien. In Zusammenarbeit mit MOMI\/NAMI kann eine Ferienbetreuung in den Osterferien 2024 vom 2. bis 5. April 2024 (von 8 bis 16 Uhr) an der Europ\u00e4ischen Schule f\u00fcr KINDERGARTEN-Kinder angeboten Read More","og_url":"https:\/\/www.esk-eltern.de\/de\/dienstleistungen\/ferienbetreuung\/","og_site_name":"Elternvereinigung der Europ\u00e4ischen Schule Karlsruhe e.V.","article_modified_time":"2024-02-08T20:16:03+00:00","twitter_card":"summary_large_image","twitter_misc":{"Gesch\u00e4tzte Lesezeit":"1\u00a0Minute"},"schema":{"@context":"https:\/\/schema.org","@graph":[{"@type":"WebPage","@id":"https:\/\/www.esk-eltern.de\/de\/dienstleistungen\/ferienbetreuung\/","url":"https:\/\/www.esk-eltern.de\/de\/dienstleistungen\/ferienbetreuung\/","name":"Ferienbetreuung - Elternvereinigung der Europ\u00e4ischen Schule Karlsruhe e.V.","isPartOf":{"@id":"https:\/\/www.esk-eltern.de\/de\/#website"},"datePublished":"2023-08-02T20:43:23+00:00","dateModified":"2024-02-08T20:16:03+00:00","breadcrumb":{"@id":"https:\/\/www.esk-eltern.de\/de\/dienstleistungen\/ferienbetreuung\/#breadcrumb"},"inLanguage":"de","potentialAction":[{"@type":"ReadAction","target":["https:\/\/www.esk-eltern.de\/de\/dienstleistungen\/ferienbetreuung\/"]}]},{"@type":"BreadcrumbList","@id":"https:\/\/www.esk-eltern.de\/de\/dienstleistungen\/ferienbetreuung\/#breadcrumb","itemListElement":[{"@type":"ListItem","position":1,"name":"Home","item":"https:\/\/www.esk-eltern.de\/de\/"},{"@type":"ListItem","position":2,"name":"Dienstleistungen","item":"https:\/\/www.esk-eltern.de\/de\/dienstleistungen\/"},{"@type":"ListItem","position":3,"name":"Ferienbetreuung"}]},{"@type":"WebSite","@id":"https:\/\/www.esk-eltern.de\/de\/#website","url":"https:\/\/www.esk-eltern.de\/de\/","name":"Elternvereinigung der Europ\u00e4ischen Schule Karlsruhe e.V.","description":"","publisher":{"@id":"https:\/\/www.esk-eltern.de\/de\/#organization"},"potentialAction":[{"@type":"SearchAction","target":{"@type":"EntryPoint","urlTemplate":"https:\/\/www.esk-eltern.de\/de\/?s={search_term_string}"},"query-input":"required name=search_term_string"}],"inLanguage":"de"},{"@type":"Organization","@id":"https:\/\/www.esk-eltern.de\/de\/#organization","name":"Elternvereinigung der Europ\u00e4ischen Schule Karlsruhe e.V.","url":"https:\/\/www.esk-eltern.de\/de\/","logo":{"@type":"ImageObject","inLanguage":"de","@id":"https:\/\/www.esk-eltern.de\/de\/#\/schema\/logo\/image\/","url":"https:\/\/dev.esk-eltern.de\/wp-content\/uploads\/2023\/07\/cropped-EV_512x512.png","contentUrl":"https:\/\/dev.esk-eltern.de\/wp-content\/uploads\/2023\/07\/cropped-EV_512x512.png","width":512,"height":512,"caption":"Elternvereinigung der Europ\u00e4ischen Schule Karlsruhe e.V."},"image":{"@id":"https:\/\/www.esk-eltern.de\/de\/#\/schema\/logo\/image\/"}}]}},"_links":{"self":[{"href":"https:\/\/dev.esk-eltern.de\/de\/wp-json\/wp\/v2\/pages\/9399"}],"collection":[{"href":"https:\/\/dev.esk-eltern.de\/de\/wp-json\/wp\/v2\/pages"}],"about":[{"href":"https:\/\/dev.esk-eltern.de\/de\/wp-json\/wp\/v2\/types\/page"}],"author":[{"embeddable":true,"href":"https:\/\/dev.esk-eltern.de\/de\/wp-json\/wp\/v2\/users\/406"}],"replies":[{"embeddable":true,"href":"https:\/\/dev.esk-eltern.de\/de\/wp-json\/wp\/v2\/comments?post=9399"}],"version-history":[{"count":6,"href":"https:\/\/dev.esk-eltern.de\/de\/wp-json\/wp\/v2\/pages\/9399\/revisions"}],"predecessor-version":[{"id":11249,"href":"https:\/\/dev.esk-eltern.de\/de\/wp-json\/wp\/v2\/pages\/9399\/revisions\/11249"}],"up":[{"embeddable":true,"href":"https:\/\/dev.esk-eltern.de\/de\/wp-json\/wp\/v2\/pages\/9340"}],"wp:attachment":[{"href":"https:\/\/dev.esk-eltern.de\/de\/wp-json\/wp\/v2\/media?parent=9399"}],"curies":[{"name":"wp","href":"https:\/\/api.w.org\/{rel}","templated":true}]}}