{"id":10917,"date":"2024-02-08T21:00:54","date_gmt":"2024-02-08T20:00:54","guid":{"rendered":"https:\/\/dev.esk-eltern.de\/?post_type=product&#038;p=10917"},"modified":"2024-03-31T21:57:55","modified_gmt":"2024-03-31T19:57:55","slug":"osterferien-2024","status":"publish","type":"product","link":"https:\/\/dev.esk-eltern.de\/de\/produkt\/osterferien-2024\/","title":{"rendered":"Osterferien 2024"},"content":{"rendered":"<p><strong>Anmeldeschlu\u00df: 8.M\u00e4rz 2024<\/strong><\/p>\n<p><strong>Mindestanzahl: 8 Kinder<\/strong><br \/>\nWenn die Mindestanzahl nicht erreicht wird, kann die Ferienbetreuung nicht stattfinden.<\/p>\n<p>Das Programm l\u00e4uft vom <strong>2. bis 5. April 2024 (von 8 bis 16 Uhr)<\/strong> an der Europ\u00e4ischen Schule.<\/p>\n","protected":false},"excerpt":{"rendered":"<p>Anmeldeschlu\u00df: 8.M\u00e4rz 2024 Mindestanzahl: 8 Kinder Wenn die Mindestanzahl nicht erreicht wird, kann die Ferienbetreuung nicht stattfinden. Das Programm l\u00e4uft vom 2. bis 5. April 2024 (von 8 bis 16 Uhr) an der Europ\u00e4ischen Schule.<\/p>\n","protected":false},"featured_media":10918,"template":"","meta":{"inline_featured_image":false},"product_cat":[853],"product_tag":[],"yoast_head":"<!-- This site is optimized with the Yoast SEO plugin v22.6 - https:\/\/yoast.com\/wordpress\/plugins\/seo\/ -->\n<title>Osterferien 2024 - Elternvereinigung der Europ\u00e4ischen Schule Karlsruhe e.V.<\/title>\n<meta name=\"robots\" content=\"index, follow, max-snippet:-1, max-image-preview:large, max-video-preview:-1\" \/>\n<link rel=\"canonical\" href=\"https:\/\/www.esk-eltern.de\/de\/produkt\/osterferien-2024\/\" \/>\n<meta property=\"og:locale\" content=\"de_DE\" \/>\n<meta property=\"og:type\" content=\"article\" \/>\n<meta property=\"og:title\" content=\"Osterferien 2024 - Elternvereinigung der Europ\u00e4ischen Schule Karlsruhe e.V.\" \/>\n<meta property=\"og:description\" content=\"Anmeldeschlu\u00df: 8.M\u00e4rz 2024 Mindestanzahl: 8 Kinder Wenn die Mindestanzahl nicht erreicht wird, kann die Ferienbetreuung nicht stattfinden. Das Programm l\u00e4uft vom 2. bis 5. April 2024 (von 8 bis 16 Uhr) an der Europ\u00e4ischen Schule.\" \/>\n<meta property=\"og:url\" content=\"https:\/\/www.esk-eltern.de\/de\/produkt\/osterferien-2024\/\" \/>\n<meta property=\"og:site_name\" content=\"Elternvereinigung der Europ\u00e4ischen Schule Karlsruhe e.V.\" \/>\n<meta property=\"article:modified_time\" content=\"2024-03-31T19:57:55+00:00\" \/>\n<meta property=\"og:image\" content=\"https:\/\/www.esk-eltern.de\/wp-content\/uploads\/2024\/01\/artem-kniaz-DqgMHzeio7g-unsplash_web.jpg\" \/>\n\t<meta property=\"og:image:width\" content=\"1920\" \/>\n\t<meta property=\"og:image:height\" content=\"1280\" \/>\n\t<meta property=\"og:image:type\" content=\"image\/jpeg\" \/>\n<meta name=\"twitter:card\" content=\"summary_large_image\" \/>\n<meta name=\"twitter:label1\" content=\"Gesch\u00e4tzte Lesezeit\" \/>\n\t<meta name=\"twitter:data1\" content=\"1\u00a0Minute\" \/>\n<script type=\"application\/ld+json\" class=\"yoast-schema-graph\">{\"@context\":\"https:\/\/schema.org\",\"@graph\":[{\"@type\":\"WebPage\",\"@id\":\"https:\/\/www.esk-eltern.de\/de\/produkt\/osterferien-2024\/\",\"url\":\"https:\/\/www.esk-eltern.de\/de\/produkt\/osterferien-2024\/\",\"name\":\"Osterferien 2024 - Elternvereinigung der Europ\u00e4ischen Schule Karlsruhe e.V.\",\"isPartOf\":{\"@id\":\"https:\/\/www.esk-eltern.de\/de\/#website\"},\"primaryImageOfPage\":{\"@id\":\"https:\/\/www.esk-eltern.de\/de\/produkt\/osterferien-2024\/#primaryimage\"},\"image\":{\"@id\":\"https:\/\/www.esk-eltern.de\/de\/produkt\/osterferien-2024\/#primaryimage\"},\"thumbnailUrl\":\"https:\/\/dev.esk-eltern.de\/wp-content\/uploads\/2024\/01\/artem-kniaz-DqgMHzeio7g-unsplash_web.jpg\",\"datePublished\":\"2024-02-08T20:00:54+00:00\",\"dateModified\":\"2024-03-31T19:57:55+00:00\",\"breadcrumb\":{\"@id\":\"https:\/\/www.esk-eltern.de\/de\/produkt\/osterferien-2024\/#breadcrumb\"},\"inLanguage\":\"de\",\"potentialAction\":[{\"@type\":\"ReadAction\",\"target\":[\"https:\/\/www.esk-eltern.de\/de\/produkt\/osterferien-2024\/\"]}]},{\"@type\":\"ImageObject\",\"inLanguage\":\"de\",\"@id\":\"https:\/\/www.esk-eltern.de\/de\/produkt\/osterferien-2024\/#primaryimage\",\"url\":\"https:\/\/dev.esk-eltern.de\/wp-content\/uploads\/2024\/01\/artem-kniaz-DqgMHzeio7g-unsplash_web.jpg\",\"contentUrl\":\"https:\/\/dev.esk-eltern.de\/wp-content\/uploads\/2024\/01\/artem-kniaz-DqgMHzeio7g-unsplash_web.jpg\",\"width\":1920,\"height\":1280},{\"@type\":\"BreadcrumbList\",\"@id\":\"https:\/\/www.esk-eltern.de\/de\/produkt\/osterferien-2024\/#breadcrumb\",\"itemListElement\":[{\"@type\":\"ListItem\",\"position\":1,\"name\":\"Home\",\"item\":\"https:\/\/www.esk-eltern.de\/de\/\"},{\"@type\":\"ListItem\",\"position\":2,\"name\":\"Produkte\",\"item\":\"https:\/\/www.esk-eltern.de\/de\/shop\/\"},{\"@type\":\"ListItem\",\"position\":3,\"name\":\"Osterferien 2024\"}]},{\"@type\":\"WebSite\",\"@id\":\"https:\/\/www.esk-eltern.de\/de\/#website\",\"url\":\"https:\/\/www.esk-eltern.de\/de\/\",\"name\":\"Elternvereinigung der Europ\u00e4ischen Schule Karlsruhe e.V.\",\"description\":\"\",\"publisher\":{\"@id\":\"https:\/\/www.esk-eltern.de\/de\/#organization\"},\"potentialAction\":[{\"@type\":\"SearchAction\",\"target\":{\"@type\":\"EntryPoint\",\"urlTemplate\":\"https:\/\/www.esk-eltern.de\/de\/?s={search_term_string}\"},\"query-input\":\"required name=search_term_string\"}],\"inLanguage\":\"de\"},{\"@type\":\"Organization\",\"@id\":\"https:\/\/www.esk-eltern.de\/de\/#organization\",\"name\":\"Elternvereinigung der Europ\u00e4ischen Schule Karlsruhe e.V.\",\"url\":\"https:\/\/www.esk-eltern.de\/de\/\",\"logo\":{\"@type\":\"ImageObject\",\"inLanguage\":\"de\",\"@id\":\"https:\/\/www.esk-eltern.de\/de\/#\/schema\/logo\/image\/\",\"url\":\"https:\/\/dev.esk-eltern.de\/wp-content\/uploads\/2023\/07\/cropped-EV_512x512.png\",\"contentUrl\":\"https:\/\/dev.esk-eltern.de\/wp-content\/uploads\/2023\/07\/cropped-EV_512x512.png\",\"width\":512,\"height\":512,\"caption\":\"Elternvereinigung der Europ\u00e4ischen Schule Karlsruhe e.V.\"},\"image\":{\"@id\":\"https:\/\/www.esk-eltern.de\/de\/#\/schema\/logo\/image\/\"}}]}<\/script>\n<!-- \/ Yoast SEO plugin. -->","yoast_head_json":{"title":"Osterferien 2024 - Elternvereinigung der Europ\u00e4ischen Schule Karlsruhe e.V.","robots":{"index":"index","follow":"follow","max-snippet":"max-snippet:-1","max-image-preview":"max-image-preview:large","max-video-preview":"max-video-preview:-1"},"canonical":"https:\/\/www.esk-eltern.de\/de\/produkt\/osterferien-2024\/","og_locale":"de_DE","og_type":"article","og_title":"Osterferien 2024 - Elternvereinigung der Europ\u00e4ischen Schule Karlsruhe e.V.","og_description":"Anmeldeschlu\u00df: 8.M\u00e4rz 2024 Mindestanzahl: 8 Kinder Wenn die Mindestanzahl nicht erreicht wird, kann die Ferienbetreuung nicht stattfinden. Das Programm l\u00e4uft vom 2. bis 5. April 2024 (von 8 bis 16 Uhr) an der Europ\u00e4ischen Schule.","og_url":"https:\/\/www.esk-eltern.de\/de\/produkt\/osterferien-2024\/","og_site_name":"Elternvereinigung der Europ\u00e4ischen Schule Karlsruhe e.V.","article_modified_time":"2024-03-31T19:57:55+00:00","og_image":[{"width":1920,"height":1280,"url":"https:\/\/www.esk-eltern.de\/wp-content\/uploads\/2024\/01\/artem-kniaz-DqgMHzeio7g-unsplash_web.jpg","type":"image\/jpeg"}],"twitter_card":"summary_large_image","twitter_misc":{"Gesch\u00e4tzte Lesezeit":"1\u00a0Minute"},"schema":{"@context":"https:\/\/schema.org","@graph":[{"@type":"WebPage","@id":"https:\/\/www.esk-eltern.de\/de\/produkt\/osterferien-2024\/","url":"https:\/\/www.esk-eltern.de\/de\/produkt\/osterferien-2024\/","name":"Osterferien 2024 - Elternvereinigung der Europ\u00e4ischen Schule Karlsruhe e.V.","isPartOf":{"@id":"https:\/\/www.esk-eltern.de\/de\/#website"},"primaryImageOfPage":{"@id":"https:\/\/www.esk-eltern.de\/de\/produkt\/osterferien-2024\/#primaryimage"},"image":{"@id":"https:\/\/www.esk-eltern.de\/de\/produkt\/osterferien-2024\/#primaryimage"},"thumbnailUrl":"https:\/\/dev.esk-eltern.de\/wp-content\/uploads\/2024\/01\/artem-kniaz-DqgMHzeio7g-unsplash_web.jpg","datePublished":"2024-02-08T20:00:54+00:00","dateModified":"2024-03-31T19:57:55+00:00","breadcrumb":{"@id":"https:\/\/www.esk-eltern.de\/de\/produkt\/osterferien-2024\/#breadcrumb"},"inLanguage":"de","potentialAction":[{"@type":"ReadAction","target":["https:\/\/www.esk-eltern.de\/de\/produkt\/osterferien-2024\/"]}]},{"@type":"ImageObject","inLanguage":"de","@id":"https:\/\/www.esk-eltern.de\/de\/produkt\/osterferien-2024\/#primaryimage","url":"https:\/\/dev.esk-eltern.de\/wp-content\/uploads\/2024\/01\/artem-kniaz-DqgMHzeio7g-unsplash_web.jpg","contentUrl":"https:\/\/dev.esk-eltern.de\/wp-content\/uploads\/2024\/01\/artem-kniaz-DqgMHzeio7g-unsplash_web.jpg","width":1920,"height":1280},{"@type":"BreadcrumbList","@id":"https:\/\/www.esk-eltern.de\/de\/produkt\/osterferien-2024\/#breadcrumb","itemListElement":[{"@type":"ListItem","position":1,"name":"Home","item":"https:\/\/www.esk-eltern.de\/de\/"},{"@type":"ListItem","position":2,"name":"Produkte","item":"https:\/\/www.esk-eltern.de\/de\/shop\/"},{"@type":"ListItem","position":3,"name":"Osterferien 2024"}]},{"@type":"WebSite","@id":"https:\/\/www.esk-eltern.de\/de\/#website","url":"https:\/\/www.esk-eltern.de\/de\/","name":"Elternvereinigung der Europ\u00e4ischen Schule Karlsruhe e.V.","description":"","publisher":{"@id":"https:\/\/www.esk-eltern.de\/de\/#organization"},"potentialAction":[{"@type":"SearchAction","target":{"@type":"EntryPoint","urlTemplate":"https:\/\/www.esk-eltern.de\/de\/?s={search_term_string}"},"query-input":"required name=search_term_string"}],"inLanguage":"de"},{"@type":"Organization","@id":"https:\/\/www.esk-eltern.de\/de\/#organization","name":"Elternvereinigung der Europ\u00e4ischen Schule Karlsruhe e.V.","url":"https:\/\/www.esk-eltern.de\/de\/","logo":{"@type":"ImageObject","inLanguage":"de","@id":"https:\/\/www.esk-eltern.de\/de\/#\/schema\/logo\/image\/","url":"https:\/\/dev.esk-eltern.de\/wp-content\/uploads\/2023\/07\/cropped-EV_512x512.png","contentUrl":"https:\/\/dev.esk-eltern.de\/wp-content\/uploads\/2023\/07\/cropped-EV_512x512.png","width":512,"height":512,"caption":"Elternvereinigung der Europ\u00e4ischen Schule Karlsruhe e.V."},"image":{"@id":"https:\/\/www.esk-eltern.de\/de\/#\/schema\/logo\/image\/"}}]}},"_links":{"self":[{"href":"https:\/\/dev.esk-eltern.de\/de\/wp-json\/wp\/v2\/product\/10917"}],"collection":[{"href":"https:\/\/dev.esk-eltern.de\/de\/wp-json\/wp\/v2\/product"}],"about":[{"href":"https:\/\/dev.esk-eltern.de\/de\/wp-json\/wp\/v2\/types\/product"}],"wp:featuredmedia":[{"embeddable":true,"href":"https:\/\/dev.esk-eltern.de\/de\/wp-json\/wp\/v2\/media\/10918"}],"wp:attachment":[{"href":"https:\/\/dev.esk-eltern.de\/de\/wp-json\/wp\/v2\/media?parent=10917"}],"wp:term":[{"taxonomy":"product_cat","embeddable":true,"href":"https:\/\/dev.esk-eltern.de\/de\/wp-json\/wp\/v2\/product_cat?post=10917"},{"taxonomy":"product_tag","embeddable":true,"href":"https:\/\/dev.esk-eltern.de\/de\/wp-json\/wp\/v2\/product_tag?post=10917"}],"curies":[{"name":"wp","href":"https:\/\/api.w.org\/{rel}","templated":true}]}}