{"id":10932,"date":"2024-02-05T23:06:54","date_gmt":"2024-02-05T22:06:54","guid":{"rendered":"https:\/\/dev.esk-eltern.de\/?post_type=product&#038;p=10932"},"modified":"2024-04-13T09:56:06","modified_gmt":"2024-04-13T07:56:06","slug":"sweatjacke-mit-logo-pyramide","status":"publish","type":"product","link":"https:\/\/dev.esk-eltern.de\/de\/produkt\/sweatjacke-mit-logo-pyramide\/","title":{"rendered":"Sweatjacke mit Logo \u201ePyramide\u201c"},"content":{"rendered":"<p>F\u00fcr die \u00dcbergabe der Bestellung werden Sie kontaktiert.<br \/>\nBitte lassen Sie uns f\u00fcr die Vorbereitung und Nennung des \u00dcbergabetermins ein paar Tage Zeit.<\/p>\n<p>Die Ware wird nicht versendet und ausschlie\u00dflich an der Schule \u00fcbergeben.<\/p>\n<p>Euer Euroboutique-Team<\/p>\n","protected":false},"excerpt":{"rendered":"<p>F\u00fcr die \u00dcbergabe der Bestellung werden Sie kontaktiert. Bitte lassen Sie uns f\u00fcr die Vorbereitung und Nennung des \u00dcbergabetermins ein paar Tage Zeit. Die Ware wird nicht versendet und ausschlie\u00dflich an der Schule \u00fcbergeben. Euer Euroboutique-Team<\/p>\n","protected":false},"featured_media":8587,"template":"","meta":{"inline_featured_image":false},"product_cat":[578],"product_tag":[],"yoast_head":"<!-- This site is optimized with the Yoast SEO plugin v22.6 - https:\/\/yoast.com\/wordpress\/plugins\/seo\/ -->\n<title>Sweatjacke mit Logo \u201ePyramide\u201c - Elternvereinigung der Europ\u00e4ischen Schule Karlsruhe e.V.<\/title>\n<meta name=\"robots\" content=\"index, follow, max-snippet:-1, max-image-preview:large, max-video-preview:-1\" \/>\n<link rel=\"canonical\" href=\"https:\/\/www.esk-eltern.de\/de\/produkt\/sweatjacke-mit-logo-pyramide\/\" \/>\n<meta property=\"og:locale\" content=\"de_DE\" \/>\n<meta property=\"og:type\" content=\"article\" \/>\n<meta property=\"og:title\" content=\"Sweatjacke mit Logo \u201ePyramide\u201c - Elternvereinigung der Europ\u00e4ischen Schule Karlsruhe e.V.\" \/>\n<meta property=\"og:description\" content=\"F\u00fcr die \u00dcbergabe der Bestellung werden Sie kontaktiert. Bitte lassen Sie uns f\u00fcr die Vorbereitung und Nennung des \u00dcbergabetermins ein paar Tage Zeit. Die Ware wird nicht versendet und ausschlie\u00dflich an der Schule \u00fcbergeben. Euer Euroboutique-Team\" \/>\n<meta property=\"og:url\" content=\"https:\/\/www.esk-eltern.de\/de\/produkt\/sweatjacke-mit-logo-pyramide\/\" \/>\n<meta property=\"og:site_name\" content=\"Elternvereinigung der Europ\u00e4ischen Schule Karlsruhe e.V.\" \/>\n<meta property=\"article:modified_time\" content=\"2024-04-13T07:56:06+00:00\" \/>\n<meta property=\"og:image\" content=\"https:\/\/www.esk-eltern.de\/wp-content\/uploads\/2023\/03\/Sweatjacke_Grau_Vorne-1-scaled.jpg\" \/>\n\t<meta property=\"og:image:width\" content=\"2177\" \/>\n\t<meta property=\"og:image:height\" content=\"2560\" \/>\n\t<meta property=\"og:image:type\" content=\"image\/jpeg\" \/>\n<meta name=\"twitter:card\" content=\"summary_large_image\" \/>\n<meta name=\"twitter:label1\" content=\"Gesch\u00e4tzte Lesezeit\" \/>\n\t<meta name=\"twitter:data1\" content=\"1\u00a0Minute\" \/>\n<script type=\"application\/ld+json\" class=\"yoast-schema-graph\">{\"@context\":\"https:\/\/schema.org\",\"@graph\":[{\"@type\":\"WebPage\",\"@id\":\"https:\/\/www.esk-eltern.de\/de\/produkt\/sweatjacke-mit-logo-pyramide\/\",\"url\":\"https:\/\/www.esk-eltern.de\/de\/produkt\/sweatjacke-mit-logo-pyramide\/\",\"name\":\"Sweatjacke mit Logo \u201ePyramide\u201c - Elternvereinigung der Europ\u00e4ischen Schule Karlsruhe e.V.\",\"isPartOf\":{\"@id\":\"https:\/\/www.esk-eltern.de\/de\/#website\"},\"primaryImageOfPage\":{\"@id\":\"https:\/\/www.esk-eltern.de\/de\/produkt\/sweatjacke-mit-logo-pyramide\/#primaryimage\"},\"image\":{\"@id\":\"https:\/\/www.esk-eltern.de\/de\/produkt\/sweatjacke-mit-logo-pyramide\/#primaryimage\"},\"thumbnailUrl\":\"https:\/\/dev.esk-eltern.de\/wp-content\/uploads\/2023\/03\/Sweatjacke_Grau_Vorne-1-scaled.jpg\",\"datePublished\":\"2024-02-05T22:06:54+00:00\",\"dateModified\":\"2024-04-13T07:56:06+00:00\",\"breadcrumb\":{\"@id\":\"https:\/\/www.esk-eltern.de\/de\/produkt\/sweatjacke-mit-logo-pyramide\/#breadcrumb\"},\"inLanguage\":\"de\",\"potentialAction\":[{\"@type\":\"ReadAction\",\"target\":[\"https:\/\/www.esk-eltern.de\/de\/produkt\/sweatjacke-mit-logo-pyramide\/\"]}]},{\"@type\":\"ImageObject\",\"inLanguage\":\"de\",\"@id\":\"https:\/\/www.esk-eltern.de\/de\/produkt\/sweatjacke-mit-logo-pyramide\/#primaryimage\",\"url\":\"https:\/\/dev.esk-eltern.de\/wp-content\/uploads\/2023\/03\/Sweatjacke_Grau_Vorne-1-scaled.jpg\",\"contentUrl\":\"https:\/\/dev.esk-eltern.de\/wp-content\/uploads\/2023\/03\/Sweatjacke_Grau_Vorne-1-scaled.jpg\",\"width\":2177,\"height\":2560},{\"@type\":\"BreadcrumbList\",\"@id\":\"https:\/\/www.esk-eltern.de\/de\/produkt\/sweatjacke-mit-logo-pyramide\/#breadcrumb\",\"itemListElement\":[{\"@type\":\"ListItem\",\"position\":1,\"name\":\"Home\",\"item\":\"https:\/\/www.esk-eltern.de\/de\/\"},{\"@type\":\"ListItem\",\"position\":2,\"name\":\"Produkte\",\"item\":\"https:\/\/www.esk-eltern.de\/de\/shop\/\"},{\"@type\":\"ListItem\",\"position\":3,\"name\":\"Sweatjacke mit Logo \u201ePyramide\u201c\"}]},{\"@type\":\"WebSite\",\"@id\":\"https:\/\/www.esk-eltern.de\/de\/#website\",\"url\":\"https:\/\/www.esk-eltern.de\/de\/\",\"name\":\"Elternvereinigung der Europ\u00e4ischen Schule Karlsruhe e.V.\",\"description\":\"\",\"publisher\":{\"@id\":\"https:\/\/www.esk-eltern.de\/de\/#organization\"},\"potentialAction\":[{\"@type\":\"SearchAction\",\"target\":{\"@type\":\"EntryPoint\",\"urlTemplate\":\"https:\/\/www.esk-eltern.de\/de\/?s={search_term_string}\"},\"query-input\":\"required name=search_term_string\"}],\"inLanguage\":\"de\"},{\"@type\":\"Organization\",\"@id\":\"https:\/\/www.esk-eltern.de\/de\/#organization\",\"name\":\"Elternvereinigung der Europ\u00e4ischen Schule Karlsruhe e.V.\",\"url\":\"https:\/\/www.esk-eltern.de\/de\/\",\"logo\":{\"@type\":\"ImageObject\",\"inLanguage\":\"de\",\"@id\":\"https:\/\/www.esk-eltern.de\/de\/#\/schema\/logo\/image\/\",\"url\":\"https:\/\/dev.esk-eltern.de\/wp-content\/uploads\/2023\/07\/cropped-EV_512x512.png\",\"contentUrl\":\"https:\/\/dev.esk-eltern.de\/wp-content\/uploads\/2023\/07\/cropped-EV_512x512.png\",\"width\":512,\"height\":512,\"caption\":\"Elternvereinigung der Europ\u00e4ischen Schule Karlsruhe e.V.\"},\"image\":{\"@id\":\"https:\/\/www.esk-eltern.de\/de\/#\/schema\/logo\/image\/\"}}]}<\/script>\n<!-- \/ Yoast SEO plugin. -->","yoast_head_json":{"title":"Sweatjacke mit Logo \u201ePyramide\u201c - Elternvereinigung der Europ\u00e4ischen Schule Karlsruhe e.V.","robots":{"index":"index","follow":"follow","max-snippet":"max-snippet:-1","max-image-preview":"max-image-preview:large","max-video-preview":"max-video-preview:-1"},"canonical":"https:\/\/www.esk-eltern.de\/de\/produkt\/sweatjacke-mit-logo-pyramide\/","og_locale":"de_DE","og_type":"article","og_title":"Sweatjacke mit Logo \u201ePyramide\u201c - Elternvereinigung der Europ\u00e4ischen Schule Karlsruhe e.V.","og_description":"F\u00fcr die \u00dcbergabe der Bestellung werden Sie kontaktiert. Bitte lassen Sie uns f\u00fcr die Vorbereitung und Nennung des \u00dcbergabetermins ein paar Tage Zeit. Die Ware wird nicht versendet und ausschlie\u00dflich an der Schule \u00fcbergeben. Euer Euroboutique-Team","og_url":"https:\/\/www.esk-eltern.de\/de\/produkt\/sweatjacke-mit-logo-pyramide\/","og_site_name":"Elternvereinigung der Europ\u00e4ischen Schule Karlsruhe e.V.","article_modified_time":"2024-04-13T07:56:06+00:00","og_image":[{"width":2177,"height":2560,"url":"https:\/\/www.esk-eltern.de\/wp-content\/uploads\/2023\/03\/Sweatjacke_Grau_Vorne-1-scaled.jpg","type":"image\/jpeg"}],"twitter_card":"summary_large_image","twitter_misc":{"Gesch\u00e4tzte Lesezeit":"1\u00a0Minute"},"schema":{"@context":"https:\/\/schema.org","@graph":[{"@type":"WebPage","@id":"https:\/\/www.esk-eltern.de\/de\/produkt\/sweatjacke-mit-logo-pyramide\/","url":"https:\/\/www.esk-eltern.de\/de\/produkt\/sweatjacke-mit-logo-pyramide\/","name":"Sweatjacke mit Logo \u201ePyramide\u201c - Elternvereinigung der Europ\u00e4ischen Schule Karlsruhe e.V.","isPartOf":{"@id":"https:\/\/www.esk-eltern.de\/de\/#website"},"primaryImageOfPage":{"@id":"https:\/\/www.esk-eltern.de\/de\/produkt\/sweatjacke-mit-logo-pyramide\/#primaryimage"},"image":{"@id":"https:\/\/www.esk-eltern.de\/de\/produkt\/sweatjacke-mit-logo-pyramide\/#primaryimage"},"thumbnailUrl":"https:\/\/dev.esk-eltern.de\/wp-content\/uploads\/2023\/03\/Sweatjacke_Grau_Vorne-1-scaled.jpg","datePublished":"2024-02-05T22:06:54+00:00","dateModified":"2024-04-13T07:56:06+00:00","breadcrumb":{"@id":"https:\/\/www.esk-eltern.de\/de\/produkt\/sweatjacke-mit-logo-pyramide\/#breadcrumb"},"inLanguage":"de","potentialAction":[{"@type":"ReadAction","target":["https:\/\/www.esk-eltern.de\/de\/produkt\/sweatjacke-mit-logo-pyramide\/"]}]},{"@type":"ImageObject","inLanguage":"de","@id":"https:\/\/www.esk-eltern.de\/de\/produkt\/sweatjacke-mit-logo-pyramide\/#primaryimage","url":"https:\/\/dev.esk-eltern.de\/wp-content\/uploads\/2023\/03\/Sweatjacke_Grau_Vorne-1-scaled.jpg","contentUrl":"https:\/\/dev.esk-eltern.de\/wp-content\/uploads\/2023\/03\/Sweatjacke_Grau_Vorne-1-scaled.jpg","width":2177,"height":2560},{"@type":"BreadcrumbList","@id":"https:\/\/www.esk-eltern.de\/de\/produkt\/sweatjacke-mit-logo-pyramide\/#breadcrumb","itemListElement":[{"@type":"ListItem","position":1,"name":"Home","item":"https:\/\/www.esk-eltern.de\/de\/"},{"@type":"ListItem","position":2,"name":"Produkte","item":"https:\/\/www.esk-eltern.de\/de\/shop\/"},{"@type":"ListItem","position":3,"name":"Sweatjacke mit Logo \u201ePyramide\u201c"}]},{"@type":"WebSite","@id":"https:\/\/www.esk-eltern.de\/de\/#website","url":"https:\/\/www.esk-eltern.de\/de\/","name":"Elternvereinigung der Europ\u00e4ischen Schule Karlsruhe e.V.","description":"","publisher":{"@id":"https:\/\/www.esk-eltern.de\/de\/#organization"},"potentialAction":[{"@type":"SearchAction","target":{"@type":"EntryPoint","urlTemplate":"https:\/\/www.esk-eltern.de\/de\/?s={search_term_string}"},"query-input":"required name=search_term_string"}],"inLanguage":"de"},{"@type":"Organization","@id":"https:\/\/www.esk-eltern.de\/de\/#organization","name":"Elternvereinigung der Europ\u00e4ischen Schule Karlsruhe e.V.","url":"https:\/\/www.esk-eltern.de\/de\/","logo":{"@type":"ImageObject","inLanguage":"de","@id":"https:\/\/www.esk-eltern.de\/de\/#\/schema\/logo\/image\/","url":"https:\/\/dev.esk-eltern.de\/wp-content\/uploads\/2023\/07\/cropped-EV_512x512.png","contentUrl":"https:\/\/dev.esk-eltern.de\/wp-content\/uploads\/2023\/07\/cropped-EV_512x512.png","width":512,"height":512,"caption":"Elternvereinigung der Europ\u00e4ischen Schule Karlsruhe e.V."},"image":{"@id":"https:\/\/www.esk-eltern.de\/de\/#\/schema\/logo\/image\/"}}]}},"_links":{"self":[{"href":"https:\/\/dev.esk-eltern.de\/de\/wp-json\/wp\/v2\/product\/10932"}],"collection":[{"href":"https:\/\/dev.esk-eltern.de\/de\/wp-json\/wp\/v2\/product"}],"about":[{"href":"https:\/\/dev.esk-eltern.de\/de\/wp-json\/wp\/v2\/types\/product"}],"wp:featuredmedia":[{"embeddable":true,"href":"https:\/\/dev.esk-eltern.de\/de\/wp-json\/wp\/v2\/media\/8587"}],"wp:attachment":[{"href":"https:\/\/dev.esk-eltern.de\/de\/wp-json\/wp\/v2\/media?parent=10932"}],"wp:term":[{"taxonomy":"product_cat","embeddable":true,"href":"https:\/\/dev.esk-eltern.de\/de\/wp-json\/wp\/v2\/product_cat?post=10932"},{"taxonomy":"product_tag","embeddable":true,"href":"https:\/\/dev.esk-eltern.de\/de\/wp-json\/wp\/v2\/product_tag?post=10932"}],"curies":[{"name":"wp","href":"https:\/\/api.w.org\/{rel}","templated":true}]}}