{"id":9987,"date":"2024-02-03T16:02:11","date_gmt":"2024-02-03T15:02:11","guid":{"rendered":"https:\/\/dev.esk-eltern.de\/?post_type=product&#038;p=9987"},"modified":"2024-07-01T00:13:41","modified_gmt":"2024-06-30T22:13:41","slug":"englischclub","status":"publish","type":"product","link":"https:\/\/dev.esk-eltern.de\/de\/produkt\/englischclub\/","title":{"rendered":"Englisch Club"},"content":{"rendered":"","protected":false},"excerpt":{"rendered":"<p>Komm und hab Sie Spa\u00df mit den Kl\u00e4ngen der englischen Sprache (Auf die Aussprache konzentriert)<\/p>\n<p>&nbsp;<\/p>\n","protected":false},"featured_media":10055,"template":"","meta":{"inline_featured_image":false},"product_cat":[561,127],"product_tag":[],"yoast_head":"<!-- This site is optimized with the Yoast SEO plugin v22.6 - https:\/\/yoast.com\/wordpress\/plugins\/seo\/ -->\n<title>Englisch Club - Elternvereinigung der Europ\u00e4ischen Schule Karlsruhe e.V.<\/title>\n<meta name=\"robots\" content=\"index, follow, max-snippet:-1, max-image-preview:large, max-video-preview:-1\" \/>\n<link rel=\"canonical\" href=\"https:\/\/www.esk-eltern.de\/de\/produkt\/englischclub\/\" \/>\n<meta property=\"og:locale\" content=\"de_DE\" \/>\n<meta property=\"og:type\" content=\"article\" \/>\n<meta property=\"og:title\" content=\"Englisch Club - Elternvereinigung der Europ\u00e4ischen Schule Karlsruhe e.V.\" \/>\n<meta property=\"og:description\" content=\"Komm und hab Sie Spa\u00df mit den Kl\u00e4ngen der englischen Sprache (Auf die Aussprache konzentriert)  &nbsp;\" \/>\n<meta property=\"og:url\" content=\"https:\/\/www.esk-eltern.de\/de\/produkt\/englischclub\/\" \/>\n<meta property=\"og:site_name\" content=\"Elternvereinigung der Europ\u00e4ischen Schule Karlsruhe e.V.\" \/>\n<meta property=\"article:modified_time\" content=\"2024-06-30T22:13:41+00:00\" \/>\n<meta property=\"og:image\" content=\"https:\/\/www.esk-eltern.de\/wp-content\/uploads\/2023\/09\/pngtree-english-speaking-club-text-draw-on-chalkboard-blackboard-class-draw-vector-png-image_30057358.jpg\" \/>\n\t<meta property=\"og:image:width\" content=\"360\" \/>\n\t<meta property=\"og:image:height\" content=\"360\" \/>\n\t<meta property=\"og:image:type\" content=\"image\/jpeg\" \/>\n<meta name=\"twitter:card\" content=\"summary_large_image\" \/>\n<meta name=\"twitter:label1\" content=\"Gesch\u00e4tzte Lesezeit\" \/>\n\t<meta name=\"twitter:data1\" content=\"1\u00a0Minute\" \/>\n<script type=\"application\/ld+json\" class=\"yoast-schema-graph\">{\"@context\":\"https:\/\/schema.org\",\"@graph\":[{\"@type\":\"WebPage\",\"@id\":\"https:\/\/www.esk-eltern.de\/de\/produkt\/englischclub\/\",\"url\":\"https:\/\/www.esk-eltern.de\/de\/produkt\/englischclub\/\",\"name\":\"Englisch Club - Elternvereinigung der Europ\u00e4ischen Schule Karlsruhe e.V.\",\"isPartOf\":{\"@id\":\"https:\/\/www.esk-eltern.de\/de\/#website\"},\"primaryImageOfPage\":{\"@id\":\"https:\/\/www.esk-eltern.de\/de\/produkt\/englischclub\/#primaryimage\"},\"image\":{\"@id\":\"https:\/\/www.esk-eltern.de\/de\/produkt\/englischclub\/#primaryimage\"},\"thumbnailUrl\":\"https:\/\/dev.esk-eltern.de\/wp-content\/uploads\/2023\/09\/pngtree-english-speaking-club-text-draw-on-chalkboard-blackboard-class-draw-vector-png-image_30057358.jpg\",\"datePublished\":\"2024-02-03T15:02:11+00:00\",\"dateModified\":\"2024-06-30T22:13:41+00:00\",\"breadcrumb\":{\"@id\":\"https:\/\/www.esk-eltern.de\/de\/produkt\/englischclub\/#breadcrumb\"},\"inLanguage\":\"de\",\"potentialAction\":[{\"@type\":\"ReadAction\",\"target\":[\"https:\/\/www.esk-eltern.de\/de\/produkt\/englischclub\/\"]}]},{\"@type\":\"ImageObject\",\"inLanguage\":\"de\",\"@id\":\"https:\/\/www.esk-eltern.de\/de\/produkt\/englischclub\/#primaryimage\",\"url\":\"https:\/\/dev.esk-eltern.de\/wp-content\/uploads\/2023\/09\/pngtree-english-speaking-club-text-draw-on-chalkboard-blackboard-class-draw-vector-png-image_30057358.jpg\",\"contentUrl\":\"https:\/\/dev.esk-eltern.de\/wp-content\/uploads\/2023\/09\/pngtree-english-speaking-club-text-draw-on-chalkboard-blackboard-class-draw-vector-png-image_30057358.jpg\",\"width\":360,\"height\":360},{\"@type\":\"BreadcrumbList\",\"@id\":\"https:\/\/www.esk-eltern.de\/de\/produkt\/englischclub\/#breadcrumb\",\"itemListElement\":[{\"@type\":\"ListItem\",\"position\":1,\"name\":\"Home\",\"item\":\"https:\/\/www.esk-eltern.de\/de\/\"},{\"@type\":\"ListItem\",\"position\":2,\"name\":\"Produkte\",\"item\":\"https:\/\/www.esk-eltern.de\/de\/shop\/\"},{\"@type\":\"ListItem\",\"position\":3,\"name\":\"Englisch Club\"}]},{\"@type\":\"WebSite\",\"@id\":\"https:\/\/www.esk-eltern.de\/de\/#website\",\"url\":\"https:\/\/www.esk-eltern.de\/de\/\",\"name\":\"Elternvereinigung der Europ\u00e4ischen Schule Karlsruhe e.V.\",\"description\":\"\",\"publisher\":{\"@id\":\"https:\/\/www.esk-eltern.de\/de\/#organization\"},\"potentialAction\":[{\"@type\":\"SearchAction\",\"target\":{\"@type\":\"EntryPoint\",\"urlTemplate\":\"https:\/\/www.esk-eltern.de\/de\/?s={search_term_string}\"},\"query-input\":\"required name=search_term_string\"}],\"inLanguage\":\"de\"},{\"@type\":\"Organization\",\"@id\":\"https:\/\/www.esk-eltern.de\/de\/#organization\",\"name\":\"Elternvereinigung der Europ\u00e4ischen Schule Karlsruhe e.V.\",\"url\":\"https:\/\/www.esk-eltern.de\/de\/\",\"logo\":{\"@type\":\"ImageObject\",\"inLanguage\":\"de\",\"@id\":\"https:\/\/www.esk-eltern.de\/de\/#\/schema\/logo\/image\/\",\"url\":\"https:\/\/dev.esk-eltern.de\/wp-content\/uploads\/2023\/07\/cropped-EV_512x512.png\",\"contentUrl\":\"https:\/\/dev.esk-eltern.de\/wp-content\/uploads\/2023\/07\/cropped-EV_512x512.png\",\"width\":512,\"height\":512,\"caption\":\"Elternvereinigung der Europ\u00e4ischen Schule Karlsruhe e.V.\"},\"image\":{\"@id\":\"https:\/\/www.esk-eltern.de\/de\/#\/schema\/logo\/image\/\"}}]}<\/script>\n<!-- \/ Yoast SEO plugin. -->","yoast_head_json":{"title":"Englisch Club - Elternvereinigung der Europ\u00e4ischen Schule Karlsruhe e.V.","robots":{"index":"index","follow":"follow","max-snippet":"max-snippet:-1","max-image-preview":"max-image-preview:large","max-video-preview":"max-video-preview:-1"},"canonical":"https:\/\/www.esk-eltern.de\/de\/produkt\/englischclub\/","og_locale":"de_DE","og_type":"article","og_title":"Englisch Club - Elternvereinigung der Europ\u00e4ischen Schule Karlsruhe e.V.","og_description":"Komm und hab Sie Spa\u00df mit den Kl\u00e4ngen der englischen Sprache (Auf die Aussprache konzentriert)  &nbsp;","og_url":"https:\/\/www.esk-eltern.de\/de\/produkt\/englischclub\/","og_site_name":"Elternvereinigung der Europ\u00e4ischen Schule Karlsruhe e.V.","article_modified_time":"2024-06-30T22:13:41+00:00","og_image":[{"width":360,"height":360,"url":"https:\/\/www.esk-eltern.de\/wp-content\/uploads\/2023\/09\/pngtree-english-speaking-club-text-draw-on-chalkboard-blackboard-class-draw-vector-png-image_30057358.jpg","type":"image\/jpeg"}],"twitter_card":"summary_large_image","twitter_misc":{"Gesch\u00e4tzte Lesezeit":"1\u00a0Minute"},"schema":{"@context":"https:\/\/schema.org","@graph":[{"@type":"WebPage","@id":"https:\/\/www.esk-eltern.de\/de\/produkt\/englischclub\/","url":"https:\/\/www.esk-eltern.de\/de\/produkt\/englischclub\/","name":"Englisch Club - Elternvereinigung der Europ\u00e4ischen Schule Karlsruhe e.V.","isPartOf":{"@id":"https:\/\/www.esk-eltern.de\/de\/#website"},"primaryImageOfPage":{"@id":"https:\/\/www.esk-eltern.de\/de\/produkt\/englischclub\/#primaryimage"},"image":{"@id":"https:\/\/www.esk-eltern.de\/de\/produkt\/englischclub\/#primaryimage"},"thumbnailUrl":"https:\/\/dev.esk-eltern.de\/wp-content\/uploads\/2023\/09\/pngtree-english-speaking-club-text-draw-on-chalkboard-blackboard-class-draw-vector-png-image_30057358.jpg","datePublished":"2024-02-03T15:02:11+00:00","dateModified":"2024-06-30T22:13:41+00:00","breadcrumb":{"@id":"https:\/\/www.esk-eltern.de\/de\/produkt\/englischclub\/#breadcrumb"},"inLanguage":"de","potentialAction":[{"@type":"ReadAction","target":["https:\/\/www.esk-eltern.de\/de\/produkt\/englischclub\/"]}]},{"@type":"ImageObject","inLanguage":"de","@id":"https:\/\/www.esk-eltern.de\/de\/produkt\/englischclub\/#primaryimage","url":"https:\/\/dev.esk-eltern.de\/wp-content\/uploads\/2023\/09\/pngtree-english-speaking-club-text-draw-on-chalkboard-blackboard-class-draw-vector-png-image_30057358.jpg","contentUrl":"https:\/\/dev.esk-eltern.de\/wp-content\/uploads\/2023\/09\/pngtree-english-speaking-club-text-draw-on-chalkboard-blackboard-class-draw-vector-png-image_30057358.jpg","width":360,"height":360},{"@type":"BreadcrumbList","@id":"https:\/\/www.esk-eltern.de\/de\/produkt\/englischclub\/#breadcrumb","itemListElement":[{"@type":"ListItem","position":1,"name":"Home","item":"https:\/\/www.esk-eltern.de\/de\/"},{"@type":"ListItem","position":2,"name":"Produkte","item":"https:\/\/www.esk-eltern.de\/de\/shop\/"},{"@type":"ListItem","position":3,"name":"Englisch Club"}]},{"@type":"WebSite","@id":"https:\/\/www.esk-eltern.de\/de\/#website","url":"https:\/\/www.esk-eltern.de\/de\/","name":"Elternvereinigung der Europ\u00e4ischen Schule Karlsruhe e.V.","description":"","publisher":{"@id":"https:\/\/www.esk-eltern.de\/de\/#organization"},"potentialAction":[{"@type":"SearchAction","target":{"@type":"EntryPoint","urlTemplate":"https:\/\/www.esk-eltern.de\/de\/?s={search_term_string}"},"query-input":"required name=search_term_string"}],"inLanguage":"de"},{"@type":"Organization","@id":"https:\/\/www.esk-eltern.de\/de\/#organization","name":"Elternvereinigung der Europ\u00e4ischen Schule Karlsruhe e.V.","url":"https:\/\/www.esk-eltern.de\/de\/","logo":{"@type":"ImageObject","inLanguage":"de","@id":"https:\/\/www.esk-eltern.de\/de\/#\/schema\/logo\/image\/","url":"https:\/\/dev.esk-eltern.de\/wp-content\/uploads\/2023\/07\/cropped-EV_512x512.png","contentUrl":"https:\/\/dev.esk-eltern.de\/wp-content\/uploads\/2023\/07\/cropped-EV_512x512.png","width":512,"height":512,"caption":"Elternvereinigung der Europ\u00e4ischen Schule Karlsruhe e.V."},"image":{"@id":"https:\/\/www.esk-eltern.de\/de\/#\/schema\/logo\/image\/"}}]}},"_links":{"self":[{"href":"https:\/\/dev.esk-eltern.de\/de\/wp-json\/wp\/v2\/product\/9987"}],"collection":[{"href":"https:\/\/dev.esk-eltern.de\/de\/wp-json\/wp\/v2\/product"}],"about":[{"href":"https:\/\/dev.esk-eltern.de\/de\/wp-json\/wp\/v2\/types\/product"}],"wp:featuredmedia":[{"embeddable":true,"href":"https:\/\/dev.esk-eltern.de\/de\/wp-json\/wp\/v2\/media\/10055"}],"wp:attachment":[{"href":"https:\/\/dev.esk-eltern.de\/de\/wp-json\/wp\/v2\/media?parent=9987"}],"wp:term":[{"taxonomy":"product_cat","embeddable":true,"href":"https:\/\/dev.esk-eltern.de\/de\/wp-json\/wp\/v2\/product_cat?post=9987"},{"taxonomy":"product_tag","embeddable":true,"href":"https:\/\/dev.esk-eltern.de\/de\/wp-json\/wp\/v2\/product_tag?post=9987"}],"curies":[{"name":"wp","href":"https:\/\/api.w.org\/{rel}","templated":true}]}}