{"id":142,"date":"2018-01-25T10:46:45","date_gmt":"2018-01-25T09:46:45","guid":{"rendered":"https:\/\/dev.esk-eltern.de\/?page_id=142"},"modified":"2023-10-18T09:04:56","modified_gmt":"2023-10-18T07:04:56","slug":"legal-notice","status":"publish","type":"page","link":"https:\/\/dev.esk-eltern.de\/en\/about-the-evk\/legal-notice\/","title":{"rendered":"Legal notice"},"content":{"rendered":"\n<h2 class=\"wp-block-heading\">Impressum \/ Contact\/ Disclaimer<\/h2>\n\n\n\n<p><span><b>Verantwortlich:<\/b><\/span><\/p>\n\n\n\n<p><span>Elternvereinigung der Europ\u00e4ischen Schule Karlsruhe e.V. Albert-Schweitzer-Str. 1 76139 Karlsruhe<\/span><\/p>\n\n\n\n<p><span><b>Vertreten durch:<\/b><\/span><\/p>\n\n\n\n<p>1. Vorstandsvorsitzenden : Brynn Thompson-Renz (eingetragen), Felicitas Martens<\/p>\n\n\n\n<p>2. Vorstandsvorsitzenden: <span>David Greiner (eingetragen), Kati Reeb<\/span><\/p>\n\n\n\n<p><span>Schatzmeiste<\/span>r: M\u00e9lanie G\u00e9rard<\/p>\n\n\n\n<p><span><b>Kontakt:<\/b><\/span><\/p>\n\n\n\n<p><span>E-Mail:&nbsp;kar-ev@partner.eursc.eu<\/span><\/p>\n\n\n\n<p><span>Registernummer: VR744<\/span><\/p>\n\n\n\n<p><span><b>Disclaimer:<\/b><\/span><\/p>\n\n\n\n<p><span><b>1. Haftungsbeschr\u00e4nkung<\/b><\/span><\/p>\n\n\n\n<p><span>Die Inhalte dieser Website werden mit gr\u00f6\u00dftm\u00f6glicher Sorgfalt erstellt. Der Anbieter \u00fcbernimmt jedoch keine Gew\u00e4hr f\u00fcr die Richtigkeit, Vollst\u00e4ndigkeit und Aktualit\u00e4t der bereitgestellten Inhalte. Die Nutzung der Inhalte der Website erfolgt auf eigene Gefahr des Nutzers. Namentlich gekennzeichnete Beitr\u00e4ge geben die Meinung des jeweiligen Autors und nicht immer die Meinung des Anbieters wieder. Mit der reinen Nutzung der Website des Anbieters kommt keinerlei Vertragsverh\u00e4ltnis zwischen dem Nutzer und dem Anbieter zustande.<\/span><\/p>\n\n\n\n<p><span><b>2. Externe Links<\/b><\/span><\/p>\n\n\n\n<p><span>Diese Website enth\u00e4lt Verkn\u00fcpfungen zu Websites Dritter (&#8220;externe Links&#8221;). Diese Websites unterliegen der Haftung der jeweiligen Betreiber. Der Anbieter hat bei der erstmaligen Verkn\u00fcpfung der externen Links die fremden Inhalte daraufhin \u00fcberpr\u00fcft, ob etwaige Rechtsverst\u00f6\u00dfe bestehen. Zu dem Zeitpunkt waren keine Rechtsverst\u00f6\u00dfe ersichtlich. Der Anbieter hat keinerlei Einfluss auf die aktuelle und zuk\u00fcnftige Gestaltung und auf die Inhalte der verkn\u00fcpften Seiten. Das Setzen von externen Links bedeutet nicht, dass sich der Anbieter die hinter dem Verweis oder Link liegenden Inhalte zu Eigen macht. Eine st\u00e4ndige Kontrolle der externen Links ist f\u00fcr den Anbieter ohne konkrete Hinweise auf Rechtsverst\u00f6\u00dfe nicht zumutbar. Bei Kenntnis von Rechtsverst\u00f6\u00dfen werden jedoch derartige externe Links unverz\u00fcglich gel\u00f6scht.<\/span><\/p>\n\n\n\n<p><span><b>3. Urheber- und Leistungsschutzrechte<\/b><\/span><\/p>\n\n\n\n<p><span>Die auf dieser Website ver\u00f6ffentlichten Inhalte unterliegen dem deutschen Urheber- und Leistungsschutzrecht. Jede vom deutschen Urheber- und Leistungsschutzrecht nicht zugelassene Verwertung bedarf der vorherigen schriftlichen Zustimmung des Anbieters oder jeweiligen Rechteinhabers. Dies gilt insbesondere f\u00fcr Vervielf\u00e4ltigung, Bearbeitung, \u00dcbersetzung, Einspeicherung, Verarbeitung bzw. Wiedergabe von Inhalten in Datenbanken oder anderen elektronischen Medien und Systemen. Inhalte und Rechte Dritter sind dabei als solche gekennzeichnet. Die unerlaubte Vervielf\u00e4ltigung oder Weitergabe einzelner Inhalte oder kompletter Seiten ist nicht gestattet und strafbar. Lediglich die Herstellung von Kopien und Downloads f\u00fcr den pers\u00f6nlichen, privaten und nicht kommerziellen Gebrauch ist erlaubt.<\/span><\/p>\n\n\n\n<p><span>Die Darstellung dieser Website in fremden Frames ist nur mit schriftlicher Erlaubnis zul\u00e4ssig.<\/span><\/p>\n","protected":false},"excerpt":{"rendered":"<p>Impressum \/ Contact\/ Disclaimer Verantwortlich: Elternvereinigung der Europ\u00e4ischen Schule Karlsruhe e.V. Albert-Schweitzer-Str. 1 76139 Karlsruhe Vertreten durch: 1. Vorstandsvorsitzenden : Brynn Thompson-Renz (eingetragen), Felicitas Martens 2. Vorstandsvorsitzenden: David Greiner (eingetragen), Kati Reeb Schatzmeister: M\u00e9lanie G\u00e9rard Kontakt: E-Mail:&nbsp;kar-ev@partner.eursc.eu Registernummer: VR744 Disclaimer: 1. Haftungsbeschr\u00e4nkung Die Inhalte dieser Website werden mit gr\u00f6\u00dftm\u00f6glicher Sorgfalt erstellt. Der Anbieter \u00fcbernimmt jedoch <a class=\"read-more-link\" href=\"https:\/\/dev.esk-eltern.de\/en\/about-the-evk\/legal-notice\/\">Read More<\/a><\/p>\n","protected":false},"author":0,"featured_media":0,"parent":129,"menu_order":73,"comment_status":"closed","ping_status":"closed","template":"","meta":{"inline_featured_image":false,"footnotes":""},"yoast_head":"<!-- This site is optimized with the Yoast SEO plugin v22.6 - https:\/\/yoast.com\/wordpress\/plugins\/seo\/ -->\n<title>Legal notice - Parents&#039; Association of the European School Karlsruhe e.V.<\/title>\n<meta name=\"robots\" content=\"index, follow, max-snippet:-1, max-image-preview:large, max-video-preview:-1\" \/>\n<link rel=\"canonical\" href=\"https:\/\/www.esk-eltern.de\/en\/about-the-evk\/legal-notice\/\" \/>\n<meta property=\"og:locale\" content=\"en_US\" \/>\n<meta property=\"og:type\" content=\"article\" \/>\n<meta property=\"og:title\" content=\"Legal notice - Parents&#039; Association of the European School Karlsruhe e.V.\" \/>\n<meta property=\"og:description\" content=\"Impressum \/ Contact\/ Disclaimer Verantwortlich: Elternvereinigung der Europ\u00e4ischen Schule Karlsruhe e.V. Albert-Schweitzer-Str. 1 76139 Karlsruhe Vertreten durch: 1. Vorstandsvorsitzenden : Brynn Thompson-Renz (eingetragen), Felicitas Martens 2. Vorstandsvorsitzenden: David Greiner (eingetragen), Kati Reeb Schatzmeister: M\u00e9lanie G\u00e9rard Kontakt: E-Mail:&nbsp;kar-ev@partner.eursc.eu Registernummer: VR744 Disclaimer: 1. Haftungsbeschr\u00e4nkung Die Inhalte dieser Website werden mit gr\u00f6\u00dftm\u00f6glicher Sorgfalt erstellt. Der Anbieter \u00fcbernimmt jedoch Read More\" \/>\n<meta property=\"og:url\" content=\"https:\/\/www.esk-eltern.de\/en\/about-the-evk\/legal-notice\/\" \/>\n<meta property=\"og:site_name\" content=\"Parents&#039; Association of the European School Karlsruhe e.V.\" \/>\n<meta property=\"article:modified_time\" content=\"2023-10-18T07:04:56+00:00\" \/>\n<meta name=\"twitter:card\" content=\"summary_large_image\" \/>\n<meta name=\"twitter:label1\" content=\"Est. reading time\" \/>\n\t<meta name=\"twitter:data1\" content=\"2 minutes\" \/>\n<script type=\"application\/ld+json\" class=\"yoast-schema-graph\">{\"@context\":\"https:\/\/schema.org\",\"@graph\":[{\"@type\":\"WebPage\",\"@id\":\"https:\/\/www.esk-eltern.de\/en\/about-the-evk\/legal-notice\/\",\"url\":\"https:\/\/www.esk-eltern.de\/en\/about-the-evk\/legal-notice\/\",\"name\":\"Legal notice - Parents&#039; Association of the European School Karlsruhe e.V.\",\"isPartOf\":{\"@id\":\"https:\/\/www.esk-eltern.de\/de\/#website\"},\"datePublished\":\"2018-01-25T09:46:45+00:00\",\"dateModified\":\"2023-10-18T07:04:56+00:00\",\"breadcrumb\":{\"@id\":\"https:\/\/www.esk-eltern.de\/en\/about-the-evk\/legal-notice\/#breadcrumb\"},\"inLanguage\":\"en-US\",\"potentialAction\":[{\"@type\":\"ReadAction\",\"target\":[\"https:\/\/www.esk-eltern.de\/en\/about-the-evk\/legal-notice\/\"]}]},{\"@type\":\"BreadcrumbList\",\"@id\":\"https:\/\/www.esk-eltern.de\/en\/about-the-evk\/legal-notice\/#breadcrumb\",\"itemListElement\":[{\"@type\":\"ListItem\",\"position\":1,\"name\":\"Home\",\"item\":\"https:\/\/www.esk-eltern.de\/en\/\"},{\"@type\":\"ListItem\",\"position\":2,\"name\":\"About the PA\",\"item\":\"https:\/\/www.esk-eltern.de\/en\/about-the-evk\/\"},{\"@type\":\"ListItem\",\"position\":3,\"name\":\"Legal notice\"}]},{\"@type\":\"WebSite\",\"@id\":\"https:\/\/www.esk-eltern.de\/de\/#website\",\"url\":\"https:\/\/www.esk-eltern.de\/de\/\",\"name\":\"Parents&#039; Association of the European School Karlsruhe e.V.\",\"description\":\"\",\"publisher\":{\"@id\":\"https:\/\/www.esk-eltern.de\/de\/#organization\"},\"potentialAction\":[{\"@type\":\"SearchAction\",\"target\":{\"@type\":\"EntryPoint\",\"urlTemplate\":\"https:\/\/www.esk-eltern.de\/de\/?s={search_term_string}\"},\"query-input\":\"required name=search_term_string\"}],\"inLanguage\":\"en-US\"},{\"@type\":\"Organization\",\"@id\":\"https:\/\/www.esk-eltern.de\/de\/#organization\",\"name\":\"Parents&#039; Association of the European School Karlsruhe e.V.\",\"url\":\"https:\/\/www.esk-eltern.de\/de\/\",\"logo\":{\"@type\":\"ImageObject\",\"inLanguage\":\"en-US\",\"@id\":\"https:\/\/www.esk-eltern.de\/de\/#\/schema\/logo\/image\/\",\"url\":\"https:\/\/dev.esk-eltern.de\/wp-content\/uploads\/2023\/07\/cropped-EV_512x512.png\",\"contentUrl\":\"https:\/\/dev.esk-eltern.de\/wp-content\/uploads\/2023\/07\/cropped-EV_512x512.png\",\"width\":512,\"height\":512,\"caption\":\"Parents&#039; Association of the European School Karlsruhe e.V.\"},\"image\":{\"@id\":\"https:\/\/www.esk-eltern.de\/de\/#\/schema\/logo\/image\/\"}}]}<\/script>\n<!-- \/ Yoast SEO plugin. -->","yoast_head_json":{"title":"Legal notice - Parents&#039; Association of the European School Karlsruhe e.V.","robots":{"index":"index","follow":"follow","max-snippet":"max-snippet:-1","max-image-preview":"max-image-preview:large","max-video-preview":"max-video-preview:-1"},"canonical":"https:\/\/www.esk-eltern.de\/en\/about-the-evk\/legal-notice\/","og_locale":"en_US","og_type":"article","og_title":"Legal notice - Parents&#039; Association of the European School Karlsruhe e.V.","og_description":"Impressum \/ Contact\/ Disclaimer Verantwortlich: Elternvereinigung der Europ\u00e4ischen Schule Karlsruhe e.V. Albert-Schweitzer-Str. 1 76139 Karlsruhe Vertreten durch: 1. Vorstandsvorsitzenden : Brynn Thompson-Renz (eingetragen), Felicitas Martens 2. Vorstandsvorsitzenden: David Greiner (eingetragen), Kati Reeb Schatzmeister: M\u00e9lanie G\u00e9rard Kontakt: E-Mail:&nbsp;kar-ev@partner.eursc.eu Registernummer: VR744 Disclaimer: 1. Haftungsbeschr\u00e4nkung Die Inhalte dieser Website werden mit gr\u00f6\u00dftm\u00f6glicher Sorgfalt erstellt. Der Anbieter \u00fcbernimmt jedoch Read More","og_url":"https:\/\/www.esk-eltern.de\/en\/about-the-evk\/legal-notice\/","og_site_name":"Parents&#039; Association of the European School Karlsruhe e.V.","article_modified_time":"2023-10-18T07:04:56+00:00","twitter_card":"summary_large_image","twitter_misc":{"Est. reading time":"2 minutes"},"schema":{"@context":"https:\/\/schema.org","@graph":[{"@type":"WebPage","@id":"https:\/\/www.esk-eltern.de\/en\/about-the-evk\/legal-notice\/","url":"https:\/\/www.esk-eltern.de\/en\/about-the-evk\/legal-notice\/","name":"Legal notice - Parents&#039; Association of the European School Karlsruhe e.V.","isPartOf":{"@id":"https:\/\/www.esk-eltern.de\/de\/#website"},"datePublished":"2018-01-25T09:46:45+00:00","dateModified":"2023-10-18T07:04:56+00:00","breadcrumb":{"@id":"https:\/\/www.esk-eltern.de\/en\/about-the-evk\/legal-notice\/#breadcrumb"},"inLanguage":"en-US","potentialAction":[{"@type":"ReadAction","target":["https:\/\/www.esk-eltern.de\/en\/about-the-evk\/legal-notice\/"]}]},{"@type":"BreadcrumbList","@id":"https:\/\/www.esk-eltern.de\/en\/about-the-evk\/legal-notice\/#breadcrumb","itemListElement":[{"@type":"ListItem","position":1,"name":"Home","item":"https:\/\/www.esk-eltern.de\/en\/"},{"@type":"ListItem","position":2,"name":"About the PA","item":"https:\/\/www.esk-eltern.de\/en\/about-the-evk\/"},{"@type":"ListItem","position":3,"name":"Legal notice"}]},{"@type":"WebSite","@id":"https:\/\/www.esk-eltern.de\/de\/#website","url":"https:\/\/www.esk-eltern.de\/de\/","name":"Parents&#039; Association of the European School Karlsruhe e.V.","description":"","publisher":{"@id":"https:\/\/www.esk-eltern.de\/de\/#organization"},"potentialAction":[{"@type":"SearchAction","target":{"@type":"EntryPoint","urlTemplate":"https:\/\/www.esk-eltern.de\/de\/?s={search_term_string}"},"query-input":"required name=search_term_string"}],"inLanguage":"en-US"},{"@type":"Organization","@id":"https:\/\/www.esk-eltern.de\/de\/#organization","name":"Parents&#039; Association of the European School Karlsruhe e.V.","url":"https:\/\/www.esk-eltern.de\/de\/","logo":{"@type":"ImageObject","inLanguage":"en-US","@id":"https:\/\/www.esk-eltern.de\/de\/#\/schema\/logo\/image\/","url":"https:\/\/dev.esk-eltern.de\/wp-content\/uploads\/2023\/07\/cropped-EV_512x512.png","contentUrl":"https:\/\/dev.esk-eltern.de\/wp-content\/uploads\/2023\/07\/cropped-EV_512x512.png","width":512,"height":512,"caption":"Parents&#039; Association of the European School Karlsruhe e.V."},"image":{"@id":"https:\/\/www.esk-eltern.de\/de\/#\/schema\/logo\/image\/"}}]}},"_links":{"self":[{"href":"https:\/\/dev.esk-eltern.de\/en\/wp-json\/wp\/v2\/pages\/142"}],"collection":[{"href":"https:\/\/dev.esk-eltern.de\/en\/wp-json\/wp\/v2\/pages"}],"about":[{"href":"https:\/\/dev.esk-eltern.de\/en\/wp-json\/wp\/v2\/types\/page"}],"replies":[{"embeddable":true,"href":"https:\/\/dev.esk-eltern.de\/en\/wp-json\/wp\/v2\/comments?post=142"}],"version-history":[{"count":5,"href":"https:\/\/dev.esk-eltern.de\/en\/wp-json\/wp\/v2\/pages\/142\/revisions"}],"predecessor-version":[{"id":10741,"href":"https:\/\/dev.esk-eltern.de\/en\/wp-json\/wp\/v2\/pages\/142\/revisions\/10741"}],"up":[{"embeddable":true,"href":"https:\/\/dev.esk-eltern.de\/en\/wp-json\/wp\/v2\/pages\/129"}],"wp:attachment":[{"href":"https:\/\/dev.esk-eltern.de\/en\/wp-json\/wp\/v2\/media?parent=142"}],"curies":[{"name":"wp","href":"https:\/\/api.w.org\/{rel}","templated":true}]}}