{"id":458,"date":"2018-03-15T10:33:49","date_gmt":"2018-03-15T09:33:49","guid":{"rendered":"https:\/\/dev.esk-eltern.de\/?page_id=458"},"modified":"2023-09-19T08:37:28","modified_gmt":"2023-09-19T06:37:28","slug":"a-propos","status":"publish","type":"page","link":"https:\/\/dev.esk-eltern.de\/fr\/a-propos\/","title":{"rendered":"A propos de l\u00b4APE"},"content":{"rendered":"\n<p>L&rsquo;association des parents d&rsquo;\u00e9l\u00e8ves est une association \u00e0 but non lucratif, g\u00e9r\u00e9e b\u00e9n\u00e9volement.<br>Toutes les familles ayant des enfants \u00e0 l&rsquo;ESK peuvent devenir membres \u00e0 titre volontaire.<\/p>\n\n\n\n<p>En tant que membre et donc partie int\u00e9grante de l&rsquo;association de parents, vous soutenez \u00e0 l&rsquo;\u00c9cole europ\u00e9enne de Karlsruhe<\/p>\n\n\n\n<ul>\n<li>des projets pour les \u00e9l\u00e8ves dans le cadre des \u00ab\u00a0semaines de projets\u00a0\u00bb organis\u00e9es chaque ann\u00e9e<\/li>\n\n\n\n<li>d&rsquo;autres projets qui ont lieu en groupe ou \u00e0 diff\u00e9rents niveaux de l&rsquo;\u00e9cole maternelle, de l&rsquo;\u00e9cole primaire et du lyc\u00e9e.<\/li>\n\n\n\n<li>la f\u00eate d&rsquo;\u00e9t\u00e9 annuelle et d&rsquo;autres f\u00eates<\/li>\n\n\n\n<li>les aides n\u00e9cessaires en raison de circonstances sociales<\/li>\n\n\n\n<li>promotion de l&rsquo;enseignement de la natation, par le biais de frais pour les couloirs de natation<\/li>\n\n\n\n<li>soutien aux voyages scolaires et aux excursions<\/li>\n\n\n\n<li>autres projets, comme par exemple des journaux scolaires<\/li>\n\n\n\n<li>et bien d&rsquo;autres choses encore.<\/li>\n<\/ul>\n\n\n\n<p>Ces points mentionn\u00e9s sont financ\u00e9s enti\u00e8rement ou en partie par vos cotisations de membre.<\/p>\n\n\n\n<p>Nous vous en remercions vivement !<\/p>\n\n\n\n<p>En outre, vous pouvez bien s\u00fbr vous impliquer dans l&rsquo;organisation et avoir un impact direct sur la vie scolaire de votre enfant.<br>Les membres actifs de l&rsquo;association de parents se r\u00e9unissent une fois par mois.<br>Pour conna\u00eetre le contenu des r\u00e9unions, consultez <a href=\"mailto:kar-ev@partner.eursc.eu\">kar-ev@partner.eursc.eu<\/a><br>Nous tenons volontiers les parents int\u00e9ress\u00e9s au courant des progr\u00e8s et du d\u00e9veloppement de l&rsquo;\u00e9cole.<\/p>\n\n\n<ul class=\"wp-block-page-list\"><li class=\"wp-block-pages-list__item\"><a class=\"wp-block-pages-list__item__link\" href=\"https:\/\/dev.esk-eltern.de\/fr\/a-propos\/qui-est-qui\/\">Qui est qui ?<\/a><\/li><li class=\"wp-block-pages-list__item\"><a class=\"wp-block-pages-list__item__link\" href=\"https:\/\/dev.esk-eltern.de\/fr\/a-propos\/mentions-legales\/\">Mentions l\u00e9gales<\/a><\/li><li class=\"wp-block-pages-list__item\"><a class=\"wp-block-pages-list__item__link\" href=\"https:\/\/dev.esk-eltern.de\/fr\/a-propos\/bienvenue\/\">Assembl\u00e9e g\u00e9n\u00e9rale annuelle<\/a><\/li><\/ul>","protected":false},"excerpt":{"rendered":"<p>L&rsquo;association des parents d&rsquo;\u00e9l\u00e8ves est une association \u00e0 but non lucratif, g\u00e9r\u00e9e b\u00e9n\u00e9volement.Toutes les familles ayant des enfants \u00e0 l&rsquo;ESK peuvent devenir membres \u00e0 titre volontaire. En tant que membre et donc partie int\u00e9grante de l&rsquo;association de parents, vous soutenez \u00e0 l&rsquo;\u00c9cole europ\u00e9enne de Karlsruhe Ces points mentionn\u00e9s sont financ\u00e9s enti\u00e8rement ou en partie par <a class=\"read-more-link\" href=\"https:\/\/dev.esk-eltern.de\/fr\/a-propos\/\">Read More<\/a><\/p>\n","protected":false},"author":406,"featured_media":0,"parent":0,"menu_order":55,"comment_status":"closed","ping_status":"closed","template":"","meta":{"inline_featured_image":false,"footnotes":""},"yoast_head":"<!-- This site is optimized with the Yoast SEO plugin v22.6 - https:\/\/yoast.com\/wordpress\/plugins\/seo\/ -->\n<title>A propos de l\u00b4APE - Association des parents de l&#039;\u00c9cole Europ\u00e9enne de Karlsruhe<\/title>\n<meta name=\"robots\" content=\"index, follow, max-snippet:-1, max-image-preview:large, max-video-preview:-1\" \/>\n<link rel=\"canonical\" href=\"https:\/\/www.esk-eltern.de\/fr\/a-propos\/\" \/>\n<meta property=\"og:locale\" content=\"fr_FR\" \/>\n<meta property=\"og:type\" content=\"article\" \/>\n<meta property=\"og:title\" content=\"A propos de l\u00b4APE - Association des parents de l&#039;\u00c9cole Europ\u00e9enne de Karlsruhe\" \/>\n<meta property=\"og:description\" content=\"L&rsquo;association des parents d&rsquo;\u00e9l\u00e8ves est une association \u00e0 but non lucratif, g\u00e9r\u00e9e b\u00e9n\u00e9volement.Toutes les familles ayant des enfants \u00e0 l&rsquo;ESK peuvent devenir membres \u00e0 titre volontaire. En tant que membre et donc partie int\u00e9grante de l&rsquo;association de parents, vous soutenez \u00e0 l&rsquo;\u00c9cole europ\u00e9enne de Karlsruhe Ces points mentionn\u00e9s sont financ\u00e9s enti\u00e8rement ou en partie par Read More\" \/>\n<meta property=\"og:url\" content=\"https:\/\/www.esk-eltern.de\/fr\/a-propos\/\" \/>\n<meta property=\"og:site_name\" content=\"Association des parents de l&#039;\u00c9cole Europ\u00e9enne de Karlsruhe\" \/>\n<meta property=\"article:modified_time\" content=\"2023-09-19T06:37:28+00:00\" \/>\n<meta name=\"twitter:card\" content=\"summary_large_image\" \/>\n<meta name=\"twitter:label1\" content=\"Dur\u00e9e de lecture estim\u00e9e\" \/>\n\t<meta name=\"twitter:data1\" content=\"2 minutes\" \/>\n<script type=\"application\/ld+json\" class=\"yoast-schema-graph\">{\"@context\":\"https:\/\/schema.org\",\"@graph\":[{\"@type\":\"WebPage\",\"@id\":\"https:\/\/www.esk-eltern.de\/fr\/a-propos\/\",\"url\":\"https:\/\/www.esk-eltern.de\/fr\/a-propos\/\",\"name\":\"A propos de l\u00b4APE - Association des parents de l&#039;\u00c9cole Europ\u00e9enne de Karlsruhe\",\"isPartOf\":{\"@id\":\"https:\/\/www.esk-eltern.de\/de\/#website\"},\"datePublished\":\"2018-03-15T09:33:49+00:00\",\"dateModified\":\"2023-09-19T06:37:28+00:00\",\"breadcrumb\":{\"@id\":\"https:\/\/www.esk-eltern.de\/fr\/a-propos\/#breadcrumb\"},\"inLanguage\":\"fr-FR\",\"potentialAction\":[{\"@type\":\"ReadAction\",\"target\":[\"https:\/\/www.esk-eltern.de\/fr\/a-propos\/\"]}]},{\"@type\":\"BreadcrumbList\",\"@id\":\"https:\/\/www.esk-eltern.de\/fr\/a-propos\/#breadcrumb\",\"itemListElement\":[{\"@type\":\"ListItem\",\"position\":1,\"name\":\"Home\",\"item\":\"https:\/\/www.esk-eltern.de\/fr\/\"},{\"@type\":\"ListItem\",\"position\":2,\"name\":\"A propos de l\u00b4APE\"}]},{\"@type\":\"WebSite\",\"@id\":\"https:\/\/www.esk-eltern.de\/de\/#website\",\"url\":\"https:\/\/www.esk-eltern.de\/de\/\",\"name\":\"Association des parents de l&#039;\u00c9cole Europ\u00e9enne de Karlsruhe\",\"description\":\"\",\"publisher\":{\"@id\":\"https:\/\/www.esk-eltern.de\/de\/#organization\"},\"potentialAction\":[{\"@type\":\"SearchAction\",\"target\":{\"@type\":\"EntryPoint\",\"urlTemplate\":\"https:\/\/www.esk-eltern.de\/de\/?s={search_term_string}\"},\"query-input\":\"required name=search_term_string\"}],\"inLanguage\":\"fr-FR\"},{\"@type\":\"Organization\",\"@id\":\"https:\/\/www.esk-eltern.de\/de\/#organization\",\"name\":\"Association des parents de l&#039;\u00c9cole Europ\u00e9enne de Karlsruhe\",\"url\":\"https:\/\/www.esk-eltern.de\/de\/\",\"logo\":{\"@type\":\"ImageObject\",\"inLanguage\":\"fr-FR\",\"@id\":\"https:\/\/www.esk-eltern.de\/de\/#\/schema\/logo\/image\/\",\"url\":\"https:\/\/dev.esk-eltern.de\/wp-content\/uploads\/2023\/07\/cropped-EV_512x512.png\",\"contentUrl\":\"https:\/\/dev.esk-eltern.de\/wp-content\/uploads\/2023\/07\/cropped-EV_512x512.png\",\"width\":512,\"height\":512,\"caption\":\"Association des parents de l&#039;\u00c9cole Europ\u00e9enne de Karlsruhe\"},\"image\":{\"@id\":\"https:\/\/www.esk-eltern.de\/de\/#\/schema\/logo\/image\/\"}}]}<\/script>\n<!-- \/ Yoast SEO plugin. -->","yoast_head_json":{"title":"A propos de l\u00b4APE - Association des parents de l&#039;\u00c9cole Europ\u00e9enne de Karlsruhe","robots":{"index":"index","follow":"follow","max-snippet":"max-snippet:-1","max-image-preview":"max-image-preview:large","max-video-preview":"max-video-preview:-1"},"canonical":"https:\/\/www.esk-eltern.de\/fr\/a-propos\/","og_locale":"fr_FR","og_type":"article","og_title":"A propos de l\u00b4APE - Association des parents de l&#039;\u00c9cole Europ\u00e9enne de Karlsruhe","og_description":"L&rsquo;association des parents d&rsquo;\u00e9l\u00e8ves est une association \u00e0 but non lucratif, g\u00e9r\u00e9e b\u00e9n\u00e9volement.Toutes les familles ayant des enfants \u00e0 l&rsquo;ESK peuvent devenir membres \u00e0 titre volontaire. En tant que membre et donc partie int\u00e9grante de l&rsquo;association de parents, vous soutenez \u00e0 l&rsquo;\u00c9cole europ\u00e9enne de Karlsruhe Ces points mentionn\u00e9s sont financ\u00e9s enti\u00e8rement ou en partie par Read More","og_url":"https:\/\/www.esk-eltern.de\/fr\/a-propos\/","og_site_name":"Association des parents de l&#039;\u00c9cole Europ\u00e9enne de Karlsruhe","article_modified_time":"2023-09-19T06:37:28+00:00","twitter_card":"summary_large_image","twitter_misc":{"Dur\u00e9e de lecture estim\u00e9e":"2 minutes"},"schema":{"@context":"https:\/\/schema.org","@graph":[{"@type":"WebPage","@id":"https:\/\/www.esk-eltern.de\/fr\/a-propos\/","url":"https:\/\/www.esk-eltern.de\/fr\/a-propos\/","name":"A propos de l\u00b4APE - Association des parents de l&#039;\u00c9cole Europ\u00e9enne de Karlsruhe","isPartOf":{"@id":"https:\/\/www.esk-eltern.de\/de\/#website"},"datePublished":"2018-03-15T09:33:49+00:00","dateModified":"2023-09-19T06:37:28+00:00","breadcrumb":{"@id":"https:\/\/www.esk-eltern.de\/fr\/a-propos\/#breadcrumb"},"inLanguage":"fr-FR","potentialAction":[{"@type":"ReadAction","target":["https:\/\/www.esk-eltern.de\/fr\/a-propos\/"]}]},{"@type":"BreadcrumbList","@id":"https:\/\/www.esk-eltern.de\/fr\/a-propos\/#breadcrumb","itemListElement":[{"@type":"ListItem","position":1,"name":"Home","item":"https:\/\/www.esk-eltern.de\/fr\/"},{"@type":"ListItem","position":2,"name":"A propos de l\u00b4APE"}]},{"@type":"WebSite","@id":"https:\/\/www.esk-eltern.de\/de\/#website","url":"https:\/\/www.esk-eltern.de\/de\/","name":"Association des parents de l&#039;\u00c9cole Europ\u00e9enne de Karlsruhe","description":"","publisher":{"@id":"https:\/\/www.esk-eltern.de\/de\/#organization"},"potentialAction":[{"@type":"SearchAction","target":{"@type":"EntryPoint","urlTemplate":"https:\/\/www.esk-eltern.de\/de\/?s={search_term_string}"},"query-input":"required name=search_term_string"}],"inLanguage":"fr-FR"},{"@type":"Organization","@id":"https:\/\/www.esk-eltern.de\/de\/#organization","name":"Association des parents de l&#039;\u00c9cole Europ\u00e9enne de Karlsruhe","url":"https:\/\/www.esk-eltern.de\/de\/","logo":{"@type":"ImageObject","inLanguage":"fr-FR","@id":"https:\/\/www.esk-eltern.de\/de\/#\/schema\/logo\/image\/","url":"https:\/\/dev.esk-eltern.de\/wp-content\/uploads\/2023\/07\/cropped-EV_512x512.png","contentUrl":"https:\/\/dev.esk-eltern.de\/wp-content\/uploads\/2023\/07\/cropped-EV_512x512.png","width":512,"height":512,"caption":"Association des parents de l&#039;\u00c9cole Europ\u00e9enne de Karlsruhe"},"image":{"@id":"https:\/\/www.esk-eltern.de\/de\/#\/schema\/logo\/image\/"}}]}},"_links":{"self":[{"href":"https:\/\/dev.esk-eltern.de\/fr\/wp-json\/wp\/v2\/pages\/458"}],"collection":[{"href":"https:\/\/dev.esk-eltern.de\/fr\/wp-json\/wp\/v2\/pages"}],"about":[{"href":"https:\/\/dev.esk-eltern.de\/fr\/wp-json\/wp\/v2\/types\/page"}],"author":[{"embeddable":true,"href":"https:\/\/dev.esk-eltern.de\/fr\/wp-json\/wp\/v2\/users\/406"}],"replies":[{"embeddable":true,"href":"https:\/\/dev.esk-eltern.de\/fr\/wp-json\/wp\/v2\/comments?post=458"}],"version-history":[{"count":5,"href":"https:\/\/dev.esk-eltern.de\/fr\/wp-json\/wp\/v2\/pages\/458\/revisions"}],"predecessor-version":[{"id":9949,"href":"https:\/\/dev.esk-eltern.de\/fr\/wp-json\/wp\/v2\/pages\/458\/revisions\/9949"}],"wp:attachment":[{"href":"https:\/\/dev.esk-eltern.de\/fr\/wp-json\/wp\/v2\/media?parent=458"}],"curies":[{"name":"wp","href":"https:\/\/api.w.org\/{rel}","templated":true}]}}