{"id":467,"date":"2018-03-15T10:35:17","date_gmt":"2018-03-15T09:35:17","guid":{"rendered":"https:\/\/dev.esk-eltern.de\/?page_id=467"},"modified":"2023-09-19T08:31:16","modified_gmt":"2023-09-19T06:31:16","slug":"representation","status":"publish","type":"page","link":"https:\/\/dev.esk-eltern.de\/fr\/representation\/","title":{"rendered":"Repr\u00e9sentation"},"content":{"rendered":"<p class=\"p1\"><span class=\"s1\">The Parents&rsquo; Association is a registered non-profit association in which all families with children visiting the ESK can voluntarily become members. Our goal is to support and promote the educational progress and well-being of children throughout their school stay.<\/span><span class=\"s1\"><\/span><\/p>\n\n<ul class=\"wp-block-page-list\"><li class=\"wp-block-pages-list__item\"><a class=\"wp-block-pages-list__item__link\" href=\"https:\/\/dev.esk-eltern.de\/fr\/representation\/representants-de-classes\/\">Repr\u00e9sentants de classe<\/a><\/li><li class=\"wp-block-pages-list__item\"><a class=\"wp-block-pages-list__item__link\" href=\"https:\/\/dev.esk-eltern.de\/fr\/representation\/conseil-deducation\/\">Conseil d&rsquo;\u00e9ducation<\/a><\/li><li class=\"wp-block-pages-list__item\"><a class=\"wp-block-pages-list__item__link\" href=\"https:\/\/dev.esk-eltern.de\/fr\/representation\/conseil-dadministration\/\">Le conseil d\u00b4administration<\/a><\/li><li class=\"wp-block-pages-list__item\"><a class=\"wp-block-pages-list__item__link\" href=\"https:\/\/dev.esk-eltern.de\/fr\/representation\/interparents\/\">Interparents<\/a><\/li><li class=\"wp-block-pages-list__item\"><a class=\"wp-block-pages-list__item__link\" href=\"https:\/\/dev.esk-eltern.de\/fr\/representation\/reunion-minutes-de-lap\/\">R\u00e9union minutes de l&rsquo;AP<\/a><\/li><\/ul>","protected":false},"excerpt":{"rendered":"<p>The Parents&rsquo; Association is a registered non-profit association in which all families with children visiting the ESK can voluntarily become members. Our goal is to support and promote the educational progress and well-being of children throughout their school stay.<\/p>\n","protected":false},"author":0,"featured_media":634,"parent":0,"menu_order":27,"comment_status":"closed","ping_status":"closed","template":"","meta":{"inline_featured_image":false,"footnotes":""},"yoast_head":"<!-- This site is optimized with the Yoast SEO plugin v22.6 - https:\/\/yoast.com\/wordpress\/plugins\/seo\/ -->\n<title>Repr\u00e9sentation - Association des parents de l&#039;\u00c9cole Europ\u00e9enne de Karlsruhe<\/title>\n<meta name=\"robots\" content=\"index, follow, max-snippet:-1, max-image-preview:large, max-video-preview:-1\" \/>\n<link rel=\"canonical\" href=\"https:\/\/www.esk-eltern.de\/fr\/representation\/\" \/>\n<meta property=\"og:locale\" content=\"fr_FR\" \/>\n<meta property=\"og:type\" content=\"article\" \/>\n<meta property=\"og:title\" content=\"Repr\u00e9sentation - Association des parents de l&#039;\u00c9cole Europ\u00e9enne de Karlsruhe\" \/>\n<meta property=\"og:description\" content=\"The Parents&rsquo; Association is a registered non-profit association in which all families with children visiting the ESK can voluntarily become members. Our goal is to support and promote the educational progress and well-being of children throughout their school stay.\" \/>\n<meta property=\"og:url\" content=\"https:\/\/www.esk-eltern.de\/fr\/representation\/\" \/>\n<meta property=\"og:site_name\" content=\"Association des parents de l&#039;\u00c9cole Europ\u00e9enne de Karlsruhe\" \/>\n<meta property=\"article:modified_time\" content=\"2023-09-19T06:31:16+00:00\" \/>\n<meta property=\"og:image\" content=\"https:\/\/www.esk-eltern.de\/wp-content\/uploads\/2018\/03\/representing-you-e1560350092907.jpg\" \/>\n\t<meta property=\"og:image:width\" content=\"500\" \/>\n\t<meta property=\"og:image:height\" content=\"519\" \/>\n\t<meta property=\"og:image:type\" content=\"image\/jpeg\" \/>\n<meta name=\"twitter:card\" content=\"summary_large_image\" \/>\n<meta name=\"twitter:label1\" content=\"Dur\u00e9e de lecture estim\u00e9e\" \/>\n\t<meta name=\"twitter:data1\" content=\"1 minute\" \/>\n<script type=\"application\/ld+json\" class=\"yoast-schema-graph\">{\"@context\":\"https:\/\/schema.org\",\"@graph\":[{\"@type\":\"WebPage\",\"@id\":\"https:\/\/www.esk-eltern.de\/fr\/representation\/\",\"url\":\"https:\/\/www.esk-eltern.de\/fr\/representation\/\",\"name\":\"Repr\u00e9sentation - Association des parents de l&#039;\u00c9cole Europ\u00e9enne de Karlsruhe\",\"isPartOf\":{\"@id\":\"https:\/\/www.esk-eltern.de\/de\/#website\"},\"primaryImageOfPage\":{\"@id\":\"https:\/\/www.esk-eltern.de\/fr\/representation\/#primaryimage\"},\"image\":{\"@id\":\"https:\/\/www.esk-eltern.de\/fr\/representation\/#primaryimage\"},\"thumbnailUrl\":\"https:\/\/dev.esk-eltern.de\/wp-content\/uploads\/2018\/03\/representing-you-e1560350092907.jpg\",\"datePublished\":\"2018-03-15T09:35:17+00:00\",\"dateModified\":\"2023-09-19T06:31:16+00:00\",\"breadcrumb\":{\"@id\":\"https:\/\/www.esk-eltern.de\/fr\/representation\/#breadcrumb\"},\"inLanguage\":\"fr-FR\",\"potentialAction\":[{\"@type\":\"ReadAction\",\"target\":[\"https:\/\/www.esk-eltern.de\/fr\/representation\/\"]}]},{\"@type\":\"ImageObject\",\"inLanguage\":\"fr-FR\",\"@id\":\"https:\/\/www.esk-eltern.de\/fr\/representation\/#primaryimage\",\"url\":\"https:\/\/dev.esk-eltern.de\/wp-content\/uploads\/2018\/03\/representing-you-e1560350092907.jpg\",\"contentUrl\":\"https:\/\/dev.esk-eltern.de\/wp-content\/uploads\/2018\/03\/representing-you-e1560350092907.jpg\",\"width\":500,\"height\":519},{\"@type\":\"BreadcrumbList\",\"@id\":\"https:\/\/www.esk-eltern.de\/fr\/representation\/#breadcrumb\",\"itemListElement\":[{\"@type\":\"ListItem\",\"position\":1,\"name\":\"Home\",\"item\":\"https:\/\/www.esk-eltern.de\/fr\/\"},{\"@type\":\"ListItem\",\"position\":2,\"name\":\"Repr\u00e9sentation\"}]},{\"@type\":\"WebSite\",\"@id\":\"https:\/\/www.esk-eltern.de\/de\/#website\",\"url\":\"https:\/\/www.esk-eltern.de\/de\/\",\"name\":\"Association des parents de l&#039;\u00c9cole Europ\u00e9enne de Karlsruhe\",\"description\":\"\",\"publisher\":{\"@id\":\"https:\/\/www.esk-eltern.de\/de\/#organization\"},\"potentialAction\":[{\"@type\":\"SearchAction\",\"target\":{\"@type\":\"EntryPoint\",\"urlTemplate\":\"https:\/\/www.esk-eltern.de\/de\/?s={search_term_string}\"},\"query-input\":\"required name=search_term_string\"}],\"inLanguage\":\"fr-FR\"},{\"@type\":\"Organization\",\"@id\":\"https:\/\/www.esk-eltern.de\/de\/#organization\",\"name\":\"Association des parents de l&#039;\u00c9cole Europ\u00e9enne de Karlsruhe\",\"url\":\"https:\/\/www.esk-eltern.de\/de\/\",\"logo\":{\"@type\":\"ImageObject\",\"inLanguage\":\"fr-FR\",\"@id\":\"https:\/\/www.esk-eltern.de\/de\/#\/schema\/logo\/image\/\",\"url\":\"https:\/\/dev.esk-eltern.de\/wp-content\/uploads\/2023\/07\/cropped-EV_512x512.png\",\"contentUrl\":\"https:\/\/dev.esk-eltern.de\/wp-content\/uploads\/2023\/07\/cropped-EV_512x512.png\",\"width\":512,\"height\":512,\"caption\":\"Association des parents de l&#039;\u00c9cole Europ\u00e9enne de Karlsruhe\"},\"image\":{\"@id\":\"https:\/\/www.esk-eltern.de\/de\/#\/schema\/logo\/image\/\"}}]}<\/script>\n<!-- \/ Yoast SEO plugin. -->","yoast_head_json":{"title":"Repr\u00e9sentation - Association des parents de l&#039;\u00c9cole Europ\u00e9enne de Karlsruhe","robots":{"index":"index","follow":"follow","max-snippet":"max-snippet:-1","max-image-preview":"max-image-preview:large","max-video-preview":"max-video-preview:-1"},"canonical":"https:\/\/www.esk-eltern.de\/fr\/representation\/","og_locale":"fr_FR","og_type":"article","og_title":"Repr\u00e9sentation - Association des parents de l&#039;\u00c9cole Europ\u00e9enne de Karlsruhe","og_description":"The Parents&rsquo; Association is a registered non-profit association in which all families with children visiting the ESK can voluntarily become members. Our goal is to support and promote the educational progress and well-being of children throughout their school stay.","og_url":"https:\/\/www.esk-eltern.de\/fr\/representation\/","og_site_name":"Association des parents de l&#039;\u00c9cole Europ\u00e9enne de Karlsruhe","article_modified_time":"2023-09-19T06:31:16+00:00","og_image":[{"width":500,"height":519,"url":"https:\/\/www.esk-eltern.de\/wp-content\/uploads\/2018\/03\/representing-you-e1560350092907.jpg","type":"image\/jpeg"}],"twitter_card":"summary_large_image","twitter_misc":{"Dur\u00e9e de lecture estim\u00e9e":"1 minute"},"schema":{"@context":"https:\/\/schema.org","@graph":[{"@type":"WebPage","@id":"https:\/\/www.esk-eltern.de\/fr\/representation\/","url":"https:\/\/www.esk-eltern.de\/fr\/representation\/","name":"Repr\u00e9sentation - Association des parents de l&#039;\u00c9cole Europ\u00e9enne de Karlsruhe","isPartOf":{"@id":"https:\/\/www.esk-eltern.de\/de\/#website"},"primaryImageOfPage":{"@id":"https:\/\/www.esk-eltern.de\/fr\/representation\/#primaryimage"},"image":{"@id":"https:\/\/www.esk-eltern.de\/fr\/representation\/#primaryimage"},"thumbnailUrl":"https:\/\/dev.esk-eltern.de\/wp-content\/uploads\/2018\/03\/representing-you-e1560350092907.jpg","datePublished":"2018-03-15T09:35:17+00:00","dateModified":"2023-09-19T06:31:16+00:00","breadcrumb":{"@id":"https:\/\/www.esk-eltern.de\/fr\/representation\/#breadcrumb"},"inLanguage":"fr-FR","potentialAction":[{"@type":"ReadAction","target":["https:\/\/www.esk-eltern.de\/fr\/representation\/"]}]},{"@type":"ImageObject","inLanguage":"fr-FR","@id":"https:\/\/www.esk-eltern.de\/fr\/representation\/#primaryimage","url":"https:\/\/dev.esk-eltern.de\/wp-content\/uploads\/2018\/03\/representing-you-e1560350092907.jpg","contentUrl":"https:\/\/dev.esk-eltern.de\/wp-content\/uploads\/2018\/03\/representing-you-e1560350092907.jpg","width":500,"height":519},{"@type":"BreadcrumbList","@id":"https:\/\/www.esk-eltern.de\/fr\/representation\/#breadcrumb","itemListElement":[{"@type":"ListItem","position":1,"name":"Home","item":"https:\/\/www.esk-eltern.de\/fr\/"},{"@type":"ListItem","position":2,"name":"Repr\u00e9sentation"}]},{"@type":"WebSite","@id":"https:\/\/www.esk-eltern.de\/de\/#website","url":"https:\/\/www.esk-eltern.de\/de\/","name":"Association des parents de l&#039;\u00c9cole Europ\u00e9enne de Karlsruhe","description":"","publisher":{"@id":"https:\/\/www.esk-eltern.de\/de\/#organization"},"potentialAction":[{"@type":"SearchAction","target":{"@type":"EntryPoint","urlTemplate":"https:\/\/www.esk-eltern.de\/de\/?s={search_term_string}"},"query-input":"required name=search_term_string"}],"inLanguage":"fr-FR"},{"@type":"Organization","@id":"https:\/\/www.esk-eltern.de\/de\/#organization","name":"Association des parents de l&#039;\u00c9cole Europ\u00e9enne de Karlsruhe","url":"https:\/\/www.esk-eltern.de\/de\/","logo":{"@type":"ImageObject","inLanguage":"fr-FR","@id":"https:\/\/www.esk-eltern.de\/de\/#\/schema\/logo\/image\/","url":"https:\/\/dev.esk-eltern.de\/wp-content\/uploads\/2023\/07\/cropped-EV_512x512.png","contentUrl":"https:\/\/dev.esk-eltern.de\/wp-content\/uploads\/2023\/07\/cropped-EV_512x512.png","width":512,"height":512,"caption":"Association des parents de l&#039;\u00c9cole Europ\u00e9enne de Karlsruhe"},"image":{"@id":"https:\/\/www.esk-eltern.de\/de\/#\/schema\/logo\/image\/"}}]}},"_links":{"self":[{"href":"https:\/\/dev.esk-eltern.de\/fr\/wp-json\/wp\/v2\/pages\/467"}],"collection":[{"href":"https:\/\/dev.esk-eltern.de\/fr\/wp-json\/wp\/v2\/pages"}],"about":[{"href":"https:\/\/dev.esk-eltern.de\/fr\/wp-json\/wp\/v2\/types\/page"}],"replies":[{"embeddable":true,"href":"https:\/\/dev.esk-eltern.de\/fr\/wp-json\/wp\/v2\/comments?post=467"}],"version-history":[{"count":4,"href":"https:\/\/dev.esk-eltern.de\/fr\/wp-json\/wp\/v2\/pages\/467\/revisions"}],"predecessor-version":[{"id":9945,"href":"https:\/\/dev.esk-eltern.de\/fr\/wp-json\/wp\/v2\/pages\/467\/revisions\/9945"}],"wp:featuredmedia":[{"embeddable":true,"href":"https:\/\/dev.esk-eltern.de\/fr\/wp-json\/wp\/v2\/media\/634"}],"wp:attachment":[{"href":"https:\/\/dev.esk-eltern.de\/fr\/wp-json\/wp\/v2\/media?parent=467"}],"curies":[{"name":"wp","href":"https:\/\/api.w.org\/{rel}","templated":true}]}}