{"id":470,"date":"2018-03-15T10:35:57","date_gmt":"2018-03-15T09:35:57","guid":{"rendered":"https:\/\/dev.esk-eltern.de\/?page_id=470"},"modified":"2023-01-25T09:38:37","modified_gmt":"2023-01-25T08:38:37","slug":"interparents","status":"publish","type":"page","link":"https:\/\/dev.esk-eltern.de\/fr\/representation\/interparents\/","title":{"rendered":"Interparents"},"content":{"rendered":"\n<p><span style=\"font-weight: 400;\">Les associations de parents de toutes les \u00e9coles europ\u00e9ennes sont r\u00e9unies sous l&rsquo;\u00e9gide de l&rsquo;organisation INTERPARENTS.<\/span><span style=\"font-weight: 400;\"><\/span><\/p>\n\n\n\n<p><span style=\"font-weight: 400;\">Interparents, \u00e0 son tour, repr\u00e9sente les parents dans toutes les questions qui int\u00e9ressent le Conseil d&rsquo;Administration de Bruxelles.<\/span><span style=\"font-weight: 400;\"><\/span><\/p>\n\n\n\n<p><span style=\"font-weight: 400;\">Pour compter ces questions<\/span><\/p>\n\n\n\n<ul>\n<li><span style=\"font-weight: 400;\">Enseignement pr\u00e9scolaire et primaire, enseignement secondaire,<\/span><\/li>\n\n\n\n<li><span style=\"font-weight: 400;\">Questions administratives et financi\u00e8res,<\/span><\/li>\n\n\n\n<li><span style=\"font-weight: 400;\">besoins \u00e9ducatifs sp\u00e9ciaux et soutien \u00e0 l&rsquo;apprentissage,<\/span><\/li>\n\n\n\n<li><span style=\"font-weight: 400;\">Contrats pour les normes de performance,<\/span><\/li>\n\n\n\n<li><span style=\"font-weight: 400;\">la qualification de Baccalaur\u00e9at europ\u00e9en,<\/span><\/li>\n\n\n\n<li><span style=\"font-weight: 400;\">Langues et biblioth\u00e8ques<\/span><\/li>\n\n\n\n<li><span style=\"font-weight: 400;\">le d\u00e9veloppement et la r\u00e9forme des Ecoles europ\u00e9ennes.<\/span><\/li>\n<\/ul>\n\n\n\n<p><span style=\"font-weight: 400;\">L\u2019Association des Parents \u00e0 Karlsruhe est tr\u00e8s active au sein d&rsquo;Interparents et reconna\u00eet l&rsquo;importance d&rsquo;un engagement fort pour soutenir tous les parents dans le syst\u00e8me scolaire europ\u00e9en.<\/span><span style=\"font-weight: 400;\"><\/span><span style=\"font-weight: 400;\"><\/span><\/p>\n\n\n\n<p><span style=\"font-weight: 400;\">Il est important que tous les parents soutiennent pleinement ce lien avec le Conseil d&rsquo;administration \u00e0 Bruxelles, de sorte qu&rsquo;il y ait une force commune pour assurer un environnement sain et vivifiant pour tous nos enfants.<\/span><span style=\"font-weight: 400;\"><\/span><\/p>\n\n\n\n<p><span style=\"font-weight: 400;\">Les repr\u00e9sentants actuels d&rsquo;Interparents pour l&rsquo;\u00c9cole europ\u00e9enne de Karlsruhe peuvent \u00eatre trouv\u00e9s sur notre page Who&rsquo;s Who.<\/span><\/p>\n\n\n\n<p><span style=\"font-weight: 400;\">Pour plus d&rsquo;informations, cliquez sur le <\/span><a href=\"http:\/\/www.interparents.eu\/\"><span style=\"font-weight: 400;\">site Interparents<\/span><\/a><\/p>\n","protected":false},"excerpt":{"rendered":"<p>Les associations de parents de toutes les \u00e9coles europ\u00e9ennes sont r\u00e9unies sous l&rsquo;\u00e9gide de l&rsquo;organisation INTERPARENTS. Interparents, \u00e0 son tour, repr\u00e9sente les parents dans toutes les questions qui int\u00e9ressent le Conseil d&rsquo;Administration de Bruxelles. Pour compter ces questions L\u2019Association des Parents \u00e0 Karlsruhe est tr\u00e8s active au sein d&rsquo;Interparents et reconna\u00eet l&rsquo;importance d&rsquo;un engagement fort <a class=\"read-more-link\" href=\"https:\/\/dev.esk-eltern.de\/fr\/representation\/interparents\/\">Read More<\/a><\/p>\n","protected":false},"author":0,"featured_media":0,"parent":467,"menu_order":40,"comment_status":"closed","ping_status":"closed","template":"","meta":{"inline_featured_image":false,"footnotes":""},"yoast_head":"<!-- This site is optimized with the Yoast SEO plugin v22.6 - https:\/\/yoast.com\/wordpress\/plugins\/seo\/ -->\n<title>Interparents - Association des parents de l&#039;\u00c9cole Europ\u00e9enne de Karlsruhe<\/title>\n<meta name=\"robots\" content=\"index, follow, max-snippet:-1, max-image-preview:large, max-video-preview:-1\" \/>\n<link rel=\"canonical\" href=\"https:\/\/www.esk-eltern.de\/fr\/representation\/interparents\/\" \/>\n<meta property=\"og:locale\" content=\"fr_FR\" \/>\n<meta property=\"og:type\" content=\"article\" \/>\n<meta property=\"og:title\" content=\"Interparents - Association des parents de l&#039;\u00c9cole Europ\u00e9enne de Karlsruhe\" \/>\n<meta property=\"og:description\" content=\"Les associations de parents de toutes les \u00e9coles europ\u00e9ennes sont r\u00e9unies sous l&rsquo;\u00e9gide de l&rsquo;organisation INTERPARENTS. Interparents, \u00e0 son tour, repr\u00e9sente les parents dans toutes les questions qui int\u00e9ressent le Conseil d&rsquo;Administration de Bruxelles. Pour compter ces questions L\u2019Association des Parents \u00e0 Karlsruhe est tr\u00e8s active au sein d&rsquo;Interparents et reconna\u00eet l&rsquo;importance d&rsquo;un engagement fort Read More\" \/>\n<meta property=\"og:url\" content=\"https:\/\/www.esk-eltern.de\/fr\/representation\/interparents\/\" \/>\n<meta property=\"og:site_name\" content=\"Association des parents de l&#039;\u00c9cole Europ\u00e9enne de Karlsruhe\" \/>\n<meta property=\"article:modified_time\" content=\"2023-01-25T08:38:37+00:00\" \/>\n<meta name=\"twitter:card\" content=\"summary_large_image\" \/>\n<meta name=\"twitter:label1\" content=\"Dur\u00e9e de lecture estim\u00e9e\" \/>\n\t<meta name=\"twitter:data1\" content=\"1 minute\" \/>\n<script type=\"application\/ld+json\" class=\"yoast-schema-graph\">{\"@context\":\"https:\/\/schema.org\",\"@graph\":[{\"@type\":\"WebPage\",\"@id\":\"https:\/\/www.esk-eltern.de\/fr\/representation\/interparents\/\",\"url\":\"https:\/\/www.esk-eltern.de\/fr\/representation\/interparents\/\",\"name\":\"Interparents - Association des parents de l&#039;\u00c9cole Europ\u00e9enne de Karlsruhe\",\"isPartOf\":{\"@id\":\"https:\/\/www.esk-eltern.de\/de\/#website\"},\"datePublished\":\"2018-03-15T09:35:57+00:00\",\"dateModified\":\"2023-01-25T08:38:37+00:00\",\"breadcrumb\":{\"@id\":\"https:\/\/www.esk-eltern.de\/fr\/representation\/interparents\/#breadcrumb\"},\"inLanguage\":\"fr-FR\",\"potentialAction\":[{\"@type\":\"ReadAction\",\"target\":[\"https:\/\/www.esk-eltern.de\/fr\/representation\/interparents\/\"]}]},{\"@type\":\"BreadcrumbList\",\"@id\":\"https:\/\/www.esk-eltern.de\/fr\/representation\/interparents\/#breadcrumb\",\"itemListElement\":[{\"@type\":\"ListItem\",\"position\":1,\"name\":\"Home\",\"item\":\"https:\/\/www.esk-eltern.de\/fr\/\"},{\"@type\":\"ListItem\",\"position\":2,\"name\":\"Repr\u00e9sentation\",\"item\":\"https:\/\/www.esk-eltern.de\/fr\/representation\/\"},{\"@type\":\"ListItem\",\"position\":3,\"name\":\"Interparents\"}]},{\"@type\":\"WebSite\",\"@id\":\"https:\/\/www.esk-eltern.de\/de\/#website\",\"url\":\"https:\/\/www.esk-eltern.de\/de\/\",\"name\":\"Association des parents de l&#039;\u00c9cole Europ\u00e9enne de Karlsruhe\",\"description\":\"\",\"publisher\":{\"@id\":\"https:\/\/www.esk-eltern.de\/de\/#organization\"},\"potentialAction\":[{\"@type\":\"SearchAction\",\"target\":{\"@type\":\"EntryPoint\",\"urlTemplate\":\"https:\/\/www.esk-eltern.de\/de\/?s={search_term_string}\"},\"query-input\":\"required name=search_term_string\"}],\"inLanguage\":\"fr-FR\"},{\"@type\":\"Organization\",\"@id\":\"https:\/\/www.esk-eltern.de\/de\/#organization\",\"name\":\"Association des parents de l&#039;\u00c9cole Europ\u00e9enne de Karlsruhe\",\"url\":\"https:\/\/www.esk-eltern.de\/de\/\",\"logo\":{\"@type\":\"ImageObject\",\"inLanguage\":\"fr-FR\",\"@id\":\"https:\/\/www.esk-eltern.de\/de\/#\/schema\/logo\/image\/\",\"url\":\"https:\/\/dev.esk-eltern.de\/wp-content\/uploads\/2023\/07\/cropped-EV_512x512.png\",\"contentUrl\":\"https:\/\/dev.esk-eltern.de\/wp-content\/uploads\/2023\/07\/cropped-EV_512x512.png\",\"width\":512,\"height\":512,\"caption\":\"Association des parents de l&#039;\u00c9cole Europ\u00e9enne de Karlsruhe\"},\"image\":{\"@id\":\"https:\/\/www.esk-eltern.de\/de\/#\/schema\/logo\/image\/\"}}]}<\/script>\n<!-- \/ Yoast SEO plugin. -->","yoast_head_json":{"title":"Interparents - Association des parents de l&#039;\u00c9cole Europ\u00e9enne de Karlsruhe","robots":{"index":"index","follow":"follow","max-snippet":"max-snippet:-1","max-image-preview":"max-image-preview:large","max-video-preview":"max-video-preview:-1"},"canonical":"https:\/\/www.esk-eltern.de\/fr\/representation\/interparents\/","og_locale":"fr_FR","og_type":"article","og_title":"Interparents - Association des parents de l&#039;\u00c9cole Europ\u00e9enne de Karlsruhe","og_description":"Les associations de parents de toutes les \u00e9coles europ\u00e9ennes sont r\u00e9unies sous l&rsquo;\u00e9gide de l&rsquo;organisation INTERPARENTS. Interparents, \u00e0 son tour, repr\u00e9sente les parents dans toutes les questions qui int\u00e9ressent le Conseil d&rsquo;Administration de Bruxelles. Pour compter ces questions L\u2019Association des Parents \u00e0 Karlsruhe est tr\u00e8s active au sein d&rsquo;Interparents et reconna\u00eet l&rsquo;importance d&rsquo;un engagement fort Read More","og_url":"https:\/\/www.esk-eltern.de\/fr\/representation\/interparents\/","og_site_name":"Association des parents de l&#039;\u00c9cole Europ\u00e9enne de Karlsruhe","article_modified_time":"2023-01-25T08:38:37+00:00","twitter_card":"summary_large_image","twitter_misc":{"Dur\u00e9e de lecture estim\u00e9e":"1 minute"},"schema":{"@context":"https:\/\/schema.org","@graph":[{"@type":"WebPage","@id":"https:\/\/www.esk-eltern.de\/fr\/representation\/interparents\/","url":"https:\/\/www.esk-eltern.de\/fr\/representation\/interparents\/","name":"Interparents - Association des parents de l&#039;\u00c9cole Europ\u00e9enne de Karlsruhe","isPartOf":{"@id":"https:\/\/www.esk-eltern.de\/de\/#website"},"datePublished":"2018-03-15T09:35:57+00:00","dateModified":"2023-01-25T08:38:37+00:00","breadcrumb":{"@id":"https:\/\/www.esk-eltern.de\/fr\/representation\/interparents\/#breadcrumb"},"inLanguage":"fr-FR","potentialAction":[{"@type":"ReadAction","target":["https:\/\/www.esk-eltern.de\/fr\/representation\/interparents\/"]}]},{"@type":"BreadcrumbList","@id":"https:\/\/www.esk-eltern.de\/fr\/representation\/interparents\/#breadcrumb","itemListElement":[{"@type":"ListItem","position":1,"name":"Home","item":"https:\/\/www.esk-eltern.de\/fr\/"},{"@type":"ListItem","position":2,"name":"Repr\u00e9sentation","item":"https:\/\/www.esk-eltern.de\/fr\/representation\/"},{"@type":"ListItem","position":3,"name":"Interparents"}]},{"@type":"WebSite","@id":"https:\/\/www.esk-eltern.de\/de\/#website","url":"https:\/\/www.esk-eltern.de\/de\/","name":"Association des parents de l&#039;\u00c9cole Europ\u00e9enne de Karlsruhe","description":"","publisher":{"@id":"https:\/\/www.esk-eltern.de\/de\/#organization"},"potentialAction":[{"@type":"SearchAction","target":{"@type":"EntryPoint","urlTemplate":"https:\/\/www.esk-eltern.de\/de\/?s={search_term_string}"},"query-input":"required name=search_term_string"}],"inLanguage":"fr-FR"},{"@type":"Organization","@id":"https:\/\/www.esk-eltern.de\/de\/#organization","name":"Association des parents de l&#039;\u00c9cole Europ\u00e9enne de Karlsruhe","url":"https:\/\/www.esk-eltern.de\/de\/","logo":{"@type":"ImageObject","inLanguage":"fr-FR","@id":"https:\/\/www.esk-eltern.de\/de\/#\/schema\/logo\/image\/","url":"https:\/\/dev.esk-eltern.de\/wp-content\/uploads\/2023\/07\/cropped-EV_512x512.png","contentUrl":"https:\/\/dev.esk-eltern.de\/wp-content\/uploads\/2023\/07\/cropped-EV_512x512.png","width":512,"height":512,"caption":"Association des parents de l&#039;\u00c9cole Europ\u00e9enne de Karlsruhe"},"image":{"@id":"https:\/\/www.esk-eltern.de\/de\/#\/schema\/logo\/image\/"}}]}},"_links":{"self":[{"href":"https:\/\/dev.esk-eltern.de\/fr\/wp-json\/wp\/v2\/pages\/470"}],"collection":[{"href":"https:\/\/dev.esk-eltern.de\/fr\/wp-json\/wp\/v2\/pages"}],"about":[{"href":"https:\/\/dev.esk-eltern.de\/fr\/wp-json\/wp\/v2\/types\/page"}],"replies":[{"embeddable":true,"href":"https:\/\/dev.esk-eltern.de\/fr\/wp-json\/wp\/v2\/comments?post=470"}],"version-history":[{"count":5,"href":"https:\/\/dev.esk-eltern.de\/fr\/wp-json\/wp\/v2\/pages\/470\/revisions"}],"predecessor-version":[{"id":8229,"href":"https:\/\/dev.esk-eltern.de\/fr\/wp-json\/wp\/v2\/pages\/470\/revisions\/8229"}],"up":[{"embeddable":true,"href":"https:\/\/dev.esk-eltern.de\/fr\/wp-json\/wp\/v2\/pages\/467"}],"wp:attachment":[{"href":"https:\/\/dev.esk-eltern.de\/fr\/wp-json\/wp\/v2\/media?parent=470"}],"curies":[{"name":"wp","href":"https:\/\/api.w.org\/{rel}","templated":true}]}}