{"id":479,"date":"2018-03-15T10:40:01","date_gmt":"2018-03-15T09:40:01","guid":{"rendered":"https:\/\/dev.esk-eltern.de\/?page_id=479"},"modified":"2018-03-15T10:40:01","modified_gmt":"2018-03-15T09:40:01","slug":"reunion-minutes-de-lap","status":"publish","type":"page","link":"https:\/\/dev.esk-eltern.de\/fr\/representation\/reunion-minutes-de-lap\/","title":{"rendered":"R\u00e9union minutes de l&rsquo;AP"},"content":{"rendered":"","protected":false},"excerpt":{"rendered":"","protected":false},"author":0,"featured_media":0,"parent":467,"menu_order":51,"comment_status":"closed","ping_status":"closed","template":"","meta":{"inline_featured_image":false,"footnotes":""},"yoast_head":"<!-- This site is optimized with the Yoast SEO plugin v22.6 - https:\/\/yoast.com\/wordpress\/plugins\/seo\/ -->\n<title>R\u00e9union minutes de l&#039;AP - Association des parents de l&#039;\u00c9cole Europ\u00e9enne de Karlsruhe<\/title>\n<meta name=\"robots\" content=\"index, follow, max-snippet:-1, max-image-preview:large, max-video-preview:-1\" \/>\n<link rel=\"canonical\" href=\"https:\/\/www.esk-eltern.de\/fr\/representation\/reunion-minutes-de-lap\/\" \/>\n<meta property=\"og:locale\" content=\"fr_FR\" \/>\n<meta property=\"og:type\" content=\"article\" \/>\n<meta property=\"og:title\" content=\"R\u00e9union minutes de l&#039;AP - Association des parents de l&#039;\u00c9cole Europ\u00e9enne de Karlsruhe\" \/>\n<meta property=\"og:url\" content=\"https:\/\/www.esk-eltern.de\/fr\/representation\/reunion-minutes-de-lap\/\" \/>\n<meta property=\"og:site_name\" content=\"Association des parents de l&#039;\u00c9cole Europ\u00e9enne de Karlsruhe\" \/>\n<meta name=\"twitter:card\" content=\"summary_large_image\" \/>\n<script type=\"application\/ld+json\" class=\"yoast-schema-graph\">{\"@context\":\"https:\/\/schema.org\",\"@graph\":[{\"@type\":\"WebPage\",\"@id\":\"https:\/\/www.esk-eltern.de\/fr\/representation\/reunion-minutes-de-lap\/\",\"url\":\"https:\/\/www.esk-eltern.de\/fr\/representation\/reunion-minutes-de-lap\/\",\"name\":\"R\u00e9union minutes de l'AP - Association des parents de l&#039;\u00c9cole Europ\u00e9enne de Karlsruhe\",\"isPartOf\":{\"@id\":\"https:\/\/www.esk-eltern.de\/de\/#website\"},\"datePublished\":\"2018-03-15T09:40:01+00:00\",\"dateModified\":\"2018-03-15T09:40:01+00:00\",\"breadcrumb\":{\"@id\":\"https:\/\/www.esk-eltern.de\/fr\/representation\/reunion-minutes-de-lap\/#breadcrumb\"},\"inLanguage\":\"fr-FR\",\"potentialAction\":[{\"@type\":\"ReadAction\",\"target\":[\"https:\/\/www.esk-eltern.de\/fr\/representation\/reunion-minutes-de-lap\/\"]}]},{\"@type\":\"BreadcrumbList\",\"@id\":\"https:\/\/www.esk-eltern.de\/fr\/representation\/reunion-minutes-de-lap\/#breadcrumb\",\"itemListElement\":[{\"@type\":\"ListItem\",\"position\":1,\"name\":\"Home\",\"item\":\"https:\/\/www.esk-eltern.de\/fr\/\"},{\"@type\":\"ListItem\",\"position\":2,\"name\":\"Repr\u00e9sentation\",\"item\":\"https:\/\/www.esk-eltern.de\/fr\/representation\/\"},{\"@type\":\"ListItem\",\"position\":3,\"name\":\"R\u00e9union minutes de l&#8217;AP\"}]},{\"@type\":\"WebSite\",\"@id\":\"https:\/\/www.esk-eltern.de\/de\/#website\",\"url\":\"https:\/\/www.esk-eltern.de\/de\/\",\"name\":\"Association des parents de l&#039;\u00c9cole Europ\u00e9enne de Karlsruhe\",\"description\":\"\",\"publisher\":{\"@id\":\"https:\/\/www.esk-eltern.de\/de\/#organization\"},\"potentialAction\":[{\"@type\":\"SearchAction\",\"target\":{\"@type\":\"EntryPoint\",\"urlTemplate\":\"https:\/\/www.esk-eltern.de\/de\/?s={search_term_string}\"},\"query-input\":\"required name=search_term_string\"}],\"inLanguage\":\"fr-FR\"},{\"@type\":\"Organization\",\"@id\":\"https:\/\/www.esk-eltern.de\/de\/#organization\",\"name\":\"Association des parents de l&#039;\u00c9cole Europ\u00e9enne de Karlsruhe\",\"url\":\"https:\/\/www.esk-eltern.de\/de\/\",\"logo\":{\"@type\":\"ImageObject\",\"inLanguage\":\"fr-FR\",\"@id\":\"https:\/\/www.esk-eltern.de\/de\/#\/schema\/logo\/image\/\",\"url\":\"https:\/\/dev.esk-eltern.de\/wp-content\/uploads\/2023\/07\/cropped-EV_512x512.png\",\"contentUrl\":\"https:\/\/dev.esk-eltern.de\/wp-content\/uploads\/2023\/07\/cropped-EV_512x512.png\",\"width\":512,\"height\":512,\"caption\":\"Association des parents de l&#039;\u00c9cole Europ\u00e9enne de Karlsruhe\"},\"image\":{\"@id\":\"https:\/\/www.esk-eltern.de\/de\/#\/schema\/logo\/image\/\"}}]}<\/script>\n<!-- \/ Yoast SEO plugin. -->","yoast_head_json":{"title":"R\u00e9union minutes de l'AP - Association des parents de l&#039;\u00c9cole Europ\u00e9enne de Karlsruhe","robots":{"index":"index","follow":"follow","max-snippet":"max-snippet:-1","max-image-preview":"max-image-preview:large","max-video-preview":"max-video-preview:-1"},"canonical":"https:\/\/www.esk-eltern.de\/fr\/representation\/reunion-minutes-de-lap\/","og_locale":"fr_FR","og_type":"article","og_title":"R\u00e9union minutes de l'AP - Association des parents de l&#039;\u00c9cole Europ\u00e9enne de Karlsruhe","og_url":"https:\/\/www.esk-eltern.de\/fr\/representation\/reunion-minutes-de-lap\/","og_site_name":"Association des parents de l&#039;\u00c9cole Europ\u00e9enne de Karlsruhe","twitter_card":"summary_large_image","schema":{"@context":"https:\/\/schema.org","@graph":[{"@type":"WebPage","@id":"https:\/\/www.esk-eltern.de\/fr\/representation\/reunion-minutes-de-lap\/","url":"https:\/\/www.esk-eltern.de\/fr\/representation\/reunion-minutes-de-lap\/","name":"R\u00e9union minutes de l'AP - Association des parents de l&#039;\u00c9cole Europ\u00e9enne de Karlsruhe","isPartOf":{"@id":"https:\/\/www.esk-eltern.de\/de\/#website"},"datePublished":"2018-03-15T09:40:01+00:00","dateModified":"2018-03-15T09:40:01+00:00","breadcrumb":{"@id":"https:\/\/www.esk-eltern.de\/fr\/representation\/reunion-minutes-de-lap\/#breadcrumb"},"inLanguage":"fr-FR","potentialAction":[{"@type":"ReadAction","target":["https:\/\/www.esk-eltern.de\/fr\/representation\/reunion-minutes-de-lap\/"]}]},{"@type":"BreadcrumbList","@id":"https:\/\/www.esk-eltern.de\/fr\/representation\/reunion-minutes-de-lap\/#breadcrumb","itemListElement":[{"@type":"ListItem","position":1,"name":"Home","item":"https:\/\/www.esk-eltern.de\/fr\/"},{"@type":"ListItem","position":2,"name":"Repr\u00e9sentation","item":"https:\/\/www.esk-eltern.de\/fr\/representation\/"},{"@type":"ListItem","position":3,"name":"R\u00e9union minutes de l&#8217;AP"}]},{"@type":"WebSite","@id":"https:\/\/www.esk-eltern.de\/de\/#website","url":"https:\/\/www.esk-eltern.de\/de\/","name":"Association des parents de l&#039;\u00c9cole Europ\u00e9enne de Karlsruhe","description":"","publisher":{"@id":"https:\/\/www.esk-eltern.de\/de\/#organization"},"potentialAction":[{"@type":"SearchAction","target":{"@type":"EntryPoint","urlTemplate":"https:\/\/www.esk-eltern.de\/de\/?s={search_term_string}"},"query-input":"required name=search_term_string"}],"inLanguage":"fr-FR"},{"@type":"Organization","@id":"https:\/\/www.esk-eltern.de\/de\/#organization","name":"Association des parents de l&#039;\u00c9cole Europ\u00e9enne de Karlsruhe","url":"https:\/\/www.esk-eltern.de\/de\/","logo":{"@type":"ImageObject","inLanguage":"fr-FR","@id":"https:\/\/www.esk-eltern.de\/de\/#\/schema\/logo\/image\/","url":"https:\/\/dev.esk-eltern.de\/wp-content\/uploads\/2023\/07\/cropped-EV_512x512.png","contentUrl":"https:\/\/dev.esk-eltern.de\/wp-content\/uploads\/2023\/07\/cropped-EV_512x512.png","width":512,"height":512,"caption":"Association des parents de l&#039;\u00c9cole Europ\u00e9enne de Karlsruhe"},"image":{"@id":"https:\/\/www.esk-eltern.de\/de\/#\/schema\/logo\/image\/"}}]}},"_links":{"self":[{"href":"https:\/\/dev.esk-eltern.de\/fr\/wp-json\/wp\/v2\/pages\/479"}],"collection":[{"href":"https:\/\/dev.esk-eltern.de\/fr\/wp-json\/wp\/v2\/pages"}],"about":[{"href":"https:\/\/dev.esk-eltern.de\/fr\/wp-json\/wp\/v2\/types\/page"}],"replies":[{"embeddable":true,"href":"https:\/\/dev.esk-eltern.de\/fr\/wp-json\/wp\/v2\/comments?post=479"}],"version-history":[{"count":1,"href":"https:\/\/dev.esk-eltern.de\/fr\/wp-json\/wp\/v2\/pages\/479\/revisions"}],"predecessor-version":[{"id":481,"href":"https:\/\/dev.esk-eltern.de\/fr\/wp-json\/wp\/v2\/pages\/479\/revisions\/481"}],"up":[{"embeddable":true,"href":"https:\/\/dev.esk-eltern.de\/fr\/wp-json\/wp\/v2\/pages\/467"}],"wp:attachment":[{"href":"https:\/\/dev.esk-eltern.de\/fr\/wp-json\/wp\/v2\/media?parent=479"}],"curies":[{"name":"wp","href":"https:\/\/api.w.org\/{rel}","templated":true}]}}