{"id":6594,"date":"2022-05-25T17:31:19","date_gmt":"2022-05-25T15:31:19","guid":{"rendered":"https:\/\/dev.esk-eltern.de\/?page_id=6594"},"modified":"2024-04-13T10:01:09","modified_gmt":"2024-04-13T08:01:09","slug":"euroboutique","status":"publish","type":"page","link":"https:\/\/dev.esk-eltern.de\/fr\/services\/euroboutique\/","title":{"rendered":"Euroboutique"},"content":{"rendered":"\n<p>L&rsquo;association des parents d&rsquo;\u00e9l\u00e8ves propose des v\u00eatements portant le logo de l&rsquo;\u00e9cole europ\u00e9enne dans l&rsquo;Euroboutique. Ceux-ci peuvent \u00eatre achet\u00e9s au stand de l&rsquo;Euroboutique lors des f\u00eates ou command\u00e9s en ligne.<\/p>\n\n<p>La distribution a lieu selon les besoins. Veuillez demander un rendez-vous. <br\/>Nous ne pouvons pas envoyer de marchandises.<\/p>\n\n<p>Nous acceptons \u00e9galement volontiers vos commandes (\u00e0 partir de 20 pi\u00e8ces).<\/p>\n\n<p>Contact: <a href=\"mailto:kar-evboutique@partner.eursc.eu\">kar-evboutique@partner.eursc.eu<\/a> <\/p>\n<div data-block-name=\"woocommerce\/product-category\" data-columns=\"2\" data-rows=\"2\" data-content-visibility=\"{&quot;image&quot;:true,&quot;title&quot;:true,&quot;price&quot;:true,&quot;rating&quot;:false,&quot;button&quot;:true}\" data-categories=\"[579]\" data-orderby=\"title\" class=\"wc-block-grid wp-block-product-category wc-block-product-category has-2-columns has-multiple-rows\"><ul class=\"wc-block-grid__products\"><li class=\"wc-block-grid__product\">\n\t\t\t\t<a href=\"https:\/\/dev.esk-eltern.de\/fr\/produkt\/casquette-de-baseball-avec-logo-pyramide\/\" class=\"wc-block-grid__product-link\">\n\t\t\t\t\t\n\t\t\t\t\t<div class=\"wc-block-grid__product-image\"><img loading=\"lazy\" decoding=\"async\" width=\"450\" height=\"450\" src=\"https:\/\/dev.esk-eltern.de\/wp-content\/uploads\/2023\/03\/BaseballCap_grau_Seite-scaled-450x450.jpg\" class=\"attachment-woocommerce_thumbnail size-woocommerce_thumbnail\" alt=\"Casquette de baseball avec logo &quot;Pyramide&quot;\" srcset=\"https:\/\/dev.esk-eltern.de\/wp-content\/uploads\/2023\/03\/BaseballCap_grau_Seite-scaled-450x450.jpg 450w, https:\/\/dev.esk-eltern.de\/wp-content\/uploads\/2023\/03\/BaseballCap_grau_Seite-scaled-100x100.jpg 100w\" sizes=\"(max-width: 450px) 100vw, 450px\" \/><\/div>\n\t\t\t\t\t<div class=\"wc-block-grid__product-title\">Casquette de baseball avec logo \u00ab\u00a0Pyramide\u00a0\u00bb<\/div>\n\t\t\t\t<\/a>\n\t\t\t\t<div class=\"wc-block-grid__product-price price\"><span class=\"woocommerce-Price-amount amount\">15.00<span class=\"woocommerce-Price-currencySymbol\">&euro;<\/span><\/span><\/div>\n\t\t\t\t\n\t\t\t\t<div class=\"wp-block-button wc-block-grid__product-add-to-cart\"><a href=\"https:\/\/dev.esk-eltern.de\/fr\/produkt\/casquette-de-baseball-avec-logo-pyramide\/\" aria-label=\"S\u00e9lectionner les options pour &ldquo;Casquette de baseball avec logo &quot;Pyramide&quot;&rdquo;\" data-quantity=\"1\" data-product_id=\"11173\" data-product_sku=\"baseball-cap-pyramide\" data-price=\"15\" rel=\"nofollow\" class=\"wp-block-button__link wp-element-button add_to_cart_button\">Choix des options<\/a><\/div>\n\t\t\t<\/li><li class=\"wc-block-grid__product\">\n\t\t\t\t<a href=\"https:\/\/dev.esk-eltern.de\/fr\/produkt\/polo-shirt-avec-logo-pyramide\/\" class=\"wc-block-grid__product-link\">\n\t\t\t\t\t\n\t\t\t\t\t<div class=\"wc-block-grid__product-image\"><img loading=\"lazy\" decoding=\"async\" width=\"450\" height=\"450\" src=\"https:\/\/dev.esk-eltern.de\/wp-content\/uploads\/2022\/09\/DSC_9127-450x450.jpg\" class=\"attachment-woocommerce_thumbnail size-woocommerce_thumbnail\" alt=\"Polo-Shirt avec logo &quot;Pyramide&quot;.\" srcset=\"https:\/\/dev.esk-eltern.de\/wp-content\/uploads\/2022\/09\/DSC_9127-450x450.jpg 450w, https:\/\/dev.esk-eltern.de\/wp-content\/uploads\/2022\/09\/DSC_9127-100x100.jpg 100w\" sizes=\"(max-width: 450px) 100vw, 450px\" \/><\/div>\n\t\t\t\t\t<div class=\"wc-block-grid__product-title\">Polo-Shirt avec logo \u00ab\u00a0Pyramide\u00a0\u00bb.<\/div>\n\t\t\t\t<\/a>\n\t\t\t\t<div class=\"wc-block-grid__product-price price\"><span class=\"woocommerce-Price-amount amount\">20.00<span class=\"woocommerce-Price-currencySymbol\">&euro;<\/span><\/span> &ndash; <span class=\"woocommerce-Price-amount amount\">23.00<span class=\"woocommerce-Price-currencySymbol\">&euro;<\/span><\/span><\/div>\n\t\t\t\t\n\t\t\t\t<div class=\"wp-block-button wc-block-grid__product-add-to-cart\"><a href=\"https:\/\/dev.esk-eltern.de\/fr\/produkt\/polo-shirt-avec-logo-pyramide\/\" aria-label=\"S\u00e9lectionner les options pour &ldquo;Polo-Shirt avec logo &quot;Pyramide&quot;.&rdquo;\" data-quantity=\"1\" data-product_id=\"11105\" data-product_sku=\"poloshirt-pyramide\" data-price=\"20\" rel=\"nofollow\" class=\"wp-block-button__link wp-element-button add_to_cart_button\">Choix des options<\/a><\/div>\n\t\t\t<\/li><li class=\"wc-block-grid__product\">\n\t\t\t\t<a href=\"https:\/\/dev.esk-eltern.de\/fr\/produkt\/t-shirt-avec-logo-pyramide\/\" class=\"wc-block-grid__product-link\">\n\t\t\t\t\t\n\t\t\t\t\t<div class=\"wc-block-grid__product-image\"><img loading=\"lazy\" decoding=\"async\" width=\"450\" height=\"450\" src=\"https:\/\/dev.esk-eltern.de\/wp-content\/uploads\/2022\/07\/T-Shirt-Pyramide-vorn-450x450.jpg\" class=\"attachment-woocommerce_thumbnail size-woocommerce_thumbnail\" alt=\"T-shirt avec logo &quot;Pyramide\" srcset=\"https:\/\/dev.esk-eltern.de\/wp-content\/uploads\/2022\/07\/T-Shirt-Pyramide-vorn-450x450.jpg 450w, https:\/\/dev.esk-eltern.de\/wp-content\/uploads\/2022\/07\/T-Shirt-Pyramide-vorn-100x100.jpg 100w, https:\/\/dev.esk-eltern.de\/wp-content\/uploads\/2022\/07\/T-Shirt-Pyramide-vorn-300x300.jpg 300w\" sizes=\"(max-width: 450px) 100vw, 450px\" \/><\/div>\n\t\t\t\t\t<div class=\"wc-block-grid__product-title\">T-shirt avec logo \u00ab\u00a0Pyramide<\/div>\n\t\t\t\t<\/a>\n\t\t\t\t<div class=\"wc-block-grid__product-price price\"><span class=\"woocommerce-Price-amount amount\">18.00<span class=\"woocommerce-Price-currencySymbol\">&euro;<\/span><\/span><\/div>\n\t\t\t\t\n\t\t\t\t<div class=\"wp-block-button wc-block-grid__product-add-to-cart\"><a href=\"https:\/\/dev.esk-eltern.de\/fr\/produkt\/t-shirt-avec-logo-pyramide\/\" aria-label=\"S\u00e9lectionner les options pour &ldquo;T-shirt avec logo &quot;Pyramide&rdquo;\" data-quantity=\"1\" data-product_id=\"11194\" data-product_sku=\"tshirt-pyramide\" data-price=\"18\" rel=\"nofollow\" class=\"wp-block-button__link wp-element-button add_to_cart_button\">Choix des options<\/a><\/div>\n\t\t\t<\/li><li class=\"wc-block-grid__product\">\n\t\t\t\t<a href=\"https:\/\/dev.esk-eltern.de\/fr\/produkt\/veste-sweat-avec-logo-pyramide\/\" class=\"wc-block-grid__product-link\">\n\t\t\t\t\t\n\t\t\t\t\t<div class=\"wc-block-grid__product-image\"><img loading=\"lazy\" decoding=\"async\" width=\"450\" height=\"450\" src=\"https:\/\/dev.esk-eltern.de\/wp-content\/uploads\/2023\/03\/Sweatjacke_Grau_Vorne-1-scaled-450x450.jpg\" class=\"attachment-woocommerce_thumbnail size-woocommerce_thumbnail\" alt=\"Veste sweat avec logo &quot;Pyramide&quot;.\" srcset=\"https:\/\/dev.esk-eltern.de\/wp-content\/uploads\/2023\/03\/Sweatjacke_Grau_Vorne-1-scaled-450x450.jpg 450w, https:\/\/dev.esk-eltern.de\/wp-content\/uploads\/2023\/03\/Sweatjacke_Grau_Vorne-1-scaled-100x100.jpg 100w\" sizes=\"(max-width: 450px) 100vw, 450px\" \/><\/div>\n\t\t\t\t\t<div class=\"wc-block-grid__product-title\">Veste sweat avec logo \u00ab\u00a0Pyramide\u00a0\u00bb.<\/div>\n\t\t\t\t<\/a>\n\t\t\t\t<div class=\"wc-block-grid__product-price price\"><span class=\"woocommerce-Price-amount amount\">33.00<span class=\"woocommerce-Price-currencySymbol\">&euro;<\/span><\/span><\/div>\n\t\t\t\t\n\t\t\t\t<div class=\"wp-block-button wc-block-grid__product-add-to-cart\"><a href=\"https:\/\/dev.esk-eltern.de\/fr\/produkt\/veste-sweat-avec-logo-pyramide\/\" aria-label=\"S\u00e9lectionner les options pour &ldquo;Veste sweat avec logo &quot;Pyramide&quot;.&rdquo;\" data-quantity=\"1\" data-product_id=\"11184\" data-product_sku=\"sweatjacke-pyramide\" data-price=\"33\" rel=\"nofollow\" class=\"wp-block-button__link wp-element-button add_to_cart_button\">Choix des options<\/a><\/div>\n\t\t\t<\/li><\/ul><\/div>","protected":false},"excerpt":{"rendered":"<p>L&rsquo;association des parents d&rsquo;\u00e9l\u00e8ves propose des v\u00eatements portant le logo de l&rsquo;\u00e9cole europ\u00e9enne dans l&rsquo;Euroboutique. Ceux-ci peuvent \u00eatre achet\u00e9s au stand de l&rsquo;Euroboutique lors des f\u00eates ou command\u00e9s en ligne. La distribution a lieu selon les besoins. Veuillez demander un rendez-vous. Nous ne pouvons pas envoyer de marchandises. Nous acceptons \u00e9galement volontiers vos commandes (\u00e0 <a class=\"read-more-link\" href=\"https:\/\/dev.esk-eltern.de\/fr\/services\/euroboutique\/\">Read More<\/a><\/p>\n","protected":false},"author":406,"featured_media":793,"parent":9342,"menu_order":50,"comment_status":"closed","ping_status":"closed","template":"","meta":{"inline_featured_image":false,"footnotes":""},"yoast_head":"<!-- This site is optimized with the Yoast SEO plugin v22.6 - https:\/\/yoast.com\/wordpress\/plugins\/seo\/ -->\n<title>Euroboutique - Association des parents de l&#039;\u00c9cole Europ\u00e9enne de Karlsruhe<\/title>\n<meta name=\"robots\" content=\"index, follow, max-snippet:-1, max-image-preview:large, max-video-preview:-1\" \/>\n<link rel=\"canonical\" href=\"https:\/\/www.esk-eltern.de\/fr\/services\/euroboutique\/\" \/>\n<meta property=\"og:locale\" content=\"fr_FR\" \/>\n<meta property=\"og:type\" content=\"article\" \/>\n<meta property=\"og:title\" content=\"Euroboutique - Association des parents de l&#039;\u00c9cole Europ\u00e9enne de Karlsruhe\" \/>\n<meta property=\"og:description\" content=\"L&rsquo;association des parents d&rsquo;\u00e9l\u00e8ves propose des v\u00eatements portant le logo de l&rsquo;\u00e9cole europ\u00e9enne dans l&rsquo;Euroboutique. Ceux-ci peuvent \u00eatre achet\u00e9s au stand de l&rsquo;Euroboutique lors des f\u00eates ou command\u00e9s en ligne. La distribution a lieu selon les besoins. Veuillez demander un rendez-vous. Nous ne pouvons pas envoyer de marchandises. Nous acceptons \u00e9galement volontiers vos commandes (\u00e0 Read More\" \/>\n<meta property=\"og:url\" content=\"https:\/\/www.esk-eltern.de\/fr\/services\/euroboutique\/\" \/>\n<meta property=\"og:site_name\" content=\"Association des parents de l&#039;\u00c9cole Europ\u00e9enne de Karlsruhe\" \/>\n<meta property=\"article:modified_time\" content=\"2024-04-13T08:01:09+00:00\" \/>\n<meta property=\"og:image\" content=\"https:\/\/www.esk-eltern.de\/wp-content\/uploads\/2018\/03\/Euroboutique.jpg\" \/>\n\t<meta property=\"og:image:width\" content=\"960\" \/>\n\t<meta property=\"og:image:height\" content=\"640\" \/>\n\t<meta property=\"og:image:type\" content=\"image\/jpeg\" \/>\n<meta name=\"twitter:card\" content=\"summary_large_image\" \/>\n<meta name=\"twitter:label1\" content=\"Dur\u00e9e de lecture estim\u00e9e\" \/>\n\t<meta name=\"twitter:data1\" content=\"1 minute\" \/>\n<script type=\"application\/ld+json\" class=\"yoast-schema-graph\">{\"@context\":\"https:\/\/schema.org\",\"@graph\":[{\"@type\":\"WebPage\",\"@id\":\"https:\/\/www.esk-eltern.de\/fr\/services\/euroboutique\/\",\"url\":\"https:\/\/www.esk-eltern.de\/fr\/services\/euroboutique\/\",\"name\":\"Euroboutique - Association des parents de l&#039;\u00c9cole Europ\u00e9enne de Karlsruhe\",\"isPartOf\":{\"@id\":\"https:\/\/www.esk-eltern.de\/de\/#website\"},\"primaryImageOfPage\":{\"@id\":\"https:\/\/www.esk-eltern.de\/fr\/services\/euroboutique\/#primaryimage\"},\"image\":{\"@id\":\"https:\/\/www.esk-eltern.de\/fr\/services\/euroboutique\/#primaryimage\"},\"thumbnailUrl\":\"https:\/\/dev.esk-eltern.de\/wp-content\/uploads\/2018\/03\/Euroboutique.jpg\",\"datePublished\":\"2022-05-25T15:31:19+00:00\",\"dateModified\":\"2024-04-13T08:01:09+00:00\",\"breadcrumb\":{\"@id\":\"https:\/\/www.esk-eltern.de\/fr\/services\/euroboutique\/#breadcrumb\"},\"inLanguage\":\"fr-FR\",\"potentialAction\":[{\"@type\":\"ReadAction\",\"target\":[\"https:\/\/www.esk-eltern.de\/fr\/services\/euroboutique\/\"]}]},{\"@type\":\"ImageObject\",\"inLanguage\":\"fr-FR\",\"@id\":\"https:\/\/www.esk-eltern.de\/fr\/services\/euroboutique\/#primaryimage\",\"url\":\"https:\/\/dev.esk-eltern.de\/wp-content\/uploads\/2018\/03\/Euroboutique.jpg\",\"contentUrl\":\"https:\/\/dev.esk-eltern.de\/wp-content\/uploads\/2018\/03\/Euroboutique.jpg\",\"width\":960,\"height\":640},{\"@type\":\"BreadcrumbList\",\"@id\":\"https:\/\/www.esk-eltern.de\/fr\/services\/euroboutique\/#breadcrumb\",\"itemListElement\":[{\"@type\":\"ListItem\",\"position\":1,\"name\":\"Home\",\"item\":\"https:\/\/www.esk-eltern.de\/fr\/\"},{\"@type\":\"ListItem\",\"position\":2,\"name\":\"Services\",\"item\":\"https:\/\/www.esk-eltern.de\/fr\/services\/\"},{\"@type\":\"ListItem\",\"position\":3,\"name\":\"Euroboutique\"}]},{\"@type\":\"WebSite\",\"@id\":\"https:\/\/www.esk-eltern.de\/de\/#website\",\"url\":\"https:\/\/www.esk-eltern.de\/de\/\",\"name\":\"Association des parents de l&#039;\u00c9cole Europ\u00e9enne de Karlsruhe\",\"description\":\"\",\"publisher\":{\"@id\":\"https:\/\/www.esk-eltern.de\/de\/#organization\"},\"potentialAction\":[{\"@type\":\"SearchAction\",\"target\":{\"@type\":\"EntryPoint\",\"urlTemplate\":\"https:\/\/www.esk-eltern.de\/de\/?s={search_term_string}\"},\"query-input\":\"required name=search_term_string\"}],\"inLanguage\":\"fr-FR\"},{\"@type\":\"Organization\",\"@id\":\"https:\/\/www.esk-eltern.de\/de\/#organization\",\"name\":\"Association des parents de l&#039;\u00c9cole Europ\u00e9enne de Karlsruhe\",\"url\":\"https:\/\/www.esk-eltern.de\/de\/\",\"logo\":{\"@type\":\"ImageObject\",\"inLanguage\":\"fr-FR\",\"@id\":\"https:\/\/www.esk-eltern.de\/de\/#\/schema\/logo\/image\/\",\"url\":\"https:\/\/dev.esk-eltern.de\/wp-content\/uploads\/2023\/07\/cropped-EV_512x512.png\",\"contentUrl\":\"https:\/\/dev.esk-eltern.de\/wp-content\/uploads\/2023\/07\/cropped-EV_512x512.png\",\"width\":512,\"height\":512,\"caption\":\"Association des parents de l&#039;\u00c9cole Europ\u00e9enne de Karlsruhe\"},\"image\":{\"@id\":\"https:\/\/www.esk-eltern.de\/de\/#\/schema\/logo\/image\/\"}}]}<\/script>\n<!-- \/ Yoast SEO plugin. -->","yoast_head_json":{"title":"Euroboutique - Association des parents de l&#039;\u00c9cole Europ\u00e9enne de Karlsruhe","robots":{"index":"index","follow":"follow","max-snippet":"max-snippet:-1","max-image-preview":"max-image-preview:large","max-video-preview":"max-video-preview:-1"},"canonical":"https:\/\/www.esk-eltern.de\/fr\/services\/euroboutique\/","og_locale":"fr_FR","og_type":"article","og_title":"Euroboutique - Association des parents de l&#039;\u00c9cole Europ\u00e9enne de Karlsruhe","og_description":"L&rsquo;association des parents d&rsquo;\u00e9l\u00e8ves propose des v\u00eatements portant le logo de l&rsquo;\u00e9cole europ\u00e9enne dans l&rsquo;Euroboutique. Ceux-ci peuvent \u00eatre achet\u00e9s au stand de l&rsquo;Euroboutique lors des f\u00eates ou command\u00e9s en ligne. La distribution a lieu selon les besoins. Veuillez demander un rendez-vous. Nous ne pouvons pas envoyer de marchandises. Nous acceptons \u00e9galement volontiers vos commandes (\u00e0 Read More","og_url":"https:\/\/www.esk-eltern.de\/fr\/services\/euroboutique\/","og_site_name":"Association des parents de l&#039;\u00c9cole Europ\u00e9enne de Karlsruhe","article_modified_time":"2024-04-13T08:01:09+00:00","og_image":[{"width":960,"height":640,"url":"https:\/\/www.esk-eltern.de\/wp-content\/uploads\/2018\/03\/Euroboutique.jpg","type":"image\/jpeg"}],"twitter_card":"summary_large_image","twitter_misc":{"Dur\u00e9e de lecture estim\u00e9e":"1 minute"},"schema":{"@context":"https:\/\/schema.org","@graph":[{"@type":"WebPage","@id":"https:\/\/www.esk-eltern.de\/fr\/services\/euroboutique\/","url":"https:\/\/www.esk-eltern.de\/fr\/services\/euroboutique\/","name":"Euroboutique - Association des parents de l&#039;\u00c9cole Europ\u00e9enne de Karlsruhe","isPartOf":{"@id":"https:\/\/www.esk-eltern.de\/de\/#website"},"primaryImageOfPage":{"@id":"https:\/\/www.esk-eltern.de\/fr\/services\/euroboutique\/#primaryimage"},"image":{"@id":"https:\/\/www.esk-eltern.de\/fr\/services\/euroboutique\/#primaryimage"},"thumbnailUrl":"https:\/\/dev.esk-eltern.de\/wp-content\/uploads\/2018\/03\/Euroboutique.jpg","datePublished":"2022-05-25T15:31:19+00:00","dateModified":"2024-04-13T08:01:09+00:00","breadcrumb":{"@id":"https:\/\/www.esk-eltern.de\/fr\/services\/euroboutique\/#breadcrumb"},"inLanguage":"fr-FR","potentialAction":[{"@type":"ReadAction","target":["https:\/\/www.esk-eltern.de\/fr\/services\/euroboutique\/"]}]},{"@type":"ImageObject","inLanguage":"fr-FR","@id":"https:\/\/www.esk-eltern.de\/fr\/services\/euroboutique\/#primaryimage","url":"https:\/\/dev.esk-eltern.de\/wp-content\/uploads\/2018\/03\/Euroboutique.jpg","contentUrl":"https:\/\/dev.esk-eltern.de\/wp-content\/uploads\/2018\/03\/Euroboutique.jpg","width":960,"height":640},{"@type":"BreadcrumbList","@id":"https:\/\/www.esk-eltern.de\/fr\/services\/euroboutique\/#breadcrumb","itemListElement":[{"@type":"ListItem","position":1,"name":"Home","item":"https:\/\/www.esk-eltern.de\/fr\/"},{"@type":"ListItem","position":2,"name":"Services","item":"https:\/\/www.esk-eltern.de\/fr\/services\/"},{"@type":"ListItem","position":3,"name":"Euroboutique"}]},{"@type":"WebSite","@id":"https:\/\/www.esk-eltern.de\/de\/#website","url":"https:\/\/www.esk-eltern.de\/de\/","name":"Association des parents de l&#039;\u00c9cole Europ\u00e9enne de Karlsruhe","description":"","publisher":{"@id":"https:\/\/www.esk-eltern.de\/de\/#organization"},"potentialAction":[{"@type":"SearchAction","target":{"@type":"EntryPoint","urlTemplate":"https:\/\/www.esk-eltern.de\/de\/?s={search_term_string}"},"query-input":"required name=search_term_string"}],"inLanguage":"fr-FR"},{"@type":"Organization","@id":"https:\/\/www.esk-eltern.de\/de\/#organization","name":"Association des parents de l&#039;\u00c9cole Europ\u00e9enne de Karlsruhe","url":"https:\/\/www.esk-eltern.de\/de\/","logo":{"@type":"ImageObject","inLanguage":"fr-FR","@id":"https:\/\/www.esk-eltern.de\/de\/#\/schema\/logo\/image\/","url":"https:\/\/dev.esk-eltern.de\/wp-content\/uploads\/2023\/07\/cropped-EV_512x512.png","contentUrl":"https:\/\/dev.esk-eltern.de\/wp-content\/uploads\/2023\/07\/cropped-EV_512x512.png","width":512,"height":512,"caption":"Association des parents de l&#039;\u00c9cole Europ\u00e9enne de Karlsruhe"},"image":{"@id":"https:\/\/www.esk-eltern.de\/de\/#\/schema\/logo\/image\/"}}]}},"_links":{"self":[{"href":"https:\/\/dev.esk-eltern.de\/fr\/wp-json\/wp\/v2\/pages\/6594"}],"collection":[{"href":"https:\/\/dev.esk-eltern.de\/fr\/wp-json\/wp\/v2\/pages"}],"about":[{"href":"https:\/\/dev.esk-eltern.de\/fr\/wp-json\/wp\/v2\/types\/page"}],"author":[{"embeddable":true,"href":"https:\/\/dev.esk-eltern.de\/fr\/wp-json\/wp\/v2\/users\/406"}],"replies":[{"embeddable":true,"href":"https:\/\/dev.esk-eltern.de\/fr\/wp-json\/wp\/v2\/comments?post=6594"}],"version-history":[{"count":11,"href":"https:\/\/dev.esk-eltern.de\/fr\/wp-json\/wp\/v2\/pages\/6594\/revisions"}],"predecessor-version":[{"id":11453,"href":"https:\/\/dev.esk-eltern.de\/fr\/wp-json\/wp\/v2\/pages\/6594\/revisions\/11453"}],"up":[{"embeddable":true,"href":"https:\/\/dev.esk-eltern.de\/fr\/wp-json\/wp\/v2\/pages\/9342"}],"wp:featuredmedia":[{"embeddable":true,"href":"https:\/\/dev.esk-eltern.de\/fr\/wp-json\/wp\/v2\/media\/793"}],"wp:attachment":[{"href":"https:\/\/dev.esk-eltern.de\/fr\/wp-json\/wp\/v2\/media?parent=6594"}],"curies":[{"name":"wp","href":"https:\/\/api.w.org\/{rel}","templated":true}]}}