{"id":7837,"date":"2019-09-10T07:41:10","date_gmt":"2019-09-10T05:41:10","guid":{"rendered":"https:\/\/dev.esk-eltern.de\/downloads\/"},"modified":"2022-10-24T12:39:04","modified_gmt":"2022-10-24T10:39:04","slug":"downloads","status":"publish","type":"page","link":"https:\/\/dev.esk-eltern.de\/fr\/downloads\/","title":{"rendered":"Downloads"},"content":{"rendered":"\n<p>Hier finden Sie die angek\u00fcndigten Downloads:<\/p>\n\n\n\n<p><strong>Parent Reps\/ Elternvertreter\/ Repr\u00e9sentant des parents d\u00b4\u00e9l\u00e8ves<\/strong><\/p>\n\n\n\n<p>EN: Roles of the parents reps (Document will be added shortly)<\/p>\n\n\n\n<p>DE: Rollen der Elternvertreter (Dokument folgt in k\u00fcrze)<\/p>\n\n\n\n<p>FR: R\u00f4le des repr\u00e9sentants des parents d\u00b4\u00e9l\u00e8ves (Document suit)<\/p>\n\n\n\n<p><a href=\"https:\/\/dev.esk-eltern.de\/wp-content\/uploads\/2019\/09\/Manual-Photos-DE-EN-FR.pdf\"><\/a><\/p>\n","protected":false},"excerpt":{"rendered":"<p>Hier finden Sie die angek\u00fcndigten Downloads: Parent Reps\/ Elternvertreter\/ Repr\u00e9sentant des parents d\u00b4\u00e9l\u00e8ves EN: Roles of the parents reps (Document will be added shortly) DE: Rollen der Elternvertreter (Dokument folgt in k\u00fcrze) FR: R\u00f4le des repr\u00e9sentants des parents d\u00b4\u00e9l\u00e8ves (Document suit)<\/p>\n","protected":false},"author":24,"featured_media":0,"parent":0,"menu_order":13,"comment_status":"closed","ping_status":"closed","template":"","meta":{"inline_featured_image":false,"footnotes":""},"yoast_head":"<!-- This site is optimized with the Yoast SEO plugin v22.6 - https:\/\/yoast.com\/wordpress\/plugins\/seo\/ -->\n<title>Downloads - Association des parents de l&#039;\u00c9cole Europ\u00e9enne de Karlsruhe<\/title>\n<meta name=\"robots\" content=\"index, follow, max-snippet:-1, max-image-preview:large, max-video-preview:-1\" \/>\n<link rel=\"canonical\" href=\"https:\/\/www.esk-eltern.de\/fr\/downloads\/\" \/>\n<meta property=\"og:locale\" content=\"fr_FR\" \/>\n<meta property=\"og:type\" content=\"article\" \/>\n<meta property=\"og:title\" content=\"Downloads - Association des parents de l&#039;\u00c9cole Europ\u00e9enne de Karlsruhe\" \/>\n<meta property=\"og:description\" content=\"Hier finden Sie die angek\u00fcndigten Downloads: Parent Reps\/ Elternvertreter\/ Repr\u00e9sentant des parents d\u00b4\u00e9l\u00e8ves EN: Roles of the parents reps (Document will be added shortly) DE: Rollen der Elternvertreter (Dokument folgt in k\u00fcrze) FR: R\u00f4le des repr\u00e9sentants des parents d\u00b4\u00e9l\u00e8ves (Document suit)\" \/>\n<meta property=\"og:url\" content=\"https:\/\/www.esk-eltern.de\/fr\/downloads\/\" \/>\n<meta property=\"og:site_name\" content=\"Association des parents de l&#039;\u00c9cole Europ\u00e9enne de Karlsruhe\" \/>\n<meta property=\"article:modified_time\" content=\"2022-10-24T10:39:04+00:00\" \/>\n<meta name=\"twitter:card\" content=\"summary_large_image\" \/>\n<script type=\"application\/ld+json\" class=\"yoast-schema-graph\">{\"@context\":\"https:\/\/schema.org\",\"@graph\":[{\"@type\":\"WebPage\",\"@id\":\"https:\/\/www.esk-eltern.de\/fr\/downloads\/\",\"url\":\"https:\/\/www.esk-eltern.de\/fr\/downloads\/\",\"name\":\"Downloads - Association des parents de l&#039;\u00c9cole Europ\u00e9enne de Karlsruhe\",\"isPartOf\":{\"@id\":\"https:\/\/www.esk-eltern.de\/de\/#website\"},\"datePublished\":\"2019-09-10T05:41:10+00:00\",\"dateModified\":\"2022-10-24T10:39:04+00:00\",\"breadcrumb\":{\"@id\":\"https:\/\/www.esk-eltern.de\/fr\/downloads\/#breadcrumb\"},\"inLanguage\":\"fr-FR\",\"potentialAction\":[{\"@type\":\"ReadAction\",\"target\":[\"https:\/\/www.esk-eltern.de\/fr\/downloads\/\"]}]},{\"@type\":\"BreadcrumbList\",\"@id\":\"https:\/\/www.esk-eltern.de\/fr\/downloads\/#breadcrumb\",\"itemListElement\":[{\"@type\":\"ListItem\",\"position\":1,\"name\":\"Home\",\"item\":\"https:\/\/www.esk-eltern.de\/fr\/\"},{\"@type\":\"ListItem\",\"position\":2,\"name\":\"Downloads\"}]},{\"@type\":\"WebSite\",\"@id\":\"https:\/\/www.esk-eltern.de\/de\/#website\",\"url\":\"https:\/\/www.esk-eltern.de\/de\/\",\"name\":\"Association des parents de l&#039;\u00c9cole Europ\u00e9enne de Karlsruhe\",\"description\":\"\",\"publisher\":{\"@id\":\"https:\/\/www.esk-eltern.de\/de\/#organization\"},\"potentialAction\":[{\"@type\":\"SearchAction\",\"target\":{\"@type\":\"EntryPoint\",\"urlTemplate\":\"https:\/\/www.esk-eltern.de\/de\/?s={search_term_string}\"},\"query-input\":\"required name=search_term_string\"}],\"inLanguage\":\"fr-FR\"},{\"@type\":\"Organization\",\"@id\":\"https:\/\/www.esk-eltern.de\/de\/#organization\",\"name\":\"Association des parents de l&#039;\u00c9cole Europ\u00e9enne de Karlsruhe\",\"url\":\"https:\/\/www.esk-eltern.de\/de\/\",\"logo\":{\"@type\":\"ImageObject\",\"inLanguage\":\"fr-FR\",\"@id\":\"https:\/\/www.esk-eltern.de\/de\/#\/schema\/logo\/image\/\",\"url\":\"https:\/\/dev.esk-eltern.de\/wp-content\/uploads\/2023\/07\/cropped-EV_512x512.png\",\"contentUrl\":\"https:\/\/dev.esk-eltern.de\/wp-content\/uploads\/2023\/07\/cropped-EV_512x512.png\",\"width\":512,\"height\":512,\"caption\":\"Association des parents de l&#039;\u00c9cole Europ\u00e9enne de Karlsruhe\"},\"image\":{\"@id\":\"https:\/\/www.esk-eltern.de\/de\/#\/schema\/logo\/image\/\"}}]}<\/script>\n<!-- \/ Yoast SEO plugin. -->","yoast_head_json":{"title":"Downloads - Association des parents de l&#039;\u00c9cole Europ\u00e9enne de Karlsruhe","robots":{"index":"index","follow":"follow","max-snippet":"max-snippet:-1","max-image-preview":"max-image-preview:large","max-video-preview":"max-video-preview:-1"},"canonical":"https:\/\/www.esk-eltern.de\/fr\/downloads\/","og_locale":"fr_FR","og_type":"article","og_title":"Downloads - Association des parents de l&#039;\u00c9cole Europ\u00e9enne de Karlsruhe","og_description":"Hier finden Sie die angek\u00fcndigten Downloads: Parent Reps\/ Elternvertreter\/ Repr\u00e9sentant des parents d\u00b4\u00e9l\u00e8ves EN: Roles of the parents reps (Document will be added shortly) DE: Rollen der Elternvertreter (Dokument folgt in k\u00fcrze) FR: R\u00f4le des repr\u00e9sentants des parents d\u00b4\u00e9l\u00e8ves (Document suit)","og_url":"https:\/\/www.esk-eltern.de\/fr\/downloads\/","og_site_name":"Association des parents de l&#039;\u00c9cole Europ\u00e9enne de Karlsruhe","article_modified_time":"2022-10-24T10:39:04+00:00","twitter_card":"summary_large_image","schema":{"@context":"https:\/\/schema.org","@graph":[{"@type":"WebPage","@id":"https:\/\/www.esk-eltern.de\/fr\/downloads\/","url":"https:\/\/www.esk-eltern.de\/fr\/downloads\/","name":"Downloads - Association des parents de l&#039;\u00c9cole Europ\u00e9enne de Karlsruhe","isPartOf":{"@id":"https:\/\/www.esk-eltern.de\/de\/#website"},"datePublished":"2019-09-10T05:41:10+00:00","dateModified":"2022-10-24T10:39:04+00:00","breadcrumb":{"@id":"https:\/\/www.esk-eltern.de\/fr\/downloads\/#breadcrumb"},"inLanguage":"fr-FR","potentialAction":[{"@type":"ReadAction","target":["https:\/\/www.esk-eltern.de\/fr\/downloads\/"]}]},{"@type":"BreadcrumbList","@id":"https:\/\/www.esk-eltern.de\/fr\/downloads\/#breadcrumb","itemListElement":[{"@type":"ListItem","position":1,"name":"Home","item":"https:\/\/www.esk-eltern.de\/fr\/"},{"@type":"ListItem","position":2,"name":"Downloads"}]},{"@type":"WebSite","@id":"https:\/\/www.esk-eltern.de\/de\/#website","url":"https:\/\/www.esk-eltern.de\/de\/","name":"Association des parents de l&#039;\u00c9cole Europ\u00e9enne de Karlsruhe","description":"","publisher":{"@id":"https:\/\/www.esk-eltern.de\/de\/#organization"},"potentialAction":[{"@type":"SearchAction","target":{"@type":"EntryPoint","urlTemplate":"https:\/\/www.esk-eltern.de\/de\/?s={search_term_string}"},"query-input":"required name=search_term_string"}],"inLanguage":"fr-FR"},{"@type":"Organization","@id":"https:\/\/www.esk-eltern.de\/de\/#organization","name":"Association des parents de l&#039;\u00c9cole Europ\u00e9enne de Karlsruhe","url":"https:\/\/www.esk-eltern.de\/de\/","logo":{"@type":"ImageObject","inLanguage":"fr-FR","@id":"https:\/\/www.esk-eltern.de\/de\/#\/schema\/logo\/image\/","url":"https:\/\/dev.esk-eltern.de\/wp-content\/uploads\/2023\/07\/cropped-EV_512x512.png","contentUrl":"https:\/\/dev.esk-eltern.de\/wp-content\/uploads\/2023\/07\/cropped-EV_512x512.png","width":512,"height":512,"caption":"Association des parents de l&#039;\u00c9cole Europ\u00e9enne de Karlsruhe"},"image":{"@id":"https:\/\/www.esk-eltern.de\/de\/#\/schema\/logo\/image\/"}}]}},"_links":{"self":[{"href":"https:\/\/dev.esk-eltern.de\/fr\/wp-json\/wp\/v2\/pages\/7837"}],"collection":[{"href":"https:\/\/dev.esk-eltern.de\/fr\/wp-json\/wp\/v2\/pages"}],"about":[{"href":"https:\/\/dev.esk-eltern.de\/fr\/wp-json\/wp\/v2\/types\/page"}],"author":[{"embeddable":true,"href":"https:\/\/dev.esk-eltern.de\/fr\/wp-json\/wp\/v2\/users\/24"}],"replies":[{"embeddable":true,"href":"https:\/\/dev.esk-eltern.de\/fr\/wp-json\/wp\/v2\/comments?post=7837"}],"version-history":[{"count":2,"href":"https:\/\/dev.esk-eltern.de\/fr\/wp-json\/wp\/v2\/pages\/7837\/revisions"}],"predecessor-version":[{"id":7843,"href":"https:\/\/dev.esk-eltern.de\/fr\/wp-json\/wp\/v2\/pages\/7837\/revisions\/7843"}],"wp:attachment":[{"href":"https:\/\/dev.esk-eltern.de\/fr\/wp-json\/wp\/v2\/media?parent=7837"}],"curies":[{"name":"wp","href":"https:\/\/api.w.org\/{rel}","templated":true}]}}