{"id":9214,"date":"2023-08-01T00:19:50","date_gmt":"2023-07-31T22:19:50","guid":{"rendered":"https:\/\/dev.esk-eltern.de\/?page_id=9214"},"modified":"2023-09-23T15:28:01","modified_gmt":"2023-09-23T13:28:01","slug":"contact","status":"publish","type":"page","link":"https:\/\/dev.esk-eltern.de\/fr\/contact\/","title":{"rendered":"Nous contacter"},"content":{"rendered":"\n<div class=\"wp-block-group is-layout-constrained wp-block-group-is-layout-constrained\">\n<div class=\"wp-block-group is-nowrap is-layout-flex wp-container-core-group-is-layout-1 wp-block-group-is-layout-flex\">\n<div class=\"wp-block-columns is-layout-flex wp-container-core-columns-is-layout-1 wp-block-columns-is-layout-flex\">\n<div class=\"wp-block-column is-layout-flow wp-block-column-is-layout-flow\">\n<h2 class=\"wp-block-heading\">Adresse<\/h2>\n\n\n\n<p>Elternvereinigung der Europ\u00e4ischen Schule Karlsruhe e.V.<br\/>Albert-Schweitzer-Str. 1<br\/>76139 Karlsruhe<\/p>\n\n\n\n<p>E-mail: <a href=\"mailto:kar-ev@partner.eursc.eu\">kar-ev@partner.eursc.eu<\/a><\/p>\n<\/div>\n\n\n\n<div class=\"wp-block-column is-layout-flow wp-block-column-is-layout-flow\">\n<h2 class=\"wp-block-heading\">O\u00f9 nous trouver<\/h2>\n\n\n\n<p>Vous nous trouverez au premier \u00e9tage du b\u00e2timent administratif.<\/p>\n\n\n\n<p>En raison des r\u00e8gles de s\u00e9curit\u00e9, vous devez prendre rendez-vous avec nous avant de pouvoir entrer dans le b\u00e2timent administratif.<\/p>\n<\/div>\n<\/div>\n<\/div>\n\n\n\n<div class=\"wp-block-contact-form-7-contact-form-selector\">\n<div class=\"wpcf7 no-js\" id=\"wpcf7-f1576-o1\" lang=\"fr-FR\" dir=\"ltr\">\n<div class=\"screen-reader-response\"><p role=\"status\" aria-live=\"polite\" aria-atomic=\"true\"><\/p> <ul><\/ul><\/div>\n<form action=\"\/fr\/wp-json\/wp\/v2\/pages\/9214#wpcf7-f1576-o1\" method=\"post\" class=\"wpcf7-form init\" aria-label=\"Formulaire de contact\" novalidate=\"novalidate\" data-status=\"init\">\n<div style=\"display: none;\">\n<input type=\"hidden\" name=\"_wpcf7\" value=\"1576\" \/>\n<input type=\"hidden\" name=\"_wpcf7_version\" value=\"5.9.3\" \/>\n<input type=\"hidden\" name=\"_wpcf7_locale\" value=\"fr_FR\" \/>\n<input type=\"hidden\" name=\"_wpcf7_unit_tag\" value=\"wpcf7-f1576-o1\" \/>\n<input type=\"hidden\" name=\"_wpcf7_container_post\" value=\"0\" \/>\n<input type=\"hidden\" name=\"_wpcf7_posted_data_hash\" value=\"\" \/>\n<\/div>\n<p>Nom:<br \/>\n<span class=\"wpcf7-form-control-wrap\" data-name=\"contact-name\"><input size=\"40\" class=\"wpcf7-form-control wpcf7-text wpcf7-validates-as-required\" aria-required=\"true\" aria-invalid=\"false\" value=\"\" type=\"text\" name=\"contact-name\" \/><\/span><br \/>\nPr\u00e9nom:<br \/>\n<span class=\"wpcf7-form-control-wrap\" data-name=\"contact-firstname\"><input size=\"40\" class=\"wpcf7-form-control wpcf7-text wpcf7-validates-as-required\" aria-required=\"true\" aria-invalid=\"false\" value=\"\" type=\"text\" name=\"contact-firstname\" \/><\/span><br \/>\nAdresse e-mail:<br \/>\n<span class=\"wpcf7-form-control-wrap\" data-name=\"contact-emailaddress\"><input size=\"40\" class=\"wpcf7-form-control wpcf7-email wpcf7-validates-as-required wpcf7-text wpcf7-validates-as-email\" aria-required=\"true\" aria-invalid=\"false\" value=\"\" type=\"email\" name=\"contact-emailaddress\" \/><\/span><br \/>\nNum\u00e9ro de t\u00e9l\u00e9phone:<br \/>\n<span class=\"wpcf7-form-control-wrap\" data-name=\"contact-phone\"><input size=\"40\" class=\"wpcf7-form-control wpcf7-tel wpcf7-text wpcf7-validates-as-tel\" aria-invalid=\"false\" value=\"\" type=\"tel\" name=\"contact-phone\" \/><\/span><br \/>\nMessage:<br \/>\n<span class=\"wpcf7-form-control-wrap\" data-name=\"contact-message\"><textarea cols=\"40\" rows=\"10\" class=\"wpcf7-form-control wpcf7-textarea wpcf7-validates-as-required\" aria-required=\"true\" aria-invalid=\"false\" name=\"contact-message\"><\/textarea><\/span><br \/>\nProtection contre le spam<br \/>\n<span class=\"wpcf7-form-control-wrap\" data-name=\"Hauptstadt\"><label><span class=\"wpcf7-quiz-label\">Quelle est la capitale de la France?<\/span> <input size=\"40\" class=\"wpcf7-form-control wpcf7-quiz\" autocomplete=\"off\" aria-required=\"true\" aria-invalid=\"false\" type=\"text\" name=\"Hauptstadt\" \/><\/label><input type=\"hidden\" name=\"_wpcf7_quiz_answer_Hauptstadt\" value=\"d57811951a148f396e7628b642c71926\" \/><\/span><br \/>\n<span id=\"wpcf7-69e89135bee50-wrapper\" class=\"wpcf7-form-control-wrap website-wrap\" ><input type=\"hidden\" name=\"website-time-start\" value=\"1776849205\"><input type=\"hidden\" name=\"website-time-check\" value=\"3\"><label for=\"wpcf7-69e89135bee50-field\" class=\"hp-message\">Veuillez laisser ce champ vide.<\/label><input id=\"wpcf7-69e89135bee50-field\"  class=\"wpcf7-form-control wpcf7-text\" type=\"text\" name=\"website\" value=\"\" size=\"40\" tabindex=\"-1\" autocomplete=\"off\" \/><\/span><br \/>\n<input class=\"wpcf7-form-control wpcf7-submit has-spinner\" type=\"submit\" value=\"Send\" \/>\n<\/p><div class=\"wpcf7-response-output\" aria-hidden=\"true\"><\/div>\n<\/form>\n<\/div>\n<\/div>\r\n<\/div>\n","protected":false},"excerpt":{"rendered":"<p>Adresse Elternvereinigung der Europ\u00e4ischen Schule Karlsruhe e.V.Albert-Schweitzer-Str. 176139 Karlsruhe E-mail: kar-ev@partner.eursc.eu O\u00f9 nous trouver Vous nous trouverez au premier \u00e9tage du b\u00e2timent administratif. En raison des r\u00e8gles de s\u00e9curit\u00e9, vous devez prendre rendez-vous avec nous avant de pouvoir entrer dans le b\u00e2timent administratif.<\/p>\n","protected":false},"author":406,"featured_media":0,"parent":0,"menu_order":84,"comment_status":"closed","ping_status":"closed","template":"","meta":{"inline_featured_image":false,"footnotes":""},"yoast_head":"<!-- This site is optimized with the Yoast SEO plugin v22.6 - https:\/\/yoast.com\/wordpress\/plugins\/seo\/ -->\n<title>Nous contacter - Association des parents de l&#039;\u00c9cole Europ\u00e9enne de Karlsruhe<\/title>\n<meta name=\"robots\" content=\"index, follow, max-snippet:-1, max-image-preview:large, max-video-preview:-1\" \/>\n<link rel=\"canonical\" href=\"https:\/\/www.esk-eltern.de\/fr\/contact\/\" \/>\n<meta property=\"og:locale\" content=\"fr_FR\" \/>\n<meta property=\"og:type\" content=\"article\" \/>\n<meta property=\"og:title\" content=\"Nous contacter - Association des parents de l&#039;\u00c9cole Europ\u00e9enne de Karlsruhe\" \/>\n<meta property=\"og:description\" content=\"Adresse Elternvereinigung der Europ\u00e4ischen Schule Karlsruhe e.V.Albert-Schweitzer-Str. 176139 Karlsruhe E-mail: kar-ev@partner.eursc.eu O\u00f9 nous trouver Vous nous trouverez au premier \u00e9tage du b\u00e2timent administratif. En raison des r\u00e8gles de s\u00e9curit\u00e9, vous devez prendre rendez-vous avec nous avant de pouvoir entrer dans le b\u00e2timent administratif.\" \/>\n<meta property=\"og:url\" content=\"https:\/\/www.esk-eltern.de\/fr\/contact\/\" \/>\n<meta property=\"og:site_name\" content=\"Association des parents de l&#039;\u00c9cole Europ\u00e9enne de Karlsruhe\" \/>\n<meta property=\"article:modified_time\" content=\"2023-09-23T13:28:01+00:00\" \/>\n<meta name=\"twitter:card\" content=\"summary_large_image\" \/>\n<meta name=\"twitter:label1\" content=\"Dur\u00e9e de lecture estim\u00e9e\" \/>\n\t<meta name=\"twitter:data1\" content=\"1 minute\" \/>\n<script type=\"application\/ld+json\" class=\"yoast-schema-graph\">{\"@context\":\"https:\/\/schema.org\",\"@graph\":[{\"@type\":\"WebPage\",\"@id\":\"https:\/\/www.esk-eltern.de\/fr\/contact\/\",\"url\":\"https:\/\/www.esk-eltern.de\/fr\/contact\/\",\"name\":\"Nous contacter - Association des parents de l&#039;\u00c9cole Europ\u00e9enne de Karlsruhe\",\"isPartOf\":{\"@id\":\"https:\/\/www.esk-eltern.de\/de\/#website\"},\"datePublished\":\"2023-07-31T22:19:50+00:00\",\"dateModified\":\"2023-09-23T13:28:01+00:00\",\"breadcrumb\":{\"@id\":\"https:\/\/www.esk-eltern.de\/fr\/contact\/#breadcrumb\"},\"inLanguage\":\"fr-FR\",\"potentialAction\":[{\"@type\":\"ReadAction\",\"target\":[\"https:\/\/www.esk-eltern.de\/fr\/contact\/\"]}]},{\"@type\":\"BreadcrumbList\",\"@id\":\"https:\/\/www.esk-eltern.de\/fr\/contact\/#breadcrumb\",\"itemListElement\":[{\"@type\":\"ListItem\",\"position\":1,\"name\":\"Home\",\"item\":\"https:\/\/www.esk-eltern.de\/fr\/\"},{\"@type\":\"ListItem\",\"position\":2,\"name\":\"Nous contacter\"}]},{\"@type\":\"WebSite\",\"@id\":\"https:\/\/www.esk-eltern.de\/de\/#website\",\"url\":\"https:\/\/www.esk-eltern.de\/de\/\",\"name\":\"Association des parents de l&#039;\u00c9cole Europ\u00e9enne de Karlsruhe\",\"description\":\"\",\"publisher\":{\"@id\":\"https:\/\/www.esk-eltern.de\/de\/#organization\"},\"potentialAction\":[{\"@type\":\"SearchAction\",\"target\":{\"@type\":\"EntryPoint\",\"urlTemplate\":\"https:\/\/www.esk-eltern.de\/de\/?s={search_term_string}\"},\"query-input\":\"required name=search_term_string\"}],\"inLanguage\":\"fr-FR\"},{\"@type\":\"Organization\",\"@id\":\"https:\/\/www.esk-eltern.de\/de\/#organization\",\"name\":\"Association des parents de l&#039;\u00c9cole Europ\u00e9enne de Karlsruhe\",\"url\":\"https:\/\/www.esk-eltern.de\/de\/\",\"logo\":{\"@type\":\"ImageObject\",\"inLanguage\":\"fr-FR\",\"@id\":\"https:\/\/www.esk-eltern.de\/de\/#\/schema\/logo\/image\/\",\"url\":\"https:\/\/dev.esk-eltern.de\/wp-content\/uploads\/2023\/07\/cropped-EV_512x512.png\",\"contentUrl\":\"https:\/\/dev.esk-eltern.de\/wp-content\/uploads\/2023\/07\/cropped-EV_512x512.png\",\"width\":512,\"height\":512,\"caption\":\"Association des parents de l&#039;\u00c9cole Europ\u00e9enne de Karlsruhe\"},\"image\":{\"@id\":\"https:\/\/www.esk-eltern.de\/de\/#\/schema\/logo\/image\/\"}}]}<\/script>\n<!-- \/ Yoast SEO plugin. -->","yoast_head_json":{"title":"Nous contacter - Association des parents de l&#039;\u00c9cole Europ\u00e9enne de Karlsruhe","robots":{"index":"index","follow":"follow","max-snippet":"max-snippet:-1","max-image-preview":"max-image-preview:large","max-video-preview":"max-video-preview:-1"},"canonical":"https:\/\/www.esk-eltern.de\/fr\/contact\/","og_locale":"fr_FR","og_type":"article","og_title":"Nous contacter - Association des parents de l&#039;\u00c9cole Europ\u00e9enne de Karlsruhe","og_description":"Adresse Elternvereinigung der Europ\u00e4ischen Schule Karlsruhe e.V.Albert-Schweitzer-Str. 176139 Karlsruhe E-mail: kar-ev@partner.eursc.eu O\u00f9 nous trouver Vous nous trouverez au premier \u00e9tage du b\u00e2timent administratif. En raison des r\u00e8gles de s\u00e9curit\u00e9, vous devez prendre rendez-vous avec nous avant de pouvoir entrer dans le b\u00e2timent administratif.","og_url":"https:\/\/www.esk-eltern.de\/fr\/contact\/","og_site_name":"Association des parents de l&#039;\u00c9cole Europ\u00e9enne de Karlsruhe","article_modified_time":"2023-09-23T13:28:01+00:00","twitter_card":"summary_large_image","twitter_misc":{"Dur\u00e9e de lecture estim\u00e9e":"1 minute"},"schema":{"@context":"https:\/\/schema.org","@graph":[{"@type":"WebPage","@id":"https:\/\/www.esk-eltern.de\/fr\/contact\/","url":"https:\/\/www.esk-eltern.de\/fr\/contact\/","name":"Nous contacter - Association des parents de l&#039;\u00c9cole Europ\u00e9enne de Karlsruhe","isPartOf":{"@id":"https:\/\/www.esk-eltern.de\/de\/#website"},"datePublished":"2023-07-31T22:19:50+00:00","dateModified":"2023-09-23T13:28:01+00:00","breadcrumb":{"@id":"https:\/\/www.esk-eltern.de\/fr\/contact\/#breadcrumb"},"inLanguage":"fr-FR","potentialAction":[{"@type":"ReadAction","target":["https:\/\/www.esk-eltern.de\/fr\/contact\/"]}]},{"@type":"BreadcrumbList","@id":"https:\/\/www.esk-eltern.de\/fr\/contact\/#breadcrumb","itemListElement":[{"@type":"ListItem","position":1,"name":"Home","item":"https:\/\/www.esk-eltern.de\/fr\/"},{"@type":"ListItem","position":2,"name":"Nous contacter"}]},{"@type":"WebSite","@id":"https:\/\/www.esk-eltern.de\/de\/#website","url":"https:\/\/www.esk-eltern.de\/de\/","name":"Association des parents de l&#039;\u00c9cole Europ\u00e9enne de Karlsruhe","description":"","publisher":{"@id":"https:\/\/www.esk-eltern.de\/de\/#organization"},"potentialAction":[{"@type":"SearchAction","target":{"@type":"EntryPoint","urlTemplate":"https:\/\/www.esk-eltern.de\/de\/?s={search_term_string}"},"query-input":"required name=search_term_string"}],"inLanguage":"fr-FR"},{"@type":"Organization","@id":"https:\/\/www.esk-eltern.de\/de\/#organization","name":"Association des parents de l&#039;\u00c9cole Europ\u00e9enne de Karlsruhe","url":"https:\/\/www.esk-eltern.de\/de\/","logo":{"@type":"ImageObject","inLanguage":"fr-FR","@id":"https:\/\/www.esk-eltern.de\/de\/#\/schema\/logo\/image\/","url":"https:\/\/dev.esk-eltern.de\/wp-content\/uploads\/2023\/07\/cropped-EV_512x512.png","contentUrl":"https:\/\/dev.esk-eltern.de\/wp-content\/uploads\/2023\/07\/cropped-EV_512x512.png","width":512,"height":512,"caption":"Association des parents de l&#039;\u00c9cole Europ\u00e9enne de Karlsruhe"},"image":{"@id":"https:\/\/www.esk-eltern.de\/de\/#\/schema\/logo\/image\/"}}]}},"_links":{"self":[{"href":"https:\/\/dev.esk-eltern.de\/fr\/wp-json\/wp\/v2\/pages\/9214"}],"collection":[{"href":"https:\/\/dev.esk-eltern.de\/fr\/wp-json\/wp\/v2\/pages"}],"about":[{"href":"https:\/\/dev.esk-eltern.de\/fr\/wp-json\/wp\/v2\/types\/page"}],"author":[{"embeddable":true,"href":"https:\/\/dev.esk-eltern.de\/fr\/wp-json\/wp\/v2\/users\/406"}],"replies":[{"embeddable":true,"href":"https:\/\/dev.esk-eltern.de\/fr\/wp-json\/wp\/v2\/comments?post=9214"}],"version-history":[{"count":5,"href":"https:\/\/dev.esk-eltern.de\/fr\/wp-json\/wp\/v2\/pages\/9214\/revisions"}],"predecessor-version":[{"id":10225,"href":"https:\/\/dev.esk-eltern.de\/fr\/wp-json\/wp\/v2\/pages\/9214\/revisions\/10225"}],"wp:attachment":[{"href":"https:\/\/dev.esk-eltern.de\/fr\/wp-json\/wp\/v2\/media?parent=9214"}],"curies":[{"name":"wp","href":"https:\/\/api.w.org\/{rel}","templated":true}]}}