{"id":9237,"date":"2023-08-01T16:41:40","date_gmt":"2023-08-01T14:41:40","guid":{"rendered":"https:\/\/dev.esk-eltern.de\/?page_id=9237"},"modified":"2023-09-27T21:40:17","modified_gmt":"2023-09-27T19:40:17","slug":"devenir-membre","status":"publish","type":"page","link":"https:\/\/dev.esk-eltern.de\/fr\/devenir-membre\/","title":{"rendered":"Devenir membre, renouveler l&rsquo;adh\u00e9sion"},"content":{"rendered":"\n<p class=\"has-text-align-left\">Le travail de l \u00b4association de parents d\u00b4\u00e9l\u00e8ves (APE) unit toutes les familles de l\u00b4\u00e9cole europ\u00e9enne de Karlsruhe (ESK); par cons\u00e9quent, nous avons un impact significatif sur beaucoup de d\u00e9cisions prises concernant l\u00b4\u00e9ducation et le bien\u00eatre de nos enfants.<\/p>\n\n\n\n<p class=\"has-text-align-left\">Pour cela, nous avons besoin de votre soutien.<\/p>\n\n\n\n<p class=\"has-text-align-left\">La premi\u00e8re \u00e9tape est de devenir membre !<\/p>\n\n\n\n<div class=\"wp-block-cover is-light\"><span aria-hidden=\"true\" class=\"wp-block-cover__background has-background-dim\"><\/span><img decoding=\"async\" class=\"wp-block-cover__image-background wp-image-9216\" alt=\"\" src=\"https:\/\/dev.esk-eltern.de\/wp-content\/uploads\/2023\/04\/crop-0-0-2560-1440-0-team-386673-edited.jpg\" data-object-fit=\"cover\"\/><div class=\"wp-block-cover__inner-container is-layout-flow wp-block-cover-is-layout-flow\">\n<h2 class=\"wp-block-heading has-text-align-center has-background-color has-text-color\"><strong>Cotisation d&rsquo;adh\u00e9sion<\/strong><\/h2>\n\n\n\n<p class=\"has-text-align-center has-background-color has-text-color\">La cotisation est de 40 euros par an et par famille pour l&rsquo;ann\u00e9e scolaire (et non l&rsquo;ann\u00e9e civile).<br>Vous pouvez payer cette cotisation en ligne par carte bancaire ou par virement.<\/p>\n<\/div><\/div>\n\n\n\n<div class=\"wp-block-group is-layout-constrained wp-block-group-is-layout-constrained\"><div data-block-name=\"woocommerce\/product-category\" data-columns=\"1\" data-rows=\"1\" data-content-visibility=\"{&quot;image&quot;:true,&quot;title&quot;:true,&quot;price&quot;:true,&quot;rating&quot;:false,&quot;button&quot;:true}\" data-categories=\"[266]\" class=\"wc-block-grid wp-block-product-category wc-block-product-category has-1-columns\"><ul class=\"wc-block-grid__products\"><li class=\"wc-block-grid__product\">\n\t\t\t\t<a href=\"https:\/\/dev.esk-eltern.de\/fr\/produkt\/adhesion\/\" class=\"wc-block-grid__product-link\">\n\t\t\t\t\t\n\t\t\t\t\t<div class=\"wc-block-grid__product-image\"><img loading=\"lazy\" decoding=\"async\" width=\"450\" height=\"450\" src=\"https:\/\/dev.esk-eltern.de\/wp-content\/uploads\/2018\/06\/group-2351896.png\" class=\"attachment-woocommerce_thumbnail size-woocommerce_thumbnail\" alt=\"Adh\u00e9sion\" \/><\/div>\n\t\t\t\t\t<div class=\"wc-block-grid__product-title\">Adh\u00e9sion<\/div>\n\t\t\t\t<\/a>\n\t\t\t\t<div class=\"wc-block-grid__product-price price\"><span class=\"woocommerce-Price-amount amount\">40.00<span class=\"woocommerce-Price-currencySymbol\">&euro;<\/span><\/span><\/div>\n\t\t\t\t\n\t\t\t\t<div class=\"wp-block-button wc-block-grid__product-add-to-cart\"><a href=\"?add-to-cart=524\" aria-label=\"Ajouter au panier\u00a0: &ldquo;Adh\u00e9sion&rdquo;\" data-quantity=\"1\" data-product_id=\"524\" data-product_sku=\"\" data-price=\"40\" rel=\"nofollow\" class=\"wp-block-button__link wp-element-button add_to_cart_button ajax_add_to_cart\">Ajouter au panier<\/a><\/div>\n\t\t\t<\/li><\/ul><\/div><\/div>\n\n\n\n<p>Vous avez des probl\u00e8mes pour finaliser votre adh\u00e9sion?<br>Veuillez cliquer <a href=\"https:\/\/dev.esk-eltern.de\/?clear-cart\">ici<\/a> une fois et r\u00e9essayer.<\/p>\n\n\n\n<p>Merci de votre compr\u00e9hension.<\/p>\n\n\n\n<p>En cas de probl\u00e8mes durables, contactez-nous via le formulaire de <a href=\"https:\/\/dev.esk-eltern.de\/fr\/contact\/\">contact<\/a>.<\/p>\n","protected":false},"excerpt":{"rendered":"<p>Le travail de l \u00b4association de parents d\u00b4\u00e9l\u00e8ves (APE) unit toutes les familles de l\u00b4\u00e9cole europ\u00e9enne de Karlsruhe (ESK); par cons\u00e9quent, nous avons un impact significatif sur beaucoup de d\u00e9cisions prises concernant l\u00b4\u00e9ducation et le bien\u00eatre de nos enfants. Pour cela, nous avons besoin de votre soutien. La premi\u00e8re \u00e9tape est de devenir membre ! <a class=\"read-more-link\" href=\"https:\/\/dev.esk-eltern.de\/fr\/devenir-membre\/\">Read More<\/a><\/p>\n","protected":false},"author":406,"featured_media":0,"parent":0,"menu_order":87,"comment_status":"closed","ping_status":"closed","template":"","meta":{"inline_featured_image":false,"footnotes":""},"yoast_head":"<!-- This site is optimized with the Yoast SEO plugin v22.6 - https:\/\/yoast.com\/wordpress\/plugins\/seo\/ -->\n<title>Devenir membre, renouveler l&#039;adh\u00e9sion - Association des parents de l&#039;\u00c9cole Europ\u00e9enne de Karlsruhe<\/title>\n<meta name=\"robots\" content=\"index, follow, max-snippet:-1, max-image-preview:large, max-video-preview:-1\" \/>\n<link rel=\"canonical\" href=\"https:\/\/www.esk-eltern.de\/fr\/devenir-membre\/\" \/>\n<meta property=\"og:locale\" content=\"fr_FR\" \/>\n<meta property=\"og:type\" content=\"article\" \/>\n<meta property=\"og:title\" content=\"Devenir membre, renouveler l&#039;adh\u00e9sion - Association des parents de l&#039;\u00c9cole Europ\u00e9enne de Karlsruhe\" \/>\n<meta property=\"og:description\" content=\"Le travail de l \u00b4association de parents d\u00b4\u00e9l\u00e8ves (APE) unit toutes les familles de l\u00b4\u00e9cole europ\u00e9enne de Karlsruhe (ESK); par cons\u00e9quent, nous avons un impact significatif sur beaucoup de d\u00e9cisions prises concernant l\u00b4\u00e9ducation et le bien\u00eatre de nos enfants. Pour cela, nous avons besoin de votre soutien. La premi\u00e8re \u00e9tape est de devenir membre ! Read More\" \/>\n<meta property=\"og:url\" content=\"https:\/\/www.esk-eltern.de\/fr\/devenir-membre\/\" \/>\n<meta property=\"og:site_name\" content=\"Association des parents de l&#039;\u00c9cole Europ\u00e9enne de Karlsruhe\" \/>\n<meta property=\"article:modified_time\" content=\"2023-09-27T19:40:17+00:00\" \/>\n<meta property=\"og:image\" content=\"https:\/\/dev.esk-eltern.de\/wp-content\/uploads\/2023\/04\/crop-0-0-2560-1440-0-team-386673-edited.jpg\" \/>\n<meta name=\"twitter:card\" content=\"summary_large_image\" \/>\n<meta name=\"twitter:label1\" content=\"Dur\u00e9e de lecture estim\u00e9e\" \/>\n\t<meta name=\"twitter:data1\" content=\"1 minute\" \/>\n<script type=\"application\/ld+json\" class=\"yoast-schema-graph\">{\"@context\":\"https:\/\/schema.org\",\"@graph\":[{\"@type\":\"WebPage\",\"@id\":\"https:\/\/www.esk-eltern.de\/fr\/devenir-membre\/\",\"url\":\"https:\/\/www.esk-eltern.de\/fr\/devenir-membre\/\",\"name\":\"Devenir membre, renouveler l'adh\u00e9sion - Association des parents de l&#039;\u00c9cole Europ\u00e9enne de Karlsruhe\",\"isPartOf\":{\"@id\":\"https:\/\/www.esk-eltern.de\/de\/#website\"},\"primaryImageOfPage\":{\"@id\":\"https:\/\/www.esk-eltern.de\/fr\/devenir-membre\/#primaryimage\"},\"image\":{\"@id\":\"https:\/\/www.esk-eltern.de\/fr\/devenir-membre\/#primaryimage\"},\"thumbnailUrl\":\"https:\/\/dev.esk-eltern.de\/wp-content\/uploads\/2023\/04\/crop-0-0-2560-1440-0-team-386673-edited.jpg\",\"datePublished\":\"2023-08-01T14:41:40+00:00\",\"dateModified\":\"2023-09-27T19:40:17+00:00\",\"breadcrumb\":{\"@id\":\"https:\/\/www.esk-eltern.de\/fr\/devenir-membre\/#breadcrumb\"},\"inLanguage\":\"fr-FR\",\"potentialAction\":[{\"@type\":\"ReadAction\",\"target\":[\"https:\/\/www.esk-eltern.de\/fr\/devenir-membre\/\"]}]},{\"@type\":\"ImageObject\",\"inLanguage\":\"fr-FR\",\"@id\":\"https:\/\/www.esk-eltern.de\/fr\/devenir-membre\/#primaryimage\",\"url\":\"https:\/\/dev.esk-eltern.de\/wp-content\/uploads\/2023\/04\/crop-0-0-2560-1440-0-team-386673-edited.jpg\",\"contentUrl\":\"https:\/\/dev.esk-eltern.de\/wp-content\/uploads\/2023\/04\/crop-0-0-2560-1440-0-team-386673-edited.jpg\"},{\"@type\":\"BreadcrumbList\",\"@id\":\"https:\/\/www.esk-eltern.de\/fr\/devenir-membre\/#breadcrumb\",\"itemListElement\":[{\"@type\":\"ListItem\",\"position\":1,\"name\":\"Home\",\"item\":\"https:\/\/www.esk-eltern.de\/fr\/\"},{\"@type\":\"ListItem\",\"position\":2,\"name\":\"Devenir membre, renouveler l&#8217;adh\u00e9sion\"}]},{\"@type\":\"WebSite\",\"@id\":\"https:\/\/www.esk-eltern.de\/de\/#website\",\"url\":\"https:\/\/www.esk-eltern.de\/de\/\",\"name\":\"Association des parents de l&#039;\u00c9cole Europ\u00e9enne de Karlsruhe\",\"description\":\"\",\"publisher\":{\"@id\":\"https:\/\/www.esk-eltern.de\/de\/#organization\"},\"potentialAction\":[{\"@type\":\"SearchAction\",\"target\":{\"@type\":\"EntryPoint\",\"urlTemplate\":\"https:\/\/www.esk-eltern.de\/de\/?s={search_term_string}\"},\"query-input\":\"required name=search_term_string\"}],\"inLanguage\":\"fr-FR\"},{\"@type\":\"Organization\",\"@id\":\"https:\/\/www.esk-eltern.de\/de\/#organization\",\"name\":\"Association des parents de l&#039;\u00c9cole Europ\u00e9enne de Karlsruhe\",\"url\":\"https:\/\/www.esk-eltern.de\/de\/\",\"logo\":{\"@type\":\"ImageObject\",\"inLanguage\":\"fr-FR\",\"@id\":\"https:\/\/www.esk-eltern.de\/de\/#\/schema\/logo\/image\/\",\"url\":\"https:\/\/dev.esk-eltern.de\/wp-content\/uploads\/2023\/07\/cropped-EV_512x512.png\",\"contentUrl\":\"https:\/\/dev.esk-eltern.de\/wp-content\/uploads\/2023\/07\/cropped-EV_512x512.png\",\"width\":512,\"height\":512,\"caption\":\"Association des parents de l&#039;\u00c9cole Europ\u00e9enne de Karlsruhe\"},\"image\":{\"@id\":\"https:\/\/www.esk-eltern.de\/de\/#\/schema\/logo\/image\/\"}}]}<\/script>\n<!-- \/ Yoast SEO plugin. -->","yoast_head_json":{"title":"Devenir membre, renouveler l'adh\u00e9sion - Association des parents de l&#039;\u00c9cole Europ\u00e9enne de Karlsruhe","robots":{"index":"index","follow":"follow","max-snippet":"max-snippet:-1","max-image-preview":"max-image-preview:large","max-video-preview":"max-video-preview:-1"},"canonical":"https:\/\/www.esk-eltern.de\/fr\/devenir-membre\/","og_locale":"fr_FR","og_type":"article","og_title":"Devenir membre, renouveler l'adh\u00e9sion - Association des parents de l&#039;\u00c9cole Europ\u00e9enne de Karlsruhe","og_description":"Le travail de l \u00b4association de parents d\u00b4\u00e9l\u00e8ves (APE) unit toutes les familles de l\u00b4\u00e9cole europ\u00e9enne de Karlsruhe (ESK); par cons\u00e9quent, nous avons un impact significatif sur beaucoup de d\u00e9cisions prises concernant l\u00b4\u00e9ducation et le bien\u00eatre de nos enfants. Pour cela, nous avons besoin de votre soutien. La premi\u00e8re \u00e9tape est de devenir membre ! Read More","og_url":"https:\/\/www.esk-eltern.de\/fr\/devenir-membre\/","og_site_name":"Association des parents de l&#039;\u00c9cole Europ\u00e9enne de Karlsruhe","article_modified_time":"2023-09-27T19:40:17+00:00","og_image":[{"url":"https:\/\/dev.esk-eltern.de\/wp-content\/uploads\/2023\/04\/crop-0-0-2560-1440-0-team-386673-edited.jpg"}],"twitter_card":"summary_large_image","twitter_misc":{"Dur\u00e9e de lecture estim\u00e9e":"1 minute"},"schema":{"@context":"https:\/\/schema.org","@graph":[{"@type":"WebPage","@id":"https:\/\/www.esk-eltern.de\/fr\/devenir-membre\/","url":"https:\/\/www.esk-eltern.de\/fr\/devenir-membre\/","name":"Devenir membre, renouveler l'adh\u00e9sion - Association des parents de l&#039;\u00c9cole Europ\u00e9enne de Karlsruhe","isPartOf":{"@id":"https:\/\/www.esk-eltern.de\/de\/#website"},"primaryImageOfPage":{"@id":"https:\/\/www.esk-eltern.de\/fr\/devenir-membre\/#primaryimage"},"image":{"@id":"https:\/\/www.esk-eltern.de\/fr\/devenir-membre\/#primaryimage"},"thumbnailUrl":"https:\/\/dev.esk-eltern.de\/wp-content\/uploads\/2023\/04\/crop-0-0-2560-1440-0-team-386673-edited.jpg","datePublished":"2023-08-01T14:41:40+00:00","dateModified":"2023-09-27T19:40:17+00:00","breadcrumb":{"@id":"https:\/\/www.esk-eltern.de\/fr\/devenir-membre\/#breadcrumb"},"inLanguage":"fr-FR","potentialAction":[{"@type":"ReadAction","target":["https:\/\/www.esk-eltern.de\/fr\/devenir-membre\/"]}]},{"@type":"ImageObject","inLanguage":"fr-FR","@id":"https:\/\/www.esk-eltern.de\/fr\/devenir-membre\/#primaryimage","url":"https:\/\/dev.esk-eltern.de\/wp-content\/uploads\/2023\/04\/crop-0-0-2560-1440-0-team-386673-edited.jpg","contentUrl":"https:\/\/dev.esk-eltern.de\/wp-content\/uploads\/2023\/04\/crop-0-0-2560-1440-0-team-386673-edited.jpg"},{"@type":"BreadcrumbList","@id":"https:\/\/www.esk-eltern.de\/fr\/devenir-membre\/#breadcrumb","itemListElement":[{"@type":"ListItem","position":1,"name":"Home","item":"https:\/\/www.esk-eltern.de\/fr\/"},{"@type":"ListItem","position":2,"name":"Devenir membre, renouveler l&#8217;adh\u00e9sion"}]},{"@type":"WebSite","@id":"https:\/\/www.esk-eltern.de\/de\/#website","url":"https:\/\/www.esk-eltern.de\/de\/","name":"Association des parents de l&#039;\u00c9cole Europ\u00e9enne de Karlsruhe","description":"","publisher":{"@id":"https:\/\/www.esk-eltern.de\/de\/#organization"},"potentialAction":[{"@type":"SearchAction","target":{"@type":"EntryPoint","urlTemplate":"https:\/\/www.esk-eltern.de\/de\/?s={search_term_string}"},"query-input":"required name=search_term_string"}],"inLanguage":"fr-FR"},{"@type":"Organization","@id":"https:\/\/www.esk-eltern.de\/de\/#organization","name":"Association des parents de l&#039;\u00c9cole Europ\u00e9enne de Karlsruhe","url":"https:\/\/www.esk-eltern.de\/de\/","logo":{"@type":"ImageObject","inLanguage":"fr-FR","@id":"https:\/\/www.esk-eltern.de\/de\/#\/schema\/logo\/image\/","url":"https:\/\/dev.esk-eltern.de\/wp-content\/uploads\/2023\/07\/cropped-EV_512x512.png","contentUrl":"https:\/\/dev.esk-eltern.de\/wp-content\/uploads\/2023\/07\/cropped-EV_512x512.png","width":512,"height":512,"caption":"Association des parents de l&#039;\u00c9cole Europ\u00e9enne de Karlsruhe"},"image":{"@id":"https:\/\/www.esk-eltern.de\/de\/#\/schema\/logo\/image\/"}}]}},"_links":{"self":[{"href":"https:\/\/dev.esk-eltern.de\/fr\/wp-json\/wp\/v2\/pages\/9237"}],"collection":[{"href":"https:\/\/dev.esk-eltern.de\/fr\/wp-json\/wp\/v2\/pages"}],"about":[{"href":"https:\/\/dev.esk-eltern.de\/fr\/wp-json\/wp\/v2\/types\/page"}],"author":[{"embeddable":true,"href":"https:\/\/dev.esk-eltern.de\/fr\/wp-json\/wp\/v2\/users\/406"}],"replies":[{"embeddable":true,"href":"https:\/\/dev.esk-eltern.de\/fr\/wp-json\/wp\/v2\/comments?post=9237"}],"version-history":[{"count":5,"href":"https:\/\/dev.esk-eltern.de\/fr\/wp-json\/wp\/v2\/pages\/9237\/revisions"}],"predecessor-version":[{"id":10586,"href":"https:\/\/dev.esk-eltern.de\/fr\/wp-json\/wp\/v2\/pages\/9237\/revisions\/10586"}],"wp:attachment":[{"href":"https:\/\/dev.esk-eltern.de\/fr\/wp-json\/wp\/v2\/media?parent=9237"}],"curies":[{"name":"wp","href":"https:\/\/api.w.org\/{rel}","templated":true}]}}