{"id":9406,"date":"2023-08-02T22:53:22","date_gmt":"2023-08-02T20:53:22","guid":{"rendered":"https:\/\/dev.esk-eltern.de\/?page_id=9406"},"modified":"2023-08-02T22:53:24","modified_gmt":"2023-08-02T20:53:24","slug":"fonds-sociaux","status":"publish","type":"page","link":"https:\/\/dev.esk-eltern.de\/fr\/services\/fonds-sociaux\/","title":{"rendered":"Fonds sociaux"},"content":{"rendered":"\n<p>Avec notre fonds social, nous voulons soutenir les parents pour qui l\u2019\u00e9cole implique des efforts financiers.<\/p>\n\n\n\n<p>Si vous avez besoin d\u2019un soutien financier pour, par exemple un voyage scolaire \u00e0 venir, veuillez contacter l\u2019association des parents. L\u2019administration de l\u2019\u00e9cole examine et approuve les demandes.<br>La condition pr\u00e9alable pour un support est une appartenance \u00e0 l\u2019association de parents.<\/p>\n\n\n\n<p>Si vous avez des questions sur le Fond social, veuillez contacter&nbsp;<a href=\"mailto: kar-evtreasurer@partner.eursc.eu\">kar-evtreasurer@partner.eursc.eu<\/a><\/p>\n","protected":false},"excerpt":{"rendered":"<p>Avec notre fonds social, nous voulons soutenir les parents pour qui l\u2019\u00e9cole implique des efforts financiers. Si vous avez besoin d\u2019un soutien financier pour, par exemple un voyage scolaire \u00e0 venir, veuillez contacter l\u2019association des parents. L\u2019administration de l\u2019\u00e9cole examine et approuve les demandes.La condition pr\u00e9alable pour un support est une appartenance \u00e0 l\u2019association de <a class=\"read-more-link\" href=\"https:\/\/dev.esk-eltern.de\/fr\/services\/fonds-sociaux\/\">Read More<\/a><\/p>\n","protected":false},"author":406,"featured_media":0,"parent":9342,"menu_order":34,"comment_status":"closed","ping_status":"closed","template":"","meta":{"inline_featured_image":false,"footnotes":""},"yoast_head":"<!-- This site is optimized with the Yoast SEO plugin v22.6 - https:\/\/yoast.com\/wordpress\/plugins\/seo\/ -->\n<title>Fonds sociaux - Association des parents de l&#039;\u00c9cole Europ\u00e9enne de Karlsruhe<\/title>\n<meta name=\"robots\" content=\"index, follow, max-snippet:-1, max-image-preview:large, max-video-preview:-1\" \/>\n<link rel=\"canonical\" href=\"https:\/\/www.esk-eltern.de\/fr\/services\/fonds-sociaux\/\" \/>\n<meta property=\"og:locale\" content=\"fr_FR\" \/>\n<meta property=\"og:type\" content=\"article\" \/>\n<meta property=\"og:title\" content=\"Fonds sociaux - Association des parents de l&#039;\u00c9cole Europ\u00e9enne de Karlsruhe\" \/>\n<meta property=\"og:description\" content=\"Avec notre fonds social, nous voulons soutenir les parents pour qui l\u2019\u00e9cole implique des efforts financiers. Si vous avez besoin d\u2019un soutien financier pour, par exemple un voyage scolaire \u00e0 venir, veuillez contacter l\u2019association des parents. L\u2019administration de l\u2019\u00e9cole examine et approuve les demandes.La condition pr\u00e9alable pour un support est une appartenance \u00e0 l\u2019association de Read More\" \/>\n<meta property=\"og:url\" content=\"https:\/\/www.esk-eltern.de\/fr\/services\/fonds-sociaux\/\" \/>\n<meta property=\"og:site_name\" content=\"Association des parents de l&#039;\u00c9cole Europ\u00e9enne de Karlsruhe\" \/>\n<meta property=\"article:modified_time\" content=\"2023-08-02T20:53:24+00:00\" \/>\n<meta name=\"twitter:card\" content=\"summary_large_image\" \/>\n<meta name=\"twitter:label1\" content=\"Dur\u00e9e de lecture estim\u00e9e\" \/>\n\t<meta name=\"twitter:data1\" content=\"1 minute\" \/>\n<script type=\"application\/ld+json\" class=\"yoast-schema-graph\">{\"@context\":\"https:\/\/schema.org\",\"@graph\":[{\"@type\":\"WebPage\",\"@id\":\"https:\/\/www.esk-eltern.de\/fr\/services\/fonds-sociaux\/\",\"url\":\"https:\/\/www.esk-eltern.de\/fr\/services\/fonds-sociaux\/\",\"name\":\"Fonds sociaux - Association des parents de l&#039;\u00c9cole Europ\u00e9enne de Karlsruhe\",\"isPartOf\":{\"@id\":\"https:\/\/www.esk-eltern.de\/de\/#website\"},\"datePublished\":\"2023-08-02T20:53:22+00:00\",\"dateModified\":\"2023-08-02T20:53:24+00:00\",\"breadcrumb\":{\"@id\":\"https:\/\/www.esk-eltern.de\/fr\/services\/fonds-sociaux\/#breadcrumb\"},\"inLanguage\":\"fr-FR\",\"potentialAction\":[{\"@type\":\"ReadAction\",\"target\":[\"https:\/\/www.esk-eltern.de\/fr\/services\/fonds-sociaux\/\"]}]},{\"@type\":\"BreadcrumbList\",\"@id\":\"https:\/\/www.esk-eltern.de\/fr\/services\/fonds-sociaux\/#breadcrumb\",\"itemListElement\":[{\"@type\":\"ListItem\",\"position\":1,\"name\":\"Home\",\"item\":\"https:\/\/www.esk-eltern.de\/fr\/\"},{\"@type\":\"ListItem\",\"position\":2,\"name\":\"Services\",\"item\":\"https:\/\/www.esk-eltern.de\/fr\/services\/\"},{\"@type\":\"ListItem\",\"position\":3,\"name\":\"Fonds sociaux\"}]},{\"@type\":\"WebSite\",\"@id\":\"https:\/\/www.esk-eltern.de\/de\/#website\",\"url\":\"https:\/\/www.esk-eltern.de\/de\/\",\"name\":\"Association des parents de l&#039;\u00c9cole Europ\u00e9enne de Karlsruhe\",\"description\":\"\",\"publisher\":{\"@id\":\"https:\/\/www.esk-eltern.de\/de\/#organization\"},\"potentialAction\":[{\"@type\":\"SearchAction\",\"target\":{\"@type\":\"EntryPoint\",\"urlTemplate\":\"https:\/\/www.esk-eltern.de\/de\/?s={search_term_string}\"},\"query-input\":\"required name=search_term_string\"}],\"inLanguage\":\"fr-FR\"},{\"@type\":\"Organization\",\"@id\":\"https:\/\/www.esk-eltern.de\/de\/#organization\",\"name\":\"Association des parents de l&#039;\u00c9cole Europ\u00e9enne de Karlsruhe\",\"url\":\"https:\/\/www.esk-eltern.de\/de\/\",\"logo\":{\"@type\":\"ImageObject\",\"inLanguage\":\"fr-FR\",\"@id\":\"https:\/\/www.esk-eltern.de\/de\/#\/schema\/logo\/image\/\",\"url\":\"https:\/\/dev.esk-eltern.de\/wp-content\/uploads\/2023\/07\/cropped-EV_512x512.png\",\"contentUrl\":\"https:\/\/dev.esk-eltern.de\/wp-content\/uploads\/2023\/07\/cropped-EV_512x512.png\",\"width\":512,\"height\":512,\"caption\":\"Association des parents de l&#039;\u00c9cole Europ\u00e9enne de Karlsruhe\"},\"image\":{\"@id\":\"https:\/\/www.esk-eltern.de\/de\/#\/schema\/logo\/image\/\"}}]}<\/script>\n<!-- \/ Yoast SEO plugin. -->","yoast_head_json":{"title":"Fonds sociaux - Association des parents de l&#039;\u00c9cole Europ\u00e9enne de Karlsruhe","robots":{"index":"index","follow":"follow","max-snippet":"max-snippet:-1","max-image-preview":"max-image-preview:large","max-video-preview":"max-video-preview:-1"},"canonical":"https:\/\/www.esk-eltern.de\/fr\/services\/fonds-sociaux\/","og_locale":"fr_FR","og_type":"article","og_title":"Fonds sociaux - Association des parents de l&#039;\u00c9cole Europ\u00e9enne de Karlsruhe","og_description":"Avec notre fonds social, nous voulons soutenir les parents pour qui l\u2019\u00e9cole implique des efforts financiers. Si vous avez besoin d\u2019un soutien financier pour, par exemple un voyage scolaire \u00e0 venir, veuillez contacter l\u2019association des parents. L\u2019administration de l\u2019\u00e9cole examine et approuve les demandes.La condition pr\u00e9alable pour un support est une appartenance \u00e0 l\u2019association de Read More","og_url":"https:\/\/www.esk-eltern.de\/fr\/services\/fonds-sociaux\/","og_site_name":"Association des parents de l&#039;\u00c9cole Europ\u00e9enne de Karlsruhe","article_modified_time":"2023-08-02T20:53:24+00:00","twitter_card":"summary_large_image","twitter_misc":{"Dur\u00e9e de lecture estim\u00e9e":"1 minute"},"schema":{"@context":"https:\/\/schema.org","@graph":[{"@type":"WebPage","@id":"https:\/\/www.esk-eltern.de\/fr\/services\/fonds-sociaux\/","url":"https:\/\/www.esk-eltern.de\/fr\/services\/fonds-sociaux\/","name":"Fonds sociaux - Association des parents de l&#039;\u00c9cole Europ\u00e9enne de Karlsruhe","isPartOf":{"@id":"https:\/\/www.esk-eltern.de\/de\/#website"},"datePublished":"2023-08-02T20:53:22+00:00","dateModified":"2023-08-02T20:53:24+00:00","breadcrumb":{"@id":"https:\/\/www.esk-eltern.de\/fr\/services\/fonds-sociaux\/#breadcrumb"},"inLanguage":"fr-FR","potentialAction":[{"@type":"ReadAction","target":["https:\/\/www.esk-eltern.de\/fr\/services\/fonds-sociaux\/"]}]},{"@type":"BreadcrumbList","@id":"https:\/\/www.esk-eltern.de\/fr\/services\/fonds-sociaux\/#breadcrumb","itemListElement":[{"@type":"ListItem","position":1,"name":"Home","item":"https:\/\/www.esk-eltern.de\/fr\/"},{"@type":"ListItem","position":2,"name":"Services","item":"https:\/\/www.esk-eltern.de\/fr\/services\/"},{"@type":"ListItem","position":3,"name":"Fonds sociaux"}]},{"@type":"WebSite","@id":"https:\/\/www.esk-eltern.de\/de\/#website","url":"https:\/\/www.esk-eltern.de\/de\/","name":"Association des parents de l&#039;\u00c9cole Europ\u00e9enne de Karlsruhe","description":"","publisher":{"@id":"https:\/\/www.esk-eltern.de\/de\/#organization"},"potentialAction":[{"@type":"SearchAction","target":{"@type":"EntryPoint","urlTemplate":"https:\/\/www.esk-eltern.de\/de\/?s={search_term_string}"},"query-input":"required name=search_term_string"}],"inLanguage":"fr-FR"},{"@type":"Organization","@id":"https:\/\/www.esk-eltern.de\/de\/#organization","name":"Association des parents de l&#039;\u00c9cole Europ\u00e9enne de Karlsruhe","url":"https:\/\/www.esk-eltern.de\/de\/","logo":{"@type":"ImageObject","inLanguage":"fr-FR","@id":"https:\/\/www.esk-eltern.de\/de\/#\/schema\/logo\/image\/","url":"https:\/\/dev.esk-eltern.de\/wp-content\/uploads\/2023\/07\/cropped-EV_512x512.png","contentUrl":"https:\/\/dev.esk-eltern.de\/wp-content\/uploads\/2023\/07\/cropped-EV_512x512.png","width":512,"height":512,"caption":"Association des parents de l&#039;\u00c9cole Europ\u00e9enne de Karlsruhe"},"image":{"@id":"https:\/\/www.esk-eltern.de\/de\/#\/schema\/logo\/image\/"}}]}},"_links":{"self":[{"href":"https:\/\/dev.esk-eltern.de\/fr\/wp-json\/wp\/v2\/pages\/9406"}],"collection":[{"href":"https:\/\/dev.esk-eltern.de\/fr\/wp-json\/wp\/v2\/pages"}],"about":[{"href":"https:\/\/dev.esk-eltern.de\/fr\/wp-json\/wp\/v2\/types\/page"}],"author":[{"embeddable":true,"href":"https:\/\/dev.esk-eltern.de\/fr\/wp-json\/wp\/v2\/users\/406"}],"replies":[{"embeddable":true,"href":"https:\/\/dev.esk-eltern.de\/fr\/wp-json\/wp\/v2\/comments?post=9406"}],"version-history":[{"count":1,"href":"https:\/\/dev.esk-eltern.de\/fr\/wp-json\/wp\/v2\/pages\/9406\/revisions"}],"predecessor-version":[{"id":9407,"href":"https:\/\/dev.esk-eltern.de\/fr\/wp-json\/wp\/v2\/pages\/9406\/revisions\/9407"}],"up":[{"embeddable":true,"href":"https:\/\/dev.esk-eltern.de\/fr\/wp-json\/wp\/v2\/pages\/9342"}],"wp:attachment":[{"href":"https:\/\/dev.esk-eltern.de\/fr\/wp-json\/wp\/v2\/media?parent=9406"}],"curies":[{"name":"wp","href":"https:\/\/api.w.org\/{rel}","templated":true}]}}