{"id":9415,"date":"2023-08-02T23:02:07","date_gmt":"2023-08-02T21:02:07","guid":{"rendered":"https:\/\/dev.esk-eltern.de\/?page_id=9415"},"modified":"2024-02-19T11:01:36","modified_gmt":"2024-02-19T10:01:36","slug":"garderie-des-vacances","status":"publish","type":"page","link":"https:\/\/dev.esk-eltern.de\/fr\/services\/garderie-des-vacances\/","title":{"rendered":"Garderie des vacances"},"content":{"rendered":"\n<p>Chers parents,<\/p>\n\n\n\n<p>l&rsquo;association des parents d&rsquo;\u00e9l\u00e8ves organise, en collaboration avec MOMI\/NAMI et d&rsquo;autres organismes (Lenitas, AWO,\u2026), un accueil \u00e0 l&rsquo;\u00e9cole europ\u00e9enne pour les enfants de maternelle et de primaire pendant les vacances.<\/p>\n\n\n\n<p>En collaboration avec MOMI\/NAMI, un accueil de vacances peut \u00eatre propos\u00e9 pendant les vacances de P\u00e2ques 2024 du 2 au 5 avril 2024 (de 8h \u00e0 16h) \u00e0 l&rsquo;\u00c9cole europ\u00e9enne pour les enfants de MATERNELLE.<\/p>\n\n\n\n<p>Veuillez noter ce qui suit:<\/p>\n\n\n\n<ul>\n<li>Pour vous inscrire au service de garde pendant les vacances et payer, vous devez \u00eatre membre de l&rsquo;association des parents (cotisation annuelle de 40\u20ac). Si vous n&rsquo;\u00eates pas encore membre, vous pouvez l&rsquo;acqu\u00e9rir <a href=\"https:\/\/dev.esk-eltern.de\/fr\/devenir-membre\/\">ici<\/a> en achetant votre adh\u00e9sion.<br>Si vous ne l&rsquo;avez pas encore fait, veuillez indiquer vos enfants dans les d\u00e9tails de votre compte afin de pouvoir les s\u00e9lectionner lors du processus de commande.<\/li>\n\n\n\n<li>Vous trouverez notre politique de confidentialit\u00e9 sur le site web de l&rsquo;AP.<\/li>\n\n\n\n<li>Conditions d&rsquo;annulation : Les annulations re\u00e7ues avant le 5 mars ne seront rembours\u00e9es que s&rsquo;il y a une liste d&rsquo;attente. Les annulations effectu\u00e9es apr\u00e8s le 5 mars ne seront pas rembours\u00e9es.<\/li>\n<\/ul>\n\n\n\n<div class=\"wp-block-query is-layout-flow wp-block-query-is-layout-flow\"><ul class=\"columns-3 products-block-post-template wp-block-post-template is-layout-grid wp-container-core-post-template-is-layout-1 wp-block-post-template-is-layout-grid\"><li class=\"wp-block-post post-10922 product type-product status-publish has-post-thumbnail product_cat-accueil-de-vacances first outofstock virtual purchasable product-type-simple\">\n<div data-block-name=\"woocommerce\/product-image\" data-image-sizing=\"thumbnail\" data-is-descendent-of-query-loop=\"true\" class=\"wc-block-components-product-image wc-block-grid__product-image \" style=\"\">\n\t\t\t\t\t<a href=\"https:\/\/dev.esk-eltern.de\/fr\/produkt\/vacances-de-paques-2024\/\" style=\"\"> <img loading=\"lazy\" decoding=\"async\" width=\"450\" height=\"450\" src=\"https:\/\/dev.esk-eltern.de\/wp-content\/uploads\/2024\/01\/artem-kniaz-DqgMHzeio7g-unsplash_web-450x450.jpg\" class=\"attachment-woocommerce_thumbnail size-woocommerce_thumbnail\" alt=\"Vacances de P\u00e2ques 2024\" data-testid=\"product-image\" style=\"max-width:none;object-fit:cover;\" srcset=\"https:\/\/dev.esk-eltern.de\/wp-content\/uploads\/2024\/01\/artem-kniaz-DqgMHzeio7g-unsplash_web-450x450.jpg 450w, https:\/\/dev.esk-eltern.de\/wp-content\/uploads\/2024\/01\/artem-kniaz-DqgMHzeio7g-unsplash_web-100x100.jpg 100w\" sizes=\"(max-width: 450px) 100vw, 450px\" \/><\/a>\n\t\t\t\t<\/div>\n\n<h3 style=\"margin-bottom:0.75rem;margin-top:0;\" class=\"has-text-align-center wp-block-post-title has-medium-font-size\"><a href=\"https:\/\/dev.esk-eltern.de\/fr\/produkt\/vacances-de-paques-2024\/\" target=\"_self\" >Vacances de P\u00e2ques 2024<\/a><\/h3>\n\n<div data-block-name=\"woocommerce\/product-price\" data-is-descendent-of-query-loop=\"true\" data-text-align=\"center\" data-font-size=\"small\" class=\"wp-block-woocommerce-product-price\"><div class=\"wc-block-components-product-price wc-block-grid__product-price has-text-align-center has-font-size has-small-font-size has-text-align-center\" style=\"\">\n\t\t\t\t\t<span class=\"woocommerce-Price-amount amount\"><bdi>200.00<span class=\"woocommerce-Price-currencySymbol\">&euro;<\/span><\/bdi><\/span>\n\t\t\t\t<\/div><\/div>\n\n\n<\/li><\/ul>\n\n\n\n<\/div>\n","protected":false},"excerpt":{"rendered":"<p>Chers parents, l&rsquo;association des parents d&rsquo;\u00e9l\u00e8ves organise, en collaboration avec MOMI\/NAMI et d&rsquo;autres organismes (Lenitas, AWO,\u2026), un accueil \u00e0 l&rsquo;\u00e9cole europ\u00e9enne pour les enfants de maternelle et de primaire pendant les vacances. En collaboration avec MOMI\/NAMI, un accueil de vacances peut \u00eatre propos\u00e9 pendant les vacances de P\u00e2ques 2024 du 2 au 5 avril 2024 <a class=\"read-more-link\" href=\"https:\/\/dev.esk-eltern.de\/fr\/services\/garderie-des-vacances\/\">Read More<\/a><\/p>\n","protected":false},"author":406,"featured_media":0,"parent":9342,"menu_order":63,"comment_status":"closed","ping_status":"closed","template":"","meta":{"inline_featured_image":false,"footnotes":""},"yoast_head":"<!-- This site is optimized with the Yoast SEO plugin v22.6 - https:\/\/yoast.com\/wordpress\/plugins\/seo\/ -->\n<title>Garderie des vacances - Association des parents de l&#039;\u00c9cole Europ\u00e9enne de Karlsruhe<\/title>\n<meta name=\"robots\" content=\"index, follow, max-snippet:-1, max-image-preview:large, max-video-preview:-1\" \/>\n<link rel=\"canonical\" href=\"https:\/\/www.esk-eltern.de\/fr\/services\/garderie-des-vacances\/\" \/>\n<meta property=\"og:locale\" content=\"fr_FR\" \/>\n<meta property=\"og:type\" content=\"article\" \/>\n<meta property=\"og:title\" content=\"Garderie des vacances - Association des parents de l&#039;\u00c9cole Europ\u00e9enne de Karlsruhe\" \/>\n<meta property=\"og:description\" content=\"Chers parents, l&rsquo;association des parents d&rsquo;\u00e9l\u00e8ves organise, en collaboration avec MOMI\/NAMI et d&rsquo;autres organismes (Lenitas, AWO,\u2026), un accueil \u00e0 l&rsquo;\u00e9cole europ\u00e9enne pour les enfants de maternelle et de primaire pendant les vacances. En collaboration avec MOMI\/NAMI, un accueil de vacances peut \u00eatre propos\u00e9 pendant les vacances de P\u00e2ques 2024 du 2 au 5 avril 2024 Read More\" \/>\n<meta property=\"og:url\" content=\"https:\/\/www.esk-eltern.de\/fr\/services\/garderie-des-vacances\/\" \/>\n<meta property=\"og:site_name\" content=\"Association des parents de l&#039;\u00c9cole Europ\u00e9enne de Karlsruhe\" \/>\n<meta property=\"article:modified_time\" content=\"2024-02-19T10:01:36+00:00\" \/>\n<meta name=\"twitter:card\" content=\"summary_large_image\" \/>\n<meta name=\"twitter:label1\" content=\"Dur\u00e9e de lecture estim\u00e9e\" \/>\n\t<meta name=\"twitter:data1\" content=\"1 minute\" \/>\n<script type=\"application\/ld+json\" class=\"yoast-schema-graph\">{\"@context\":\"https:\/\/schema.org\",\"@graph\":[{\"@type\":\"WebPage\",\"@id\":\"https:\/\/www.esk-eltern.de\/fr\/services\/garderie-des-vacances\/\",\"url\":\"https:\/\/www.esk-eltern.de\/fr\/services\/garderie-des-vacances\/\",\"name\":\"Garderie des vacances - Association des parents de l&#039;\u00c9cole Europ\u00e9enne de Karlsruhe\",\"isPartOf\":{\"@id\":\"https:\/\/www.esk-eltern.de\/de\/#website\"},\"datePublished\":\"2023-08-02T21:02:07+00:00\",\"dateModified\":\"2024-02-19T10:01:36+00:00\",\"breadcrumb\":{\"@id\":\"https:\/\/www.esk-eltern.de\/fr\/services\/garderie-des-vacances\/#breadcrumb\"},\"inLanguage\":\"fr-FR\",\"potentialAction\":[{\"@type\":\"ReadAction\",\"target\":[\"https:\/\/www.esk-eltern.de\/fr\/services\/garderie-des-vacances\/\"]}]},{\"@type\":\"BreadcrumbList\",\"@id\":\"https:\/\/www.esk-eltern.de\/fr\/services\/garderie-des-vacances\/#breadcrumb\",\"itemListElement\":[{\"@type\":\"ListItem\",\"position\":1,\"name\":\"Home\",\"item\":\"https:\/\/www.esk-eltern.de\/fr\/\"},{\"@type\":\"ListItem\",\"position\":2,\"name\":\"Services\",\"item\":\"https:\/\/www.esk-eltern.de\/fr\/services\/\"},{\"@type\":\"ListItem\",\"position\":3,\"name\":\"Garderie des vacances\"}]},{\"@type\":\"WebSite\",\"@id\":\"https:\/\/www.esk-eltern.de\/de\/#website\",\"url\":\"https:\/\/www.esk-eltern.de\/de\/\",\"name\":\"Association des parents de l&#039;\u00c9cole Europ\u00e9enne de Karlsruhe\",\"description\":\"\",\"publisher\":{\"@id\":\"https:\/\/www.esk-eltern.de\/de\/#organization\"},\"potentialAction\":[{\"@type\":\"SearchAction\",\"target\":{\"@type\":\"EntryPoint\",\"urlTemplate\":\"https:\/\/www.esk-eltern.de\/de\/?s={search_term_string}\"},\"query-input\":\"required name=search_term_string\"}],\"inLanguage\":\"fr-FR\"},{\"@type\":\"Organization\",\"@id\":\"https:\/\/www.esk-eltern.de\/de\/#organization\",\"name\":\"Association des parents de l&#039;\u00c9cole Europ\u00e9enne de Karlsruhe\",\"url\":\"https:\/\/www.esk-eltern.de\/de\/\",\"logo\":{\"@type\":\"ImageObject\",\"inLanguage\":\"fr-FR\",\"@id\":\"https:\/\/www.esk-eltern.de\/de\/#\/schema\/logo\/image\/\",\"url\":\"https:\/\/dev.esk-eltern.de\/wp-content\/uploads\/2023\/07\/cropped-EV_512x512.png\",\"contentUrl\":\"https:\/\/dev.esk-eltern.de\/wp-content\/uploads\/2023\/07\/cropped-EV_512x512.png\",\"width\":512,\"height\":512,\"caption\":\"Association des parents de l&#039;\u00c9cole Europ\u00e9enne de Karlsruhe\"},\"image\":{\"@id\":\"https:\/\/www.esk-eltern.de\/de\/#\/schema\/logo\/image\/\"}}]}<\/script>\n<!-- \/ Yoast SEO plugin. -->","yoast_head_json":{"title":"Garderie des vacances - Association des parents de l&#039;\u00c9cole Europ\u00e9enne de Karlsruhe","robots":{"index":"index","follow":"follow","max-snippet":"max-snippet:-1","max-image-preview":"max-image-preview:large","max-video-preview":"max-video-preview:-1"},"canonical":"https:\/\/www.esk-eltern.de\/fr\/services\/garderie-des-vacances\/","og_locale":"fr_FR","og_type":"article","og_title":"Garderie des vacances - Association des parents de l&#039;\u00c9cole Europ\u00e9enne de Karlsruhe","og_description":"Chers parents, l&rsquo;association des parents d&rsquo;\u00e9l\u00e8ves organise, en collaboration avec MOMI\/NAMI et d&rsquo;autres organismes (Lenitas, AWO,\u2026), un accueil \u00e0 l&rsquo;\u00e9cole europ\u00e9enne pour les enfants de maternelle et de primaire pendant les vacances. En collaboration avec MOMI\/NAMI, un accueil de vacances peut \u00eatre propos\u00e9 pendant les vacances de P\u00e2ques 2024 du 2 au 5 avril 2024 Read More","og_url":"https:\/\/www.esk-eltern.de\/fr\/services\/garderie-des-vacances\/","og_site_name":"Association des parents de l&#039;\u00c9cole Europ\u00e9enne de Karlsruhe","article_modified_time":"2024-02-19T10:01:36+00:00","twitter_card":"summary_large_image","twitter_misc":{"Dur\u00e9e de lecture estim\u00e9e":"1 minute"},"schema":{"@context":"https:\/\/schema.org","@graph":[{"@type":"WebPage","@id":"https:\/\/www.esk-eltern.de\/fr\/services\/garderie-des-vacances\/","url":"https:\/\/www.esk-eltern.de\/fr\/services\/garderie-des-vacances\/","name":"Garderie des vacances - Association des parents de l&#039;\u00c9cole Europ\u00e9enne de Karlsruhe","isPartOf":{"@id":"https:\/\/www.esk-eltern.de\/de\/#website"},"datePublished":"2023-08-02T21:02:07+00:00","dateModified":"2024-02-19T10:01:36+00:00","breadcrumb":{"@id":"https:\/\/www.esk-eltern.de\/fr\/services\/garderie-des-vacances\/#breadcrumb"},"inLanguage":"fr-FR","potentialAction":[{"@type":"ReadAction","target":["https:\/\/www.esk-eltern.de\/fr\/services\/garderie-des-vacances\/"]}]},{"@type":"BreadcrumbList","@id":"https:\/\/www.esk-eltern.de\/fr\/services\/garderie-des-vacances\/#breadcrumb","itemListElement":[{"@type":"ListItem","position":1,"name":"Home","item":"https:\/\/www.esk-eltern.de\/fr\/"},{"@type":"ListItem","position":2,"name":"Services","item":"https:\/\/www.esk-eltern.de\/fr\/services\/"},{"@type":"ListItem","position":3,"name":"Garderie des vacances"}]},{"@type":"WebSite","@id":"https:\/\/www.esk-eltern.de\/de\/#website","url":"https:\/\/www.esk-eltern.de\/de\/","name":"Association des parents de l&#039;\u00c9cole Europ\u00e9enne de Karlsruhe","description":"","publisher":{"@id":"https:\/\/www.esk-eltern.de\/de\/#organization"},"potentialAction":[{"@type":"SearchAction","target":{"@type":"EntryPoint","urlTemplate":"https:\/\/www.esk-eltern.de\/de\/?s={search_term_string}"},"query-input":"required name=search_term_string"}],"inLanguage":"fr-FR"},{"@type":"Organization","@id":"https:\/\/www.esk-eltern.de\/de\/#organization","name":"Association des parents de l&#039;\u00c9cole Europ\u00e9enne de Karlsruhe","url":"https:\/\/www.esk-eltern.de\/de\/","logo":{"@type":"ImageObject","inLanguage":"fr-FR","@id":"https:\/\/www.esk-eltern.de\/de\/#\/schema\/logo\/image\/","url":"https:\/\/dev.esk-eltern.de\/wp-content\/uploads\/2023\/07\/cropped-EV_512x512.png","contentUrl":"https:\/\/dev.esk-eltern.de\/wp-content\/uploads\/2023\/07\/cropped-EV_512x512.png","width":512,"height":512,"caption":"Association des parents de l&#039;\u00c9cole Europ\u00e9enne de Karlsruhe"},"image":{"@id":"https:\/\/www.esk-eltern.de\/de\/#\/schema\/logo\/image\/"}}]}},"_links":{"self":[{"href":"https:\/\/dev.esk-eltern.de\/fr\/wp-json\/wp\/v2\/pages\/9415"}],"collection":[{"href":"https:\/\/dev.esk-eltern.de\/fr\/wp-json\/wp\/v2\/pages"}],"about":[{"href":"https:\/\/dev.esk-eltern.de\/fr\/wp-json\/wp\/v2\/types\/page"}],"author":[{"embeddable":true,"href":"https:\/\/dev.esk-eltern.de\/fr\/wp-json\/wp\/v2\/users\/406"}],"replies":[{"embeddable":true,"href":"https:\/\/dev.esk-eltern.de\/fr\/wp-json\/wp\/v2\/comments?post=9415"}],"version-history":[{"count":6,"href":"https:\/\/dev.esk-eltern.de\/fr\/wp-json\/wp\/v2\/pages\/9415\/revisions"}],"predecessor-version":[{"id":11279,"href":"https:\/\/dev.esk-eltern.de\/fr\/wp-json\/wp\/v2\/pages\/9415\/revisions\/11279"}],"up":[{"embeddable":true,"href":"https:\/\/dev.esk-eltern.de\/fr\/wp-json\/wp\/v2\/pages\/9342"}],"wp:attachment":[{"href":"https:\/\/dev.esk-eltern.de\/fr\/wp-json\/wp\/v2\/media?parent=9415"}],"curies":[{"name":"wp","href":"https:\/\/api.w.org\/{rel}","templated":true}]}}