{"id":10232,"date":"2024-02-03T16:00:27","date_gmt":"2024-02-03T15:04:11","guid":{"rendered":"https:\/\/dev.esk-eltern.de\/?post_type=product&#038;p=10232"},"modified":"2024-07-01T00:13:45","modified_gmt":"2024-06-30T22:13:45","slug":"football-1-fr","status":"publish","type":"product","link":"https:\/\/dev.esk-eltern.de\/fr\/produkt\/football-1-fr\/","title":{"rendered":"Football 1"},"content":{"rendered":"","protected":false},"excerpt":{"rendered":"<p>Football pour gar\u00e7ons et filles<\/p>\n","protected":false},"featured_media":1192,"template":"","meta":{"inline_featured_image":false},"product_cat":[577,563],"product_tag":[],"yoast_head":"<!-- This site is optimized with the Yoast SEO plugin v22.6 - https:\/\/yoast.com\/wordpress\/plugins\/seo\/ -->\n<title>Football 1 - Association des parents de l&#039;\u00c9cole Europ\u00e9enne de Karlsruhe<\/title>\n<meta name=\"robots\" content=\"index, follow, max-snippet:-1, max-image-preview:large, max-video-preview:-1\" \/>\n<link rel=\"canonical\" href=\"https:\/\/www.esk-eltern.de\/fr\/produkt\/football-1-fr\/\" \/>\n<meta property=\"og:locale\" content=\"fr_FR\" \/>\n<meta property=\"og:type\" content=\"article\" \/>\n<meta property=\"og:title\" content=\"Football 1 - Association des parents de l&#039;\u00c9cole Europ\u00e9enne de Karlsruhe\" \/>\n<meta property=\"og:description\" content=\"Football pour gar\u00e7ons et filles\" \/>\n<meta property=\"og:url\" content=\"https:\/\/www.esk-eltern.de\/fr\/produkt\/football-1-fr\/\" \/>\n<meta property=\"og:site_name\" content=\"Association des parents de l&#039;\u00c9cole Europ\u00e9enne de Karlsruhe\" \/>\n<meta property=\"article:modified_time\" content=\"2024-06-30T22:13:45+00:00\" \/>\n<meta property=\"og:image\" content=\"https:\/\/www.esk-eltern.de\/wp-content\/uploads\/2018\/01\/fussball1-e1560350300193.jpg\" \/>\n\t<meta property=\"og:image:width\" content=\"1500\" \/>\n\t<meta property=\"og:image:height\" content=\"1205\" \/>\n\t<meta property=\"og:image:type\" content=\"image\/jpeg\" \/>\n<meta name=\"twitter:card\" content=\"summary_large_image\" \/>\n<script type=\"application\/ld+json\" class=\"yoast-schema-graph\">{\"@context\":\"https:\/\/schema.org\",\"@graph\":[{\"@type\":\"WebPage\",\"@id\":\"https:\/\/www.esk-eltern.de\/fr\/produkt\/football-1-fr\/\",\"url\":\"https:\/\/www.esk-eltern.de\/fr\/produkt\/football-1-fr\/\",\"name\":\"Football 1 - Association des parents de l&#039;\u00c9cole Europ\u00e9enne de Karlsruhe\",\"isPartOf\":{\"@id\":\"https:\/\/www.esk-eltern.de\/de\/#website\"},\"primaryImageOfPage\":{\"@id\":\"https:\/\/www.esk-eltern.de\/fr\/produkt\/football-1-fr\/#primaryimage\"},\"image\":{\"@id\":\"https:\/\/www.esk-eltern.de\/fr\/produkt\/football-1-fr\/#primaryimage\"},\"thumbnailUrl\":\"https:\/\/dev.esk-eltern.de\/wp-content\/uploads\/2018\/01\/fussball1-e1560350300193.jpg\",\"datePublished\":\"2024-02-03T15:04:11+00:00\",\"dateModified\":\"2024-06-30T22:13:45+00:00\",\"breadcrumb\":{\"@id\":\"https:\/\/www.esk-eltern.de\/fr\/produkt\/football-1-fr\/#breadcrumb\"},\"inLanguage\":\"fr-FR\",\"potentialAction\":[{\"@type\":\"ReadAction\",\"target\":[\"https:\/\/www.esk-eltern.de\/fr\/produkt\/football-1-fr\/\"]}]},{\"@type\":\"ImageObject\",\"inLanguage\":\"fr-FR\",\"@id\":\"https:\/\/www.esk-eltern.de\/fr\/produkt\/football-1-fr\/#primaryimage\",\"url\":\"https:\/\/dev.esk-eltern.de\/wp-content\/uploads\/2018\/01\/fussball1-e1560350300193.jpg\",\"contentUrl\":\"https:\/\/dev.esk-eltern.de\/wp-content\/uploads\/2018\/01\/fussball1-e1560350300193.jpg\",\"width\":1500,\"height\":1205},{\"@type\":\"BreadcrumbList\",\"@id\":\"https:\/\/www.esk-eltern.de\/fr\/produkt\/football-1-fr\/#breadcrumb\",\"itemListElement\":[{\"@type\":\"ListItem\",\"position\":1,\"name\":\"Home\",\"item\":\"https:\/\/www.esk-eltern.de\/fr\/\"},{\"@type\":\"ListItem\",\"position\":2,\"name\":\"Produkte\",\"item\":\"https:\/\/www.esk-eltern.de\/de\/shop\/\"},{\"@type\":\"ListItem\",\"position\":3,\"name\":\"Football 1\"}]},{\"@type\":\"WebSite\",\"@id\":\"https:\/\/www.esk-eltern.de\/de\/#website\",\"url\":\"https:\/\/www.esk-eltern.de\/de\/\",\"name\":\"Association des parents de l&#039;\u00c9cole Europ\u00e9enne de Karlsruhe\",\"description\":\"\",\"publisher\":{\"@id\":\"https:\/\/www.esk-eltern.de\/de\/#organization\"},\"potentialAction\":[{\"@type\":\"SearchAction\",\"target\":{\"@type\":\"EntryPoint\",\"urlTemplate\":\"https:\/\/www.esk-eltern.de\/de\/?s={search_term_string}\"},\"query-input\":\"required name=search_term_string\"}],\"inLanguage\":\"fr-FR\"},{\"@type\":\"Organization\",\"@id\":\"https:\/\/www.esk-eltern.de\/de\/#organization\",\"name\":\"Association des parents de l&#039;\u00c9cole Europ\u00e9enne de Karlsruhe\",\"url\":\"https:\/\/www.esk-eltern.de\/de\/\",\"logo\":{\"@type\":\"ImageObject\",\"inLanguage\":\"fr-FR\",\"@id\":\"https:\/\/www.esk-eltern.de\/de\/#\/schema\/logo\/image\/\",\"url\":\"https:\/\/dev.esk-eltern.de\/wp-content\/uploads\/2023\/07\/cropped-EV_512x512.png\",\"contentUrl\":\"https:\/\/dev.esk-eltern.de\/wp-content\/uploads\/2023\/07\/cropped-EV_512x512.png\",\"width\":512,\"height\":512,\"caption\":\"Association des parents de l&#039;\u00c9cole Europ\u00e9enne de Karlsruhe\"},\"image\":{\"@id\":\"https:\/\/www.esk-eltern.de\/de\/#\/schema\/logo\/image\/\"}}]}<\/script>\n<!-- \/ Yoast SEO plugin. -->","yoast_head_json":{"title":"Football 1 - Association des parents de l&#039;\u00c9cole Europ\u00e9enne de Karlsruhe","robots":{"index":"index","follow":"follow","max-snippet":"max-snippet:-1","max-image-preview":"max-image-preview:large","max-video-preview":"max-video-preview:-1"},"canonical":"https:\/\/www.esk-eltern.de\/fr\/produkt\/football-1-fr\/","og_locale":"fr_FR","og_type":"article","og_title":"Football 1 - Association des parents de l&#039;\u00c9cole Europ\u00e9enne de Karlsruhe","og_description":"Football pour gar\u00e7ons et filles","og_url":"https:\/\/www.esk-eltern.de\/fr\/produkt\/football-1-fr\/","og_site_name":"Association des parents de l&#039;\u00c9cole Europ\u00e9enne de Karlsruhe","article_modified_time":"2024-06-30T22:13:45+00:00","og_image":[{"width":1500,"height":1205,"url":"https:\/\/www.esk-eltern.de\/wp-content\/uploads\/2018\/01\/fussball1-e1560350300193.jpg","type":"image\/jpeg"}],"twitter_card":"summary_large_image","schema":{"@context":"https:\/\/schema.org","@graph":[{"@type":"WebPage","@id":"https:\/\/www.esk-eltern.de\/fr\/produkt\/football-1-fr\/","url":"https:\/\/www.esk-eltern.de\/fr\/produkt\/football-1-fr\/","name":"Football 1 - Association des parents de l&#039;\u00c9cole Europ\u00e9enne de Karlsruhe","isPartOf":{"@id":"https:\/\/www.esk-eltern.de\/de\/#website"},"primaryImageOfPage":{"@id":"https:\/\/www.esk-eltern.de\/fr\/produkt\/football-1-fr\/#primaryimage"},"image":{"@id":"https:\/\/www.esk-eltern.de\/fr\/produkt\/football-1-fr\/#primaryimage"},"thumbnailUrl":"https:\/\/dev.esk-eltern.de\/wp-content\/uploads\/2018\/01\/fussball1-e1560350300193.jpg","datePublished":"2024-02-03T15:04:11+00:00","dateModified":"2024-06-30T22:13:45+00:00","breadcrumb":{"@id":"https:\/\/www.esk-eltern.de\/fr\/produkt\/football-1-fr\/#breadcrumb"},"inLanguage":"fr-FR","potentialAction":[{"@type":"ReadAction","target":["https:\/\/www.esk-eltern.de\/fr\/produkt\/football-1-fr\/"]}]},{"@type":"ImageObject","inLanguage":"fr-FR","@id":"https:\/\/www.esk-eltern.de\/fr\/produkt\/football-1-fr\/#primaryimage","url":"https:\/\/dev.esk-eltern.de\/wp-content\/uploads\/2018\/01\/fussball1-e1560350300193.jpg","contentUrl":"https:\/\/dev.esk-eltern.de\/wp-content\/uploads\/2018\/01\/fussball1-e1560350300193.jpg","width":1500,"height":1205},{"@type":"BreadcrumbList","@id":"https:\/\/www.esk-eltern.de\/fr\/produkt\/football-1-fr\/#breadcrumb","itemListElement":[{"@type":"ListItem","position":1,"name":"Home","item":"https:\/\/www.esk-eltern.de\/fr\/"},{"@type":"ListItem","position":2,"name":"Produkte","item":"https:\/\/www.esk-eltern.de\/de\/shop\/"},{"@type":"ListItem","position":3,"name":"Football 1"}]},{"@type":"WebSite","@id":"https:\/\/www.esk-eltern.de\/de\/#website","url":"https:\/\/www.esk-eltern.de\/de\/","name":"Association des parents de l&#039;\u00c9cole Europ\u00e9enne de Karlsruhe","description":"","publisher":{"@id":"https:\/\/www.esk-eltern.de\/de\/#organization"},"potentialAction":[{"@type":"SearchAction","target":{"@type":"EntryPoint","urlTemplate":"https:\/\/www.esk-eltern.de\/de\/?s={search_term_string}"},"query-input":"required name=search_term_string"}],"inLanguage":"fr-FR"},{"@type":"Organization","@id":"https:\/\/www.esk-eltern.de\/de\/#organization","name":"Association des parents de l&#039;\u00c9cole Europ\u00e9enne de Karlsruhe","url":"https:\/\/www.esk-eltern.de\/de\/","logo":{"@type":"ImageObject","inLanguage":"fr-FR","@id":"https:\/\/www.esk-eltern.de\/de\/#\/schema\/logo\/image\/","url":"https:\/\/dev.esk-eltern.de\/wp-content\/uploads\/2023\/07\/cropped-EV_512x512.png","contentUrl":"https:\/\/dev.esk-eltern.de\/wp-content\/uploads\/2023\/07\/cropped-EV_512x512.png","width":512,"height":512,"caption":"Association des parents de l&#039;\u00c9cole Europ\u00e9enne de Karlsruhe"},"image":{"@id":"https:\/\/www.esk-eltern.de\/de\/#\/schema\/logo\/image\/"}}]}},"_links":{"self":[{"href":"https:\/\/dev.esk-eltern.de\/fr\/wp-json\/wp\/v2\/product\/10232"}],"collection":[{"href":"https:\/\/dev.esk-eltern.de\/fr\/wp-json\/wp\/v2\/product"}],"about":[{"href":"https:\/\/dev.esk-eltern.de\/fr\/wp-json\/wp\/v2\/types\/product"}],"wp:featuredmedia":[{"embeddable":true,"href":"https:\/\/dev.esk-eltern.de\/fr\/wp-json\/wp\/v2\/media\/1192"}],"wp:attachment":[{"href":"https:\/\/dev.esk-eltern.de\/fr\/wp-json\/wp\/v2\/media?parent=10232"}],"wp:term":[{"taxonomy":"product_cat","embeddable":true,"href":"https:\/\/dev.esk-eltern.de\/fr\/wp-json\/wp\/v2\/product_cat?post=10232"},{"taxonomy":"product_tag","embeddable":true,"href":"https:\/\/dev.esk-eltern.de\/fr\/wp-json\/wp\/v2\/product_tag?post=10232"}],"curies":[{"name":"wp","href":"https:\/\/api.w.org\/{rel}","templated":true}]}}