{"id":10369,"date":"2023-09-24T10:12:54","date_gmt":"2023-09-24T08:12:54","guid":{"rendered":"https:\/\/dev.esk-eltern.de\/produkt\/karate\/"},"modified":"2023-09-24T14:28:16","modified_gmt":"2023-09-24T12:28:16","slug":"karate","status":"publish","type":"product","link":"https:\/\/dev.esk-eltern.de\/fr\/produkt\/karate\/","title":{"rendered":"Karate"},"content":{"rendered":"","protected":false},"excerpt":{"rendered":"<p>&#8212; cours externe &#8212;<br \/>\nCours pour d\u00e9butants et cours avanc\u00e9s au club sportif de la police de Karlsruhe PSV<\/p>\n","protected":false},"featured_media":1204,"template":"","meta":{"inline_featured_image":false},"product_cat":[577],"product_tag":[],"yoast_head":"<!-- This site is optimized with the Yoast SEO plugin v22.6 - https:\/\/yoast.com\/wordpress\/plugins\/seo\/ -->\n<title>Karate - Association des parents de l&#039;\u00c9cole Europ\u00e9enne de Karlsruhe<\/title>\n<meta name=\"robots\" content=\"index, follow, max-snippet:-1, max-image-preview:large, max-video-preview:-1\" \/>\n<link rel=\"canonical\" href=\"https:\/\/www.esk-eltern.de\/fr\/produkt\/karate\/\" \/>\n<meta property=\"og:locale\" content=\"fr_FR\" \/>\n<meta property=\"og:type\" content=\"article\" \/>\n<meta property=\"og:title\" content=\"Karate - Association des parents de l&#039;\u00c9cole Europ\u00e9enne de Karlsruhe\" \/>\n<meta property=\"og:description\" content=\"--- cours externe --- Cours pour d\u00e9butants et cours avanc\u00e9s au club sportif de la police de Karlsruhe PSV\" \/>\n<meta property=\"og:url\" content=\"https:\/\/www.esk-eltern.de\/fr\/produkt\/karate\/\" \/>\n<meta property=\"og:site_name\" content=\"Association des parents de l&#039;\u00c9cole Europ\u00e9enne de Karlsruhe\" \/>\n<meta property=\"article:modified_time\" content=\"2023-09-24T12:28:16+00:00\" \/>\n<meta property=\"og:image\" content=\"https:\/\/www.esk-eltern.de\/wp-content\/uploads\/2018\/01\/karate-scaled.jpg\" \/>\n\t<meta property=\"og:image:width\" content=\"3617\" \/>\n\t<meta property=\"og:image:height\" content=\"2411\" \/>\n\t<meta property=\"og:image:type\" content=\"image\/jpeg\" \/>\n<meta name=\"twitter:card\" content=\"summary_large_image\" \/>\n<script type=\"application\/ld+json\" class=\"yoast-schema-graph\">{\"@context\":\"https:\/\/schema.org\",\"@graph\":[{\"@type\":\"WebPage\",\"@id\":\"https:\/\/www.esk-eltern.de\/fr\/produkt\/karate\/\",\"url\":\"https:\/\/www.esk-eltern.de\/fr\/produkt\/karate\/\",\"name\":\"Karate - Association des parents de l&#039;\u00c9cole Europ\u00e9enne de Karlsruhe\",\"isPartOf\":{\"@id\":\"https:\/\/www.esk-eltern.de\/de\/#website\"},\"primaryImageOfPage\":{\"@id\":\"https:\/\/www.esk-eltern.de\/fr\/produkt\/karate\/#primaryimage\"},\"image\":{\"@id\":\"https:\/\/www.esk-eltern.de\/fr\/produkt\/karate\/#primaryimage\"},\"thumbnailUrl\":\"https:\/\/dev.esk-eltern.de\/wp-content\/uploads\/2018\/01\/karate-scaled.jpg\",\"datePublished\":\"2023-09-24T08:12:54+00:00\",\"dateModified\":\"2023-09-24T12:28:16+00:00\",\"breadcrumb\":{\"@id\":\"https:\/\/www.esk-eltern.de\/fr\/produkt\/karate\/#breadcrumb\"},\"inLanguage\":\"fr-FR\",\"potentialAction\":[{\"@type\":\"ReadAction\",\"target\":[\"https:\/\/www.esk-eltern.de\/fr\/produkt\/karate\/\"]}]},{\"@type\":\"ImageObject\",\"inLanguage\":\"fr-FR\",\"@id\":\"https:\/\/www.esk-eltern.de\/fr\/produkt\/karate\/#primaryimage\",\"url\":\"https:\/\/dev.esk-eltern.de\/wp-content\/uploads\/2018\/01\/karate-scaled.jpg\",\"contentUrl\":\"https:\/\/dev.esk-eltern.de\/wp-content\/uploads\/2018\/01\/karate-scaled.jpg\",\"width\":3617,\"height\":2411},{\"@type\":\"BreadcrumbList\",\"@id\":\"https:\/\/www.esk-eltern.de\/fr\/produkt\/karate\/#breadcrumb\",\"itemListElement\":[{\"@type\":\"ListItem\",\"position\":1,\"name\":\"Home\",\"item\":\"https:\/\/www.esk-eltern.de\/fr\/\"},{\"@type\":\"ListItem\",\"position\":2,\"name\":\"Produkte\",\"item\":\"https:\/\/www.esk-eltern.de\/de\/shop\/\"},{\"@type\":\"ListItem\",\"position\":3,\"name\":\"Karate\"}]},{\"@type\":\"WebSite\",\"@id\":\"https:\/\/www.esk-eltern.de\/de\/#website\",\"url\":\"https:\/\/www.esk-eltern.de\/de\/\",\"name\":\"Association des parents de l&#039;\u00c9cole Europ\u00e9enne de Karlsruhe\",\"description\":\"\",\"publisher\":{\"@id\":\"https:\/\/www.esk-eltern.de\/de\/#organization\"},\"potentialAction\":[{\"@type\":\"SearchAction\",\"target\":{\"@type\":\"EntryPoint\",\"urlTemplate\":\"https:\/\/www.esk-eltern.de\/de\/?s={search_term_string}\"},\"query-input\":\"required name=search_term_string\"}],\"inLanguage\":\"fr-FR\"},{\"@type\":\"Organization\",\"@id\":\"https:\/\/www.esk-eltern.de\/de\/#organization\",\"name\":\"Association des parents de l&#039;\u00c9cole Europ\u00e9enne de Karlsruhe\",\"url\":\"https:\/\/www.esk-eltern.de\/de\/\",\"logo\":{\"@type\":\"ImageObject\",\"inLanguage\":\"fr-FR\",\"@id\":\"https:\/\/www.esk-eltern.de\/de\/#\/schema\/logo\/image\/\",\"url\":\"https:\/\/dev.esk-eltern.de\/wp-content\/uploads\/2023\/07\/cropped-EV_512x512.png\",\"contentUrl\":\"https:\/\/dev.esk-eltern.de\/wp-content\/uploads\/2023\/07\/cropped-EV_512x512.png\",\"width\":512,\"height\":512,\"caption\":\"Association des parents de l&#039;\u00c9cole Europ\u00e9enne de Karlsruhe\"},\"image\":{\"@id\":\"https:\/\/www.esk-eltern.de\/de\/#\/schema\/logo\/image\/\"}}]}<\/script>\n<!-- \/ Yoast SEO plugin. -->","yoast_head_json":{"title":"Karate - Association des parents de l&#039;\u00c9cole Europ\u00e9enne de Karlsruhe","robots":{"index":"index","follow":"follow","max-snippet":"max-snippet:-1","max-image-preview":"max-image-preview:large","max-video-preview":"max-video-preview:-1"},"canonical":"https:\/\/www.esk-eltern.de\/fr\/produkt\/karate\/","og_locale":"fr_FR","og_type":"article","og_title":"Karate - Association des parents de l&#039;\u00c9cole Europ\u00e9enne de Karlsruhe","og_description":"--- cours externe --- Cours pour d\u00e9butants et cours avanc\u00e9s au club sportif de la police de Karlsruhe PSV","og_url":"https:\/\/www.esk-eltern.de\/fr\/produkt\/karate\/","og_site_name":"Association des parents de l&#039;\u00c9cole Europ\u00e9enne de Karlsruhe","article_modified_time":"2023-09-24T12:28:16+00:00","og_image":[{"width":3617,"height":2411,"url":"https:\/\/www.esk-eltern.de\/wp-content\/uploads\/2018\/01\/karate-scaled.jpg","type":"image\/jpeg"}],"twitter_card":"summary_large_image","schema":{"@context":"https:\/\/schema.org","@graph":[{"@type":"WebPage","@id":"https:\/\/www.esk-eltern.de\/fr\/produkt\/karate\/","url":"https:\/\/www.esk-eltern.de\/fr\/produkt\/karate\/","name":"Karate - Association des parents de l&#039;\u00c9cole Europ\u00e9enne de Karlsruhe","isPartOf":{"@id":"https:\/\/www.esk-eltern.de\/de\/#website"},"primaryImageOfPage":{"@id":"https:\/\/www.esk-eltern.de\/fr\/produkt\/karate\/#primaryimage"},"image":{"@id":"https:\/\/www.esk-eltern.de\/fr\/produkt\/karate\/#primaryimage"},"thumbnailUrl":"https:\/\/dev.esk-eltern.de\/wp-content\/uploads\/2018\/01\/karate-scaled.jpg","datePublished":"2023-09-24T08:12:54+00:00","dateModified":"2023-09-24T12:28:16+00:00","breadcrumb":{"@id":"https:\/\/www.esk-eltern.de\/fr\/produkt\/karate\/#breadcrumb"},"inLanguage":"fr-FR","potentialAction":[{"@type":"ReadAction","target":["https:\/\/www.esk-eltern.de\/fr\/produkt\/karate\/"]}]},{"@type":"ImageObject","inLanguage":"fr-FR","@id":"https:\/\/www.esk-eltern.de\/fr\/produkt\/karate\/#primaryimage","url":"https:\/\/dev.esk-eltern.de\/wp-content\/uploads\/2018\/01\/karate-scaled.jpg","contentUrl":"https:\/\/dev.esk-eltern.de\/wp-content\/uploads\/2018\/01\/karate-scaled.jpg","width":3617,"height":2411},{"@type":"BreadcrumbList","@id":"https:\/\/www.esk-eltern.de\/fr\/produkt\/karate\/#breadcrumb","itemListElement":[{"@type":"ListItem","position":1,"name":"Home","item":"https:\/\/www.esk-eltern.de\/fr\/"},{"@type":"ListItem","position":2,"name":"Produkte","item":"https:\/\/www.esk-eltern.de\/de\/shop\/"},{"@type":"ListItem","position":3,"name":"Karate"}]},{"@type":"WebSite","@id":"https:\/\/www.esk-eltern.de\/de\/#website","url":"https:\/\/www.esk-eltern.de\/de\/","name":"Association des parents de l&#039;\u00c9cole Europ\u00e9enne de Karlsruhe","description":"","publisher":{"@id":"https:\/\/www.esk-eltern.de\/de\/#organization"},"potentialAction":[{"@type":"SearchAction","target":{"@type":"EntryPoint","urlTemplate":"https:\/\/www.esk-eltern.de\/de\/?s={search_term_string}"},"query-input":"required name=search_term_string"}],"inLanguage":"fr-FR"},{"@type":"Organization","@id":"https:\/\/www.esk-eltern.de\/de\/#organization","name":"Association des parents de l&#039;\u00c9cole Europ\u00e9enne de Karlsruhe","url":"https:\/\/www.esk-eltern.de\/de\/","logo":{"@type":"ImageObject","inLanguage":"fr-FR","@id":"https:\/\/www.esk-eltern.de\/de\/#\/schema\/logo\/image\/","url":"https:\/\/dev.esk-eltern.de\/wp-content\/uploads\/2023\/07\/cropped-EV_512x512.png","contentUrl":"https:\/\/dev.esk-eltern.de\/wp-content\/uploads\/2023\/07\/cropped-EV_512x512.png","width":512,"height":512,"caption":"Association des parents de l&#039;\u00c9cole Europ\u00e9enne de Karlsruhe"},"image":{"@id":"https:\/\/www.esk-eltern.de\/de\/#\/schema\/logo\/image\/"}}]}},"_links":{"self":[{"href":"https:\/\/dev.esk-eltern.de\/fr\/wp-json\/wp\/v2\/product\/10369"}],"collection":[{"href":"https:\/\/dev.esk-eltern.de\/fr\/wp-json\/wp\/v2\/product"}],"about":[{"href":"https:\/\/dev.esk-eltern.de\/fr\/wp-json\/wp\/v2\/types\/product"}],"wp:featuredmedia":[{"embeddable":true,"href":"https:\/\/dev.esk-eltern.de\/fr\/wp-json\/wp\/v2\/media\/1204"}],"wp:attachment":[{"href":"https:\/\/dev.esk-eltern.de\/fr\/wp-json\/wp\/v2\/media?parent=10369"}],"wp:term":[{"taxonomy":"product_cat","embeddable":true,"href":"https:\/\/dev.esk-eltern.de\/fr\/wp-json\/wp\/v2\/product_cat?post=10369"},{"taxonomy":"product_tag","embeddable":true,"href":"https:\/\/dev.esk-eltern.de\/fr\/wp-json\/wp\/v2\/product_tag?post=10369"}],"curies":[{"name":"wp","href":"https:\/\/api.w.org\/{rel}","templated":true}]}}