{"id":11173,"date":"2024-02-05T23:06:53","date_gmt":"2024-02-05T22:06:53","guid":{"rendered":"https:\/\/dev.esk-eltern.de\/produkt\/casquette-de-baseball-avec-logo-pyramide\/"},"modified":"2024-02-05T23:06:53","modified_gmt":"2024-02-05T22:06:53","slug":"casquette-de-baseball-avec-logo-pyramide","status":"publish","type":"product","link":"https:\/\/dev.esk-eltern.de\/fr\/produkt\/casquette-de-baseball-avec-logo-pyramide\/","title":{"rendered":"Casquette de baseball avec logo \u00ab\u00a0Pyramide\u00a0\u00bb"},"content":{"rendered":"<p>Vous serez contact\u00e9(e) pour la remise de la commande.<br \/>\nVeuillez nous laisser quelques jours pour pr\u00e9parer et indiquer la date de remise.<\/p>\n<p>La marchandise ne sera pas envoy\u00e9e et sera remise exclusivement \u00e0 l\u2019\u00e9cole.<\/p>\n<p>Votre \u00e9quipe Euroboutique<\/p>\n","protected":false},"excerpt":{"rendered":"<p>Vous serez contact\u00e9(e) pour la remise de la commande. Veuillez nous laisser quelques jours pour pr\u00e9parer et indiquer la date de remise. La marchandise ne sera pas envoy\u00e9e et sera remise exclusivement \u00e0 l\u2019\u00e9cole. Votre \u00e9quipe Euroboutique<\/p>\n","protected":false},"featured_media":8575,"template":"","meta":{"inline_featured_image":false},"product_cat":[579],"product_tag":[],"yoast_head":"<!-- This site is optimized with the Yoast SEO plugin v22.6 - https:\/\/yoast.com\/wordpress\/plugins\/seo\/ -->\n<title>Casquette de baseball avec logo &quot;Pyramide&quot; - Association des parents de l&#039;\u00c9cole Europ\u00e9enne de Karlsruhe<\/title>\n<meta name=\"robots\" content=\"index, follow, max-snippet:-1, max-image-preview:large, max-video-preview:-1\" \/>\n<link rel=\"canonical\" href=\"https:\/\/www.esk-eltern.de\/fr\/produkt\/casquette-de-baseball-avec-logo-pyramide\/\" \/>\n<meta property=\"og:locale\" content=\"fr_FR\" \/>\n<meta property=\"og:type\" content=\"article\" \/>\n<meta property=\"og:title\" content=\"Casquette de baseball avec logo &quot;Pyramide&quot; - Association des parents de l&#039;\u00c9cole Europ\u00e9enne de Karlsruhe\" \/>\n<meta property=\"og:description\" content=\"Vous serez contact\u00e9(e) pour la remise de la commande. Veuillez nous laisser quelques jours pour pr\u00e9parer et indiquer la date de remise. La marchandise ne sera pas envoy\u00e9e et sera remise exclusivement \u00e0 l\u2019\u00e9cole. Votre \u00e9quipe Euroboutique\" \/>\n<meta property=\"og:url\" content=\"https:\/\/www.esk-eltern.de\/fr\/produkt\/casquette-de-baseball-avec-logo-pyramide\/\" \/>\n<meta property=\"og:site_name\" content=\"Association des parents de l&#039;\u00c9cole Europ\u00e9enne de Karlsruhe\" \/>\n<meta property=\"og:image\" content=\"https:\/\/www.esk-eltern.de\/wp-content\/uploads\/2023\/03\/BaseballCap_grau_Seite-scaled.jpg\" \/>\n\t<meta property=\"og:image:width\" content=\"2560\" \/>\n\t<meta property=\"og:image:height\" content=\"1796\" \/>\n\t<meta property=\"og:image:type\" content=\"image\/jpeg\" \/>\n<meta name=\"twitter:card\" content=\"summary_large_image\" \/>\n<script type=\"application\/ld+json\" class=\"yoast-schema-graph\">{\"@context\":\"https:\/\/schema.org\",\"@graph\":[{\"@type\":\"WebPage\",\"@id\":\"https:\/\/www.esk-eltern.de\/fr\/produkt\/casquette-de-baseball-avec-logo-pyramide\/\",\"url\":\"https:\/\/www.esk-eltern.de\/fr\/produkt\/casquette-de-baseball-avec-logo-pyramide\/\",\"name\":\"Casquette de baseball avec logo \\\"Pyramide\\\" - Association des parents de l&#039;\u00c9cole Europ\u00e9enne de Karlsruhe\",\"isPartOf\":{\"@id\":\"https:\/\/www.esk-eltern.de\/de\/#website\"},\"primaryImageOfPage\":{\"@id\":\"https:\/\/www.esk-eltern.de\/fr\/produkt\/casquette-de-baseball-avec-logo-pyramide\/#primaryimage\"},\"image\":{\"@id\":\"https:\/\/www.esk-eltern.de\/fr\/produkt\/casquette-de-baseball-avec-logo-pyramide\/#primaryimage\"},\"thumbnailUrl\":\"https:\/\/dev.esk-eltern.de\/wp-content\/uploads\/2023\/03\/BaseballCap_grau_Seite-scaled.jpg\",\"datePublished\":\"2024-02-05T22:06:53+00:00\",\"dateModified\":\"2024-02-05T22:06:53+00:00\",\"breadcrumb\":{\"@id\":\"https:\/\/www.esk-eltern.de\/fr\/produkt\/casquette-de-baseball-avec-logo-pyramide\/#breadcrumb\"},\"inLanguage\":\"fr-FR\",\"potentialAction\":[{\"@type\":\"ReadAction\",\"target\":[\"https:\/\/www.esk-eltern.de\/fr\/produkt\/casquette-de-baseball-avec-logo-pyramide\/\"]}]},{\"@type\":\"ImageObject\",\"inLanguage\":\"fr-FR\",\"@id\":\"https:\/\/www.esk-eltern.de\/fr\/produkt\/casquette-de-baseball-avec-logo-pyramide\/#primaryimage\",\"url\":\"https:\/\/dev.esk-eltern.de\/wp-content\/uploads\/2023\/03\/BaseballCap_grau_Seite-scaled.jpg\",\"contentUrl\":\"https:\/\/dev.esk-eltern.de\/wp-content\/uploads\/2023\/03\/BaseballCap_grau_Seite-scaled.jpg\",\"width\":2560,\"height\":1796},{\"@type\":\"BreadcrumbList\",\"@id\":\"https:\/\/www.esk-eltern.de\/fr\/produkt\/casquette-de-baseball-avec-logo-pyramide\/#breadcrumb\",\"itemListElement\":[{\"@type\":\"ListItem\",\"position\":1,\"name\":\"Home\",\"item\":\"https:\/\/www.esk-eltern.de\/fr\/\"},{\"@type\":\"ListItem\",\"position\":2,\"name\":\"Produkte\",\"item\":\"https:\/\/www.esk-eltern.de\/de\/shop\/\"},{\"@type\":\"ListItem\",\"position\":3,\"name\":\"Casquette de baseball avec logo \u00ab\u00a0Pyramide\u00a0\u00bb\"}]},{\"@type\":\"WebSite\",\"@id\":\"https:\/\/www.esk-eltern.de\/de\/#website\",\"url\":\"https:\/\/www.esk-eltern.de\/de\/\",\"name\":\"Association des parents de l&#039;\u00c9cole Europ\u00e9enne de Karlsruhe\",\"description\":\"\",\"publisher\":{\"@id\":\"https:\/\/www.esk-eltern.de\/de\/#organization\"},\"potentialAction\":[{\"@type\":\"SearchAction\",\"target\":{\"@type\":\"EntryPoint\",\"urlTemplate\":\"https:\/\/www.esk-eltern.de\/de\/?s={search_term_string}\"},\"query-input\":\"required name=search_term_string\"}],\"inLanguage\":\"fr-FR\"},{\"@type\":\"Organization\",\"@id\":\"https:\/\/www.esk-eltern.de\/de\/#organization\",\"name\":\"Association des parents de l&#039;\u00c9cole Europ\u00e9enne de Karlsruhe\",\"url\":\"https:\/\/www.esk-eltern.de\/de\/\",\"logo\":{\"@type\":\"ImageObject\",\"inLanguage\":\"fr-FR\",\"@id\":\"https:\/\/www.esk-eltern.de\/de\/#\/schema\/logo\/image\/\",\"url\":\"https:\/\/dev.esk-eltern.de\/wp-content\/uploads\/2023\/07\/cropped-EV_512x512.png\",\"contentUrl\":\"https:\/\/dev.esk-eltern.de\/wp-content\/uploads\/2023\/07\/cropped-EV_512x512.png\",\"width\":512,\"height\":512,\"caption\":\"Association des parents de l&#039;\u00c9cole Europ\u00e9enne de Karlsruhe\"},\"image\":{\"@id\":\"https:\/\/www.esk-eltern.de\/de\/#\/schema\/logo\/image\/\"}}]}<\/script>\n<!-- \/ Yoast SEO plugin. -->","yoast_head_json":{"title":"Casquette de baseball avec logo \"Pyramide\" - Association des parents de l&#039;\u00c9cole Europ\u00e9enne de Karlsruhe","robots":{"index":"index","follow":"follow","max-snippet":"max-snippet:-1","max-image-preview":"max-image-preview:large","max-video-preview":"max-video-preview:-1"},"canonical":"https:\/\/www.esk-eltern.de\/fr\/produkt\/casquette-de-baseball-avec-logo-pyramide\/","og_locale":"fr_FR","og_type":"article","og_title":"Casquette de baseball avec logo \"Pyramide\" - Association des parents de l&#039;\u00c9cole Europ\u00e9enne de Karlsruhe","og_description":"Vous serez contact\u00e9(e) pour la remise de la commande. Veuillez nous laisser quelques jours pour pr\u00e9parer et indiquer la date de remise. La marchandise ne sera pas envoy\u00e9e et sera remise exclusivement \u00e0 l\u2019\u00e9cole. Votre \u00e9quipe Euroboutique","og_url":"https:\/\/www.esk-eltern.de\/fr\/produkt\/casquette-de-baseball-avec-logo-pyramide\/","og_site_name":"Association des parents de l&#039;\u00c9cole Europ\u00e9enne de Karlsruhe","og_image":[{"width":2560,"height":1796,"url":"https:\/\/www.esk-eltern.de\/wp-content\/uploads\/2023\/03\/BaseballCap_grau_Seite-scaled.jpg","type":"image\/jpeg"}],"twitter_card":"summary_large_image","schema":{"@context":"https:\/\/schema.org","@graph":[{"@type":"WebPage","@id":"https:\/\/www.esk-eltern.de\/fr\/produkt\/casquette-de-baseball-avec-logo-pyramide\/","url":"https:\/\/www.esk-eltern.de\/fr\/produkt\/casquette-de-baseball-avec-logo-pyramide\/","name":"Casquette de baseball avec logo \"Pyramide\" - Association des parents de l&#039;\u00c9cole Europ\u00e9enne de Karlsruhe","isPartOf":{"@id":"https:\/\/www.esk-eltern.de\/de\/#website"},"primaryImageOfPage":{"@id":"https:\/\/www.esk-eltern.de\/fr\/produkt\/casquette-de-baseball-avec-logo-pyramide\/#primaryimage"},"image":{"@id":"https:\/\/www.esk-eltern.de\/fr\/produkt\/casquette-de-baseball-avec-logo-pyramide\/#primaryimage"},"thumbnailUrl":"https:\/\/dev.esk-eltern.de\/wp-content\/uploads\/2023\/03\/BaseballCap_grau_Seite-scaled.jpg","datePublished":"2024-02-05T22:06:53+00:00","dateModified":"2024-02-05T22:06:53+00:00","breadcrumb":{"@id":"https:\/\/www.esk-eltern.de\/fr\/produkt\/casquette-de-baseball-avec-logo-pyramide\/#breadcrumb"},"inLanguage":"fr-FR","potentialAction":[{"@type":"ReadAction","target":["https:\/\/www.esk-eltern.de\/fr\/produkt\/casquette-de-baseball-avec-logo-pyramide\/"]}]},{"@type":"ImageObject","inLanguage":"fr-FR","@id":"https:\/\/www.esk-eltern.de\/fr\/produkt\/casquette-de-baseball-avec-logo-pyramide\/#primaryimage","url":"https:\/\/dev.esk-eltern.de\/wp-content\/uploads\/2023\/03\/BaseballCap_grau_Seite-scaled.jpg","contentUrl":"https:\/\/dev.esk-eltern.de\/wp-content\/uploads\/2023\/03\/BaseballCap_grau_Seite-scaled.jpg","width":2560,"height":1796},{"@type":"BreadcrumbList","@id":"https:\/\/www.esk-eltern.de\/fr\/produkt\/casquette-de-baseball-avec-logo-pyramide\/#breadcrumb","itemListElement":[{"@type":"ListItem","position":1,"name":"Home","item":"https:\/\/www.esk-eltern.de\/fr\/"},{"@type":"ListItem","position":2,"name":"Produkte","item":"https:\/\/www.esk-eltern.de\/de\/shop\/"},{"@type":"ListItem","position":3,"name":"Casquette de baseball avec logo \u00ab\u00a0Pyramide\u00a0\u00bb"}]},{"@type":"WebSite","@id":"https:\/\/www.esk-eltern.de\/de\/#website","url":"https:\/\/www.esk-eltern.de\/de\/","name":"Association des parents de l&#039;\u00c9cole Europ\u00e9enne de Karlsruhe","description":"","publisher":{"@id":"https:\/\/www.esk-eltern.de\/de\/#organization"},"potentialAction":[{"@type":"SearchAction","target":{"@type":"EntryPoint","urlTemplate":"https:\/\/www.esk-eltern.de\/de\/?s={search_term_string}"},"query-input":"required name=search_term_string"}],"inLanguage":"fr-FR"},{"@type":"Organization","@id":"https:\/\/www.esk-eltern.de\/de\/#organization","name":"Association des parents de l&#039;\u00c9cole Europ\u00e9enne de Karlsruhe","url":"https:\/\/www.esk-eltern.de\/de\/","logo":{"@type":"ImageObject","inLanguage":"fr-FR","@id":"https:\/\/www.esk-eltern.de\/de\/#\/schema\/logo\/image\/","url":"https:\/\/dev.esk-eltern.de\/wp-content\/uploads\/2023\/07\/cropped-EV_512x512.png","contentUrl":"https:\/\/dev.esk-eltern.de\/wp-content\/uploads\/2023\/07\/cropped-EV_512x512.png","width":512,"height":512,"caption":"Association des parents de l&#039;\u00c9cole Europ\u00e9enne de Karlsruhe"},"image":{"@id":"https:\/\/www.esk-eltern.de\/de\/#\/schema\/logo\/image\/"}}]}},"_links":{"self":[{"href":"https:\/\/dev.esk-eltern.de\/fr\/wp-json\/wp\/v2\/product\/11173"}],"collection":[{"href":"https:\/\/dev.esk-eltern.de\/fr\/wp-json\/wp\/v2\/product"}],"about":[{"href":"https:\/\/dev.esk-eltern.de\/fr\/wp-json\/wp\/v2\/types\/product"}],"wp:featuredmedia":[{"embeddable":true,"href":"https:\/\/dev.esk-eltern.de\/fr\/wp-json\/wp\/v2\/media\/8575"}],"wp:attachment":[{"href":"https:\/\/dev.esk-eltern.de\/fr\/wp-json\/wp\/v2\/media?parent=11173"}],"wp:term":[{"taxonomy":"product_cat","embeddable":true,"href":"https:\/\/dev.esk-eltern.de\/fr\/wp-json\/wp\/v2\/product_cat?post=11173"},{"taxonomy":"product_tag","embeddable":true,"href":"https:\/\/dev.esk-eltern.de\/fr\/wp-json\/wp\/v2\/product_tag?post=11173"}],"curies":[{"name":"wp","href":"https:\/\/api.w.org\/{rel}","templated":true}]}}